{"id":955,"date":"2023-02-08T12:11:24","date_gmt":"2023-02-08T12:11:24","guid":{"rendered":"https:\/\/romanistyka.wn.uw.edu.pl\/?page_id=955"},"modified":"2026-01-25T19:01:35","modified_gmt":"2026-01-25T19:01:35","slug":"sciezka-metodyczna","status":"publish","type":"page","link":"https:\/\/romanistyka.wn.uw.edu.pl\/index.php\/sciezka-metodyczna\/","title":{"rendered":"Modu\u0142 metodyczny"},"content":{"rendered":"\n<h2 class=\"wp-block-heading\"><strong>Planowane zmiany w realizacji modu\u0142u metodycznego w r.a 2024\/2025 i 2025\/2026 poni\u017cej<\/strong>.<\/h2>\n\n\n\n<p class=\"has-large-font-size\">Szanowni Pa\u0144stwo,<\/p>\n\n\n\n<p class=\"has-large-font-size\">zach\u0119camy do zapoznania si\u0119 z ofert\u0105 przedmiot\u00f3w z bloku metodycznego prowadzonego w Instytucie Romanistyki UW.<\/p>\n\n\n\n<p class=\"has-large-font-size\">Poni\u017cej znajd\u0105 Pa\u0144stwo najwa\u017cniejsze informacje o profilu metodycznym, jak i kszta\u0142ceniu nauczycieli.<\/p>\n\n\n\n<p class=\"has-large-font-size\">Prosz\u0119 pami\u0119ta\u0107 o najwa\u017cniejszych zasadach:<\/p>\n\n\n\n<ul class=\"wp-block-list has-large-font-size\">\n<li>udzia\u0142 w zaj\u0119ciach profilu metodycznego nie jest r\u00f3wnoznaczny z uzyskaniem uprawnie\u0144 do nauczania j\u0119zyka francuskiego;<\/li>\n\n\n\n<li>zaj\u0119cia bloku metodycznego&nbsp;<strong>na I. stopniu<\/strong>&nbsp;(studia licencjackie) obejmuj\u0105 tre\u015bci dotycz\u0105ce nauczania j\u0119zyka francuskiego&nbsp;<strong>w o\u015bmioletniej szkole podstawowej<\/strong>;<\/li>\n\n\n\n<li>zaj\u0119cia bloku metodycznego&nbsp;<strong>na&nbsp;II.<\/strong>&nbsp;<strong>stopniu<\/strong>&nbsp;(studia magisterskie) obejmuj\u0105 tre\u015bci dotycz\u0105ce nauczania j\u0119zyka francuskiego&nbsp;<strong>w szkole ponadpodstawowej i pracy z osobami doros\u0142ymi<\/strong>;<\/li>\n\n\n\n<li>uprawnienia nauczycielskie wydawane s\u0105 wraz z dyplomem uko\u0144czenia studi\u00f3w magisterskich;<\/li>\n\n\n\n<li>na studiach magisterskich mo\u017cna zrealizowa\u0107 przedmioty ze studi\u00f3w licencjackich \u2013 jest to warunek konieczny uzyskania przygotowania pedagogicznego do nauczania j\u0119zyka francuskiego.<\/li>\n<\/ul>\n\n\n\n<p class=\"has-large-font-size\">W przypadku pyta\u0144 prosimy o kontakt z dr hab. Krystyn\u0105 Szymankiewicz (<a href=\"mailto:k.szymankiewicz@uw.edu.pl\">k.szymankiewicz@uw.edu.pl<\/a>)<\/p>\n\n\n\n<p class=\"has-large-font-size\">Z serdecznymi pozdrowieniami,<\/p>\n\n\n\n<p class=\"has-large-font-size\">Zesp\u00f3\u0142 Dydaktyczny IR<\/p>\n\n\n\n<div style=\"height:43px\" aria-hidden=\"true\" class=\"wp-block-spacer\"><\/div>\n\n\n\n<h2 class=\"wp-block-heading has-text-align-left\"><strong>WA\u017bNE informacje dotycz\u0105ce roku akademickiego 2024\/2025<\/strong> <strong> i 2025\/2026<\/strong><\/h2>\n\n\n\n<p class=\"has-large-font-size\">Szanowni Pa\u0144stwo,<\/p>\n\n\n\n<p class=\"has-large-font-size\">Ze wzgl\u0119du urlopy naukowe pracownik\u00f3w planowane w kolejnych dw\u00f3ch latach akademickich, wprowadzamy tymczasowe zmiany w uk\u0142adzie zaj\u0119\u0107 profilu metodycznego w odniesieniu do uk\u0142adu przewidzianego w programie studi\u00f3w 1 i jak i 2 stopnia.<\/p>\n\n\n\n<h3 class=\"wp-block-heading\"><strong>Na czym polegaj\u0105 zmiany w roku 2024\/2025?<\/strong><\/h3>\n\n\n\n<p class=\"has-large-font-size\">W roku akademickim 2024\/2025&nbsp;nie b\u0119dzie w ofercie&nbsp;nast\u0119puj\u0105cych przedmiot\u00f3w:<\/p>\n\n\n\n<p class=\"has-large-font-size\">1) Psychopedagogiczne zagadnienia dydaktyki j\u0119zyka obcego: 60h (studia 1 stopnia, II rok);<br>2) Ewolucja metod nauczania j\u0119zyk\u00f3w obcych (studia 2 stopnia, I rok);<\/p>\n\n\n\n<p class=\"has-large-font-size\"><strong>Co nale\u017cy zrobi\u0107?<\/strong> Na przedmioty te b\u0119dzie mo\u017cna zapisa\u0107 si\u0119 w kolejnym roku akademickim \u2013 2025\/2026.<\/p>\n\n\n\n<h3 class=\"wp-block-heading has-large-font-size\"><strong>Na czym polegaj\u0105 zmiany w roku 2025\/2026?<\/strong><\/h3>\n\n\n\n<p class=\"has-large-font-size\">W roku akademickim 2025\/2026 z kolei z oferty zaj\u0119\u0107 znikn\u0105 (tylko na ten rok):<\/p>\n\n\n\n<p class=\"has-large-font-size\">1)&nbsp;R\u00f3\u017cnoj\u0119zyczno\u015b\u0107 i mi\u0119dzykulturowo\u015b\u0107: warsztaty 30h (studia 1 stopnia, III rok)<br>2) Interdyscyplinarny wymiar dydaktyki wczesnoszkolnej: 30h (studia 1 stopnia, III rok)<br>3) Ocenianie i jego formy: 30h (studia 2 stopnia, II rok)<\/p>\n\n\n\n<h3 class=\"wp-block-heading\"><strong>Co nale\u017cy zrobi\u0107?<\/strong><\/h3>\n\n\n\n<p class=\"has-large-font-size\">Osoby studiuj\u0105ce na profilu metodycznym, kt\u00f3re w roku akademickim 2024\/2025 b\u0119d\u0105 na II roku studi\u00f3w&nbsp;1&nbsp;stopnia&nbsp;s\u0105 proszone o zapisanie si\u0119 w 2024\/2025,&nbsp;awansem wzgl\u0119dem programu, na modu\u0142y:&nbsp;R\u00f3\u017cnoj\u0119zyczno\u015b\u0107 i mi\u0119dzykulturowo\u015b\u0107 oraz&nbsp;Interdyscyplinarny wymiar dydaktyki wczesnoszkolnej, gdy\u017c w roku 2025\/2026 nie b\u0119dzie mo\u017cliwo\u015bci realizacji tych zaj\u0119\u0107.<\/p>\n\n\n\n<p class=\"has-large-font-size\">Osoby studiuj\u0105ce na profilu metodycznym, kt\u00f3re w roku akademickim 2024\/2025 b\u0119d\u0105 na I roku studi\u00f3w&nbsp;2&nbsp;stopnia&nbsp;s\u0105 proszone o zapisanie si\u0119 w 2024\/2025,&nbsp;awansem wzgl\u0119dem programu, na modu\u0142: Ocenianie i jego formy, gdy\u017c w roku 2025\/2026 nie b\u0119dzie mo\u017cliwo\u015bci realizacji tych zaj\u0119\u0107.<\/p>\n\n\n\n<p class=\"has-large-font-size\">W razie pyta\u0144 czy w\u0105tpliwo\u015bci, jestem do Pa\u0144stwa dyspozycji<\/p>\n\n\n\n<p class=\"has-large-font-size\">Krystyna Szymankiewicz<\/p>\n\n\n\n<p class=\"has-large-font-size\">Koordynatorka profilu metodycznego w IR UW<\/p>\n\n\n\n<p class=\"has-large-font-size\"><a href=\"mailto:k.szymankiewicz@uw.edu.pl\">k.szymankiewicz@uw.edu.pl<\/a><\/p>\n\n\n\n<div style=\"height:43px\" aria-hidden=\"true\" class=\"wp-block-spacer\"><\/div>\n\n\n\n<h2 class=\"wp-block-heading\"><strong>Informacje og\u00f3lne<\/strong><\/h2>\n\n\n\n<ul class=\"wp-block-list\">\n<li class=\"has-large-font-size\"><a href=\"https:\/\/romanistyka.wn.uw.edu.pl\/wp-content\/uploads\/2023\/03\/NAJ_ksztalcenie_nauczycieli_IROM_2020_2021.pdf\">prezentacja o profilu metodycznym i kszta\u0142ceniu nauczycieli<\/a><\/li>\n\n\n\n<li class=\"has-large-font-size\"><a href=\"https:\/\/romanistyka.wn.uw.edu.pl\/wp-content\/uploads\/2023\/03\/przedmioty_profil_metodyczny.pdf\">przedmioty daj\u0105ce przygotowanie pedagogiczne do nauczania j\u0119zyka francuskiego<\/a><\/li>\n<\/ul>\n\n\n\n<h3 class=\"wp-block-heading\"><strong>Studia I. stopnia \u2013 praktyki<\/strong><\/h3>\n\n\n\n<p class=\"has-large-font-size\">koordynator praktyk: dr Marta Wojakowska (<a href=\"mailto:mb.wojakowska2@uw.edu.pl\">mb.wojakowska2@uw.edu.pl<\/a>)<\/p>\n\n\n\n<ul class=\"wp-block-list\">\n<li class=\"has-large-font-size\"><a href=\"https:\/\/romanistyka.wn.uw.edu.pl\/wp-content\/uploads\/2024\/03\/Regulamin-praktyk-dla-I-etapu-studio\u0301w_2021_22_23_24_marzec_2024.docx\">Regulamin praktyk I. stopnia<\/a><\/li>\n\n\n\n<li class=\"has-large-font-size\"><a href=\"https:\/\/romanistyka.wn.uw.edu.pl\/wp-content\/uploads\/2023\/03\/dziennik_praktyk_psychopedopedagogicznych.doc\">Dziennik praktyk psychopedagogicznych<\/a><\/li>\n\n\n\n<li class=\"has-large-font-size\">D<a href=\"https:\/\/romanistyka.wn.uw.edu.pl\/wp-content\/uploads\/2024\/09\/I_03dziennik_praktyk_dydaktycznych_I_stopien.doc\">ziennik praktyk dydaktycznych I<\/a><\/li>\n<\/ul>\n\n\n\n<h3 class=\"wp-block-heading\"><strong>Studia II. stopnia \u2013 praktyki<\/strong><\/h3>\n\n\n\n<p class=\"has-large-font-size\">koordynator praktyk: dr hab. Krystyna Szymankiewicz (<a href=\"mailto:k.szymankiewicz@uw.edu.pl\">k.szymankiewicz@uw.edu.pl<\/a>)<\/p>\n\n\n\n<ul class=\"wp-block-list\">\n<li class=\"has-large-font-size\">&nbsp;<a href=\"https:\/\/romanistyka.wn.uw.edu.pl\/wp-content\/uploads\/2024\/03\/Aktualny_Regulamin-praktyk-dyd-2-dla-II-stopnia_2023_24.pdf\">Regulamin praktyk II. stopnia<\/a><\/li>\n\n\n\n<li class=\"has-large-font-size\">&nbsp;<a href=\"https:\/\/romanistyka.wn.uw.edu.pl\/wp-content\/uploads\/2024\/11\/dziennik_praktyk_II_2024_25.doc\">Dziennik praktyk dydaktycznych II<\/a><\/li>\n<\/ul>\n","protected":false},"excerpt":{"rendered":"<p>Planowane zmiany w realizacji modu\u0142u metodycznego w r.a 2024\/2025 i 2025\/2026 poni\u017cej. Szanowni Pa\u0144stwo, zach\u0119camy do zapoznania si\u0119 z ofert\u0105 przedmiot\u00f3w z bloku metodycznego prowadzonego w Instytucie Romanistyki UW. Poni\u017cej znajd\u0105 Pa\u0144stwo najwa\u017cniejsze informacje o profilu metodycznym, jak i kszta\u0142ceniu nauczycieli. Prosz\u0119 pami\u0119ta\u0107 o najwa\u017cniejszych zasadach: W przypadku pyta\u0144 prosimy o kontakt z dr hab. [&hellip;]<\/p>\n","protected":false},"author":1,"featured_media":0,"parent":0,"menu_order":0,"comment_status":"closed","ping_status":"closed","template":"","meta":{"footnotes":""},"class_list":["post-955","page","type-page","status-publish","hentry"],"_links":{"self":[{"href":"https:\/\/romanistyka.wn.uw.edu.pl\/index.php\/wp-json\/wp\/v2\/pages\/955","targetHints":{"allow":["GET"]}}],"collection":[{"href":"https:\/\/romanistyka.wn.uw.edu.pl\/index.php\/wp-json\/wp\/v2\/pages"}],"about":[{"href":"https:\/\/romanistyka.wn.uw.edu.pl\/index.php\/wp-json\/wp\/v2\/types\/page"}],"author":[{"embeddable":true,"href":"https:\/\/romanistyka.wn.uw.edu.pl\/index.php\/wp-json\/wp\/v2\/users\/1"}],"replies":[{"embeddable":true,"href":"https:\/\/romanistyka.wn.uw.edu.pl\/index.php\/wp-json\/wp\/v2\/comments?post=955"}],"version-history":[{"count":26,"href":"https:\/\/romanistyka.wn.uw.edu.pl\/index.php\/wp-json\/wp\/v2\/pages\/955\/revisions"}],"predecessor-version":[{"id":7282,"href":"https:\/\/romanistyka.wn.uw.edu.pl\/index.php\/wp-json\/wp\/v2\/pages\/955\/revisions\/7282"}],"wp:attachment":[{"href":"https:\/\/romanistyka.wn.uw.edu.pl\/index.php\/wp-json\/wp\/v2\/media?parent=955"}],"curies":[{"name":"wp","href":"https:\/\/api.w.org\/{rel}","templated":true}]}}