{"id":922,"date":"2023-02-08T09:41:16","date_gmt":"2023-02-08T09:41:16","guid":{"rendered":"https:\/\/romanistyka.wn.uw.edu.pl\/?page_id=922"},"modified":"2026-02-11T21:25:17","modified_gmt":"2026-02-11T21:25:17","slug":"wawrzonek-karolina","status":"publish","type":"page","link":"https:\/\/romanistyka.wn.uw.edu.pl\/index.php\/pracownicy\/wawrzonek-karolina\/","title":{"rendered":"Karolina Wawrzonek"},"content":{"rendered":"\n<div class=\"wp-block-columns is-layout-flex wp-container-core-columns-is-layout-28f84493 wp-block-columns-is-layout-flex\">\n<div class=\"wp-block-column is-layout-flow wp-block-column-is-layout-flow\" style=\"flex-basis:33.33%\">\n<figure class=\"wp-block-image aligncenter size-full\"><img loading=\"lazy\" decoding=\"async\" width=\"150\" height=\"150\" src=\"https:\/\/romanistyka.wn.uw.edu.pl\/wp-content\/uploads\/2023\/02\/dr-Karolina-Wawrzonek.jpeg\" alt=\"\" class=\"wp-image-923\"\/><\/figure>\n<\/div>\n\n\n\n<div class=\"wp-block-column is-layout-flow wp-block-column-is-layout-flow\" style=\"flex-basis:66.66%\">\n<h2 class=\"wp-block-heading\">dr Karolina Wawrzonek<\/h2>\n\n\n\n<p>Zak\u0142ad Dydaktyki J\u0119zyk\u00f3w Roma\u0144skich&nbsp;<\/p>\n\n\n\n<p>Starszy asystent (grupa dydaktyczna)<\/p>\n\n\n\n<p><a href=\"mailto:k.wawrzonek@uw.edu.pl\">k.wawrzonek@uw.edu.pl<\/a><\/p>\n\n\n\n<div style=\"height:20px\" aria-hidden=\"true\" class=\"wp-block-spacer\"><\/div>\n\n\n\n<h6 class=\"wp-block-heading\"><strong>Tematyka bada\u0144<\/strong><\/h6>\n\n\n\n<p>Glottodydaktyka, materia\u0142y i narz\u0119dzia dydaktyczne, podr\u0119czniki do nauki j\u0119zyka francuskiego i ich obudowa&nbsp;<\/p>\n\n\n\n<div style=\"height:20px\" aria-hidden=\"true\" class=\"wp-block-spacer\"><\/div>\n\n\n\n<h6 class=\"wp-block-heading\">wybrane <strong>Publikacje<\/strong><\/h6>\n\n\n\n<p>2011:&nbsp;<em>\u201eZaj\u0119cia indywidualne, nowa tendencja na kursach j\u0119zykowych, jej mocne i s\u0142abe strony\u201d<\/em>, [w:] Kompetencje j\u0119zykowe \u2013 drogi, cele, aspekty, akta pokonferencyjne, Ustro\u0144; Politechnika \u015al\u0105ska, VI Mi\u0119dzynarodowa Konferencja Edukacyjna, wydanie na p\u0142ycie CD<br>2011: \u201eOg\u00f3lnopolski konkurs poezji i prozy frankofo\u0144skiej a ucze\u0144 zdolny\u201d, [w:]&nbsp;<em>J\u0119zyki Obce w Szkole, nr 1,&nbsp;<\/em>Warszawa : ORE, str. 50-51<br>2013:&nbsp;<em>\u201eDydaktyczne wykorzystanie sensomotorycznej aktywno\u015bci dziecka na lekcji j\u0119zyka obcego&#8221; [w:]&nbsp;<\/em>Nauczanie wczesnoszkolne, akta pokonferencyjne, Cz\u0119stochowa, Wy\u017csza Szko\u0142a Lingwistyczna<br>2013:&nbsp;<em>\u201eMiko\u0142ajek odnosi zwyci\u0119stwo &#8211; o sukcesie w nauczaniu j\u0119zyka francuskiego najm\u0142odszych\u201d&nbsp;<\/em>, [w:] Sukces, publikacja pokonferencyjna, Uniwersytet Warszawski<br>\u201ePodr\u00f3\u017c j\u0119zykowa na kontynent p\u00f3\u0142nocnoameryka\u0144ski\u201d W\u0142odzimierz Zdunowski, Karolina Wawrzonek,&nbsp;<em>JOWS, nr 2015\/01<\/em><br>\u201eWizyta we francuskiej p\u00e2tisserie\u201d Karolina Wawrzonek,&nbsp;<em>JOWS, nr 2015\/02<\/em><br>\u201ePodr\u0119czniki wieloletnie do nauczania j\u0119zyk\u00f3w obcych. Na przyk\u0142adzie podr\u0119cznik\u00f3w do nauczania j\u0119zyka francuskiego\u201d Karolina Wawrzonek,&nbsp;<em>JOWS, nr 2015\/04<\/em><\/p>\n\n\n\n<div style=\"height:20px\" aria-hidden=\"true\" class=\"wp-block-spacer\"><\/div>\n\n\n\n<h6 class=\"wp-block-heading\"><strong>Przebieg kariery naukowej<\/strong><\/h6>\n\n\n\n<p>2003 \u2013 magisterium w Instytucie Romanistyki UW<br>2018 \u2013 stopie\u0144 doktora nauk humanistycznych uzyskany na Wydziale Neofilologii UW; rozprawa napisana pod kierunkiem prof. dr hab. Jolanty Sujeckiej-Zaj\u0105c; temat rozprawy: Funkcje poradnika metodycznego w praktyce dydaktycznej nauczycieli j\u0119zyk\u00f3w obcych (na przyk\u0142adzie j\u0119zyka francuskiego)&nbsp;<\/p>\n\n\n\n<div style=\"height:20px\" aria-hidden=\"true\" class=\"wp-block-spacer\"><\/div>\n\n\n\n<h6 class=\"wp-block-heading\"><strong>Hobby<\/strong><\/h6>\n\n\n\n<p>Ksi\u0105\u017cki: reporta\u017ce, krymina\u0142y, wsp\u00f3\u0142czesna powie\u015b\u0107 ameryka\u0144ska; podr\u00f3\u017ce; bieganie, judo<\/p>\n<\/div>\n<\/div>\n\n\n\n<p><\/p>\n","protected":false},"excerpt":{"rendered":"<p>dr Karolina Wawrzonek Zak\u0142ad Dydaktyki J\u0119zyk\u00f3w Roma\u0144skich&nbsp; Starszy asystent (grupa dydaktyczna) k.wawrzonek@uw.edu.pl Tematyka bada\u0144 Glottodydaktyka, materia\u0142y i narz\u0119dzia dydaktyczne, podr\u0119czniki do nauki j\u0119zyka francuskiego i ich obudowa&nbsp; wybrane Publikacje 2011:&nbsp;\u201eZaj\u0119cia indywidualne, nowa tendencja na kursach j\u0119zykowych, jej mocne i s\u0142abe strony\u201d, [w:] Kompetencje j\u0119zykowe \u2013 drogi, cele, aspekty, akta pokonferencyjne, Ustro\u0144; Politechnika \u015al\u0105ska, VI Mi\u0119dzynarodowa [&hellip;]<\/p>\n","protected":false},"author":1,"featured_media":0,"parent":802,"menu_order":0,"comment_status":"closed","ping_status":"closed","template":"","meta":{"footnotes":""},"class_list":["post-922","page","type-page","status-publish","hentry"],"_links":{"self":[{"href":"https:\/\/romanistyka.wn.uw.edu.pl\/index.php\/wp-json\/wp\/v2\/pages\/922","targetHints":{"allow":["GET"]}}],"collection":[{"href":"https:\/\/romanistyka.wn.uw.edu.pl\/index.php\/wp-json\/wp\/v2\/pages"}],"about":[{"href":"https:\/\/romanistyka.wn.uw.edu.pl\/index.php\/wp-json\/wp\/v2\/types\/page"}],"author":[{"embeddable":true,"href":"https:\/\/romanistyka.wn.uw.edu.pl\/index.php\/wp-json\/wp\/v2\/users\/1"}],"replies":[{"embeddable":true,"href":"https:\/\/romanistyka.wn.uw.edu.pl\/index.php\/wp-json\/wp\/v2\/comments?post=922"}],"version-history":[{"count":3,"href":"https:\/\/romanistyka.wn.uw.edu.pl\/index.php\/wp-json\/wp\/v2\/pages\/922\/revisions"}],"predecessor-version":[{"id":7359,"href":"https:\/\/romanistyka.wn.uw.edu.pl\/index.php\/wp-json\/wp\/v2\/pages\/922\/revisions\/7359"}],"up":[{"embeddable":true,"href":"https:\/\/romanistyka.wn.uw.edu.pl\/index.php\/wp-json\/wp\/v2\/pages\/802"}],"wp:attachment":[{"href":"https:\/\/romanistyka.wn.uw.edu.pl\/index.php\/wp-json\/wp\/v2\/media?parent=922"}],"curies":[{"name":"wp","href":"https:\/\/api.w.org\/{rel}","templated":true}]}}