{"id":916,"date":"2023-02-08T09:37:54","date_gmt":"2023-02-08T09:37:54","guid":{"rendered":"https:\/\/romanistyka.wn.uw.edu.pl\/?page_id=916"},"modified":"2026-02-11T21:25:02","modified_gmt":"2026-02-11T21:25:02","slug":"szeliga-dorota","status":"publish","type":"page","link":"https:\/\/romanistyka.wn.uw.edu.pl\/index.php\/pracownicy\/szeliga-dorota\/","title":{"rendered":"Dorota Szeliga"},"content":{"rendered":"\n<div class=\"wp-block-columns is-layout-flex wp-container-core-columns-is-layout-28f84493 wp-block-columns-is-layout-flex\">\n<div class=\"wp-block-column is-layout-flow wp-block-column-is-layout-flow\" style=\"flex-basis:33.33%\">\n<figure class=\"wp-block-image aligncenter size-full\"><img loading=\"lazy\" decoding=\"async\" width=\"150\" height=\"150\" src=\"https:\/\/romanistyka.wn.uw.edu.pl\/wp-content\/uploads\/2023\/02\/dr-Dorota-Szeliga.jpg\" alt=\"\" class=\"wp-image-917\"\/><\/figure>\n<\/div>\n\n\n\n<div class=\"wp-block-column is-layout-flow wp-block-column-is-layout-flow\" style=\"flex-basis:66.66%\">\n<h2 class=\"wp-block-heading\">dr Dorota Szeliga<\/h2>\n\n\n\n<p>Zak\u0142ad Literaturoznawstwa Francuskiego&nbsp;<\/p>\n\n\n\n<p>Adiunkt ((grupa badawczo-dydaktyczna)&nbsp;<\/p>\n\n\n\n<p><a href=\"mailto:d.szeliga@uw.edu.pl\">d.szeliga@uw.edu.pl<\/a><\/p>\n\n\n\n<div style=\"height:20px\" aria-hidden=\"true\" class=\"wp-block-spacer\"><\/div>\n\n\n\n<h6 class=\"wp-block-heading\"><strong>Tematyka bada\u0144<\/strong><\/h6>\n\n\n\n<ul class=\"wp-block-list\">\n<li>Historia literatury i kultury francuskiej XVI wieku.<\/li>\n\n\n\n<li>Literatura podr\u00f3\u017cnicza (od \u015aredniowiecza do XVII w.) i rola Francji w okresie Wielkich Odkry\u0107 Geograficznych, problematyka Inno\u015bci w relacjach z podr\u00f3\u017cy (Pierre Belon, Jean de L\u00e9ry).<\/li>\n\n\n\n<li>Zagadnienia z zakresu kultury Francji od \u015aredniowiecza do Wielkiej Rewolucji Francuskiej: Francja Ancien R\u00e9gime\u2019u \u2013 spo\u0142ecze\u0144stwo i instytucje, \u017cycie codzienne i zmiany mentalno\u015bci Francuz\u00f3w na przestrzeni wiek\u00f3w, \u017cycie spo\u0142eczne i gospodarcze we Francji Ancien R\u00e9gime\u2019u.<\/li>\n\n\n\n<li>Literatura kobieca we Francji w XVI w. : Ma\u0142gorzata z Navarry, H\u00e9lisenne de Crenne, Louise Lab\u00e9, Marie de Gournay.<\/li>\n\n\n\n<li>Kultura i literatura Szwajcarii (La Suisse romande).<\/li>\n<\/ul>\n\n\n\n<div style=\"height:20px\" aria-hidden=\"true\" class=\"wp-block-spacer\"><\/div>\n\n\n\n<h6 class=\"wp-block-heading\">wybrane <strong>Publikacje<\/strong><\/h6>\n\n\n\n<ul class=\"wp-block-list\">\n<li>\u00ab&nbsp;Les \u201ereliques cendreuses\u201d de la ville \u00e9ternelle. M\u00e9lancolie et espoir dans les Antiquit\u00e9s de Rome de Joachim Du Bellay&nbsp;\u00bb, Studia Litteraria Universitatis Iagellonicae Cracoviensis 10.4467\/20843933ST.22.014.15602 www.ejournals.eu\/Studia-Litteraria, 2022, t. 17, z. 2, p. 151\u2013162.&nbsp;<\/li>\n\n\n\n<li>\u201eGroza konflikt\u00f3w religijnych we Francji w Kronice Pierre\u2019a Belona du Mans (1517-1564)\u201d in L\u0119k, strach, groza w dawnych literaturach roma\u0144skich, red. Magdalena Ko\u017aluk i Witold Konstanty Pietrzak, Folia Litteraria Romanica, 17 (2), 2022, s. 85-95.&nbsp;<\/li>\n\n\n\n<li>\u00ab&nbsp;Entre discours litt\u00e9raire et discours scientifique \u2013 un dilemme de l\u2019auteur d\u2019un r\u00e9cit de voyage : Les Observations de Pierre Belon du Mans&nbsp;\u00bb in Crise de la litt\u00e9rature et partage des disciplines, red. Marie Blaise, Ma\u0142gorzata Soko\u0142owicz, Sylvie Triaire, Wydawnictwa Uniwersytetu Warszawskiego, Warszawa, 2020, p. 46-60.&nbsp;<\/li>\n\n\n\n<li>\u00ab&nbsp;Les m\u00e9tamorphoses de la critique litt\u00e9raire : le cas des Grands Rh\u00e9toriqueurs&nbsp;\u00bb, e-Scripta Romanica, 2020 \/ vol. 8, p. 125-136.&nbsp;<\/li>\n\n\n\n<li>Podr\u00f3\u017c, ucieczka, wygnanie w dawnych literaturach roma\u0144skich, red. Dariusz Krawczyk, Monika Kulesza, Dorota Szeliga, Wydawnictwa Uniwersytetu Warszawskiego, Warszawa, 276 s., 2020, 978-83-235-4317-6.<\/li>\n\n\n\n<li>\u201eWyprawa Jeana de L\u00e9ry do Brazylii (1557) \u2013 realizacja marze\u0144 czy podr\u00f3\u017c straconych nadziei?\u201d in Podr\u00f3\u017c, ucieczka, wygnanie w dawnych literaturach roma\u0144skich, red. Dariusz Krawczyk, Monika Kulesza, Dorota Szeliga, Wydawnictwa Uniwersytetu Warszawskiego, Warszawa, 2020, s. 125-139.&nbsp;<\/li>\n\n\n\n<li>\u201eGenewa w okresie Reformacji \u2013 narodziny mitu\u201d in &#8222;Literatury mniejsze&#8221; Europy roma\u0144skiej 2. Mi\u0119dzy histori\u0105 a mitem, Wydawnictwo Naukowe UAM, Pozna\u0144, 2015, s. 81-92.<\/li>\n\n\n\n<li>\u00abC&#8217;est trahison de se marier sans s&#8217;espouser\u00bb &#8211; Montaigne et sa conception du mariage&nbsp;\u00bb, Studia Romanica Posnaniensia, vol. 38, nr 1\/2011, 2011, s. 13-21.<\/li>\n<\/ul>\n\n\n\n<div style=\"height:20px\" aria-hidden=\"true\" class=\"wp-block-spacer\"><\/div>\n\n\n\n<h6 class=\"wp-block-heading\"><strong>Przebieg kariery naukowej<\/strong><\/h6>\n\n\n\n<p>1986: tytu\u0142 magistra filologii roma\u0144skiej na podstawie pracy magisterskiej: \u201eLes saisons de la vie humaine \u00e0 travers la po\u00e9sie de Fran\u00e7ois Villon et de Jacques Brel\u201d, pod kierunkiem prof. dr hab. Krystyny Kasprzyk (Instytut Romanistyki UW).<br>2001: doktorat w zakresie nauk humanistycznych na podstawie rozprawy \u201eJean Parmentier (1494-1529) \u2013 navigateur, po\u00e8te, humaniste\u201d, pod kierunkiem prof. dr. hab. Krystyny Kasprzyk (Instytut Romanistyki UW).<\/p>\n\n\n\n<div style=\"height:20px\" aria-hidden=\"true\" class=\"wp-block-spacer\"><\/div>\n\n\n\n<h6 class=\"wp-block-heading\"><strong>Dzia\u0142alno\u015b\u0107<\/strong><\/h6>\n\n\n\n<p>2002-2005 z-ca dyrektora ds. studenckich w Instytucie Romanistyki<br>2008-2011 opiekun student\u00f3w III roku 1 stopnia w IR<br>2015-2018 opiekun student\u00f3w II roku 2 stopnia studi\u00f3w w IR<br>2019\/2020 sekretarz Rady Dydaktycznej na kierunku filologia roma\u0144ska<br>2021 cz\u0142onek Komisji Rekrutacyjnej IR<br>2021-2023 opiekun student\u00f3w I roku II etapu studi\u00f3w w IR<\/p>\n\n\n\n<div style=\"height:20px\" aria-hidden=\"true\" class=\"wp-block-spacer\"><\/div>\n\n\n\n<h6 class=\"wp-block-heading\"><strong>Cz\u0142onkostwo w organizacjach i stowarzyszeniach<\/strong><\/h6>\n\n\n\n<p>cz\u0142onek Centre de Recherche sur la Litt\u00e9rature des Voyages<br>cz\u0142onek Akademickiego Towarzystwa Romanist\u00f3w Polskich \u201ePlejada\u201d<br>cz\u0142onek Mi\u0119dzyinstytutowej Pracowni Studi\u00f3w Szwajcarskich na Wydziale Neofilologii Uniwersytetu Warszawskiego<\/p>\n\n\n\n<div style=\"height:20px\" aria-hidden=\"true\" class=\"wp-block-spacer\"><\/div>\n\n\n\n<h6 class=\"wp-block-heading\"><strong>Hobby<\/strong><\/h6>\n\n\n\n<p>Podr\u00f3\u017ce, fotografia<\/p>\n<\/div>\n<\/div>\n\n\n\n<p><\/p>\n","protected":false},"excerpt":{"rendered":"<p>dr Dorota Szeliga Zak\u0142ad Literaturoznawstwa Francuskiego&nbsp; Adiunkt ((grupa badawczo-dydaktyczna)&nbsp; d.szeliga@uw.edu.pl Tematyka bada\u0144 wybrane Publikacje Przebieg kariery naukowej 1986: tytu\u0142 magistra filologii roma\u0144skiej na podstawie pracy magisterskiej: \u201eLes saisons de la vie humaine \u00e0 travers la po\u00e9sie de Fran\u00e7ois Villon et de Jacques Brel\u201d, pod kierunkiem prof. dr hab. Krystyny Kasprzyk (Instytut Romanistyki UW).2001: doktorat w [&hellip;]<\/p>\n","protected":false},"author":1,"featured_media":0,"parent":802,"menu_order":0,"comment_status":"closed","ping_status":"closed","template":"page-no-title","meta":{"footnotes":""},"class_list":["post-916","page","type-page","status-publish","hentry"],"_links":{"self":[{"href":"https:\/\/romanistyka.wn.uw.edu.pl\/index.php\/wp-json\/wp\/v2\/pages\/916","targetHints":{"allow":["GET"]}}],"collection":[{"href":"https:\/\/romanistyka.wn.uw.edu.pl\/index.php\/wp-json\/wp\/v2\/pages"}],"about":[{"href":"https:\/\/romanistyka.wn.uw.edu.pl\/index.php\/wp-json\/wp\/v2\/types\/page"}],"author":[{"embeddable":true,"href":"https:\/\/romanistyka.wn.uw.edu.pl\/index.php\/wp-json\/wp\/v2\/users\/1"}],"replies":[{"embeddable":true,"href":"https:\/\/romanistyka.wn.uw.edu.pl\/index.php\/wp-json\/wp\/v2\/comments?post=916"}],"version-history":[{"count":7,"href":"https:\/\/romanistyka.wn.uw.edu.pl\/index.php\/wp-json\/wp\/v2\/pages\/916\/revisions"}],"predecessor-version":[{"id":7358,"href":"https:\/\/romanistyka.wn.uw.edu.pl\/index.php\/wp-json\/wp\/v2\/pages\/916\/revisions\/7358"}],"up":[{"embeddable":true,"href":"https:\/\/romanistyka.wn.uw.edu.pl\/index.php\/wp-json\/wp\/v2\/pages\/802"}],"wp:attachment":[{"href":"https:\/\/romanistyka.wn.uw.edu.pl\/index.php\/wp-json\/wp\/v2\/media?parent=916"}],"curies":[{"name":"wp","href":"https:\/\/api.w.org\/{rel}","templated":true}]}}