{"id":910,"date":"2023-02-08T09:34:10","date_gmt":"2023-02-08T09:34:10","guid":{"rendered":"https:\/\/romanistyka.wn.uw.edu.pl\/?page_id=910"},"modified":"2026-02-11T21:24:29","modified_gmt":"2026-02-11T21:24:29","slug":"sokolowicz-malgorzata","status":"publish","type":"page","link":"https:\/\/romanistyka.wn.uw.edu.pl\/index.php\/pracownicy\/sokolowicz-malgorzata\/","title":{"rendered":"Ma\u0142gorzata Soko\u0142owicz"},"content":{"rendered":"\n<div class=\"wp-block-columns is-layout-flex wp-container-core-columns-is-layout-28f84493 wp-block-columns-is-layout-flex\">\n<div class=\"wp-block-column is-layout-flow wp-block-column-is-layout-flow\" style=\"flex-basis:33.33%\">\n<figure class=\"wp-block-image aligncenter size-full\"><img loading=\"lazy\" decoding=\"async\" width=\"150\" height=\"150\" src=\"https:\/\/romanistyka.wn.uw.edu.pl\/wp-content\/uploads\/2023\/02\/dr-hab.-Malgorzata-Sokolowicz.jpg\" alt=\"\" class=\"wp-image-911\"\/><\/figure>\n<\/div>\n\n\n\n<div class=\"wp-block-column is-layout-flow wp-block-column-is-layout-flow\" style=\"flex-basis:66.66%\">\n<h2 class=\"wp-block-heading\">dr hab. prof. UW Ma\u0142gorzata Soko\u0142owicz<\/h2>\n\n\n\n<p>Zak\u0142ad Literaturoznawstwa francuskiego&nbsp;<\/p>\n\n\n\n<p>Profesor uczelni (grupa badawczo-dydaktyczna)&nbsp;<\/p>\n\n\n\n<p><a href=\"mailto:malgorzata.sokolowicz@uw.edu.pl\">malgorzata.sokolowicz@uw.edu.pl<\/a><\/p>\n\n\n\n<div style=\"height:20px\" aria-hidden=\"true\" class=\"wp-block-spacer\"><\/div>\n\n\n\n<h6 class=\"wp-block-heading\"><strong>Tematyka bada\u0144<\/strong><\/h6>\n\n\n\n<p>Literatura podr\u00f3\u017cnicza XVIII-XXI w., szeroko poj\u0119ta komparatystyka, zwi\u0105zki mi\u0119dzy literaturami (g\u0142\u00f3wnie poezj\u0105) r\u00f3\u017cnych kraj\u00f3w, relacje mi\u0119dzy malarstwem a literatur\u0105 oraz motywy Romantyzmu i Orientu w literaturze i sztuce, kwestie to\u017csamo\u015bci i Historii w literaturze postkolonialnej.&nbsp;<\/p>\n\n\n\n<div style=\"height:20px\" aria-hidden=\"true\" class=\"wp-block-spacer\"><\/div>\n\n\n\n<h6 class=\"wp-block-heading\">wybrane <strong>Publikacje<\/strong><\/h6>\n\n\n\n<ul class=\"wp-block-list\">\n<li><em>Le Canada et l\u2019imaginaire du Nord. Enjeux g\u00e9opolitiques, identitaires et esth\u00e9tiques\/Canada and the Imagined North: Geopolitical, Identity and Aesthetic Issues<\/em>, sous la dir. de Micha\u0142 Obszy\u0144ski Micha\u0142 et Ma\u0142gorzata Soko\u0142owicz, Wiesbaden, Harrassovitz Verlag, 2024: https:\/\/doi.org\/10.13173\/9783447122504.085<\/li>\n\n\n\n<li>Ma\u0142gorzata Soko\u0142owicz, <em>La Cat\u00e9gorie du h\u00e9ros romantique dans la po\u00e9sie fran\u00e7aise et po\u00adlonaise au XIX<\/em><em><sup>e<\/sup><\/em><em> si\u00e8cle<\/em>, Warszawa, Publications de l\u2019Institut d\u2019\u00e9tudes romanes, 2014, 549 p.&nbsp;<\/li>\n\n\n\n<li>Ma\u0142gorzata Soko\u0142owicz, <em>Orientalisme, colonialisme, interculturalit\u00e9. L\u2019\u0153uvre d\u2019Aline R\u00e9veillaud de Lens<\/em>, Warszawa, Wydawnictwa Uniwersytetu Warszawskiego, 2020, 378 p.&nbsp;<\/li>\n\n\n\n<li><em><a href=\"https:\/\/www.wuw.pl\/product-pol-13419-Crise-de-la-litterature-et-partage-des-disciplines-EBOOK.html\">Crise de la litt\u00e9rature et partage des disciplines,<\/a><\/em> sous la dir. de&nbsp;Marie Blaise, Ma\u0142gorzaty Soko\u0142owicz, Sylvie Triaire, Warszawa, WUW, 2020, 137 p.<\/li>\n\n\n\n<li><em><a href=\"https:\/\/www.wuw.pl\/product-pol-14890-Chroniqueur-philosophe-artiste-Figures-du-voyageur-dans-la-litterature-francaise-aux-XVIIIe-XIXe-siecles-EBOOK.html\">Chroniqueur, philosophe, artiste. Figures du voyageur dans la litt\u00e9rature fran\u00e7aise aux XVIIIe-XIXe si\u00e8cles<\/a>,<\/em> sous la dir. De Ma\u0142gorzata Soko\u0142owicz, Izabella Zatorska, Warszawa, WUW, 2021, 203 p.<\/li>\n\n\n\n<li><em><a href=\"https:\/\/www.wuw.pl\/product-pol-17487-Mondes-humains-mondes-non-humains-Formes-et-coexistences-XX-sup-e-sup-et-XXI-sup-e-sup-siecles-EBOOK.html\">Mondes humains, mondes non humains. Formes et coexistences (XXe-XXIe si\u00e8cles)<\/a><\/em>, sous la dir. de Wies\u0142aw Kroker, Ma\u0142gorzata Soko\u0142owicz, Judyta Zbierska-Mo\u015bcicka, Warszawa, WUW, 2022, 217 p. <\/li>\n\n\n\n<li>Wi\u0119cej: <a rel=\"noreferrer noopener\" href=\"https:\/\/www.researchgate.net\/profile\/Malgorzata-Sokolowicz-2\" target=\"_blank\">https:\/\/www.researchgate.net\/profile\/Malgorzata-Sokolowicz-2<\/a>, <a rel=\"noreferrer noopener\" href=\"https:\/\/uw.academia.edu\/Ma%C5%82gorzataSoko%C5%82owicz\" target=\"_blank\">https:\/\/uw.academia.edu\/Ma%C5%82gorzataSoko%C5%82owicz<\/a>&nbsp;<\/li>\n<\/ul>\n\n\n\n<div style=\"height:20px\" aria-hidden=\"true\" class=\"wp-block-spacer\"><\/div>\n\n\n\n<h6 class=\"wp-block-heading\"><strong>Przebieg kariery naukowej<\/strong><\/h6>\n\n\n\n<p>Absolwentka Instytutu Romanistyki UW, Wydzia\u0142u Polonistyki UW i Instytutu Anglistyki UW. Doktorat &#8211; 2011 r., habilitacja (z wyr\u00f3\u017cnieniem) &#8211; 2021 r., profesor uczelni &#8211; 2023.&nbsp;<\/p>\n\n\n\n<div style=\"height:20px\" aria-hidden=\"true\" class=\"wp-block-spacer\"><\/div>\n\n\n\n<h6 class=\"wp-block-heading\"><strong>Dzia\u0142alno\u015b\u0107<\/strong><\/h6>\n\n\n\n<p>&#8211; Koordynator zaj\u0119\u0107 PNJF Ip (2013-2016)<br>&#8211; Opiekun roku (2013-2015)<br>&#8211; Opiekun studenckich praktyk zawodowych (2015-2016)<br>&#8211; Cz\u0142onek komisji wydawniczej Wydzia\u0142u Neofilologii (2016-2024)<br>&#8211; Zast\u0119pca dyrektora ds. naukowych (2016-2024)<br>&#8211; Cz\u0142onek Rady Dyscypliny Literaturoznawstwa (z tzw. \u201clisty rektorskiej\u201d) od 2024 r.<br>&#8211; Kierownik Pracowni Bada\u0144 nad Kultur\u0105 Kanadyjsko-Francusk\u0105 i Literatur\u0105 Quebeck\u0105, od 2025 r.<\/p>\n\n\n\n<div style=\"height:20px\" aria-hidden=\"true\" class=\"wp-block-spacer\"><\/div>\n\n\n\n<h6 class=\"wp-block-heading\"><strong>Hobby<\/strong><\/h6>\n\n\n\n<p>Kultura arabska, podr\u00f3\u017ce, nauka j\u0119zyk\u00f3w obcych<\/p>\n<\/div>\n<\/div>\n\n\n\n<p><\/p>\n","protected":false},"excerpt":{"rendered":"<p>dr hab. prof. UW Ma\u0142gorzata Soko\u0142owicz Zak\u0142ad Literaturoznawstwa francuskiego&nbsp; Profesor uczelni (grupa badawczo-dydaktyczna)&nbsp; malgorzata.sokolowicz@uw.edu.pl Tematyka bada\u0144 Literatura podr\u00f3\u017cnicza XVIII-XXI w., szeroko poj\u0119ta komparatystyka, zwi\u0105zki mi\u0119dzy literaturami (g\u0142\u00f3wnie poezj\u0105) r\u00f3\u017cnych kraj\u00f3w, relacje mi\u0119dzy malarstwem a literatur\u0105 oraz motywy Romantyzmu i Orientu w literaturze i sztuce, kwestie to\u017csamo\u015bci i Historii w literaturze postkolonialnej.&nbsp; wybrane Publikacje Przebieg kariery [&hellip;]<\/p>\n","protected":false},"author":1,"featured_media":0,"parent":802,"menu_order":0,"comment_status":"closed","ping_status":"closed","template":"","meta":{"footnotes":""},"class_list":["post-910","page","type-page","status-publish","hentry"],"_links":{"self":[{"href":"https:\/\/romanistyka.wn.uw.edu.pl\/index.php\/wp-json\/wp\/v2\/pages\/910","targetHints":{"allow":["GET"]}}],"collection":[{"href":"https:\/\/romanistyka.wn.uw.edu.pl\/index.php\/wp-json\/wp\/v2\/pages"}],"about":[{"href":"https:\/\/romanistyka.wn.uw.edu.pl\/index.php\/wp-json\/wp\/v2\/types\/page"}],"author":[{"embeddable":true,"href":"https:\/\/romanistyka.wn.uw.edu.pl\/index.php\/wp-json\/wp\/v2\/users\/1"}],"replies":[{"embeddable":true,"href":"https:\/\/romanistyka.wn.uw.edu.pl\/index.php\/wp-json\/wp\/v2\/comments?post=910"}],"version-history":[{"count":7,"href":"https:\/\/romanistyka.wn.uw.edu.pl\/index.php\/wp-json\/wp\/v2\/pages\/910\/revisions"}],"predecessor-version":[{"id":7356,"href":"https:\/\/romanistyka.wn.uw.edu.pl\/index.php\/wp-json\/wp\/v2\/pages\/910\/revisions\/7356"}],"up":[{"embeddable":true,"href":"https:\/\/romanistyka.wn.uw.edu.pl\/index.php\/wp-json\/wp\/v2\/pages\/802"}],"wp:attachment":[{"href":"https:\/\/romanistyka.wn.uw.edu.pl\/index.php\/wp-json\/wp\/v2\/media?parent=910"}],"curies":[{"name":"wp","href":"https:\/\/api.w.org\/{rel}","templated":true}]}}