{"id":907,"date":"2023-02-08T09:32:24","date_gmt":"2023-02-08T09:32:24","guid":{"rendered":"https:\/\/romanistyka.wn.uw.edu.pl\/?page_id=907"},"modified":"2026-02-11T21:24:14","modified_gmt":"2026-02-11T21:24:14","slug":"sobczyk-agata","status":"publish","type":"page","link":"https:\/\/romanistyka.wn.uw.edu.pl\/index.php\/pracownicy\/sobczyk-agata\/","title":{"rendered":"Agata Sobczyk"},"content":{"rendered":"\n<div class=\"wp-block-columns is-layout-flex wp-container-core-columns-is-layout-28f84493 wp-block-columns-is-layout-flex\">\n<div class=\"wp-block-column is-layout-flow wp-block-column-is-layout-flow\" style=\"flex-basis:33.33%\">\n<figure class=\"wp-block-image aligncenter size-full\"><img loading=\"lazy\" decoding=\"async\" width=\"150\" height=\"150\" src=\"https:\/\/romanistyka.wn.uw.edu.pl\/wp-content\/uploads\/2023\/02\/dr-hab.-Agata-Sobczyk.jpg\" alt=\"\" class=\"wp-image-908\"\/><\/figure>\n<\/div>\n\n\n\n<div class=\"wp-block-column is-layout-flow wp-block-column-is-layout-flow\" style=\"flex-basis:66.66%\">\n<h2 class=\"wp-block-heading\">dr hab. prof. UW Agata Sobczyk<\/h2>\n\n\n\n<p>Zak\u0142ad Literaturoznawstwa Francuskiego&nbsp;<\/p>\n\n\n\n<p>Adiunkt (grupa badawczo-dydaktyczna)&nbsp;<\/p>\n\n\n\n<p><a href=\"mailto:agata.sobczyk@uw.edu.pl\">agata.sobczyk@uw.edu.pl<\/a><\/p>\n\n\n\n<div style=\"height:20px\" aria-hidden=\"true\" class=\"wp-block-spacer\"><\/div>\n\n\n\n<h6 class=\"wp-block-heading\"><strong>Tematyka bada\u0144<\/strong><\/h6>\n\n\n\n<p>Literatura \u015bredniowieczna&nbsp;<\/p>\n\n\n\n<div style=\"height:20px\" aria-hidden=\"true\" class=\"wp-block-spacer\"><\/div>\n\n\n\n<h6 class=\"wp-block-heading\">wybrane <strong>Publikacje<\/strong><\/h6>\n\n\n\n<ul class=\"wp-block-list\">\n<li><em>L\u2019&nbsp;\u00e9rotisme des adolescents dans la litt\u00e9rature fran\u00e7aise du Moyen Age<\/em>, Peeters, Leuven-Paris-Dudley 2008, 329 str.&nbsp;<\/li>\n\n\n\n<li><em>Les jongleurs de Dieu. Sainte simplicit\u00e9 dans la litt\u00e9rature religieuse de la France m\u00e9di\u00e9vale<\/em>, Oficyna wydawnicza Leksem, \u0141ask 2012, 326 str.&nbsp;&nbsp;<\/li>\n\n\n\n<li>\u00ab&nbsp;Langue, texte, image. L\u2019enfant muet dans les recueils et le vitrail des <em>Miracles de Notre-Dame de Chartres<\/em>&nbsp;\u00bb, <em>Cahiers de Civilisation M\u00e9di\u00e9vale<\/em> 58, 2015,&nbsp;113-121.&nbsp;<\/li>\n\n\n\n<li>\u00ab&nbsp;L\u2019<em>El\u00e9gie de Troyes<\/em> ou les <em>Cong\u00e8s<\/em> juifs&nbsp;: l\u2019exclusion et le regard&nbsp;\u00bb, <em>Litt\u00e9rature <\/em>195,&nbsp;2019, 64-80.&nbsp;<\/li>\n\n\n\n<li><em>Le livre de Florimont,<\/em>&nbsp;\u00e9dit\u00e9 et traduit par Agata Sobczyk et Herman Braet, Peeters, Leuven-Paris-Bristol, 2021, 245 str.&nbsp;<\/li>\n<\/ul>\n\n\n\n<div style=\"height:20px\" aria-hidden=\"true\" class=\"wp-block-spacer\"><\/div>\n\n\n\n<h6 class=\"wp-block-heading\"><strong>Przebieg kariery naukowej<\/strong><\/h6>\n\n\n\n<p>2000 \u2012 stopie\u0144 doktora uzyskany na Uniwersytecie Paris IV (La Sorbonne)<br>2013 \u2012 stopie\u0144 doktora habilitowanego uzyskany na Uniwersytecie Warszawskim&nbsp;<\/p>\n\n\n\n<div style=\"height:20px\" aria-hidden=\"true\" class=\"wp-block-spacer\"><\/div>\n\n\n\n<h6 class=\"wp-block-heading\"><strong>Cz\u0142onkostwo w organizacjach i stowarzyszeniach<\/strong><\/h6>\n\n\n\n<p>ATRP \u201ePlejada\u201d<br>Soci\u00e9t\u00e9 de Langues et de Litt\u00e9ratures M\u00e9di\u00e9vales d\u2019Oc et O\u00efl<\/p>\n<\/div>\n<\/div>\n\n\n\n<p><\/p>\n","protected":false},"excerpt":{"rendered":"<p>dr hab. prof. UW Agata Sobczyk Zak\u0142ad Literaturoznawstwa Francuskiego&nbsp; Adiunkt (grupa badawczo-dydaktyczna)&nbsp; agata.sobczyk@uw.edu.pl Tematyka bada\u0144 Literatura \u015bredniowieczna&nbsp; wybrane Publikacje Przebieg kariery naukowej 2000 \u2012 stopie\u0144 doktora uzyskany na Uniwersytecie Paris IV (La Sorbonne)2013 \u2012 stopie\u0144 doktora habilitowanego uzyskany na Uniwersytecie Warszawskim&nbsp; Cz\u0142onkostwo w organizacjach i stowarzyszeniach ATRP \u201ePlejada\u201dSoci\u00e9t\u00e9 de Langues et de Litt\u00e9ratures M\u00e9di\u00e9vales d\u2019Oc [&hellip;]<\/p>\n","protected":false},"author":1,"featured_media":0,"parent":802,"menu_order":0,"comment_status":"closed","ping_status":"closed","template":"page-no-title","meta":{"footnotes":""},"class_list":["post-907","page","type-page","status-publish","hentry"],"_links":{"self":[{"href":"https:\/\/romanistyka.wn.uw.edu.pl\/index.php\/wp-json\/wp\/v2\/pages\/907","targetHints":{"allow":["GET"]}}],"collection":[{"href":"https:\/\/romanistyka.wn.uw.edu.pl\/index.php\/wp-json\/wp\/v2\/pages"}],"about":[{"href":"https:\/\/romanistyka.wn.uw.edu.pl\/index.php\/wp-json\/wp\/v2\/types\/page"}],"author":[{"embeddable":true,"href":"https:\/\/romanistyka.wn.uw.edu.pl\/index.php\/wp-json\/wp\/v2\/users\/1"}],"replies":[{"embeddable":true,"href":"https:\/\/romanistyka.wn.uw.edu.pl\/index.php\/wp-json\/wp\/v2\/comments?post=907"}],"version-history":[{"count":6,"href":"https:\/\/romanistyka.wn.uw.edu.pl\/index.php\/wp-json\/wp\/v2\/pages\/907\/revisions"}],"predecessor-version":[{"id":7355,"href":"https:\/\/romanistyka.wn.uw.edu.pl\/index.php\/wp-json\/wp\/v2\/pages\/907\/revisions\/7355"}],"up":[{"embeddable":true,"href":"https:\/\/romanistyka.wn.uw.edu.pl\/index.php\/wp-json\/wp\/v2\/pages\/802"}],"wp:attachment":[{"href":"https:\/\/romanistyka.wn.uw.edu.pl\/index.php\/wp-json\/wp\/v2\/media?parent=907"}],"curies":[{"name":"wp","href":"https:\/\/api.w.org\/{rel}","templated":true}]}}