{"id":901,"date":"2023-02-08T09:28:31","date_gmt":"2023-02-08T09:28:31","guid":{"rendered":"https:\/\/romanistyka.wn.uw.edu.pl\/?page_id=901"},"modified":"2026-02-11T21:17:31","modified_gmt":"2026-02-11T21:17:31","slug":"popowicz-kamil","status":"publish","type":"page","link":"https:\/\/romanistyka.wn.uw.edu.pl\/index.php\/pracownicy\/popowicz-kamil\/","title":{"rendered":"Kamil Popowicz"},"content":{"rendered":"\n<div class=\"wp-block-columns is-layout-flex wp-container-core-columns-is-layout-28f84493 wp-block-columns-is-layout-flex\">\n<div class=\"wp-block-column is-layout-flow wp-block-column-is-layout-flow\" style=\"flex-basis:33.33%\">\n<figure class=\"wp-block-image aligncenter size-full\"><img loading=\"lazy\" decoding=\"async\" width=\"150\" height=\"150\" src=\"https:\/\/romanistyka.wn.uw.edu.pl\/wp-content\/uploads\/2023\/02\/dr-Kamil-Popowicz.jpg\" alt=\"\" class=\"wp-image-902\"\/><figcaption class=\"wp-element-caption\">SANYO DIGITAL CAMERA<\/figcaption><\/figure>\n<\/div>\n\n\n\n<div class=\"wp-block-column is-layout-flow wp-block-column-is-layout-flow\" style=\"flex-basis:66.66%\">\n<h2 class=\"wp-block-heading\">dr Kamil Popowicz<\/h2>\n\n\n\n<p>Zak\u0142ad Literaturoznawstwa Francuskiego&nbsp;<\/p>\n\n\n\n<p>Starszy asystent (grupa dydaktyczna)&nbsp;<\/p>\n\n\n\n<p><a href=\"mailto:k.popowicz@uw.edu.pl\">k.popowicz@uw.edu.pl<\/a><\/p>\n\n\n\n<div style=\"height:20px\" aria-hidden=\"true\" class=\"wp-block-spacer\"><\/div>\n\n\n\n<h6 class=\"wp-block-heading\"><strong>Tematyka bada\u0144<\/strong><\/h6>\n\n\n\n<p>Literatura i kultura francuska XVIII i XIX wieku&nbsp;<\/p>\n\n\n\n<div style=\"height:20px\" aria-hidden=\"true\" class=\"wp-block-spacer\"><\/div>\n\n\n\n<h6 class=\"wp-block-heading\">wybrane <strong>Publikacje<\/strong><br><\/h6>\n\n\n\n<ul class=\"wp-block-list\">\n<li>Lamarkizm spo\u0142eczny jako czynnik hamuj\u0105cy rozw\u00f3j eugeniki negatywnej we Francji w <em>Dokonania i wyzwania polskiej historiografii medycznej<\/em>, t.1. <em>Filozofia medycyny, 100-lecie &#8222;Archiwum Historii i Filozofii Medycyny&#8221;, Medycyna wielokulturowa, Eugenika<\/em>, Wroc\u0142aw, Quaestio, 2024, s. 417-429.<\/li>\n\n\n\n<li><em>Lamarkizm spo\u0142eczny a rasizm i eugenika we Francji<\/em>; Warszawa, Wydawnictwa UW, 2009, 226 s.&nbsp;<\/li>\n\n\n\n<li><em>Madame de Sta\u00ebl<\/em>; Warszawa, Collegium Civitas Press,2013, 187 s.&nbsp;<\/li>\n\n\n\n<li><em>Saint-Simon i saintsimoni\u015bci, od rewolucji do kolonizacji. Historia pewnej religii (1803-1870)<\/em>; Warszawa, Wydawnictwa UW, 2018, 286 s.&nbsp;<\/li>\n\n\n\n<li>Sp\u00f3r mi\u0119dzy saintsimonistami a furierystami, o w\u0142asno\u015b\u0107 ziemi w kolonialnej Algierii w XIX wieku w Civitas. Studia z Filozofii Polityki tom 25, 2019, s. 113-130.&nbsp;<\/li>\n\n\n\n<li>Emile Zola entre Lamarck, Darwin et Weismann w <em>Formes du vivant, formes de litt\u00e9rature<\/em>, Pozna\u0144, Wydawnictwo Naukowe UAM, 2019, s. 159-170.&nbsp;<\/li>\n<\/ul>\n\n\n\n<div style=\"height:20px\" aria-hidden=\"true\" class=\"wp-block-spacer\"><\/div>\n\n\n\n<h6 class=\"wp-block-heading\"><strong>Przebieg kariery naukowej<\/strong><\/h6>\n\n\n\n<p>\u00b7&nbsp;&nbsp;&nbsp;&nbsp;&nbsp;&nbsp;&nbsp;2002 &#8211;&nbsp;magisterium w Instytucie Nauk Politycznych<\/p>\n\n\n\n<p>\u00b7&nbsp;&nbsp;&nbsp;&nbsp;&nbsp;&nbsp;&nbsp;2002 &#8211;&nbsp;magisterium w Instytucie Romanistyki UW<\/p>\n\n\n\n<p>\u00b7&nbsp;&nbsp;&nbsp;&nbsp;&nbsp;&nbsp;&nbsp;2007 &#8211; doktorat&nbsp;w Instytucie Romanistyki UW, Rozprawa doktorska napisana pod kierunkiem prof. dr hab. Remigiusza Foryckiego, temat pracy: Lamarkizm i jego wp\u0142yw na recepcj\u0119 darwinizmu spo\u0142ecznego we Francji<\/p>\n\n\n\n<p>\u00b7&nbsp;&nbsp;&nbsp;&nbsp;&nbsp;&nbsp;&nbsp;2003-2013 &#8211; wyk\u0142ada\u0142 nauki polityczne w Collegium Civitas<\/p>\n\n\n\n<p>\u00b7&nbsp;&nbsp;&nbsp;&nbsp;&nbsp;&nbsp;&nbsp;2008-2018 &#8211; adiunkt w Instytucie Romanistyki<\/p>\n\n\n\n<p>\u00b7&nbsp;&nbsp;&nbsp;&nbsp;&nbsp;&nbsp;&nbsp;Od lutego 2018 r. starszy asystent&nbsp;w Instytucie Romanistyki<\/p>\n\n\n\n<div style=\"height:20px\" aria-hidden=\"true\" class=\"wp-block-spacer\"><\/div>\n\n\n\n<h6 class=\"wp-block-heading\"><strong>Dzia\u0142alno\u015b\u0107<\/strong><\/h6>\n\n\n\n<p>Cz\u0142onek Rady Wydzia\u0142u Neofilologii w kadencji 2008-2012<br>wieloletni opiekun II roku studi\u00f3w I stopnia<\/p>\n<\/div>\n<\/div>\n\n\n\n<p><\/p>\n","protected":false},"excerpt":{"rendered":"<p>dr Kamil Popowicz Zak\u0142ad Literaturoznawstwa Francuskiego&nbsp; Starszy asystent (grupa dydaktyczna)&nbsp; k.popowicz@uw.edu.pl Tematyka bada\u0144 Literatura i kultura francuska XVIII i XIX wieku&nbsp; wybrane Publikacje Przebieg kariery naukowej \u00b7&nbsp;&nbsp;&nbsp;&nbsp;&nbsp;&nbsp;&nbsp;2002 &#8211;&nbsp;magisterium w Instytucie Nauk Politycznych \u00b7&nbsp;&nbsp;&nbsp;&nbsp;&nbsp;&nbsp;&nbsp;2002 &#8211;&nbsp;magisterium w Instytucie Romanistyki UW \u00b7&nbsp;&nbsp;&nbsp;&nbsp;&nbsp;&nbsp;&nbsp;2007 &#8211; doktorat&nbsp;w Instytucie Romanistyki UW, Rozprawa doktorska napisana pod kierunkiem prof. dr hab. Remigiusza Foryckiego, temat [&hellip;]<\/p>\n","protected":false},"author":1,"featured_media":0,"parent":802,"menu_order":0,"comment_status":"closed","ping_status":"closed","template":"","meta":{"footnotes":""},"class_list":["post-901","page","type-page","status-publish","hentry"],"_links":{"self":[{"href":"https:\/\/romanistyka.wn.uw.edu.pl\/index.php\/wp-json\/wp\/v2\/pages\/901","targetHints":{"allow":["GET"]}}],"collection":[{"href":"https:\/\/romanistyka.wn.uw.edu.pl\/index.php\/wp-json\/wp\/v2\/pages"}],"about":[{"href":"https:\/\/romanistyka.wn.uw.edu.pl\/index.php\/wp-json\/wp\/v2\/types\/page"}],"author":[{"embeddable":true,"href":"https:\/\/romanistyka.wn.uw.edu.pl\/index.php\/wp-json\/wp\/v2\/users\/1"}],"replies":[{"embeddable":true,"href":"https:\/\/romanistyka.wn.uw.edu.pl\/index.php\/wp-json\/wp\/v2\/comments?post=901"}],"version-history":[{"count":5,"href":"https:\/\/romanistyka.wn.uw.edu.pl\/index.php\/wp-json\/wp\/v2\/pages\/901\/revisions"}],"predecessor-version":[{"id":7348,"href":"https:\/\/romanistyka.wn.uw.edu.pl\/index.php\/wp-json\/wp\/v2\/pages\/901\/revisions\/7348"}],"up":[{"embeddable":true,"href":"https:\/\/romanistyka.wn.uw.edu.pl\/index.php\/wp-json\/wp\/v2\/pages\/802"}],"wp:attachment":[{"href":"https:\/\/romanistyka.wn.uw.edu.pl\/index.php\/wp-json\/wp\/v2\/media?parent=901"}],"curies":[{"name":"wp","href":"https:\/\/api.w.org\/{rel}","templated":true}]}}