{"id":892,"date":"2023-02-08T09:22:33","date_gmt":"2023-02-08T09:22:33","guid":{"rendered":"https:\/\/romanistyka.wn.uw.edu.pl\/?page_id=892"},"modified":"2024-12-15T19:46:07","modified_gmt":"2024-12-15T19:46:07","slug":"peeters-pascale","status":"publish","type":"page","link":"https:\/\/romanistyka.wn.uw.edu.pl\/index.php\/pracownicy\/peeters-pascale\/","title":{"rendered":"Pascale Peeters"},"content":{"rendered":"\n<div class=\"wp-block-columns is-layout-flex wp-container-core-columns-is-layout-28f84493 wp-block-columns-is-layout-flex\">\n<div class=\"wp-block-column is-layout-flow wp-block-column-is-layout-flow\" style=\"flex-basis:33.33%\">\n<figure class=\"wp-block-image alignleft size-full\"><img loading=\"lazy\" decoding=\"async\" width=\"150\" height=\"150\" src=\"https:\/\/romanistyka.wn.uw.edu.pl\/wp-content\/uploads\/2023\/02\/mgr-Pascale-Peeters.jpg\" alt=\"\" class=\"wp-image-893\"\/><\/figure>\n<\/div>\n\n\n\n<div class=\"wp-block-column is-layout-flow wp-block-column-is-layout-flow\" style=\"flex-basis:66.66%\">\n<h2 class=\"wp-block-heading\">mgr Pascale Peeters<\/h2>\n\n\n\n<h2 class=\"wp-block-heading has-medium-font-size\">Zak\u0142ad Dydaktyki J\u0119zyk\u00f3w Roma\u0144skich&nbsp;<\/h2>\n\n\n\n<h2 class=\"wp-block-heading has-medium-font-size\">Asystent (grupa dydaktyczna)&nbsp;<\/h2>\n\n\n\n<h2 class=\"wp-block-heading has-medium-font-size\"><a href=\"mailto:ppeeters21@gmail.com\"><a href=\"mailto:p.peeters@uw.edu.pl\">p.peeters@uw.edu.pl<\/a><\/a><\/h2>\n\n\n\n<div style=\"height:20px\" aria-hidden=\"true\" class=\"wp-block-spacer\"><\/div>\n\n\n\n<h6 class=\"wp-block-heading\"><strong>Tematyka bada\u0144<\/strong><\/h6>\n\n\n\n<p>Dydaktyka, nauczanie poprzez gry<\/p>\n\n\n\n<div style=\"height:20px\" aria-hidden=\"true\" class=\"wp-block-spacer\"><\/div>\n\n\n\n<h6 class=\"wp-block-heading\"><strong>Przebieg kariery naukowej<\/strong><\/h6>\n\n\n\n<p>&#8211; Magister Filologii roma\u0144skiej \u2013 1985<br>&#8211; Wyk\u0142adowca od 1992<br>&#8211; Nagroda dydaktyczna rektora UW \u2013 listopad 2016&nbsp;<\/p>\n\n\n\n<div style=\"height:20px\" aria-hidden=\"true\" class=\"wp-block-spacer\"><\/div>\n\n\n\n<h6 class=\"wp-block-heading\"><strong>Dzia\u0142alno\u015b\u0107<\/strong><\/h6>\n\n\n\n<p>Wsp\u00f3\u0142praca z CKE&nbsp;i z KSAP<br>Opiekunka Ko\u0142a Literatur Frankofo\u0144skich<\/p>\n\n\n\n<div style=\"height:20px\" aria-hidden=\"true\" class=\"wp-block-spacer\"><\/div>\n\n\n\n<h6 class=\"wp-block-heading\"><strong>Hobby<\/strong><\/h6>\n\n\n\n<p>Je m\u2019int\u00e9resse \u00e0 tout ce qui touche \u00e0 la culture\u00a0: la litt\u00e9rature, le cin\u00e9ma, la\u00a0musique, etc. L\u2019\u00e9t\u00e9, j\u2019adore travailler dans mon petit jardin. Je suis aussi une passionn\u00e9e de cuisine et de gastronomie. Enfin, derni\u00e8re passion mais pas la moindre, j\u2019aime les jeux de soci\u00e9t\u00e9 et l\u2019ambiance cordiale qui les accompagne.<\/p>\n<\/div>\n<\/div>\n\n\n\n<p><\/p>\n","protected":false},"excerpt":{"rendered":"<p>mgr Pascale Peeters Zak\u0142ad Dydaktyki J\u0119zyk\u00f3w Roma\u0144skich&nbsp; Asystent (grupa dydaktyczna)&nbsp; p.peeters@uw.edu.pl Tematyka bada\u0144 Dydaktyka, nauczanie poprzez gry Przebieg kariery naukowej &#8211; Magister Filologii roma\u0144skiej \u2013 1985&#8211; Wyk\u0142adowca od 1992&#8211; Nagroda dydaktyczna rektora UW \u2013 listopad 2016&nbsp; Dzia\u0142alno\u015b\u0107 Wsp\u00f3\u0142praca z CKE&nbsp;i z KSAPOpiekunka Ko\u0142a Literatur Frankofo\u0144skich Hobby Je m\u2019int\u00e9resse \u00e0 tout ce qui touche \u00e0 la [&hellip;]<\/p>\n","protected":false},"author":1,"featured_media":0,"parent":802,"menu_order":0,"comment_status":"closed","ping_status":"closed","template":"","meta":{"footnotes":""},"class_list":["post-892","page","type-page","status-publish","hentry"],"_links":{"self":[{"href":"https:\/\/romanistyka.wn.uw.edu.pl\/index.php\/wp-json\/wp\/v2\/pages\/892","targetHints":{"allow":["GET"]}}],"collection":[{"href":"https:\/\/romanistyka.wn.uw.edu.pl\/index.php\/wp-json\/wp\/v2\/pages"}],"about":[{"href":"https:\/\/romanistyka.wn.uw.edu.pl\/index.php\/wp-json\/wp\/v2\/types\/page"}],"author":[{"embeddable":true,"href":"https:\/\/romanistyka.wn.uw.edu.pl\/index.php\/wp-json\/wp\/v2\/users\/1"}],"replies":[{"embeddable":true,"href":"https:\/\/romanistyka.wn.uw.edu.pl\/index.php\/wp-json\/wp\/v2\/comments?post=892"}],"version-history":[{"count":7,"href":"https:\/\/romanistyka.wn.uw.edu.pl\/index.php\/wp-json\/wp\/v2\/pages\/892\/revisions"}],"predecessor-version":[{"id":3667,"href":"https:\/\/romanistyka.wn.uw.edu.pl\/index.php\/wp-json\/wp\/v2\/pages\/892\/revisions\/3667"}],"up":[{"embeddable":true,"href":"https:\/\/romanistyka.wn.uw.edu.pl\/index.php\/wp-json\/wp\/v2\/pages\/802"}],"wp:attachment":[{"href":"https:\/\/romanistyka.wn.uw.edu.pl\/index.php\/wp-json\/wp\/v2\/media?parent=892"}],"curies":[{"name":"wp","href":"https:\/\/api.w.org\/{rel}","templated":true}]}}