{"id":889,"date":"2023-02-08T09:20:50","date_gmt":"2023-02-08T09:20:50","guid":{"rendered":"https:\/\/romanistyka.wn.uw.edu.pl\/?page_id=889"},"modified":"2026-02-11T21:17:16","modified_gmt":"2026-02-11T21:17:16","slug":"padzik-dorota","status":"publish","type":"page","link":"https:\/\/romanistyka.wn.uw.edu.pl\/index.php\/pracownicy\/padzik-dorota\/","title":{"rendered":"Dorota Padzik"},"content":{"rendered":"\n<div class=\"wp-block-columns is-layout-flex wp-container-core-columns-is-layout-28f84493 wp-block-columns-is-layout-flex\">\n<div class=\"wp-block-column is-layout-flow wp-block-column-is-layout-flow\" style=\"flex-basis:33.33%\">\n<figure class=\"wp-block-image aligncenter size-full\"><img loading=\"lazy\" decoding=\"async\" width=\"150\" height=\"150\" src=\"https:\/\/romanistyka.wn.uw.edu.pl\/wp-content\/uploads\/2023\/02\/mgr-Dorota-Padzik.jpg\" alt=\"\" class=\"wp-image-890\"\/><\/figure>\n<\/div>\n\n\n\n<div class=\"wp-block-column is-layout-flow wp-block-column-is-layout-flow\" style=\"flex-basis:66.66%\">\n<h2 class=\"wp-block-heading\">dr Dorota Padzik<\/h2>\n\n\n\n<p>Zak\u0142ad Dydaktyki J\u0119zyk\u00f3w Roma\u0144skich<\/p>\n\n\n\n<p>Asystent (grupa dydaktyczna)&nbsp;<\/p>\n\n\n\n<p><a href=\"mailto:d.padzik2@uw.edu.pl\">d.padzik2@uw.edu.pl<\/a><\/p>\n\n\n\n<div style=\"height:20px\" aria-hidden=\"true\" class=\"wp-block-spacer\"><\/div>\n\n\n\n<h6 class=\"wp-block-heading\"><strong>Publikacje<\/strong><\/h6>\n\n\n\n<ul class=\"wp-block-list\">\n<li>Padzik, D. (2022), &#8222;Dokumenty autentyczne nie tylko dla zaawansowanych&#8221; [w:] J<em>\u0119zyki Obce w Szkole<\/em>, 01\/2022.<\/li>\n\n\n\n<li>Padzik, D. (2021) \u201eNauczyciel XXI wieku \u2013 role i wyzwania\u201d [w:]&nbsp;<em>J\u0119zyki Obce w Szkole<\/em>, 02\/2021.<\/li>\n\n\n\n<li>Padzik, D. (2021) \u201ePisanie, kt\u00f3re uczy, motywuje i bawi\u201d, [w:]&nbsp;<em>J\u0119zyki Obce w Szkole<\/em>, 01\/2021.<\/li>\n\n\n\n<li>Padzik, D. (2020) \u201eKreatywne nauczanie gramatyki wed\u0142ug metody indukcyjnej\u201d, [w:]&nbsp;<em>J\u0119zyki Obce w Szkole<\/em>, 01\/2020.<\/li>\n\n\n\n<li>Padzik, D. (2020), \u201eBiblioteki szkolne we Francji\u201d, [w:]&nbsp;<em>Biblioteka w szkole<\/em>, 03\/2020.&nbsp;<\/li>\n<\/ul>\n\n\n\n<div style=\"height:20px\" aria-hidden=\"true\" class=\"wp-block-spacer\"><\/div>\n\n\n\n<h6 class=\"wp-block-heading\"><strong>Przebieg kariery naukowej<\/strong><\/h6>\n\n\n\n<p>2014 : dyplom magistra w zakresie filologii roma\u0144skiej uzyskany w Instytucie Romanistyki UW<br><br>2012: dyplom magistra w zakresie europeistyki uzyskany w Katedrze Europeistyki Wydzia\u0142u Dziennikarstwa i Nauk Politycznych&nbsp;<\/p>\n\n\n\n<div style=\"height:20px\" aria-hidden=\"true\" class=\"wp-block-spacer\"><\/div>\n\n\n\n<h6 class=\"wp-block-heading\"><strong>Dzia\u0142alno\u015b\u0107<\/strong><\/h6>\n\n\n\n<p>Cz\u0142onkini zespo\u0142u Les Zexperts FLE&nbsp;<\/p>\n\n\n\n<div style=\"height:20px\" aria-hidden=\"true\" class=\"wp-block-spacer\"><\/div>\n\n\n\n<h6 class=\"wp-block-heading\"><strong>Inne<\/strong><\/h6>\n\n\n\n<p>2017 \u2013 Stage international d\u2019\u00e9t\u00e9 en didactique du fran\u00e7ais langue \u00e9trang\u00e8re ou seconde, Universit\u00e9 de Louvain-la-Neuve<br><br>2015 \u2013 Stage international d\u2019\u00e9t\u00e9 en didactique du fran\u00e7ais langue \u00e9trang\u00e8re ou seconde\u201d, Universit\u00e9 de Louvain-la-Neuve<br><br>2014 \u2013 Francophonie et les itin\u00e9raires slaves, Universit\u00e9 de Poitiers<br><br>2013 \u2013 Stage d\u2019\u00e9t\u00e9 pour les professeurs FLE, Universit\u00e9 de Franche-Comt\u00e9 w Besan\u00e7on&nbsp;<\/p>\n\n\n\n<div style=\"height:20px\" aria-hidden=\"true\" class=\"wp-block-spacer\"><\/div>\n\n\n\n<h6 class=\"wp-block-heading\"><strong>Hobby<\/strong><\/h6>\n\n\n\n<p>Podr\u00f3\u017ce, g\u00f3rskie w\u0119dr\u00f3wki, sport, literatura<\/p>\n<\/div>\n<\/div>\n\n\n\n<p><\/p>\n","protected":false},"excerpt":{"rendered":"<p>dr Dorota Padzik Zak\u0142ad Dydaktyki J\u0119zyk\u00f3w Roma\u0144skich Asystent (grupa dydaktyczna)&nbsp; d.padzik2@uw.edu.pl Publikacje Przebieg kariery naukowej 2014 : dyplom magistra w zakresie filologii roma\u0144skiej uzyskany w Instytucie Romanistyki UW 2012: dyplom magistra w zakresie europeistyki uzyskany w Katedrze Europeistyki Wydzia\u0142u Dziennikarstwa i Nauk Politycznych&nbsp; Dzia\u0142alno\u015b\u0107 Cz\u0142onkini zespo\u0142u Les Zexperts FLE&nbsp; Inne 2017 \u2013 Stage international d\u2019\u00e9t\u00e9 [&hellip;]<\/p>\n","protected":false},"author":1,"featured_media":0,"parent":802,"menu_order":0,"comment_status":"closed","ping_status":"closed","template":"page-no-title","meta":{"footnotes":""},"class_list":["post-889","page","type-page","status-publish","hentry"],"_links":{"self":[{"href":"https:\/\/romanistyka.wn.uw.edu.pl\/index.php\/wp-json\/wp\/v2\/pages\/889","targetHints":{"allow":["GET"]}}],"collection":[{"href":"https:\/\/romanistyka.wn.uw.edu.pl\/index.php\/wp-json\/wp\/v2\/pages"}],"about":[{"href":"https:\/\/romanistyka.wn.uw.edu.pl\/index.php\/wp-json\/wp\/v2\/types\/page"}],"author":[{"embeddable":true,"href":"https:\/\/romanistyka.wn.uw.edu.pl\/index.php\/wp-json\/wp\/v2\/users\/1"}],"replies":[{"embeddable":true,"href":"https:\/\/romanistyka.wn.uw.edu.pl\/index.php\/wp-json\/wp\/v2\/comments?post=889"}],"version-history":[{"count":6,"href":"https:\/\/romanistyka.wn.uw.edu.pl\/index.php\/wp-json\/wp\/v2\/pages\/889\/revisions"}],"predecessor-version":[{"id":7347,"href":"https:\/\/romanistyka.wn.uw.edu.pl\/index.php\/wp-json\/wp\/v2\/pages\/889\/revisions\/7347"}],"up":[{"embeddable":true,"href":"https:\/\/romanistyka.wn.uw.edu.pl\/index.php\/wp-json\/wp\/v2\/pages\/802"}],"wp:attachment":[{"href":"https:\/\/romanistyka.wn.uw.edu.pl\/index.php\/wp-json\/wp\/v2\/media?parent=889"}],"curies":[{"name":"wp","href":"https:\/\/api.w.org\/{rel}","templated":true}]}}