{"id":883,"date":"2023-02-08T09:17:15","date_gmt":"2023-02-08T09:17:15","guid":{"rendered":"https:\/\/romanistyka.wn.uw.edu.pl\/?page_id=883"},"modified":"2026-02-11T21:16:27","modified_gmt":"2026-02-11T21:16:27","slug":"opiela-mrozik-anna","status":"publish","type":"page","link":"https:\/\/romanistyka.wn.uw.edu.pl\/index.php\/pracownicy\/opiela-mrozik-anna\/","title":{"rendered":"Anna Opiela-Mrozik"},"content":{"rendered":"\n<div class=\"wp-block-columns is-layout-flex wp-container-core-columns-is-layout-28f84493 wp-block-columns-is-layout-flex\">\n<div class=\"wp-block-column is-layout-flow wp-block-column-is-layout-flow\" style=\"flex-basis:33.33%\">\n<figure class=\"wp-block-image aligncenter size-full\"><img loading=\"lazy\" decoding=\"async\" width=\"150\" height=\"150\" src=\"https:\/\/romanistyka.wn.uw.edu.pl\/wp-content\/uploads\/2023\/02\/dr-Anna-Opiela-Mrozik.jpg\" alt=\"\" class=\"wp-image-884\"\/><\/figure>\n<\/div>\n\n\n\n<div class=\"wp-block-column is-layout-flow wp-block-column-is-layout-flow\" style=\"flex-basis:66.66%\">\n<h2 class=\"wp-block-heading\">dr Anna Opiela-Mrozik<\/h2>\n\n\n\n<p>Zak\u0142ad Literaturoznawstwa Francuskiego&nbsp;<\/p>\n\n\n\n<p>Adiunkt (grupa badawczo-dydaktyczna)&nbsp;<\/p>\n\n\n\n<p><a rel=\"noreferrer noopener\" href=\"mailto:am.opiela@uw.edu.pl\" target=\"_blank\">am.opiela@uw.edu.pl<\/a>.<\/p>\n\n\n\n<div style=\"height:20px\" aria-hidden=\"true\" class=\"wp-block-spacer\"><\/div>\n\n\n\n<h6 class=\"wp-block-heading\"><strong>Tematyka bada\u0144<\/strong><\/h6>\n\n\n\n<p>Komparatystyka interdyscyplinarna (zwi\u0105zki literatury z muzyk\u0105 i malarstwem), tw\u00f3rczo\u015b\u0107 francuskich symbolist\u00f3w (Mallarm\u00e9, Villiers de l\u2019Isle-Adam) i pisarzy ko\u0144ca XIX wieku, krytyka muzyczna&nbsp;<\/p>\n\n\n\n<div style=\"height:20px\" aria-hidden=\"true\" class=\"wp-block-spacer\"><\/div>\n\n\n\n<h6 class=\"wp-block-heading\">wybrane <strong>Publikacje<\/strong><\/h6>\n\n\n\n<ul class=\"wp-block-list\">\n<li><em>La Musique dans la pens\u00e9e et dans l\u2019\u0153uvre de Stendhal et de Nerval<\/em>, Paris, Honor\u00e9 Champion, 2015, 336 p.&nbsp;<\/li>\n\n\n\n<li>\u00ab Mallarm\u00e9 et la musique dissimul\u00e9e \u00bb, <em>\u00c9cho des \u00e9tudes romanes<\/em>, vol. 2\/XIII, 2017, p. 81-92.&nbsp;&nbsp;<\/li>\n\n\n\n<li>\u201eOd Baudelaire\u2019a do Mallarm\u00e9go. W poszukiwaniu idea\u0142u muzyczno\u015bci\u201d, <em>ACTA UNIVERSITATIS LODZIENSIS. Folia Litteraria Polonica<\/em>, nr 1 (52), 2019, s. 275-289.&nbsp;<\/li>\n\n\n\n<li>\u00ab Entre jeu et \u00e9criture : la technique chopinienne de Gide \u00bb, dans : <em>\u00c9crire avec Chopin. Fr\u00e9d\u00e9ric Chopin dans la litt\u00e9rature<\/em>, P. Schnyder et A. Voegele (dir.), Paris, Honor\u00e9 Champion, 2020, p. 139-150.&nbsp;<\/li>\n\n\n\n<li>\u00ab Villiers de l\u2019Isle-Adam en qu\u00eate d\u2019un h\u00e9ritage (litt\u00e9raire) ou les subterfuges d\u2019un d\u00e9poss\u00e9d\u00e9 \u00bb, dans : <em>H\u00e9ritages et subterfuges. \u00c9tudes dix-neuvi\u00e9mistes<\/em>, M. Sukiennicka (dir.), Pozna\u0144, Wydawnictwo Naukowe UAM, 2022, p. 113-124.&nbsp;<\/li>\n<\/ul>\n\n\n\n<div style=\"height:20px\" aria-hidden=\"true\" class=\"wp-block-spacer\"><\/div>\n\n\n\n<h6 class=\"wp-block-heading\"><strong>Przebieg kariery naukowej<\/strong><\/h6>\n\n\n\n<p>Absolwentka Instytutu Romanistyki UW. W grudniu 2011 roku obroni\u0142a rozpraw\u0119 doktorsk\u0105 pod tytu\u0142em \u201eLa musique dans la pens\u00e9e et dans l\u2019\u0153uvre de Stendhal et de Nerval\u201d napisan\u0105 pod kierunkiem prof. dr hab. Zbigniewa Naliwajka&nbsp;<\/p>\n\n\n\n<div style=\"height:20px\" aria-hidden=\"true\" class=\"wp-block-spacer\"><\/div>\n\n\n\n<h6 class=\"wp-block-heading\"><strong>Dzia\u0142alno\u015b\u0107<\/strong><\/h6>\n\n\n\n<p>2014-2016 sekretarz Komisji Rekrutacyjnej IR<br>Od 2019 roku cz\u0142onek Komisji Rekrutacyjnej WN&nbsp;<\/p>\n\n\n\n<div style=\"height:20px\" aria-hidden=\"true\" class=\"wp-block-spacer\"><\/div>\n\n\n\n<h6 class=\"wp-block-heading\"><strong>Cz\u0142onkostwo w organizacjach i stowarzyszeniach<\/strong><\/h6>\n\n\n\n<p>Soci\u00e9t\u00e9 des \u00c9tudes Romantiques et Dix-neuvi\u00e9mistes&nbsp;<\/p>\n\n\n\n<div style=\"height:20px\" aria-hidden=\"true\" class=\"wp-block-spacer\"><\/div>\n\n\n\n<h6 class=\"wp-block-heading\"><strong>Hobby<\/strong><\/h6>\n\n\n\n<p>Muzyka gitarowa, sztuka, podr\u00f3\u017ce<\/p>\n<\/div>\n<\/div>\n\n\n\n<p><\/p>\n","protected":false},"excerpt":{"rendered":"<p>dr Anna Opiela-Mrozik Zak\u0142ad Literaturoznawstwa Francuskiego&nbsp; Adiunkt (grupa badawczo-dydaktyczna)&nbsp; am.opiela@uw.edu.pl. Tematyka bada\u0144 Komparatystyka interdyscyplinarna (zwi\u0105zki literatury z muzyk\u0105 i malarstwem), tw\u00f3rczo\u015b\u0107 francuskich symbolist\u00f3w (Mallarm\u00e9, Villiers de l\u2019Isle-Adam) i pisarzy ko\u0144ca XIX wieku, krytyka muzyczna&nbsp; wybrane Publikacje Przebieg kariery naukowej Absolwentka Instytutu Romanistyki UW. W grudniu 2011 roku obroni\u0142a rozpraw\u0119 doktorsk\u0105 pod tytu\u0142em \u201eLa musique dans [&hellip;]<\/p>\n","protected":false},"author":1,"featured_media":0,"parent":802,"menu_order":0,"comment_status":"closed","ping_status":"closed","template":"page-no-title","meta":{"footnotes":""},"class_list":["post-883","page","type-page","status-publish","hentry"],"_links":{"self":[{"href":"https:\/\/romanistyka.wn.uw.edu.pl\/index.php\/wp-json\/wp\/v2\/pages\/883","targetHints":{"allow":["GET"]}}],"collection":[{"href":"https:\/\/romanistyka.wn.uw.edu.pl\/index.php\/wp-json\/wp\/v2\/pages"}],"about":[{"href":"https:\/\/romanistyka.wn.uw.edu.pl\/index.php\/wp-json\/wp\/v2\/types\/page"}],"author":[{"embeddable":true,"href":"https:\/\/romanistyka.wn.uw.edu.pl\/index.php\/wp-json\/wp\/v2\/users\/1"}],"replies":[{"embeddable":true,"href":"https:\/\/romanistyka.wn.uw.edu.pl\/index.php\/wp-json\/wp\/v2\/comments?post=883"}],"version-history":[{"count":5,"href":"https:\/\/romanistyka.wn.uw.edu.pl\/index.php\/wp-json\/wp\/v2\/pages\/883\/revisions"}],"predecessor-version":[{"id":7345,"href":"https:\/\/romanistyka.wn.uw.edu.pl\/index.php\/wp-json\/wp\/v2\/pages\/883\/revisions\/7345"}],"up":[{"embeddable":true,"href":"https:\/\/romanistyka.wn.uw.edu.pl\/index.php\/wp-json\/wp\/v2\/pages\/802"}],"wp:attachment":[{"href":"https:\/\/romanistyka.wn.uw.edu.pl\/index.php\/wp-json\/wp\/v2\/media?parent=883"}],"curies":[{"name":"wp","href":"https:\/\/api.w.org\/{rel}","templated":true}]}}