{"id":880,"date":"2023-02-08T09:15:09","date_gmt":"2023-02-08T09:15:09","guid":{"rendered":"https:\/\/romanistyka.wn.uw.edu.pl\/?page_id=880"},"modified":"2023-09-19T19:39:49","modified_gmt":"2023-09-19T19:39:49","slug":"okecka-helena","status":"publish","type":"page","link":"https:\/\/romanistyka.wn.uw.edu.pl\/index.php\/pracownicy-emerytowani\/okecka-helena\/","title":{"rendered":"Ok\u0119cka Helena"},"content":{"rendered":"\n<div class=\"wp-block-columns is-layout-flex wp-container-core-columns-is-layout-28f84493 wp-block-columns-is-layout-flex\">\n<div class=\"wp-block-column is-layout-flow wp-block-column-is-layout-flow\" style=\"flex-basis:33.33%\">\n<figure class=\"wp-block-image aligncenter size-full\"><img loading=\"lazy\" decoding=\"async\" width=\"146\" height=\"150\" src=\"https:\/\/romanistyka.wn.uw.edu.pl\/wp-content\/uploads\/2023\/02\/mgr-Helena-Okecka.jpg\" alt=\"\" class=\"wp-image-881\"\/><\/figure>\n<\/div>\n\n\n\n<div class=\"wp-block-column is-layout-flow wp-block-column-is-layout-flow\" style=\"flex-basis:66.66%\">\n<h2 class=\"wp-block-heading\">mgr Helena Ok\u0119cka<\/h2>\n\n\n\n<p>Zak\u0142ad Dydaktyki J\u0119zyk\u00f3w Roma\u0144skich&nbsp;<\/p>\n\n\n\n<p>Starszy asystent (grupa dydaktyczna)&nbsp;<\/p>\n\n\n\n<p><a href=\"mailto:okecka@uw.edu.pl\">okecka@uw.edu.pl<\/a><\/p>\n\n\n\n<div style=\"height:20px\" aria-hidden=\"true\" class=\"wp-block-spacer\"><\/div>\n\n\n\n<h6 class=\"wp-block-heading\"><strong>Tematyka bada\u0144<\/strong><\/h6>\n\n\n\n<p>Nauczanie j\u0119zyka francuskiego&nbsp;<\/p>\n\n\n\n<div style=\"height:20px\" aria-hidden=\"true\" class=\"wp-block-spacer\"><\/div>\n\n\n\n<h6 class=\"wp-block-heading\"><strong>Publikacje<\/strong><\/h6>\n\n\n\n<p>Les temps pass\u00e9s de l\u2019indicatif \u2013 2011 \u2013 wsp\u00f3\u0142autor K. Zaleska&nbsp;<\/p>\n\n\n\n<div style=\"height:20px\" aria-hidden=\"true\" class=\"wp-block-spacer\"><\/div>\n\n\n\n<h6 class=\"wp-block-heading\"><strong>Przebieg kariery naukowej<\/strong><\/h6>\n\n\n\n<p>Wyk\u0142adowca od 1984<br>Starszy wyk\u0142adowca od 1989&nbsp;<\/p>\n\n\n\n<div style=\"height:20px\" aria-hidden=\"true\" class=\"wp-block-spacer\"><\/div>\n\n\n\n<h6 class=\"wp-block-heading\"><strong>Dzia\u0142alno\u015b\u0107<\/strong><\/h6>\n\n\n\n<p>Dzia\u0142alno\u015b\u0107 na rzecz o\u015bwiaty jako recenzent podr\u0119cznik\u00f3w szkolnych do nauczania j\u0119zyka francuskiego w MENiS.&nbsp;<\/p>\n\n\n\n<div style=\"height:20px\" aria-hidden=\"true\" class=\"wp-block-spacer\"><\/div>\n\n\n\n<h6 class=\"wp-block-heading\"><strong>Cz\u0142onkostwo w organizacjach i stowarzyszeniach<\/strong><\/h6>\n\n\n\n<p>1991-2000 kierownik Zakdu Dydaktyki i Metodyki J\u0119zyk\u00f3w roma\u0144skich; Obecnie koordynator d.s. lektorat\u00f3w w Instytucie Romanistyki; Autorka licznych test\u00f3w egzaminacyjnych w IR, egzamin\u00f3w certyfikacyjnych na UW i poza uczelni\u0105.<\/p>\n<\/div>\n<\/div>\n\n\n\n<p><\/p>\n","protected":false},"excerpt":{"rendered":"<p>mgr Helena Ok\u0119cka Zak\u0142ad Dydaktyki J\u0119zyk\u00f3w Roma\u0144skich&nbsp; Starszy asystent (grupa dydaktyczna)&nbsp; okecka@uw.edu.pl Tematyka bada\u0144 Nauczanie j\u0119zyka francuskiego&nbsp; Publikacje Les temps pass\u00e9s de l\u2019indicatif \u2013 2011 \u2013 wsp\u00f3\u0142autor K. Zaleska&nbsp; Przebieg kariery naukowej Wyk\u0142adowca od 1984Starszy wyk\u0142adowca od 1989&nbsp; Dzia\u0142alno\u015b\u0107 Dzia\u0142alno\u015b\u0107 na rzecz o\u015bwiaty jako recenzent podr\u0119cznik\u00f3w szkolnych do nauczania j\u0119zyka francuskiego w MENiS.&nbsp; Cz\u0142onkostwo w [&hellip;]<\/p>\n","protected":false},"author":1,"featured_media":0,"parent":937,"menu_order":0,"comment_status":"closed","ping_status":"closed","template":"","meta":{"footnotes":""},"class_list":["post-880","page","type-page","status-publish","hentry"],"_links":{"self":[{"href":"https:\/\/romanistyka.wn.uw.edu.pl\/index.php\/wp-json\/wp\/v2\/pages\/880","targetHints":{"allow":["GET"]}}],"collection":[{"href":"https:\/\/romanistyka.wn.uw.edu.pl\/index.php\/wp-json\/wp\/v2\/pages"}],"about":[{"href":"https:\/\/romanistyka.wn.uw.edu.pl\/index.php\/wp-json\/wp\/v2\/types\/page"}],"author":[{"embeddable":true,"href":"https:\/\/romanistyka.wn.uw.edu.pl\/index.php\/wp-json\/wp\/v2\/users\/1"}],"replies":[{"embeddable":true,"href":"https:\/\/romanistyka.wn.uw.edu.pl\/index.php\/wp-json\/wp\/v2\/comments?post=880"}],"version-history":[{"count":3,"href":"https:\/\/romanistyka.wn.uw.edu.pl\/index.php\/wp-json\/wp\/v2\/pages\/880\/revisions"}],"predecessor-version":[{"id":2053,"href":"https:\/\/romanistyka.wn.uw.edu.pl\/index.php\/wp-json\/wp\/v2\/pages\/880\/revisions\/2053"}],"up":[{"embeddable":true,"href":"https:\/\/romanistyka.wn.uw.edu.pl\/index.php\/wp-json\/wp\/v2\/pages\/937"}],"wp:attachment":[{"href":"https:\/\/romanistyka.wn.uw.edu.pl\/index.php\/wp-json\/wp\/v2\/media?parent=880"}],"curies":[{"name":"wp","href":"https:\/\/api.w.org\/{rel}","templated":true}]}}