{"id":877,"date":"2023-02-08T09:12:31","date_gmt":"2023-02-08T09:12:31","guid":{"rendered":"https:\/\/romanistyka.wn.uw.edu.pl\/?page_id=877"},"modified":"2026-02-11T14:33:14","modified_gmt":"2026-02-11T14:33:14","slug":"obszynski-michal","status":"publish","type":"page","link":"https:\/\/romanistyka.wn.uw.edu.pl\/index.php\/pracownicy\/obszynski-michal\/","title":{"rendered":"Micha\u0142 Obszy\u0144ski"},"content":{"rendered":"\n<div class=\"wp-block-columns is-layout-flex wp-container-core-columns-is-layout-28f84493 wp-block-columns-is-layout-flex\">\n<div class=\"wp-block-column is-layout-flow wp-block-column-is-layout-flow\" style=\"flex-basis:33.33%\">\n<figure class=\"wp-block-image aligncenter size-full\"><img loading=\"lazy\" decoding=\"async\" width=\"150\" height=\"150\" src=\"https:\/\/romanistyka.wn.uw.edu.pl\/wp-content\/uploads\/2023\/02\/dr-Michal-Obszynski.jpg\" alt=\"\" class=\"wp-image-878\"\/><\/figure>\n<\/div>\n\n\n\n<div class=\"wp-block-column is-layout-flow wp-block-column-is-layout-flow\" style=\"flex-basis:66.66%\">\n<h2 class=\"wp-block-heading\">dr Micha\u0142 Obszy\u0144ski<\/h2>\n\n\n\n<p>Pracownia Bada\u0144 nad Kultur\u0105 Kanadyjsko-Francusk\u0105 i Literatur\u0105 Quebeck\u0105&nbsp;<\/p>\n\n\n\n<p>Adiunkt (grupa badawczo-dydaktyczna)&nbsp;<\/p>\n\n\n\n<p><a href=\"mailto:m.obszynski@gmail.com\">m.obszynski2@uw.edu.pl<\/a><\/p>\n\n\n\n<div style=\"height:20px\" aria-hidden=\"true\" class=\"wp-block-spacer\"><\/div>\n\n\n\n<h6 class=\"wp-block-heading\"><strong>Tematyka bada\u0144<\/strong><\/h6>\n\n\n\n<p>Literatura i kultura kraj\u00f3w francuskoj\u0119zycznych, g\u0142\u00f3wnie Quebecu, Antyli francuskich i Haiti, przemys\u0142 wydawniczy we Francji i krajach francuskoj\u0119zycznych, a tak\u017ce koncepcje literackie w dyskursie panafryka\u0144skim oraz wsp\u00f3\u0142czesne festiwale literackie na obszarach francuskoj\u0119zycznych.&nbsp;<\/p>\n\n\n\n<div style=\"height:20px\" aria-hidden=\"true\" class=\"wp-block-spacer\"><\/div>\n\n\n\n<h6 class=\"wp-block-heading\">WYBRANE PUBLIKACJE<\/h6>\n\n\n\n<ul class=\"wp-block-list\">\n<li>\u00a0\u00ab Entre l\u2019engagement socio-politique et l\u2019affirmation de la libert\u00e9 artistique : la litt\u00e9rature dans le discours des congr\u00e8s et festivals d\u2019art noir \u00bb, w : Alexendre Gefen, Oana Pana\u00eft\u00e9, Cornelia Ruhe, <em>L\u2019\u00c9crivain national par temps de mondialisation\/The National Writer in a Global Context<\/em>, Lejda-Boston, Brill, 2025, str. 51-72.<\/li>\n\n\n\n<li>Obszy\u0144ski Micha\u0142, Ma\u0142gorzata Soko\u0142owicz (red.), <em>Le Canada et l\u2019imaginaire du Nord. Enjeux g\u00e9opolitiques, identitaires et esth\u00e9tiques\/Canada and the Imagined North: Geopolitical, Identity and Aesthetic Issues<\/em>, Wiesbaden, Harrassovitz Verlag, 2024, ISBN : 978-3-447-12250-4, 154 str., <a href=\"https:\/\/doi.org\/10.13173\/9783447122504.085\">https:\/\/doi.org\/10.13173\/9783447122504.085<\/a><\/li>\n\n\n\n<li>\u00ab D\u00e9finir l\u2019Afrique par la litt\u00e9rature \u2013 le litt\u00e9raire comme vecteur de l\u2019africanit\u00e9 dans le discours des Congr\u00e8s des \u00e9crivains et artistes noirs (Paris, 1956 et Rome, 1959) \u00bb, <em>Studia Romanica Posnaniensia<\/em>, 50\/2023, str. 83-95,<a href=\"https:\/\/doi.org\/10.14746\/strop.2023.50.1.6\">https:\/\/doi.org\/10.14746\/strop.2023.50.1.6<\/a>\u00b7 \u00a0 \u00a0 \u00a0 \u00a0<\/li>\n\n\n\n<li>\u00ab Entre la festivalisation et l\u2019aspiration normative : le festival \u00c9tonnants Voyageurs et les enjeux de la vie litt\u00e9raire francophone contemporaine \u00bb, <em>French Studies in Southern Africa<\/em>, 52\/2022, str. 17-32,<a href=\"https:\/\/depot.ceon.pl\/bitstream\/handle\/123456789\/22410\/FSSA-52_2_Obszynski.pdf?sequence=1\"> https:\/\/depot.ceon.pl\/bitstream\/handle\/123456789\/22410\/FSSA-52_2_Obszynski.pdf?sequence=1<\/a><\/li>\n\n\n\n<li>\u00ab <a href=\"https:\/\/doi.org\/10.14201\/candb.v10i87-113\">From Paris and Rome to Quebec &#8211; reading Fanon in radical Montreal intellectual circles of the 1960s<\/a> \u00bb, Canada&amp;Beyond, 10, 2021, numer tematyczny \u00ab Recognition and Recovery of Caribbean Canadian Cultural Production \u00bb, str. 87-113.&nbsp;<\/li>\n\n\n\n<li>\u00ab Entre le discours programmatique et le manifeste en action : le Premier festival mondial des arts n\u00e8gres (Dakar, 1966) et le Premier festival panafricain (Alger, 1969) \u00bb, <em>French Studies in Southern Africa<\/em>, 51.1, 2021, numer specjalny \u00ab Les manifestes litt\u00e9raires et artistiques d&#8217;Afrique francophone. Formes et enjeux \u00bb, str. 131-148.&nbsp;<\/li>\n\n\n\n<li>Obszy\u0144ski, Micha\u0142. Sawicka, Sylwia (Red.). <em><a href=\"https:\/\/www.wuw.pl\/product-pol-13413-Dechiffrer-lAmerique-Melanges-offerts-a-Jozef-Kwaterko-EBOOK.html\">D\u00e9chiffrer l\u2019Am\u00e9rique : m\u00e9langes offerts \u00e0 J\u00f3zef Kwaterko<\/a><\/em>. Warszawa, Wydawnictwa Uniwersytetu Warszawskiego. 2020. ISBN 978-83-235-4786-0, 248.<\/li>\n\n\n\n<li>\u201e<a href=\"https:\/\/www.academia.edu\/37932270\/De_l_engagement_politique_%C3%A0_la_pens%C3%A9e_transculturelle_les_strat%C3%A9gies_des_%C3%A9diteurs_ha%C3%AFtiens_au_Qu%C3%A9bec_face_%C3%A0_l_exp%C3%A9rience_de_l_exil\">De l\u2019engagement politique \u00e0 la pens\u00e9e transculturelle : les strat\u00e9gies des \u00e9diteurs ha\u00eftiens au Qu\u00e9bec face \u00e0 l\u2019exp\u00e9rience de l\u2019exil<\/a>\u201d, <em>Interfrancophonies<\/em>, 9\/2018, str. 110 \u2013 121, DOI 10.17457\/IF9_2018_OBS.<\/li>\n\n\n\n<li><em><a href=\"http:\/\/booksandjournals.brillonline.com\/content\/books\/9789004309869\">Manifestes et programmes litt\u00e9raires aux Cara\u00efbes francophones. En\/jeux id\u00e9ologiques et po\u00e9tiques<\/a><\/em>, Lejda, Brill, 2016, ISBN13: 9789004309128, 271 str. Online: <\/li>\n\n\n\n<li>Wi\u0119cej: <a rel=\"noreferrer noopener\" href=\"https:\/\/uw.academia.edu\/MichalObszynski\" target=\"_blank\">https:\/\/uw.academia.edu\/MichalObszynski<\/a>, <a rel=\"noreferrer noopener\" href=\"https:\/\/www.researchgate.net\/profile\/Michal-Obszynski\" target=\"_blank\">https:\/\/www.researchgate.net\/profile\/Michal-Obszynski<\/a>&nbsp;<\/li>\n<\/ul>\n\n\n\n<div style=\"height:20px\" aria-hidden=\"true\" class=\"wp-block-spacer\"><\/div>\n\n\n\n<h6 class=\"wp-block-heading\"><strong>Przebieg kariery naukowej<\/strong><\/h6>\n\n\n\n<p>2014 &#8211; Dyplom doktora nauk humanistycznych w zakresie literaturoznawstwa uzyskany na Wydziale Neofilologii Uniwersytetu Warszawskiego. Rozprawa doktorska \u201eId\u00e9ologie et po\u00e9tique. Manifestes et programmes litt\u00e9raires aux Cara\u00efbes francophones (XX e si\u00e8cle)\u201d przygotowana pod kierunkiem prof. dr hab. J\u00f3zefa Kwaterko.<br>2005 &#8211; Dyplom Master 2 Uniwersytetu Paris 13. Praca \u201eDu particularisme national \u00e0 l\u2019identit\u00e9 globale \u2013 la qu\u00eate identitaire au Qu\u00e9bec et dans la Cara\u00efbe\u201d napisana pod kierunkiem Xavier Garnier.<br>2004 &#8211; Dyplom magistra (z wyr\u00f3\u017cnieniem) w Instytucie Romanistyki Uniwersytetu Warszawskiego. Praca \u201eLe statut du vaudou dans le roman ha\u00eftien apr\u00e8s 1945\u201d napisana pod kierunkiem prof. dr hab. J\u00f3zefa Kwaterko.&nbsp;<\/p>\n\n\n\n<div style=\"height:20px\" aria-hidden=\"true\" class=\"wp-block-spacer\"><\/div>\n\n\n\n<h6 class=\"wp-block-heading\"><strong>Dzia\u0142alno\u015b\u0107<\/strong><\/h6>\n\n\n\n<p>Od 2024 &#8211; Dyrektor Instytutu Romanistyki<\/p>\n\n\n\n<p>2021-2024 &#8211; Kierownik Pracowni Bada\u0144 nad Kultur\u0105 Kanadyjsko-Francusk\u0105 i Literatur\u0105 Quebeck\u0105.<\/p>\n\n\n\n<p>Od 2021 &#8211; Kierownik projektu badawczego pt.: \u201eMi\u0119dzy estetyk\u0105 buntu a afirmacj\u0105 swobody artystycznej: rola i funkcje literatury w intelektualnym dyskursie kongres\u00f3w i festiwali sztuki Czarnych\u201d w ramach grantu Narodowego Centrum Nauki. Nr ewidencyjny 2020\/39\/D\/HS2\/00638,&nbsp;<a href=\"https:\/\/projekty.ncn.gov.pl\/index.php?projekt_id=500671\">https:\/\/projekty.ncn.gov.pl\/index.php?projekt_id=500671<\/a>.<\/p>\n\n\n\n<p>2021 \u2013 2022 &#8211; Wsp\u00f3\u0142koordynator (wsp\u00f3lnie z drem Dariuszem Krawczykiem i prof. ucz. drem hab. Maciejem Smukiem) projektu badawczego pt. \u201eEuropean perspective on Literature, Culture, Language and Certification (EPoLCLC)\u201d, realizowanego w ramach sojuszu 4EU+, pomi\u0119dzy nast\u0119puj\u0105cymi uniwersytetami: Universit\u00e0 degli Studi di Milano, Paris-Sorbonne Universit\u00e9, Uniwersytet Karola w Pradze, Uniwersytet Warszawski (leading university) <a href=\"https:\/\/4euplus.eu\/4EU-249.html\">https:\/\/4euplus.eu\/4EU-249.html<\/a><\/p>\n\n\n\n<p>Od 2015 do 2018 &#8211; Kierownik projektu badawczego pt.: \u201cStatus literatury frankofo\u0144skiej we wsp\u00f3\u0142czesnych strategiach wydawniczych oraz dyskursie metaliterackim we Francji i w pozaeuropejskich krajach francuskoj\u0119zycznych\u201d w ramach grantu Narodowego Centrum Nauki.&nbsp;<a href=\"https:\/\/projekty.ncn.gov.pl\/index.php?projekt_id=284732\">https:\/\/projekty.ncn.gov.pl\/index.php?projekt_id=284732<\/a><\/p>\n\n\n\n<div style=\"height:20px\" aria-hidden=\"true\" class=\"wp-block-spacer\"><\/div>\n\n\n\n<h6 class=\"wp-block-heading\"><strong>Cz\u0142onkostwo w organizacjach i stowarzyszeniach<\/strong><\/h6>\n\n\n\n<p>Cz\u0142onek Polskiego Towarzystwo Bada\u0144 Kanadyjskich PTBK<br>Cz\u0142onek AIEQ (Association internationale d\u2019\u00e9tudes qu\u00e9b\u00e9coises)&nbsp;<\/p>\n\n\n\n<div style=\"height:20px\" aria-hidden=\"true\" class=\"wp-block-spacer\"><\/div>\n\n\n\n<h6 class=\"wp-block-heading\"><strong>Inne<\/strong><\/h6>\n\n\n\n<p>Sekretarz redakcji czasopisma naukowego&nbsp;Acta philologica<\/p>\n\n\n\n<div style=\"height:20px\" aria-hidden=\"true\" class=\"wp-block-spacer\"><\/div>\n\n\n\n<h6 class=\"wp-block-heading\"><strong>Hobby<\/strong><\/h6>\n\n\n\n<p>fotografia, film, muzyka, sport.<\/p>\n<\/div>\n<\/div>\n\n\n\n<p><\/p>\n","protected":false},"excerpt":{"rendered":"<p>dr Micha\u0142 Obszy\u0144ski Pracownia Bada\u0144 nad Kultur\u0105 Kanadyjsko-Francusk\u0105 i Literatur\u0105 Quebeck\u0105&nbsp; Adiunkt (grupa badawczo-dydaktyczna)&nbsp; m.obszynski2@uw.edu.pl Tematyka bada\u0144 Literatura i kultura kraj\u00f3w francuskoj\u0119zycznych, g\u0142\u00f3wnie Quebecu, Antyli francuskich i Haiti, przemys\u0142 wydawniczy we Francji i krajach francuskoj\u0119zycznych, a tak\u017ce koncepcje literackie w dyskursie panafryka\u0144skim oraz wsp\u00f3\u0142czesne festiwale literackie na obszarach francuskoj\u0119zycznych.&nbsp; WYBRANE PUBLIKACJE Przebieg kariery naukowej 2014 [&hellip;]<\/p>\n","protected":false},"author":1,"featured_media":0,"parent":802,"menu_order":0,"comment_status":"closed","ping_status":"closed","template":"","meta":{"footnotes":""},"class_list":["post-877","page","type-page","status-publish","hentry"],"_links":{"self":[{"href":"https:\/\/romanistyka.wn.uw.edu.pl\/index.php\/wp-json\/wp\/v2\/pages\/877","targetHints":{"allow":["GET"]}}],"collection":[{"href":"https:\/\/romanistyka.wn.uw.edu.pl\/index.php\/wp-json\/wp\/v2\/pages"}],"about":[{"href":"https:\/\/romanistyka.wn.uw.edu.pl\/index.php\/wp-json\/wp\/v2\/types\/page"}],"author":[{"embeddable":true,"href":"https:\/\/romanistyka.wn.uw.edu.pl\/index.php\/wp-json\/wp\/v2\/users\/1"}],"replies":[{"embeddable":true,"href":"https:\/\/romanistyka.wn.uw.edu.pl\/index.php\/wp-json\/wp\/v2\/comments?post=877"}],"version-history":[{"count":8,"href":"https:\/\/romanistyka.wn.uw.edu.pl\/index.php\/wp-json\/wp\/v2\/pages\/877\/revisions"}],"predecessor-version":[{"id":7312,"href":"https:\/\/romanistyka.wn.uw.edu.pl\/index.php\/wp-json\/wp\/v2\/pages\/877\/revisions\/7312"}],"up":[{"embeddable":true,"href":"https:\/\/romanistyka.wn.uw.edu.pl\/index.php\/wp-json\/wp\/v2\/pages\/802"}],"wp:attachment":[{"href":"https:\/\/romanistyka.wn.uw.edu.pl\/index.php\/wp-json\/wp\/v2\/media?parent=877"}],"curies":[{"name":"wp","href":"https:\/\/api.w.org\/{rel}","templated":true}]}}