{"id":861,"date":"2023-02-08T08:59:22","date_gmt":"2023-02-08T08:59:22","guid":{"rendered":"https:\/\/romanistyka.wn.uw.edu.pl\/?page_id=861"},"modified":"2026-02-11T21:05:15","modified_gmt":"2026-02-11T21:05:15","slug":"kurska-jolanta","status":"publish","type":"page","link":"https:\/\/romanistyka.wn.uw.edu.pl\/index.php\/pracownicy\/kurska-jolanta\/","title":{"rendered":"Jolanta Kawa"},"content":{"rendered":"\n<div class=\"wp-block-columns is-layout-flex wp-container-core-columns-is-layout-28f84493 wp-block-columns-is-layout-flex\">\n<div class=\"wp-block-column is-layout-flow wp-block-column-is-layout-flow\" style=\"flex-basis:33.33%\">\n<figure class=\"wp-block-image aligncenter size-full\"><img loading=\"lazy\" decoding=\"async\" width=\"150\" height=\"150\" src=\"https:\/\/romanistyka.wn.uw.edu.pl\/wp-content\/uploads\/2023\/02\/dr-Jolanta-Kurska.jpg\" alt=\"\" class=\"wp-image-862\"\/><\/figure>\n<\/div>\n\n\n\n<div class=\"wp-block-column is-layout-flow wp-block-column-is-layout-flow\" style=\"flex-basis:66.66%\">\n<h2 class=\"wp-block-heading\">dr Jolanta Kawa<\/h2>\n\n\n\n<p>Zak\u0142ad Dydaktyki J\u0119zyk\u00f3w Roma\u0144skich&nbsp;<\/p>\n\n\n\n<p>Lektor&nbsp;<\/p>\n\n\n\n<p><a href=\"mailto:j.kurska@uw.edu.pl\">j.kurska@uw.edu.pl<\/a><\/p>\n\n\n\n<div style=\"height:20px\" aria-hidden=\"true\" class=\"wp-block-spacer\"><\/div>\n\n\n\n<h6 class=\"wp-block-heading\"><strong>Tematyka <\/strong>bada\u0144<\/h6>\n\n\n\n<p>Francuski nacjonalizm prze\u0142omu XIX\/XX wieku. Od sprawy Dreyfusa do Vichy.&nbsp;<\/p>\n\n\n\n<div style=\"height:20px\" aria-hidden=\"true\" class=\"wp-block-spacer\"><\/div>\n\n\n\n<h6 class=\"wp-block-heading\">wybrane <strong>Publikacje<\/strong><\/h6>\n\n\n\n<p><strong>Ksi\u0105\u017cki:<\/strong><br><br>a)&nbsp;<em>M\u00e9moires crois\u00e9es : Kouchner\/Michnik&nbsp;<\/em>, Editions Allary, Paris, 2014<br>b)&nbsp;<em>Rozmowy w Awinionie&nbsp;<\/em>, Agora, 2014.<br>c) En pr\u00e9paration un livre sur l\u2019affaire Dreyfus. Sortie pr\u00e9vue 2022<br><br><strong>Rozdzia\u0142y:<\/strong><br><br>a) \u2033Europe : attentes et r\u00e9alisations\u2033, in&nbsp;<em>La vie de l&#8217;esprit en Europe centrale et orientale depuis 1945<\/em>, Cerf, Paris, 2021.<br>b) \u2033La passion de Geremek pour l\u2019Europe\u2033, in&nbsp;<em>L\u2019Autre francophonie<\/em>, sous la direction de Joanna Nowicki et Catherine Mayaux, \u00e9ditions Honor\u00e9 Champion, 2012.<br>c) \u2033Les dissidents convertis\u2033 in&nbsp;<em>La litt\u00e9rature et ses marges<\/em>, sous la direction de Joanna Nowicki, Paris, 2009.<br>d) Postface de l\u2019essai de Pierre Rosanvallon en version polonaise,&nbsp;<em>Le Parlement des invisibles<\/em>, Editions de l\u2019Universit\u00e9 Marie Curie de Lublin, 2016.<br>d) Pr\u00e9face du livre de Violaine Gelly&nbsp;<em>La vie d\u00e9rob\u00e9e de Sabina Spielrein<\/em>, \u00e9dition polonaise Wydawnictwo akademickie Dialog, 2021<br>e)&nbsp;<em>Le politique \u00e0 l\u2019\u00e9preuve de l&#8217;autoritarisme<\/em>, ouvrage collectif sous la direction de Gerard Rabinovitch, ed. Hermann, sortie en 2022.<br><br><strong>Artyku\u0142y wybrane:<\/strong><br><br>1)&#8221;\u015acigajcie \u017byd\u00f3w. Ku chwale Francji (Ko\u015bci\u00f3\u0142 w czasach Vichy),&nbsp;<em>Gazeta Wyborcza<\/em>, 9 pa\u017adziernika 2021.<br>2)Niech si\u0119 \u017bydzi inaczej ubieraj\u0105. (Ko\u015bci\u00f3\u0142 i antysemityzm w czasach afery Dreyfusa),&nbsp;<em>Gazeta Wyborcza<\/em>, 1 pa\u017adzierniak 2021.<br>3) \u2033Pi\u0119kny umys\u0142\u201d, portret Sabiny Spielrein,&nbsp;<em>Wysokie Obcasy<\/em>, GW, 13 kwietnia 2021.<br>3) \u2033Kuchnia zag\u0142ady. Wok\u00f3\u0142 sprawy Dreyfusa\u2033,&nbsp;<em>Gazeta Wyborcza<\/em>, 30 stycznia 2021.<br>4) \u2033La Pologne : une \u00ab contre-r\u00e9volution culturelle \u00bb ?, r<em>evue Commentaire<\/em>, Paris, \u00c9t\u00e9 2019, volume 42\/Num\u00e9ro 166.<br>5) \u2033Communiquer contre la peur \u2033,&nbsp;<em>revue du CNRS Herm\u00e8s<\/em>, Editions CRNS, avril 2017.<br>6) \u2033Quo vadis, Polonia?\u201d,&nbsp;<em>revue du Coll\u00e8ge de France La vie des id\u00e9es<\/em>, juin 2016.<br>7) \u2033Dessinez-nous l\u2019Europe\u201d, Paris,&nbsp;<em>Cahiers Lazard<\/em>, 12 mai 2014.<br>8) \u2033Aussi propre que le peuple. Sur le populisme\u201d,&nbsp;<em>Gazeta Wyborcza<\/em>, 22-23 mars 2014.<br>9) \u2033Les r\u00e9alistes romantiques\u201d,&nbsp;<em>Gazeta Wyborcza<\/em>, 7 juillet 2008.<\/p>\n\n\n\n<div style=\"height:20px\" aria-hidden=\"true\" class=\"wp-block-spacer\"><\/div>\n\n\n\n<h6 class=\"wp-block-heading\"><strong>Przebieg kariery naukowej<\/strong><\/h6>\n\n\n\n<p>Doktor nauk spo\u0142ecznych w zakresie nauki o polityce, Uniwersytet Warszawski, Wydzia\u0142 Dziennikarstwa i Nauk Politycznych<br><br>doktor nauk o Komunikacji i Informacji, Uniwersytet Cergy Pontoise<\/p>\n<\/div>\n<\/div>\n\n\n\n<p><\/p>\n","protected":false},"excerpt":{"rendered":"<p>dr Jolanta Kawa Zak\u0142ad Dydaktyki J\u0119zyk\u00f3w Roma\u0144skich&nbsp; Lektor&nbsp; j.kurska@uw.edu.pl Tematyka bada\u0144 Francuski nacjonalizm prze\u0142omu XIX\/XX wieku. Od sprawy Dreyfusa do Vichy.&nbsp; wybrane Publikacje Ksi\u0105\u017cki: a)&nbsp;M\u00e9moires crois\u00e9es : Kouchner\/Michnik&nbsp;, Editions Allary, Paris, 2014b)&nbsp;Rozmowy w Awinionie&nbsp;, Agora, 2014.c) En pr\u00e9paration un livre sur l\u2019affaire Dreyfus. Sortie pr\u00e9vue 2022 Rozdzia\u0142y: a) \u2033Europe : attentes et r\u00e9alisations\u2033, in&nbsp;La vie [&hellip;]<\/p>\n","protected":false},"author":1,"featured_media":0,"parent":802,"menu_order":0,"comment_status":"closed","ping_status":"closed","template":"","meta":{"footnotes":""},"class_list":["post-861","page","type-page","status-publish","hentry"],"_links":{"self":[{"href":"https:\/\/romanistyka.wn.uw.edu.pl\/index.php\/wp-json\/wp\/v2\/pages\/861","targetHints":{"allow":["GET"]}}],"collection":[{"href":"https:\/\/romanistyka.wn.uw.edu.pl\/index.php\/wp-json\/wp\/v2\/pages"}],"about":[{"href":"https:\/\/romanistyka.wn.uw.edu.pl\/index.php\/wp-json\/wp\/v2\/types\/page"}],"author":[{"embeddable":true,"href":"https:\/\/romanistyka.wn.uw.edu.pl\/index.php\/wp-json\/wp\/v2\/users\/1"}],"replies":[{"embeddable":true,"href":"https:\/\/romanistyka.wn.uw.edu.pl\/index.php\/wp-json\/wp\/v2\/comments?post=861"}],"version-history":[{"count":4,"href":"https:\/\/romanistyka.wn.uw.edu.pl\/index.php\/wp-json\/wp\/v2\/pages\/861\/revisions"}],"predecessor-version":[{"id":7332,"href":"https:\/\/romanistyka.wn.uw.edu.pl\/index.php\/wp-json\/wp\/v2\/pages\/861\/revisions\/7332"}],"up":[{"embeddable":true,"href":"https:\/\/romanistyka.wn.uw.edu.pl\/index.php\/wp-json\/wp\/v2\/pages\/802"}],"wp:attachment":[{"href":"https:\/\/romanistyka.wn.uw.edu.pl\/index.php\/wp-json\/wp\/v2\/media?parent=861"}],"curies":[{"name":"wp","href":"https:\/\/api.w.org\/{rel}","templated":true}]}}