{"id":858,"date":"2023-02-08T08:57:45","date_gmt":"2023-02-08T08:57:45","guid":{"rendered":"https:\/\/romanistyka.wn.uw.edu.pl\/?page_id=858"},"modified":"2026-02-11T21:14:38","modified_gmt":"2026-02-11T21:14:38","slug":"kulesza-monika","status":"publish","type":"page","link":"https:\/\/romanistyka.wn.uw.edu.pl\/index.php\/pracownicy\/kulesza-monika\/","title":{"rendered":"Monika Kulesza"},"content":{"rendered":"\n<div class=\"wp-block-columns is-layout-flex wp-container-core-columns-is-layout-28f84493 wp-block-columns-is-layout-flex\">\n<div class=\"wp-block-column is-layout-flow wp-block-column-is-layout-flow\" style=\"flex-basis:33.33%\">\n<figure class=\"wp-block-image aligncenter size-full\"><img loading=\"lazy\" decoding=\"async\" width=\"150\" height=\"150\" src=\"https:\/\/romanistyka.wn.uw.edu.pl\/wp-content\/uploads\/2023\/02\/dr-hab.-prof.-UW-Monika-Kulesza.jpg\" alt=\"\" class=\"wp-image-859\"\/><\/figure>\n<\/div>\n\n\n\n<div class=\"wp-block-column is-layout-flow wp-block-column-is-layout-flow\" style=\"flex-basis:66.66%\">\n<h2 class=\"wp-block-heading\">dr hab. prof. UW Monika Kulesza<\/h2>\n\n\n\n<p>Zak\u0142ad Literaturoznawstwa Francuskiego&nbsp;<\/p>\n\n\n\n<p>profesor uczelni (grupa badawczo-dydaktyczna)&nbsp;<\/p>\n\n\n\n<p><\/p>\n\n\n\n<p><a href=\"mailto:mmKulesz@uw.edu.pl\">mmKulesz@uw.edu.pl<\/a><\/p>\n\n\n\n<div style=\"height:20px\" aria-hidden=\"true\" class=\"wp-block-spacer\"><\/div>\n\n\n\n<h6 class=\"wp-block-heading\"><strong>Tematyka bada\u0144<\/strong><\/h6>\n\n\n\n<p>Literatura francuska XVII i XVIII w. Powie\u015b\u0107, powie\u015b\u0107 epistolarna, pami\u0119tnikarstwo, teatr ze szczeg\u00f3lnym uwzgl\u0119dnieniem tw\u00f3rczo\u015bci kobiet prze\u0142omu XVII\/XVIIIw&nbsp;<\/p>\n\n\n\n<div style=\"height:20px\" aria-hidden=\"true\" class=\"wp-block-spacer\"><\/div>\n\n\n\n<h6 class=\"wp-block-heading\">Wybrane <strong>Publikacje<\/strong><\/h6>\n\n\n\n<ul class=\"wp-block-list\">\n<li>\u201eCzego si\u0119 ba\u0107 w ba\u015bniach bez duch\u00f3w i potwor\u00f3w? Rozwa\u017cania o literackiej ba\u015bni francuskiej ko\u0144ca XVII-tego wieku\u201d [w] Acta Universitatis Lodziensis, <em>Folia Litteraria Romanica<\/em>, 17\/2, 2022, s. 149-158<\/li>\n\n\n\n<li>\u00ab D\u2019<em>Iris<\/em> \u00e0 <em>Calliope invincible<\/em>: r\u00e9flexion sur Catherine Bernard po\u00e9tesse et \u00e9pistoli\u00e8re \u00bb [w] <em>Revue Fontenelle<\/em>,<em> Invisibilit\u00e9 ou notori\u00e9t\u00e9? De l&#8217;in\u00e9galit\u00e9 des sexes<\/em>, red. Claudine Poulouin, n<sup>o<\/sup> 14\/2022, Presses universitaires de Rouen et du Havre, 2023, s. 57-70<\/li>\n\n\n\n<li>\u00ab&nbsp;Le Journal pour Mlle de Menou : exemple de l\u2019art de vivre en r\u00e9clusion&nbsp;\u00bb [w] <em>L\u2019art de vivre, de survivre, de revivre. Approches litt\u00e9raires. 50e anniversaire des \u00e9tudes romanes \u00e0 l\u2019Universit\u00e9 de \u0141\u00f3d\u017a<\/em>, red. M. Ko\u017aluk, A. Staro\u0144, Wydawnictwo Uniwersytetu \u0141\u00f3dzkiego, \u0141\u00f3d\u017a, 2022, s. 105-116&nbsp;<\/li>\n\n\n\n<li>\u00ab&nbsp;Rire en soci\u00e9t\u00e9&nbsp;: le t\u00e9moignage de la correspondance de Jean Chapelain et Guez de Balzac&nbsp;\u00bb, [w] <em>Le Rire des \u00e9pistoliers XVI-XVIII e si\u00e8cle<\/em>, red. M. Charrier-Vozel, Presses Universitaires de Rennes, 2021, s. 81-91&nbsp;<\/li>\n\n\n\n<li>\u201ePani de Murat \u2013 przyjaci\u00f3\u0142ka kobiet&nbsp;\u00bb [w] <em>Mi\u0142o\u015b\u0107, przyja\u017a\u0144, po\u017c\u0105danie w dawnych literaturach roma\u0144skich<\/em>, red. J. Pietrzak-Th\u00e9bault, B. Spieralska-Kasprzyk, Warszawa, Wydawnictwo Naukowe Uniwersytetu Kardyna\u0142a Stefana Wyszy\u0144skiego, 2021, s. 233-248&nbsp;&nbsp;<\/li>\n\n\n\n<li><em>Le romanesque dans les <\/em>Lettres <em>de Madame de S\u00e9vign\u00e9<\/em>, Peter Lang Edition, Frankfurt nad Menem, seria \u00c9tudes de linguistique, litt\u00e9rature et art, vol. 4, 2014, s. 174&nbsp;<\/li>\n\n\n\n<li><em>L\u2019amour de la morale, la morale de l\u2019amour. Les romans de Catherine Bernard<\/em>, Wydzia\u0142 Neofilologii UW, Warszawa 2010, s. 256<em> <\/em>&nbsp;<\/li>\n<\/ul>\n\n\n\n<div style=\"height:20px\" aria-hidden=\"true\" class=\"wp-block-spacer\"><\/div>\n\n\n\n<h6 class=\"wp-block-heading\"><strong>Przebieg kariery naukowej<\/strong><\/h6>\n\n\n\n<p>ma\u00eetrise \u2013dyplom uzyskany na Sorbonie (Paris IV), na kierunku lettres modernes 2000- stopie\u0144 doktora nauk humanistycznych w zakresie literaturoznawstwa francuskiego na Uniwersytecie Warszawskim<br>2011 \u2013 stopie\u0144 doktora habilitowanego nauk humanistycznych w zakresie literaturoznawstwa francuskiego na Uniwersytecie Warszawskim&nbsp;<\/p>\n\n\n\n<div style=\"height:20px\" aria-hidden=\"true\" class=\"wp-block-spacer\"><\/div>\n\n\n\n<h6 class=\"wp-block-heading\"><strong>Dzia\u0142alno\u015b\u0107<\/strong><\/h6>\n\n\n\n<p>Aktywno\u015b\u0107 UW i obowi\u0105zki poza dydaktyczne od habilitacji:<br>-do IX 2012 cz\u0142onek komisji ds. egzamin\u00f3w doktorskich z j. francuskiego<br>-przewodnicz\u0105ca komisji egzaminacyjnej certyfikacyjnej j. francuskiego od 1. X 2011 do 30 IX 2013<br>-koordynator ds. wyjazd\u00f3w student\u00f3w w ramach programu LLP Erasmus w Instytucie Romanistyki od 1.X 2012 do 30 IX 2013<br>-Kierownik zak\u0142adu literaturoznawstwa francuskiego (2013-)<br>&#8211; cz\u0142onkini Rady dydaktycznej kierunku Filologia roma\u0144ska od 2021<\/p>\n\n\n\n<div style=\"height:20px\" aria-hidden=\"true\" class=\"wp-block-spacer\"><\/div>\n\n\n\n<h6 class=\"wp-block-heading\"><strong>Cz\u0142onkostwo w organizacjach i stowarzyszeniach<\/strong><\/h6>\n\n\n\n<p>ATRP &#8222;Plejada&#8221;, L&#8217;AIRE, SIEFAR, interdyscyplinarny mi\u0119dzyinstytutowy zesp\u00f3\u0142 badawczy \u201eBadania nad Kultur\u0105 Dawn\u0105\u201d (Wydzia\u0142 Neofilologii UW)&nbsp;<\/p>\n\n\n\n<div style=\"height:20px\" aria-hidden=\"true\" class=\"wp-block-spacer\"><\/div>\n\n\n\n<h6 class=\"wp-block-heading\"><strong>Hobby<\/strong><\/h6>\n\n\n\n<p>Wycieczki g\u00f3rskie, podr\u00f3\u017ce, narty<\/p>\n<\/div>\n<\/div>\n\n\n\n<p><\/p>\n","protected":false},"excerpt":{"rendered":"<p>dr hab. prof. UW Monika Kulesza Zak\u0142ad Literaturoznawstwa Francuskiego&nbsp; profesor uczelni (grupa badawczo-dydaktyczna)&nbsp; mmKulesz@uw.edu.pl Tematyka bada\u0144 Literatura francuska XVII i XVIII w. Powie\u015b\u0107, powie\u015b\u0107 epistolarna, pami\u0119tnikarstwo, teatr ze szczeg\u00f3lnym uwzgl\u0119dnieniem tw\u00f3rczo\u015bci kobiet prze\u0142omu XVII\/XVIIIw&nbsp; Wybrane Publikacje Przebieg kariery naukowej ma\u00eetrise \u2013dyplom uzyskany na Sorbonie (Paris IV), na kierunku lettres modernes 2000- stopie\u0144 doktora nauk humanistycznych [&hellip;]<\/p>\n","protected":false},"author":1,"featured_media":0,"parent":802,"menu_order":0,"comment_status":"closed","ping_status":"closed","template":"","meta":{"footnotes":""},"class_list":["post-858","page","type-page","status-publish","hentry"],"_links":{"self":[{"href":"https:\/\/romanistyka.wn.uw.edu.pl\/index.php\/wp-json\/wp\/v2\/pages\/858","targetHints":{"allow":["GET"]}}],"collection":[{"href":"https:\/\/romanistyka.wn.uw.edu.pl\/index.php\/wp-json\/wp\/v2\/pages"}],"about":[{"href":"https:\/\/romanistyka.wn.uw.edu.pl\/index.php\/wp-json\/wp\/v2\/types\/page"}],"author":[{"embeddable":true,"href":"https:\/\/romanistyka.wn.uw.edu.pl\/index.php\/wp-json\/wp\/v2\/users\/1"}],"replies":[{"embeddable":true,"href":"https:\/\/romanistyka.wn.uw.edu.pl\/index.php\/wp-json\/wp\/v2\/comments?post=858"}],"version-history":[{"count":5,"href":"https:\/\/romanistyka.wn.uw.edu.pl\/index.php\/wp-json\/wp\/v2\/pages\/858\/revisions"}],"predecessor-version":[{"id":7341,"href":"https:\/\/romanistyka.wn.uw.edu.pl\/index.php\/wp-json\/wp\/v2\/pages\/858\/revisions\/7341"}],"up":[{"embeddable":true,"href":"https:\/\/romanistyka.wn.uw.edu.pl\/index.php\/wp-json\/wp\/v2\/pages\/802"}],"wp:attachment":[{"href":"https:\/\/romanistyka.wn.uw.edu.pl\/index.php\/wp-json\/wp\/v2\/media?parent=858"}],"curies":[{"name":"wp","href":"https:\/\/api.w.org\/{rel}","templated":true}]}}