{"id":853,"date":"2023-02-07T13:15:15","date_gmt":"2023-02-07T13:15:15","guid":{"rendered":"https:\/\/romanistyka.wn.uw.edu.pl\/?page_id=853"},"modified":"2026-02-11T21:14:21","modified_gmt":"2026-02-11T21:14:21","slug":"kucharczyk-radoslaw","status":"publish","type":"page","link":"https:\/\/romanistyka.wn.uw.edu.pl\/index.php\/pracownicy\/kucharczyk-radoslaw\/","title":{"rendered":"Rados\u0142aw Kucharczyk"},"content":{"rendered":"\n<div class=\"wp-block-columns is-layout-flex wp-container-core-columns-is-layout-28f84493 wp-block-columns-is-layout-flex\">\n<div class=\"wp-block-column is-layout-flow wp-block-column-is-layout-flow\" style=\"flex-basis:33.33%\">\n<figure class=\"wp-block-image aligncenter size-full\"><img loading=\"lazy\" decoding=\"async\" width=\"150\" height=\"150\" src=\"https:\/\/romanistyka.wn.uw.edu.pl\/wp-content\/uploads\/2023\/02\/dr-hab.-prof.-UW-Radoslaw-Kucharczyk.jpg\" alt=\"\" class=\"wp-image-854\"\/><\/figure>\n<\/div>\n\n\n\n<div class=\"wp-block-column is-layout-flow wp-block-column-is-layout-flow\" style=\"flex-basis:66.66%\">\n<h2 class=\"wp-block-heading\">dr hab. prof. UW Rados\u0142aw Kucharczyk<\/h2>\n\n\n\n<p>Zak\u0142ad Dydaktyki J\u0119zyk\u00f3w Roma\u0144skich&nbsp;<\/p>\n\n\n\n<p>profesor uczelni (grupa badawczo-dydaktyczna)&nbsp;<\/p>\n\n\n\n<p><a href=\"mailto:r.kucharczyk@uw.edu.pl\">r.kucharczyk@uw.edu.pl<\/a><\/p>\n\n\n\n<div style=\"height:20px\" aria-hidden=\"true\" class=\"wp-block-spacer\"><\/div>\n\n\n\n<h6 class=\"wp-block-heading\"><strong>Tematyka bada\u0144<\/strong><\/h6>\n\n\n\n<p>Europejska polityka j\u0119zykowa;<br>Rola kompetencji r\u00f3\u017cnoj\u0119zycznej w procesie uczenia si\u0119 i nauczania j\u0119zyk\u00f3w tercjarnych;<br>Ocenianie i testowanie bieg\u0142o\u015bci j\u0119zykowej;<br>J\u0119zykowe dzia\u0142ania mediacyjne;<br>Glottodydaktyczne implikacje j\u0119zykoznawczych teorii interakcyjnych<\/p>\n\n\n\n<div style=\"height:20px\" aria-hidden=\"true\" class=\"wp-block-spacer\"><\/div>\n\n\n\n<h6 class=\"wp-block-heading\">wybrane <strong>Publikacje<\/strong><\/h6>\n\n\n\n<ul class=\"wp-block-list\">\n<li>Kucharczyk, R., 2023, \u201cLa m\u00e9diation de textes en tant que comp\u00e9tence. Le cas des \u00e9tudiants se pr\u00e9sentant \u00e0 l\u2019examen de certification en langue \u00e9trang\u00e8re \u00e0 l\u2019Univerist\u00e9 de Varosvie\u201d [w:] Neofilolog 60\/2 n\u00b0, str. 417-439.&nbsp;<\/li>\n\n\n\n<li>Kucharczyk, R., 2023, \u201eRepenser l\u2019alt\u00e9rit\u00e9 en classe de fran\u00e7ais. Vers la didactique relationnelle en classe de FLE pour le public polonophone\u201d [w:] Koch, C., R\u00fcckl. M. (red.), Au carrefour de langue et de cultures. Mehrsprachigkeit und Mehrkulturalit\u00e4t im Franz\u00f6sischunterricht, Ibidem, Stuttgart, str. 17-41.&nbsp;<\/li>\n\n\n\n<li>Kucharczyk, R.,&nbsp; \u201eJ\u0119zykowe dzia\u0142ania mediacyjne a uczenie si\u0119 i nauczanie j\u0119zyk\u00f3w specjalistycznych\u201d [w:] \u0141\u0105cka-Badura, J., Iwa\u0144ska, A., Poleszczuk, E. (red.) J\u0119zyki specjalistyczne w badaniach i praktyce 2, Wydawnictwo Uniwersytetu Ekonomicznego w Katowicach, Katowice.<\/li>\n\n\n\n<li>Kucharczyk, R., Szymankiewicz, K., 2022, \u201c(Re)construire le sens \u00e0 travers les activit\u00e9s de m\u00e9diation \u2013 point de vue des enseignants sur la m\u00e9diation en classe de langue \u00e9trang\u00e8re en Pologne\u201d&nbsp;[w:] Romanica Vratislaviensia n\u00b0 4123\/LXIX, str. 39-51.&nbsp;<\/li>\n\n\n\n<li>Kucharczyk, R., 2022, \u201e&nbsp;Strategic Development of Plurilingual Competence in the Polish Educational Context\u201d [w:] Ch\u0142opek, Z., G\u0119bal, P. E. (red.)&nbsp;<em>Bi- and Multilingualism from Various Perspectives of Applied Linguistics<\/em>, Vandenhoeck &amp; Ruprecht Verlage, G\u00f6ttingen, str. 271-292.&nbsp;&nbsp;<\/li>\n\n\n\n<li>Kucharczyk, R., 2020, \u201eLa place des langues minoritaires, r\u00e9gionales et \u00e9trang\u00e8res dans l\u2019enseignement primaire et secondaire en Pologne\u201d,&nbsp;<em>Journal of Applied Linguistics 33<\/em>, str. 90-103.&nbsp;&nbsp;&nbsp;<\/li>\n\n\n\n<li>Kucharczyk, R., 2018,&nbsp;<em>Nauczanie j\u0119zyk\u00f3w obcych a dydaktyka wieloj\u0119zyczno\u015bci (na przyk\u0142adzie francuskiego jako drugiego j\u0119zyka obcego)<\/em>, Werset, Lublin.&nbsp;&nbsp;<\/li>\n\n\n\n<li>Kucharczyk, R., 2014,&nbsp;<em>D\u00e9velopper la comp\u00e9tence pragmatique \u00e0 l\u2019oral dans l\u2019enseignement\/apprentissage des langues (exemple du FLE)<\/em>, Instytut Romanistyki UW, Warszawa.&nbsp;<\/li>\n\n\n\n<li>Wi\u0119cej: <a rel=\"noreferrer noopener\" href=\"https:\/\/scholar.google.com\/citations?hl=fr&amp;user=ImygW24AAAAJ\" target=\"_blank\">https:\/\/scholar.google.com\/citations?hl=fr&amp;user=ImygW24AAAAJ<\/a> &nbsp;<\/li>\n<\/ul>\n\n\n\n<div style=\"height:20px\" aria-hidden=\"true\" class=\"wp-block-spacer\"><\/div>\n\n\n\n<h6 class=\"wp-block-heading\"><strong>Przebieg kariery naukowej<\/strong><\/h6>\n\n\n\n<p>Stopnie i tytu\u0142y naukowe<\/p>\n\n\n\n<ul class=\"wp-block-list\">\n<li>2003&nbsp;\u2013 praca licencjacka&nbsp;Peut-on d\u00e9finir le bilinguisme ? Quelques remarques sur les d\u00e9finitions scientifiques et les repr\u00e9sentations sociales du ph\u00e9nom\u00e8ne&nbsp;napisana pod kierunkiem prof. dr hab. Krystyny Wr\u00f3blewskiej-Pawlak<\/li>\n\n\n\n<li>2005&nbsp;\u2013 uzyskanie tytu\u0142u magistra filologii roma\u0144skiej na postawie&nbsp;pracy Exploiter l\u2019humour en classe de FLE \u2013 vers une p\u00e9dagogie du rire&nbsp;napisanej pod kierunkiem prof. dr hab. Jolanty Sujeckiej-Zaj\u0105c.<\/li>\n\n\n\n<li>2010&nbsp;\u2013 uzyskanie tytu\u0142u doktora nauk humanistycznych na podstawie rozprawy&nbsp;D\u00e9velopper la comp\u00e9tence pragmatique \u00e0 l\u2019oral dans l\u2019enseignement\/apprentissage des langues (exemple du FLE)&nbsp;napisanej pod kierunkiem prof. dr hab. Jolanty Sujeckiej-Zaj\u0105c.<\/li>\n\n\n\n<li>2018&nbsp;&#8211; uzyskanie tytu\u0142u stopie\u0144 doktora habilitowanego na podstawie monografii&nbsp;Nauczanie j\u0119zyk\u00f3w obcych a dydaktyka wieloj\u0119zyczno\u015bci (na przyk\u0142adzie francuskiego jako drugiego j\u0119zyka obcego)<\/li>\n<\/ul>\n\n\n\n<p><strong>Zatrudnienie w Instytucie Romanistyki UW<\/strong><\/p>\n\n\n\n<ul class=\"wp-block-list\">\n<li>2010-2011: lektor wsp\u00f3\u0142pracuj\u0105cy z Instytutem<\/li>\n\n\n\n<li>2011-2013: wyk\u0142adowca<\/li>\n\n\n\n<li>2013-2021: adiunkt (grupa badawczo-dydaktyczna)<\/li>\n\n\n\n<li>od 2021: profesor uczelni (grupa badawczo-dydaktyczna)<\/li>\n<\/ul>\n\n\n\n<div style=\"height:20px\" aria-hidden=\"true\" class=\"wp-block-spacer\"><\/div>\n\n\n\n<h6 class=\"wp-block-heading\"><strong>Dzia\u0142alno\u015b\u0107<\/strong><\/h6>\n\n\n\n<p>Funkcje pe\u0142nione w Instytucie Romanistyki i Uniwersytecie Warszawskiem:<\/p>\n\n\n\n<ul class=\"wp-block-list\">\n<li>zast\u0119pca Dyrektora Instytutu Romanistyki ds. naukowych (2012-2016)<\/li>\n<\/ul>\n\n\n\n<ul class=\"wp-block-list\">\n<li>kierownik Zak\u0142adu Dydaktyki J\u0119zyk\u00f3w Roma\u0144skich (od 2017)<\/li>\n<\/ul>\n\n\n\n<ul class=\"wp-block-list\">\n<li>koordynator programu podw\u00f3jnych dyplom\u00f3w z Uniwersytetem w Poitiers<\/li>\n<\/ul>\n\n\n\n<ul class=\"wp-block-list\">\n<li>opiekun studenckich praktyk pedagogicznych w Instytucie Romanistyki (2011\/2012; 2016\/2017)<\/li>\n<\/ul>\n\n\n\n<ul class=\"wp-block-list\">\n<li>koordynator merytoryczny w Radzie Koordynacyjnej ds. Certyfikacji Bieg\u0142o\u015bci J\u0119zykowej UW (2017-2020)<\/li>\n\n\n\n<li>koordynator profilu metodycznego w Instytucie Romanistyki (2016 \u2013 2023)<\/li>\n<\/ul>\n\n\n\n<ul class=\"wp-block-list\">\n<li>przewodnicz\u0105cy Rady Koordynacyjnej ds. Nauczania J\u0119zyk\u00f3w Obcych i Certyfikacji Bieg\u0142o\u015bci J\u0119zykowej UW (od 2020)<\/li>\n<\/ul>\n\n\n\n<p>Nagrody i wyr\u00f3\u017cnienia:<\/p>\n\n\n\n<ul class=\"wp-block-list\">\n<li>nagroda J. M. Rektora UW za osi\u0105gni\u0119cia wp\u0142ywaj\u0105ce na rozw\u00f3j i presti\u017c Uniwersytetu Warszawskiego (2016, 2023)<\/li>\n<\/ul>\n\n\n\n<ul class=\"wp-block-list\">\n<li>Medal 200-lecia Uniwersytetu Warszawskiego w dow\u00f3d uznania zas\u0142ug na rzecz Wydzia\u0142u Neofilologii oraz ca\u0142ego Uniwersytetu (2016)<\/li>\n<\/ul>\n\n\n\n<p>Sta\u017ce naukowo-dydaktyczne:<\/p>\n\n\n\n<ul class=\"wp-block-list\">\n<li>2005 r. \u2013 sta\u017c letni dla nauczycieli j\u0119zyka francuskiego na Universit\u00e9 Rennes 2 Haute Bretagne we Francji (jednostka deleguj\u0105ca: Ambasada Francji w Polsce)<\/li>\n<\/ul>\n\n\n\n<ul class=\"wp-block-list\">\n<li>2006 r. \u2013 sta\u017c letni dla trener\u00f3w szkol\u0105cych nauczycieli j\u0119zyk\u00f3w obcych na Univerist\u00e9 de Franche-Comt\u00e9 w Besan\u00e7on we Francji (jednostka deleguj\u0105ca: Ambasada Francji w Polsce)<\/li>\n<\/ul>\n\n\n\n<ul class=\"wp-block-list\">\n<li>2007 r. \u2013 stypendium badawcze na Saarland Universit\u00e4t w Saarbr\u00fccken w Niemczech (jednostka deleguj\u0105ca: Uniwersytet Warszawski)<\/li>\n<\/ul>\n\n\n\n<ul class=\"wp-block-list\">\n<li>2014 r. \u2013 sta\u017c na Universit\u00e9 de Poitiers dla m\u0142odych doktor\u00f3w Uniwersytetu Warszawskiego finansowanego ze \u015brodk\u00f3w Unii Europejskiej w ramach Europejskiego Funduszu Spo\u0142ecznego oraz Bud\u017cetu Pa\u0144stwa (jednostka deleguj\u0105ca: Uniwersytet Warszawski)<\/li>\n<\/ul>\n\n\n\n<div style=\"height:20px\" aria-hidden=\"true\" class=\"wp-block-spacer\"><\/div>\n\n\n\n<h6 class=\"wp-block-heading\"><strong>Cz\u0142onkostwo w organizacjach i stowarzyszeniach<\/strong><\/h6>\n\n\n\n<p>\u2022 cz\u0142onek Polskiego Towarzystwa Neofilologicznego <\/p>\n\n\n\n<p>(od 2016, cz\u0142onek Zarz\u0105du G\u0142\u00f3wnego).<br>\u2022 cz\u0142onek Akademickiego Towarzystwa Romanist\u00f3w Polskich &#8222;Plejada&#8221;<br>\u2022 cz\u0142onek Rady Programowej czasopisma &#8222;J\u0119zyki Obce w Szkole&#8221;&nbsp;<\/p>\n\n\n\n<div style=\"height:20px\" aria-hidden=\"true\" class=\"wp-block-spacer\"><\/div>\n\n\n\n<h6 class=\"wp-block-heading\"><strong>Inne<\/strong><\/h6>\n\n\n\n<p>\u2022 rzeczoznawca Ministerstwa Edukacji Narodowej podr\u0119cznik\u00f3w szkolnych do nauki j\u0119zyka francuskiego<br>\u2022 egzaminator maturalny z j\u0119zyka francuskiego w OKE Warszawa&nbsp;<\/p>\n\n\n\n<p>\u2022 nauczyciel j\u0119zyka francuskiego w XV LO z Oddzia\u0142ami Dwuj\u0119zycznymi im. N. \u017bmichowskiej<\/p>\n\n\n\n<div style=\"height:20px\" aria-hidden=\"true\" class=\"wp-block-spacer\"><\/div>\n\n\n\n<h6 class=\"wp-block-heading\"><strong>Hobby<\/strong><\/h6>\n\n\n\n<p>wycieczki krajoznawcze i krymina\u0142y<\/p>\n<\/div>\n<\/div>\n\n\n\n<p><\/p>\n","protected":false},"excerpt":{"rendered":"<p>dr hab. prof. UW Rados\u0142aw Kucharczyk Zak\u0142ad Dydaktyki J\u0119zyk\u00f3w Roma\u0144skich&nbsp; profesor uczelni (grupa badawczo-dydaktyczna)&nbsp; r.kucharczyk@uw.edu.pl Tematyka bada\u0144 Europejska polityka j\u0119zykowa;Rola kompetencji r\u00f3\u017cnoj\u0119zycznej w procesie uczenia si\u0119 i nauczania j\u0119zyk\u00f3w tercjarnych;Ocenianie i testowanie bieg\u0142o\u015bci j\u0119zykowej;J\u0119zykowe dzia\u0142ania mediacyjne;Glottodydaktyczne implikacje j\u0119zykoznawczych teorii interakcyjnych wybrane Publikacje Przebieg kariery naukowej Stopnie i tytu\u0142y naukowe Zatrudnienie w Instytucie Romanistyki UW Dzia\u0142alno\u015b\u0107 [&hellip;]<\/p>\n","protected":false},"author":1,"featured_media":0,"parent":802,"menu_order":0,"comment_status":"closed","ping_status":"closed","template":"","meta":{"footnotes":""},"class_list":["post-853","page","type-page","status-publish","hentry"],"_links":{"self":[{"href":"https:\/\/romanistyka.wn.uw.edu.pl\/index.php\/wp-json\/wp\/v2\/pages\/853","targetHints":{"allow":["GET"]}}],"collection":[{"href":"https:\/\/romanistyka.wn.uw.edu.pl\/index.php\/wp-json\/wp\/v2\/pages"}],"about":[{"href":"https:\/\/romanistyka.wn.uw.edu.pl\/index.php\/wp-json\/wp\/v2\/types\/page"}],"author":[{"embeddable":true,"href":"https:\/\/romanistyka.wn.uw.edu.pl\/index.php\/wp-json\/wp\/v2\/users\/1"}],"replies":[{"embeddable":true,"href":"https:\/\/romanistyka.wn.uw.edu.pl\/index.php\/wp-json\/wp\/v2\/comments?post=853"}],"version-history":[{"count":8,"href":"https:\/\/romanistyka.wn.uw.edu.pl\/index.php\/wp-json\/wp\/v2\/pages\/853\/revisions"}],"predecessor-version":[{"id":7340,"href":"https:\/\/romanistyka.wn.uw.edu.pl\/index.php\/wp-json\/wp\/v2\/pages\/853\/revisions\/7340"}],"up":[{"embeddable":true,"href":"https:\/\/romanistyka.wn.uw.edu.pl\/index.php\/wp-json\/wp\/v2\/pages\/802"}],"wp:attachment":[{"href":"https:\/\/romanistyka.wn.uw.edu.pl\/index.php\/wp-json\/wp\/v2\/media?parent=853"}],"curies":[{"name":"wp","href":"https:\/\/api.w.org\/{rel}","templated":true}]}}