{"id":851,"date":"2023-02-07T13:09:26","date_gmt":"2023-02-07T13:09:26","guid":{"rendered":"https:\/\/romanistyka.wn.uw.edu.pl\/?page_id=851"},"modified":"2026-02-11T21:08:40","modified_gmt":"2026-02-11T21:08:40","slug":"kroker-wieslaw","status":"publish","type":"page","link":"https:\/\/romanistyka.wn.uw.edu.pl\/index.php\/pracownicy\/kroker-wieslaw\/","title":{"rendered":"Wies\u0142aw Kroker"},"content":{"rendered":"\n<div class=\"wp-block-columns is-layout-flex wp-container-core-columns-is-layout-28f84493 wp-block-columns-is-layout-flex\">\n<div class=\"wp-block-column is-layout-flow wp-block-column-is-layout-flow\" style=\"flex-basis:33.33%\"><\/div>\n\n\n\n<div class=\"wp-block-column is-layout-flow wp-block-column-is-layout-flow\" style=\"flex-basis:66.66%\">\n<h2 class=\"wp-block-heading\">dr Wies\u0142aw Kroker<\/h2>\n\n\n\n<p>Zak\u0142ad Literaturoznawstwa Francuskiego&nbsp;<\/p>\n\n\n\n<p>Adiunkt (grupa dydaktyczna)&nbsp;<\/p>\n\n\n\n<p><a href=\"mailto:w.kroker@uw.edu.pl\">w.kroker@uw.edu.pl<\/a><\/p>\n\n\n\n<div style=\"height:20px\" aria-hidden=\"true\" class=\"wp-block-spacer\"><\/div>\n\n\n\n<h6 class=\"wp-block-heading\"><strong>Tematyka bada\u0144<\/strong><\/h6>\n\n\n\n<p>Literatura francuska i belgijska XX i XXI w.<\/p>\n\n\n\n<div style=\"height:20px\" aria-hidden=\"true\" class=\"wp-block-spacer\"><\/div>\n\n\n\n<h6 class=\"wp-block-heading\">wybrane <strong>Publikacje<\/strong><\/h6>\n\n\n\n<ul class=\"wp-block-list\">\n<li><em>La pens\u00e9e critique de Georges Poulet<\/em>, Warszawa, Instytut Romanistyki UW, 2004<\/li>\n\n\n\n<li>W. Kroker (dir.),&nbsp;<em>Apollinaire \u00e0 travers l\u2019Europe<\/em>, Warszawa, Wydawnictwa Uniwersytetu Warszawskiego, 2015<\/li>\n\n\n\n<li>W. Kroker, A. Sobczyk (dir.),&nbsp;<em>L\u2019\u00e9criture entre m\u00e9moire et oubli. Hommage \u00e0 Krystyna Kasprzyk<\/em>, Warszawa, Instytut Romanistyki UW, 2016.<\/li>\n\n\n\n<li>W. Kroker, J. Zbierska-Mo\u015bcicka (dir.), <em>Au croisement des cultures, des discours et des langues. Cent ans d\u2019\u00e9tudes romanes \u00e0 l\u2019Universit\u00e9 de Varsovie (1919-2019)<\/em>, t. I (\u00e9tudes litt\u00e9raires), Warszawa, WUW, 2021,<\/li>\n\n\n\n<li>W. Kroker, M. Soko\u0142owicz, J. Zbierska-Mo\u015bcicka (red.), <em>Mondes humains, mondes non humains. Formes et coexistences (XX<\/em><em><sup>e<\/sup><\/em><em> et XXI<\/em><em><sup>e<\/sup><\/em><em> si\u00e8cles<\/em>), Warszawa, WUW, 2022.<\/li>\n<\/ul>\n\n\n\n<div style=\"height:20px\" aria-hidden=\"true\" class=\"wp-block-spacer\"><\/div>\n\n\n\n<h6 class=\"wp-block-heading\"><strong>Dzia\u0142alno\u015b\u0107<\/strong><\/h6>\n\n\n\n<p>Koordynator profilu przek\u0142adowego na studiach II stopnia, opiekun naukowy jury studenckiej nagrody Goncourt\u00f3w, opiekun naukowy Ko\u0142a Literatur Frankofo\u0144skich.<\/p>\n\n\n\n<div style=\"height:20px\" aria-hidden=\"true\" class=\"wp-block-spacer\"><\/div>\n\n\n\n<h6 class=\"wp-block-heading\"><strong>Cz\u0142onkostwo w organizacjach i stowarzyszeniach<\/strong><\/h6>\n\n\n\n<p>cz\u0142onek ATRP \u201ePlejada\u201d&nbsp;<\/p>\n\n\n\n<div style=\"height:20px\" aria-hidden=\"true\" class=\"wp-block-spacer\"><\/div>\n\n\n\n<h6 class=\"wp-block-heading\"><strong>Inne<\/strong><\/h6>\n\n\n\n<p>autor przek\u0142ad\u00f3w na j\u0119zyk polski, m.in.:<\/p>\n\n\n\n<ul class=\"wp-block-list\">\n<li>Pierre Bourdieu, Szkic teorii praktyki, K\u0119ty, Wyd. Marek Derewiecki, 2007 <\/li>\n<\/ul>\n\n\n\n<ul class=\"wp-block-list\">\n<li>Roger Grenier, \u201eS\u0142o\u0144ce&nbsp; i cie\u0144\u201d, <em>Literatura na \u015bwiecie<\/em>, nr 7-8\/2018,<\/li>\n\n\n\n<li>Jean-Yves Tadi\u00e9, \u201eProust i Freud. Rzecz o pami\u0119ci i czasie\u201d, <em>Przegl\u0105d Polityczny<\/em>, nr 174\/2022.<\/li>\n<\/ul>\n<\/div>\n<\/div>\n\n\n\n<p><\/p>\n","protected":false},"excerpt":{"rendered":"<p>dr Wies\u0142aw Kroker Zak\u0142ad Literaturoznawstwa Francuskiego&nbsp; Adiunkt (grupa dydaktyczna)&nbsp; w.kroker@uw.edu.pl Tematyka bada\u0144 Literatura francuska i belgijska XX i XXI w. wybrane Publikacje Dzia\u0142alno\u015b\u0107 Koordynator profilu przek\u0142adowego na studiach II stopnia, opiekun naukowy jury studenckiej nagrody Goncourt\u00f3w, opiekun naukowy Ko\u0142a Literatur Frankofo\u0144skich. Cz\u0142onkostwo w organizacjach i stowarzyszeniach cz\u0142onek ATRP \u201ePlejada\u201d&nbsp; Inne autor przek\u0142ad\u00f3w na j\u0119zyk polski, [&hellip;]<\/p>\n","protected":false},"author":1,"featured_media":0,"parent":802,"menu_order":0,"comment_status":"closed","ping_status":"closed","template":"","meta":{"footnotes":""},"class_list":["post-851","page","type-page","status-publish","hentry"],"_links":{"self":[{"href":"https:\/\/romanistyka.wn.uw.edu.pl\/index.php\/wp-json\/wp\/v2\/pages\/851","targetHints":{"allow":["GET"]}}],"collection":[{"href":"https:\/\/romanistyka.wn.uw.edu.pl\/index.php\/wp-json\/wp\/v2\/pages"}],"about":[{"href":"https:\/\/romanistyka.wn.uw.edu.pl\/index.php\/wp-json\/wp\/v2\/types\/page"}],"author":[{"embeddable":true,"href":"https:\/\/romanistyka.wn.uw.edu.pl\/index.php\/wp-json\/wp\/v2\/users\/1"}],"replies":[{"embeddable":true,"href":"https:\/\/romanistyka.wn.uw.edu.pl\/index.php\/wp-json\/wp\/v2\/comments?post=851"}],"version-history":[{"count":5,"href":"https:\/\/romanistyka.wn.uw.edu.pl\/index.php\/wp-json\/wp\/v2\/pages\/851\/revisions"}],"predecessor-version":[{"id":7338,"href":"https:\/\/romanistyka.wn.uw.edu.pl\/index.php\/wp-json\/wp\/v2\/pages\/851\/revisions\/7338"}],"up":[{"embeddable":true,"href":"https:\/\/romanistyka.wn.uw.edu.pl\/index.php\/wp-json\/wp\/v2\/pages\/802"}],"wp:attachment":[{"href":"https:\/\/romanistyka.wn.uw.edu.pl\/index.php\/wp-json\/wp\/v2\/media?parent=851"}],"curies":[{"name":"wp","href":"https:\/\/api.w.org\/{rel}","templated":true}]}}