{"id":842,"date":"2023-02-07T13:01:16","date_gmt":"2023-02-07T13:01:16","guid":{"rendered":"https:\/\/romanistyka.wn.uw.edu.pl\/?page_id=842"},"modified":"2026-02-11T21:07:45","modified_gmt":"2026-02-11T21:07:45","slug":"kostro-monika","status":"publish","type":"page","link":"https:\/\/romanistyka.wn.uw.edu.pl\/index.php\/pracownicy\/kostro-monika\/","title":{"rendered":"Monika Kostro"},"content":{"rendered":"\n<div class=\"wp-block-columns is-layout-flex wp-container-core-columns-is-layout-28f84493 wp-block-columns-is-layout-flex\">\n<div class=\"wp-block-column is-layout-flow wp-block-column-is-layout-flow\" style=\"flex-basis:33.33%\">\n<figure class=\"wp-block-image aligncenter size-full\"><img loading=\"lazy\" decoding=\"async\" width=\"150\" height=\"150\" src=\"https:\/\/romanistyka.wn.uw.edu.pl\/wp-content\/uploads\/2023\/02\/dr-hab.-Monika-Kostro.jpg\" alt=\"\" class=\"wp-image-843\"\/><\/figure>\n<\/div>\n\n\n\n<div class=\"wp-block-column is-layout-flow wp-block-column-is-layout-flow\" style=\"flex-basis:66.66%\">\n<h2 class=\"wp-block-heading\">dr hab. Monika Kostro<\/h2>\n\n\n\n<p>Zak\u0142ad J\u0119zykoznawstwa Roma\u0144skiego<\/p>\n\n\n\n<p>Adiunkt (grupa dydaktyczna)&nbsp;<\/p>\n\n\n\n<p><a href=\"mailto:mkostro@uw.edu.pl\">mkostro@uw.edu.pl<\/a><\/p>\n\n\n\n<div style=\"height:20px\" aria-hidden=\"true\" class=\"wp-block-spacer\"><\/div>\n\n\n\n<h6 class=\"wp-block-heading\"><strong>Tematyka bada\u0144<\/strong><\/h6>\n\n\n\n<p>Socjolingwistyka interakcji, analiza dyskursu&nbsp;<\/p>\n\n\n\n<div style=\"height:20px\" aria-hidden=\"true\" class=\"wp-block-spacer\"><\/div>\n\n\n\n<h6 class=\"wp-block-heading\">wybrane <strong>Publikacje<\/strong><\/h6>\n\n\n\n<ul class=\"wp-block-list\">\n<li>Kostro Monika, Wr\u00f3blewska-Pawlak Krystyna (2016b),\u00a0<em>Panie Prezydencie, Monsieur le Pr\u00e9sident&#8230; Formy adresatywne w polskim i francuskim dyskursie poplityczno-medialnym<\/em>, Warszawa, Wydawnictwa Uniwersytetu Warszawskiego.<\/li>\n\n\n\n<li>Kostro Monika, Wr\u00f3blewska-Pawlak Krystyna (2006), Socjolingwistyka we Francji i w Polsce \u2013 ma\u0142a pr\u00f3ba bilansu,\u00a0<em>\u201eActa Philologica\u201d<\/em>, nr 32, Warszawa, Wydzia\u0142 Neofilologii UW, 99-109.<\/li>\n\n\n\n<li>Kostro Monika, Wr\u00f3blewska-Pawlak Krystyna (2008), \u201eDe l\u2019usage de certaines formes d\u2019adresse fran\u00e7aises et polonaises dans le discours politique\u201d, [w:] J. Lis, T. Tomaszkiewicz (red.),\u00a0<em>Francophonie et interculturalit\u00e9<\/em>, \u0141ask, Leksem, 83-93.<\/li>\n\n\n\n<li>Kostro Monika (2009), \u201eDes cheveux blancs aux jeunes seniors. La repr\u00e9sentation de la vieillesse en fran\u00e7ais\u201d, [w] K. Bogacki et al. (red.),\u00a0<em>Methods of Lexical Analysis : Theoretical Assumptions and Practical Applications<\/em>, Bia\u0142ystok, Uniwersytet w Bia\u0142ymstoku, 251-260.<\/li>\n\n\n\n<li>Kostro Monika (2010), \u201e\u2019Je n\u2019ai pas l\u2019\u00e2ge d\u2019avoir des rides\u2019. Les repr\u00e9sentations linguistiques du vieillissement dans les publicit\u00e9s des produits de beaut\u00e9\u201d, [w:]\u00a0<em>Etudes romanes de Brno<\/em>, 31 \/2010\/ 1, Dossier \u201eColloque Temps et Espace\u201d, Ivo Buzek (dir.), Brno, Masarykova univerzita, 131-143.<\/li>\n\n\n\n<li>Kostro Monika (2010), \u201eLes pratiques d\u00e9nominatives en promotion immobili\u00e8re dans les grandes villes de Pologne : une \u00e9tude en sociolinguistique urbaine\u201d, [w:] A. Dutka-Ma\u0144kowska, T. Giermak-Zieli\u0144ska (red.),\u00a0<em>Des mots et du texte aux conceptions de la description linguistique<\/em>, Warszawa, Wydawnictwa Uniwersytetu Warszawskiego, 285-293.<\/li>\n\n\n\n<li>Wr\u00f3blewska-Pawlak Krystyna, Kostro Monika (2011), Mi\u0119dzy kurtuazj\u0105 a deprecjacj\u0105. Formy adresatywne jako \u015brodek retoryczny w polemicznym dyskursie politycznym, [w:]\u00a0<em>\u201eForum Artis Rhetoricae\u201d<\/em>, nr 3\/2011, M. Za\u0142\u0119ska (red. numeru), 37-57.<\/li>\n\n\n\n<li>Wr\u00f3blewska-Pawlak Krystyna, Kostro Monika (2012), \u201eUsing forms of address as a rhetorical means of constructing the ethos of the politician in the Polish political media discourse\u201d, [w:] M. Za\u0142\u0119ska (red.),\u00a0<em>Rhetoric and Politics: Central\/Eastern European Perspectives<\/em>, Cambridge Scholars Publishing, 51-65.<\/li>\n\n\n\n<li>Kostro Monika (2012), \u201eManly banks and high-heeled bank accounts. Gender humour in advertising\u201d, [w:] D. Brzozowska, W. Ch\u0142opicki (red.),<em>\u00a0Polish Humour<\/em>, Seria: Humour and Culture 2, Krak\u00f3w, Tertium, 543-557.<\/li>\n\n\n\n<li>Kostro Monika (2012), \u201eMi\u0119dzy dekonstrukcj\u0105 a powieleniem \u2013 humor w reklamie wykorzystuj\u0105cej stereotypy p\u0142ci\u201d, [w:] A. Kwiatkowska, A. Stanecka (red.),\u00a0<em>Kody humoru, Seria Humor. Teorie-praktyka-zastosowania<\/em>, vol. 3\/1, Piotrk\u00f3w Trybunalski, Naukowe Wydawnictwo Piotrkowskie przy Filii Uniwersytetu Jana Kochanowskiego, 213-223.<\/li>\n\n\n\n<li>Kostro Monika (2012), \u201eDe la beaut\u00e9 multiple dans le discours publicitaire. Les manipulations s\u00e9mantiques du lex\u00e8me beaut\u00e9 comme strat\u00e9gie de persuasion\u201d, [w:] A. Dutka-Ma\u0144kowska, A. Kieliszczyk, E. Pilecka (red.),\u00a0<em>Grammaticis unitis. M\u00e9langes offerts \u00e0 Bohdan Krzysztof Bogacki<\/em>, Warszawa, Wydawnictwa Uniwersytetu Warszawskiego, 208-217.<\/li>\n\n\n\n<li>Kostro Monika (2012), \u201eDe la difficult\u00e9 d\u2019\u00e9tudier les repr\u00e9sentations (socio)linguistiques en polonais\u201d, [w:] K. Bogacki, J. Cholewa, A. Rozumko (red.),\u00a0<em>Formal and Semantic Aspects of Linguistic Research \/ Aspects s\u00e9mantiques et formels dans les recherches linguistiques<\/em>, Bia\u0142ystok, Wydawnictwo Uniwersytetu w Bia\u0142ymstoku, 121-130.<\/li>\n\n\n\n<li>Kostro Monika, Wr\u00f3blewska-Pawlak Krystyna (2013), Formy adresatywne jako \u015brodek jawnej i ukrytej deprecjacji kobiet polityk\u00f3w w polskim dyskursie polityczno-medialnym,\u00a0<em>\u201etekst i dyskurs \u2013 text und diskurs\u201d<\/em>, nr 6, 153-168.<\/li>\n\n\n\n<li>Kostro Monika, Wr\u00f3blewska-Pawlak Krystyna (2014), \u201eLe r\u00f4le des formes d\u2019adresse dans les strat\u00e9gies de disqualification de l\u2019adversaire politique femme dans le discours politique m\u00e9diatis\u00e9\u201d, [w:] A. Kieliszczyk, E. Pachoci\u0144ska (red.),\u00a0<em>L\u2019analyse du discours : de la th\u00e9orie \u00e0 la pratique<\/em>, Warszawa, Wydawnictwa Uniwersytetu Warszawskiego, 59-74.<\/li>\n\n\n\n<li>Kostro Monika (2014), \u201eO m\u0119skim banku i koncie na obcasach. Humor w reklamie\u201d, [w:] D. Brzozowska, W. Ch\u0142opicki (red.),<em>\u00a0Humor polski, Seria Humour and Culture<\/em>\u00a04, Krak\u00f3w, Tertium, 589-607.<\/li>\n\n\n\n<li>Kostro Monika (2014), \u0141agodny u\u015bmiech \u017celaznych dam\u2026 Argument p\u0142ci w dyskursie o kobietach politykach w prasie spo\u0142eczno-politycznej,<em>\u00a0\u201eSocjolingwistyka\u201d<\/em>, nr 28, 165-186.<\/li>\n\n\n\n<li>Kostro Monika (2015), \u201eDonner du poids aux mots. De quelques proc\u00e9d\u00e9s d\u2019intensification dans le discours de Fran\u00e7ois Hollande sur sa politique de changement\u201d, [w:] K. Wr\u00f3blewska-Pawlak, A. Kieliszczyk (red.),\u00a0<em>L&#8217;intensification st ses diff\u00e9rents aspects<\/em>, Warszawa, Zak\u0142ad Graficzny UW, 55-70.<\/li>\n\n\n\n<li>Kostro Monika (2015), \u201eLes noms de r\u00e9sidences et d\u2019ensembles r\u00e9sidentiels : entre toponyme urbain et nom commercial\u201d, [w:] A. Ga\u0142kowski, R. Gliwa (red.),\u00a0<em>Mikrotoponimy i makrotopo\u00acnimy w komunikacji i literaturze<\/em>, \u0141\u00f3d\u017a, Wydawnictwo Uniwersytetu \u0141\u00f3dzkiego, 217-227.<\/li>\n\n\n\n<li>Kostro Monika (2015), \u201eL\u2019image de l\u2019homme politique construite \u00e0 travers le d\u00e9cryptage m\u00e9diatique de son discours : vers un ethos postdiscursif ?\u201d, [w:] K. Wr\u00f3blewska-Pawlak, J. Sujecka-Zaj\u0105c, E. Pachoci\u0144ska (red.),\u00a0<em>Regards sur l\u2019oral et l\u2019\u00e9crit<\/em>, Warszawa, Wydawnictwa Uniwersytetu Warszawskiego, 89-98.<\/li>\n\n\n\n<li>Kostro Monika (2015), La France en qu\u00eate de confiance : la construction des \u00e9motions dans les v\u0153ux des hommes politiques pour la nouvelle ann\u00e9e,<em>\u00a0\u201eStudia Romanica Posnaniensa\u201d<\/em>, nr XLII\/4, 47-62.<\/li>\n\n\n\n<li>Kostro Monika (2015), \u201eOd despotycznej starszej pani do zbuntowanego nastolatka \u2013 o ludycznej i symbolicznej funkcji seniora w reklamie dla nie-senior\u00f3w\u201d, [w:] E. Stroi\u0144ska, M. Skorzycki (red.),\u00a0<em>\u201ePo co nam arty\u015bci? Szkice z socjologii kultury i sztuki&#8221;<\/em>, \u0141\u00f3d\u017a, Wydawnictwo Spo\u0142ecznej Akademii Nauk, 121-135.<\/li>\n\n\n\n<li>Dutka-Ma\u0144kowska Anna, Kostro Monika (2016), \u201eL\u2019analyse du discours des \u00e9lections pr\u00e9sidentielles en Pologne\u201d,\u00a0<em>Mots. Les langages du politique<\/em>, nr 112, s. 133-140.<\/li>\n\n\n\n<li>Dutka-Ma\u0144kowska Anna, Kostro Monika (2016), \u201eMowa przytoczona a wizerunek polityka w debatach prezydenckich 2015\u201d, [w:] A. Budzy\u0144ska-Daca (red),\u00a0<em>20 lat polskich telewizyjnych debat przedwyborczych<\/em>, Warszawa, Wydawnictwo Polonistyki Uniwersytetu Warszawskiego, 153-177.<\/li>\n<\/ul>\n\n\n\n<div style=\"height:20px\" aria-hidden=\"true\" class=\"wp-block-spacer\"><\/div>\n\n\n\n<h6 class=\"wp-block-heading\"><strong>Przebieg kariery naukowej<\/strong><\/h6>\n\n\n\n<p>1997: dyplom magistra w zakresie filologii roma\u0144skiej uzyskany w Instytucie Romanistyki UW<br>2005: dyplom doktora w zakresie socjologii uzyskany w Instytucie Filozofii i Socjologii PAN&nbsp;<\/p>\n\n\n\n<div style=\"height:20px\" aria-hidden=\"true\" class=\"wp-block-spacer\"><\/div>\n\n\n\n<h6 class=\"wp-block-heading\"><strong>Dzia\u0142alno\u015b\u0107<\/strong><\/h6>\n\n\n\n<p>2005-2008: pe\u0142nomocnik ds. Rekrutacji w Instytucie Romanistyki<br>2008-2012: zast\u0119pca dyrektora ds. studenckich w Instytucie Romanistyki UW<br>2008-2012: cz\u0142onek Wydzia\u0142owego Zespo\u0142u Zapewniania Jako\u015bci Kszta\u0142cenia na Wydziale Neofilologii UW<br>2008-2012: wydzia\u0142owy Koordynator ECTS na Wydziale Neofilologii UW<br>od 2012: pe\u0142nomocnik ds. Rekrutacji w Instytucie Romanistyki&nbsp;<\/p>\n\n\n\n<div style=\"height:20px\" aria-hidden=\"true\" class=\"wp-block-spacer\"><\/div>\n\n\n\n<h6 class=\"wp-block-heading\"><strong>Cz\u0142onkostwo w organizacjach i stowarzyszeniach<\/strong><\/h6>\n\n\n\n<p>Akademickie Towarzystwo Romanist\u00f3w Polskich \u201ePlejada\u201d<\/p>\n<\/div>\n<\/div>\n\n\n\n<p><\/p>\n","protected":false},"excerpt":{"rendered":"<p>dr hab. Monika Kostro Zak\u0142ad J\u0119zykoznawstwa Roma\u0144skiego Adiunkt (grupa dydaktyczna)&nbsp; mkostro@uw.edu.pl Tematyka bada\u0144 Socjolingwistyka interakcji, analiza dyskursu&nbsp; wybrane Publikacje Przebieg kariery naukowej 1997: dyplom magistra w zakresie filologii roma\u0144skiej uzyskany w Instytucie Romanistyki UW2005: dyplom doktora w zakresie socjologii uzyskany w Instytucie Filozofii i Socjologii PAN&nbsp; Dzia\u0142alno\u015b\u0107 2005-2008: pe\u0142nomocnik ds. Rekrutacji w Instytucie Romanistyki2008-2012: zast\u0119pca [&hellip;]<\/p>\n","protected":false},"author":1,"featured_media":0,"parent":802,"menu_order":0,"comment_status":"closed","ping_status":"closed","template":"","meta":{"footnotes":""},"class_list":["post-842","page","type-page","status-publish","hentry"],"_links":{"self":[{"href":"https:\/\/romanistyka.wn.uw.edu.pl\/index.php\/wp-json\/wp\/v2\/pages\/842","targetHints":{"allow":["GET"]}}],"collection":[{"href":"https:\/\/romanistyka.wn.uw.edu.pl\/index.php\/wp-json\/wp\/v2\/pages"}],"about":[{"href":"https:\/\/romanistyka.wn.uw.edu.pl\/index.php\/wp-json\/wp\/v2\/types\/page"}],"author":[{"embeddable":true,"href":"https:\/\/romanistyka.wn.uw.edu.pl\/index.php\/wp-json\/wp\/v2\/users\/1"}],"replies":[{"embeddable":true,"href":"https:\/\/romanistyka.wn.uw.edu.pl\/index.php\/wp-json\/wp\/v2\/comments?post=842"}],"version-history":[{"count":4,"href":"https:\/\/romanistyka.wn.uw.edu.pl\/index.php\/wp-json\/wp\/v2\/pages\/842\/revisions"}],"predecessor-version":[{"id":7336,"href":"https:\/\/romanistyka.wn.uw.edu.pl\/index.php\/wp-json\/wp\/v2\/pages\/842\/revisions\/7336"}],"up":[{"embeddable":true,"href":"https:\/\/romanistyka.wn.uw.edu.pl\/index.php\/wp-json\/wp\/v2\/pages\/802"}],"wp:attachment":[{"href":"https:\/\/romanistyka.wn.uw.edu.pl\/index.php\/wp-json\/wp\/v2\/media?parent=842"}],"curies":[{"name":"wp","href":"https:\/\/api.w.org\/{rel}","templated":true}]}}