{"id":830,"date":"2023-02-07T12:51:43","date_gmt":"2023-02-07T12:51:43","guid":{"rendered":"https:\/\/romanistyka.wn.uw.edu.pl\/?page_id=830"},"modified":"2025-04-30T02:15:05","modified_gmt":"2025-04-30T02:15:05","slug":"janion-agnieszka","status":"publish","type":"page","link":"https:\/\/romanistyka.wn.uw.edu.pl\/index.php\/pracownicy\/janion-agnieszka\/","title":{"rendered":"Agnieszka Janion"},"content":{"rendered":"\n<div class=\"wp-block-columns is-layout-flex wp-container-core-columns-is-layout-28f84493 wp-block-columns-is-layout-flex\">\n<div class=\"wp-block-column is-layout-flow wp-block-column-is-layout-flow\" style=\"flex-basis:33.33%\">\n<figure class=\"wp-block-image aligncenter size-full\"><img loading=\"lazy\" decoding=\"async\" width=\"150\" height=\"150\" src=\"https:\/\/romanistyka.wn.uw.edu.pl\/wp-content\/uploads\/2023\/02\/dr-Agnieszka-Janion.jpg\" alt=\"\" class=\"wp-image-831\"\/><\/figure>\n<\/div>\n\n\n\n<div class=\"wp-block-column is-layout-flow wp-block-column-is-layout-flow\" style=\"flex-basis:66.66%\">\n<h2 class=\"wp-block-heading\">dr Agnieszka Janion<\/h2>\n\n\n\n<p>Zak\u0142ad J\u0119zykoznawstwa Roma\u0144skiego&nbsp;<\/p>\n\n\n\n<p>Starszy asystent&nbsp;(Grupa badawczo-dydaktyczna)<\/p>\n\n\n\n<p><a href=\"mailto:agnieszka.janion@gmail.com\"><\/a><a rel=\"noreferrer noopener\" href=\"mailto:a.janion@uw.edu.pl\" target=\"_blank\">a.janion@uw.edu.pl<\/a><\/p>\n\n\n\n<div style=\"height:20px\" aria-hidden=\"true\" class=\"wp-block-spacer\"><\/div>\n\n\n\n<h6 class=\"wp-block-heading\"><strong>Tematyka bada\u0144<\/strong><\/h6>\n\n\n\n<p>Analiza dyskursu, interakcje werbalne, semantyka: internacjonalizmy<\/p>\n\n\n\n<p>j\u0119zykowe<\/p>\n\n\n\n<div style=\"height:20px\" aria-hidden=\"true\" class=\"wp-block-spacer\"><\/div>\n\n\n\n<h6 class=\"wp-block-heading\"><strong>Przebieg kariery naukowej<\/strong><\/h6>\n\n\n\n<p>Od 2022 Uniwersytet Warszawski, stanowisko starszego asystenta<\/p>\n\n\n\n<p>2020 &#8211; 2022 Uniwersytet Warszawski, stanowisko asystenta<\/p>\n\n\n\n<p>2002 &#8211; 2007 Uniwersytet Warszawski, Wydzia\u0142 Neofilologii, Instytut Romanistyki, Studia doktoranckie<br>1997 &#8211; 2002 Uniwersytet Warszawski, Wydzia\u0142 Neofilologii, Instytut Romanistyki, Studia magisterskie&nbsp;<\/p>\n\n\n\n<div style=\"height:20px\" aria-hidden=\"true\" class=\"wp-block-spacer\"><\/div>\n\n\n\n<h6 class=\"wp-block-heading\"><strong>Dzia\u0142alno\u015b\u0107<\/strong><\/h6>\n\n\n\n<p>2016-2019 prowadzenie \u0107wicze\u0144 i konwersatori\u00f3w w Instytucie<\/p>\n\n\n\n<p>Lingwistyki Stosowanej Uniwersytetu Warszawskiego<br>Od 2009 wsp\u00f3\u0142praca z Krajow\u0105 Szko\u0142\u0105 Administracji Publicznej im.<br>Prezydenta Rzeczypospolitej Polskiej Lecha Kaczy\u0144skiego: prowadzenie szkole\u0144 j\u0119zykowych dla s\u0142uchaczy szko\u0142y oraz pracownik\u00f3w Administracji Publicznej<\/p>\n\n\n\n<div style=\"height:20px\" aria-hidden=\"true\" class=\"wp-block-spacer\"><\/div>\n\n\n\n<h6 class=\"wp-block-heading\"><strong>Hobby<\/strong><\/h6>\n\n\n\n<p>J\u0119zyki obce, joga, podr\u00f3\u017ce<\/p>\n<\/div>\n<\/div>\n\n\n\n<p><\/p>\n","protected":false},"excerpt":{"rendered":"<p>dr Agnieszka Janion Zak\u0142ad J\u0119zykoznawstwa Roma\u0144skiego&nbsp; Starszy asystent&nbsp;(Grupa badawczo-dydaktyczna) a.janion@uw.edu.pl Tematyka bada\u0144 Analiza dyskursu, interakcje werbalne, semantyka: internacjonalizmy j\u0119zykowe Przebieg kariery naukowej Od 2022 Uniwersytet Warszawski, stanowisko starszego asystenta 2020 &#8211; 2022 Uniwersytet Warszawski, stanowisko asystenta 2002 &#8211; 2007 Uniwersytet Warszawski, Wydzia\u0142 Neofilologii, Instytut Romanistyki, Studia doktoranckie1997 &#8211; 2002 Uniwersytet Warszawski, Wydzia\u0142 Neofilologii, Instytut Romanistyki, [&hellip;]<\/p>\n","protected":false},"author":1,"featured_media":0,"parent":802,"menu_order":0,"comment_status":"closed","ping_status":"closed","template":"page-no-title","meta":{"footnotes":""},"class_list":["post-830","page","type-page","status-publish","hentry"],"_links":{"self":[{"href":"https:\/\/romanistyka.wn.uw.edu.pl\/index.php\/wp-json\/wp\/v2\/pages\/830","targetHints":{"allow":["GET"]}}],"collection":[{"href":"https:\/\/romanistyka.wn.uw.edu.pl\/index.php\/wp-json\/wp\/v2\/pages"}],"about":[{"href":"https:\/\/romanistyka.wn.uw.edu.pl\/index.php\/wp-json\/wp\/v2\/types\/page"}],"author":[{"embeddable":true,"href":"https:\/\/romanistyka.wn.uw.edu.pl\/index.php\/wp-json\/wp\/v2\/users\/1"}],"replies":[{"embeddable":true,"href":"https:\/\/romanistyka.wn.uw.edu.pl\/index.php\/wp-json\/wp\/v2\/comments?post=830"}],"version-history":[{"count":7,"href":"https:\/\/romanistyka.wn.uw.edu.pl\/index.php\/wp-json\/wp\/v2\/pages\/830\/revisions"}],"predecessor-version":[{"id":4160,"href":"https:\/\/romanistyka.wn.uw.edu.pl\/index.php\/wp-json\/wp\/v2\/pages\/830\/revisions\/4160"}],"up":[{"embeddable":true,"href":"https:\/\/romanistyka.wn.uw.edu.pl\/index.php\/wp-json\/wp\/v2\/pages\/802"}],"wp:attachment":[{"href":"https:\/\/romanistyka.wn.uw.edu.pl\/index.php\/wp-json\/wp\/v2\/media?parent=830"}],"curies":[{"name":"wp","href":"https:\/\/api.w.org\/{rel}","templated":true}]}}