{"id":749,"date":"2023-02-07T10:28:53","date_gmt":"2023-02-07T10:28:53","guid":{"rendered":"https:\/\/romanistyka.wn.uw.edu.pl\/?page_id=749"},"modified":"2026-04-14T12:33:03","modified_gmt":"2026-04-14T12:33:03","slug":"studia-ii-stopnia","status":"publish","type":"page","link":"https:\/\/romanistyka.wn.uw.edu.pl\/index.php\/studia-ii-stopnia\/","title":{"rendered":"Studia II stopnia"},"content":{"rendered":"\n<h1 class=\"wp-block-heading\" style=\"padding-top:0;padding-right:0;padding-bottom:var(--wp--preset--spacing--30)\"><strong>Studia II stopnia<\/strong><\/h1>\n\n\n\n<p class=\"has-large-font-size\">Instytut Romanistyki prowadzi nast\u0119puj\u0105ce studia II stopnia:<\/p>\n\n\n\n<ul class=\"wp-block-list has-large-font-size\">\n<li class=\"has-large-font-size\" style=\"padding-bottom:var(--wp--preset--spacing--20)\">studia II stopnia (magisterskie) stacjonarne<\/li>\n<\/ul>\n\n\n\n<h2 class=\"wp-block-heading is-style-text-subtitle has-x-large-font-size is-style-text-subtitle--1\" style=\"padding-top:var(--wp--preset--spacing--40);padding-bottom:0\"><strong>Modu\u0142 og\u00f3lny<\/strong><\/h2>\n\n\n\n<p class=\"has-large-font-size\" style=\"padding-top:0\">Pozwala zdoby\u0107 wszechstronn\u0105, pog\u0142\u0119bion\u0105 wiedz\u0119 humanistyczn\u0105 dzi\u0119ki zwi\u0119kszonej liczbie seminari\u00f3w tematycznych i wyk\u0142ad\u00f3w monograficznych z literatury i kultury francuskiej oraz kraj\u00f3w francuskoj\u0119zycznego obszaru kulturowego (m.in. Belgia, Kanada, Afryka P\u00f3\u0142nocna), jak r\u00f3wnie\u017c j\u0119zykoznawstwa, w tym analizy dyskursu i socjolingwistyki. Nie ma dodatkowej wst\u0119pnej kwalifikacji kandydat\u00f3w.<\/p>\n\n\n\n<h2 class=\"wp-block-heading is-style-text-subtitle has-x-large-font-size is-style-text-subtitle--2\" style=\"padding-top:var(--wp--preset--spacing--40);padding-bottom:0\"><strong>Modu\u0142 przek\u0142adowy<\/strong><\/h2>\n\n\n\n<p class=\"has-large-font-size\" style=\"padding-top:0\">Przygotowuje do zawodu t\u0142umacza, rozwijaj\u0105c wiedz\u0119 z zakresu przek\u0142adoznawstwa oraz umiej\u0119tno\u015bci przek\u0142adu z j. francuskiego na j. polski i z j. polskiego na j. francuski. W trakcie zaj\u0119\u0107 studenci poznaj\u0105 techniki przek\u0142adowe oraz t\u0142umacz\u0105 zr\u00f3\u017cnicowane tematycznie i gatunkowo teksty, m.in. z dziedziny kultury i sztuki, turystyki, ekonomii i prawa. <strong>Na modu\u0142 przek\u0142adowy <em>obowi\u0105zuje dodatkowa rekrutacja<\/em><\/strong><em>.<\/em><\/p>\n\n\n\n<h2 class=\"wp-block-heading is-style-text-subtitle has-x-large-font-size is-style-text-subtitle--3\" style=\"padding-top:var(--wp--preset--spacing--50);padding-bottom:0\"><strong>Modu\u0142 metodyczny<\/strong><\/h2>\n\n\n\n<p class=\"has-large-font-size\" style=\"padding-top:0\">Pozwala na uzyskanie uprawnie\u0144 do nauczania j\u0119zyka francuskiego w szkole podstawowej i wy\u017cszych etapach edukacyjnych. Jest przeznaczony dla:<br>\u2013 student\u00f3w, kt\u00f3rzy rozpocz\u0119li modu\u0142 metodyczny na studiach pierwszego stopnia,<br>\u2013 student\u00f3w rozpoczynaj\u0105cych modu\u0142 metodyczny.<br>Modu\u0142 obejmuje zaj\u0119cia specjalistyczne z zakresu psychologii, pedagogiki i dydaktyki j\u0119zyk\u00f3w obcych oraz praktyki zawodowe dydaktyczne.<br>Nie ma dodatkowej wst\u0119pnej kwalifikacji kandydat\u00f3w.<\/p>\n\n\n\n<p class=\"has-large-font-size\">Tematy poszczeg\u00f3lnych seminari\u00f3w magisterskich w roku akademickim 2025\/2026 znajduj\u0105 si\u0119 w pliku zamieszczonym na dole strony.<\/p>\n\n\n\n<h2 class=\"wp-block-heading is-style-text-subtitle has-x-large-font-size is-style-text-subtitle--4\" style=\"padding-top:var(--wp--preset--spacing--50);padding-bottom:0\"><strong>Podw\u00f3jny dyplom francusko-polski<\/strong><\/h2>\n\n\n\n<p class=\"has-large-font-size\" style=\"padding-top:0;padding-bottom:0;padding-left:0\">Dzi\u0119ki porozumieniu zawartemu mi\u0119dzy Uniwersytetem Warszawskim a Uniwersytetem w Poitiers studenci studi\u00f3w magisterskich na kierunku&nbsp;<em>filologia roma\u0144ska<\/em>&nbsp;maj\u0105 mo\u017cliwo\u015b\u0107 uzyskania&nbsp;<strong>podw\u00f3jnego dyplomu<\/strong>, potwierdzaj\u0105cego uko\u0144czenie studi\u00f3w zar\u00f3wno w Polsce, jak i we Francji. <\/p>\n\n\n\n<p class=\"has-large-font-size\">Program realizowany jest w ramach seminarium glottodydaktycznego studi\u00f3w II stopnia na kierunku<strong> filologia roma\u0144ska <\/strong>(Instytut romanistyki, Wydzia\u0142 Neofilologii, Uniwersytet Warszawski) oraz <strong>Master Sciences du Langage \u2013 Parcours Didactique des Langues et du FLES<\/strong>&nbsp;(Uniwersytet w Poitiers).<br><br><strong>Dla kogo?<\/strong><\/p>\n\n\n\n<p class=\"has-large-font-size\" style=\"padding-top:0;padding-bottom:0;padding-left:0\">Dla student\u00f3w po pierwszym roku studi\u00f3w magisterskich, kt\u00f3rzy uzyskali minimum 60 punkt\u00f3w ECTS i chc\u0105 kontynuowa\u0107 nauk\u0119 w mi\u0119dzynarodowym \u015brodowisku akademickim.<\/p>\n\n\n\n<h4 class=\"wp-block-heading has-large-font-size\"><strong>Jak to dzia\u0142a?<\/strong><\/h4>\n\n\n\n<ul class=\"wp-block-list has-large-font-size\">\n<li class=\"has-large-font-size\">Jeden semestr studi\u00f3w realizowany jest na uczelni partnerskiej;<\/li>\n\n\n\n<li class=\"has-large-font-size\">\u0179r\u00f3d\u0142em finansowania mo\u017ce by\u0107 stypendium przyznane w ramach programu Erasmus +;<\/li>\n\n\n\n<li class=\"has-large-font-size\">Program opiera si\u0119 na uzgodnionym planie studi\u00f3w, uwzgl\u0119dniaj\u0105cym zaj\u0119cia przewidziane programem studi\u00f3w w Instytutcie Romansityki UW;<\/li>\n\n\n\n<li class=\"has-large-font-size\">Studenci przygotowuj\u0105 prac\u0119 magistersk\u0105 w j\u0119zyku francuskim i broni\u0105 j\u0105 przed komisj\u0105 z\u0142o\u017con\u0105 z przedstawicieli obu uczelni.<\/li>\n<\/ul>\n\n\n\n<h4 class=\"wp-block-heading has-large-font-size\"><strong>Dlaczego warto?<\/strong><\/h4>\n\n\n\n<ul class=\"wp-block-list\">\n<li class=\"has-large-font-size\">Studia prowadzone s\u0105 w j\u0119zyku francuskim i umo\u017cliwiaj\u0105 pe\u0142ne zanurzenie w kulturze akademickiej Francji;<\/li>\n\n\n\n<li class=\"has-large-font-size\">Program wzmacnia kompetencje j\u0119zykowe, dydaktyczne i mi\u0119dzykulturowe;<\/li>\n\n\n\n<li class=\"has-large-font-size\">Absolwenci otrzymuj\u0105&nbsp;<strong>dwa dyplomy magisterskie<\/strong>&nbsp;\u2013 francuski i polski \u2013 zwi\u0119kszaj\u0105ce szanse na rynku pracy w Europie.<\/li>\n<\/ul>\n\n\n\n<h4 class=\"wp-block-heading has-large-font-size\"><strong>Kiedy?<\/strong><\/h4>\n\n\n\n<p class=\"has-large-font-size\">Rekrutacja odbywa si\u0119 po pierwszym roku studi\u00f3w magisterskich. Liczba miejsc jest ograniczona \u2013 maksymalnie 2 osoby z ka\u017cdej uczelni rocznie.<\/p>\n\n\n\n<h4 class=\"wp-block-heading has-large-font-size\"><strong>Uwaga:<\/strong><\/h4>\n\n\n\n<ul class=\"wp-block-list\">\n<li class=\"has-large-font-size\">Uczelnia przyjmuj\u0105ca nie pobiera op\u0142at za studia (z wyj\u0105tkiem op\u0142at dodatkowych, np. CVEC we Francji).<\/li>\n\n\n\n<li class=\"has-large-font-size\">Kandydaci musz\u0105 samodzielnie dope\u0142ni\u0107 formalno\u015bci zwi\u0105zanych z wiz\u0105, zakwaterowaniem i ubezpieczeniem.<\/li>\n<\/ul>\n\n\n\n<h4 class=\"wp-block-heading has-large-font-size\"><strong>Koordynatorzy programu:<\/strong><\/h4>\n\n\n\n<p class=\"has-large-font-size\"><strong>dr hab. Rados\u0142aw Kucharczyk, prof. ucz.<\/strong>&nbsp;(Uniwersytet Warszawski) \u2013 <a href=\"mailto:r.kucharczyk@uw.edu.pl\">r.kucharczyk@uw.edu.pl<\/a><\/p>\n\n\n\n<p class=\"has-large-font-size\"><strong>prof. Freiderikos Valetopoulos<\/strong>&nbsp;(Uniwersytet w Poitiers)We wsp\u00f3\u0142pracy z Uniwersytetem w Poitiers Instytut Romanistyki prowadzi projekt podw\u00f3jnego dyplomu francusko-polskiego (master-magisterium).<\/p>\n\n\n\n<h1 class=\"wp-block-heading\" style=\"padding-top:var(--wp--preset--spacing--50)\"><strong>Harmonogram rekrutacji<\/strong><\/h1>\n\n\n\n<p class=\"has-large-font-size\">Zapisy na <a href=\"https:\/\/irk.uw.edu.pl\/pl\/offer\/PELNE2026\/programme\/S2-FLR\/?from=registration:PELNE2026\"><span style=\"text-decoration: underline;\">stronie internetowej IRK<\/span><\/a> <span class=\"wp-rich-text-font-awesome-icon wp-font-awesome-icon\"><svg aria-hidden=\"true\" focusable=\"false\" data-prefix=\"fas\" data-icon=\"link\" class=\"svg-inline--fa fa-link \" role=\"img\" xmlns=\"http:\/\/www.w3.org\/2000\/svg\" viewBox=\"0 0 640 512\"><path fill=\"currentColor\" d=\"M579.8 267.7c56.5-56.5 56.5-148 0-204.5c-50-50-128.8-56.5-186.3-15.4l-1.6 1.1c-14.4 10.3-17.7 30.3-7.4 44.6s30.3 17.7 44.6 7.4l1.6-1.1c32.1-22.9 76-19.3 103.8 8.6c31.5 31.5 31.5 82.5 0 114L422.3 334.8c-31.5 31.5-82.5 31.5-114 0c-27.9-27.9-31.5-71.8-8.6-103.8l1.1-1.6c10.3-14.4 6.9-34.4-7.4-44.6s-34.4-6.9-44.6 7.4l-1.1 1.6C206.5 251.2 213 330 263 380c56.5 56.5 148 56.5 204.5 0L579.8 267.7zM60.2 244.3c-56.5 56.5-56.5 148 0 204.5c50 50 128.8 56.5 186.3 15.4l1.6-1.1c14.4-10.3 17.7-30.3 7.4-44.6s-30.3-17.7-44.6-7.4l-1.6 1.1c-32.1 22.9-76 19.3-103.8-8.6C74 372 74 321 105.5 289.5L217.7 177.2c31.5-31.5 82.5-31.5 114 0c27.9 27.9 31.5 71.8 8.6 103.9l-1.1 1.6c-10.3 14.4-6.9 34.4 7.4 44.6s34.4 6.9 44.6-7.4l1.1-1.6C433.5 260.8 427 182 377 132c-56.5-56.5-148-56.5-204.5 0L60.2 244.3z\"><\/path><\/svg><\/span>.<\/p>\n\n\n\n<div class=\"wp-block-group has-border-color has-contrast-border-color has-contrast-color has-base-background-color has-text-color has-background has-link-color has-medium-font-size wp-elements-7c8ca94a464281e4d1e9ddbc3001d823 has-global-padding is-content-justification-left is-layout-constrained wp-container-core-group-is-layout-67be55ee wp-block-group-is-layout-constrained\" style=\"border-width:2px;margin-top:var(--wp--preset--spacing--50);margin-bottom:var(--wp--preset--spacing--50);padding-top:var(--wp--preset--spacing--50);padding-right:var(--wp--preset--spacing--50);padding-bottom:var(--wp--preset--spacing--50);padding-left:var(--wp--preset--spacing--50);line-height:1.7;box-shadow:var(--wp--preset--shadow--sharp)\">\n<p class=\"is-style-default has-large-font-size\"><strong>Pierwsza tura zapis\u00f3w: 09.06.2026 \u2013 10.07.2026<\/strong><\/p>\n\n\n\n<p class=\"has-large-font-size\"><strong>Rozmowa kwalifikacyjna: 17.07.2026 <\/strong>(w formule zdalnej)<\/p>\n\n\n\n<ul class=\"wp-block-list\">\n<li>Tematy do przygotowania na rozmow\u0119 kwalifikacyjn\u0105 znajduj\u0105 si\u0119 na <a href=\"https:\/\/irk.uw.edu.pl\/pl\/offer\/PELNE2025\/programme\/S2-FLR\/?from=field:P_FLR\">stronie IRK<\/a> <span class=\"wp-rich-text-font-awesome-icon wp-font-awesome-icon\"><svg aria-hidden=\"true\" focusable=\"false\" data-prefix=\"fas\" data-icon=\"link\" class=\"svg-inline--fa fa-link \" role=\"img\" xmlns=\"http:\/\/www.w3.org\/2000\/svg\" viewBox=\"0 0 640 512\"><path fill=\"currentColor\" d=\"M579.8 267.7c56.5-56.5 56.5-148 0-204.5c-50-50-128.8-56.5-186.3-15.4l-1.6 1.1c-14.4 10.3-17.7 30.3-7.4 44.6s30.3 17.7 44.6 7.4l1.6-1.1c32.1-22.9 76-19.3 103.8 8.6c31.5 31.5 31.5 82.5 0 114L422.3 334.8c-31.5 31.5-82.5 31.5-114 0c-27.9-27.9-31.5-71.8-8.6-103.8l1.1-1.6c10.3-14.4 6.9-34.4-7.4-44.6s-34.4-6.9-44.6 7.4l-1.1 1.6C206.5 251.2 213 330 263 380c56.5 56.5 148 56.5 204.5 0L579.8 267.7zM60.2 244.3c-56.5 56.5-56.5 148 0 204.5c50 50 128.8 56.5 186.3 15.4l1.6-1.1c14.4-10.3 17.7-30.3 7.4-44.6s-30.3-17.7-44.6-7.4l-1.6 1.1c-32.1 22.9-76 19.3-103.8-8.6C74 372 74 321 105.5 289.5L217.7 177.2c31.5-31.5 82.5-31.5 114 0c27.9 27.9 31.5 71.8 8.6 103.9l-1.1 1.6c-10.3 14.4-6.9 34.4 7.4 44.6s34.4 6.9 44.6-7.4l1.1-1.6C433.5 260.8 427 182 377 132c-56.5-56.5-148-56.5-204.5 0L60.2 244.3z\"><\/path><\/svg><\/span>.<\/li>\n<\/ul>\n\n\n\n<p class=\"has-large-font-size\"><strong>Og\u0142oszenie wynik\u00f3w: 22.07.2026<\/strong><\/p>\n\n\n\n<p class=\"has-large-font-size\"><strong>Przyjmowanie dokument\u00f3w: <\/strong><\/p>\n\n\n\n<ul class=\"wp-block-list\">\n<li><strong>I termin: 23-24, 27.07<\/strong><\/li>\n\n\n\n<li><strong>II termin: 28.07-29.07 (w przypadku niewype\u0142nienia limit\u00f3w w I terminie)<\/strong><\/li>\n\n\n\n<li><strong>III termin: 30.07-31.07 (w przypadku niewype\u0142nienia limit\u00f3w w II terminie)<\/strong><\/li>\n<\/ul>\n<\/div>\n\n\n\n<p class=\"has-large-font-size\"><br>LIMIT MIEJSC: 34<\/p>\n\n\n\n<p class=\"has-large-font-size\">Przyjmowanie dokument\u00f3w: ul. Dobra 55, pok\u00f3j 2.415, 2 pi\u0119tro<\/p>\n\n\n\n<p class=\"has-large-font-size\">Dodatkowe informacje: Sekretariat Instytutu Romanistyki, ul. Dobra 55, pok\u00f3j 2.420, tel: (22) 552-04-36<\/p>\n\n\n\n<h2 class=\"wp-block-heading\" style=\"margin-top:var(--wp--preset--spacing--60);margin-bottom:var(--wp--preset--spacing--20)\"><strong>Upowa\u017cnienie<\/strong> : <a href=\"https:\/\/romanistyka.wn.uw.edu.pl\/wp-content\/uploads\/2023\/09\/upowaznienie-2.pdf\"><span style=\"text-decoration: underline;\">wz\u00f3r upowa\u017cnienia do pobrania<\/span><\/a> <span class=\"wp-rich-text-font-awesome-icon wp-font-awesome-icon\"><svg aria-hidden=\"true\" focusable=\"false\" data-prefix=\"fas\" data-icon=\"up-right-from-square\" class=\"svg-inline--fa fa-up-right-from-square \" role=\"img\" xmlns=\"http:\/\/www.w3.org\/2000\/svg\" viewBox=\"0 0 512 512\"><path fill=\"currentColor\" d=\"M352 0c-12.9 0-24.6 7.8-29.6 19.8s-2.2 25.7 6.9 34.9L370.7 96 201.4 265.4c-12.5 12.5-12.5 32.8 0 45.3s32.8 12.5 45.3 0L416 141.3l41.4 41.4c9.2 9.2 22.9 11.9 34.9 6.9s19.8-16.6 19.8-29.6V32c0-17.7-14.3-32-32-32H352zM80 32C35.8 32 0 67.8 0 112V432c0 44.2 35.8 80 80 80H400c44.2 0 80-35.8 80-80V320c0-17.7-14.3-32-32-32s-32 14.3-32 32V432c0 8.8-7.2 16-16 16H80c-8.8 0-16-7.2-16-16V112c0-8.8 7.2-16 16-16H192c17.7 0 32-14.3 32-32s-14.3-32-32-32H80z\"><\/path><\/svg><\/span><\/h2>\n\n\n\n<p class=\"has-large-font-size\">Aby upowa\u017cni\u0107 osob\u0119 do z\u0142o\u017cenia kompletu dokument\u00f3w wymaganych do przyj\u0119cia na I rok studi\u00f3w.<\/p>\n\n\n\n<div style=\"height:50px\" aria-hidden=\"true\" class=\"wp-block-spacer\"><\/div>\n\n\n\n<div class=\"wp-block-columns has-medium-font-size is-layout-flex wp-container-core-columns-is-layout-28f84493 wp-block-columns-is-layout-flex\">\n<div class=\"wp-block-column has-border-color has-contrast-border-color has-contrast-color has-base-background-color has-text-color has-background has-link-color wp-elements-2c45a0bc4da226595ec645d84d1d2728 is-layout-flow wp-block-column-is-layout-flow\" style=\"border-width:2px;padding-top:var(--wp--preset--spacing--40);padding-right:var(--wp--preset--spacing--50);padding-bottom:var(--wp--preset--spacing--40);padding-left:var(--wp--preset--spacing--50);box-shadow:var(--wp--preset--shadow--sharp)\">\n<h2 class=\"wp-block-heading has-x-large-font-size\"><strong>Dodatkowe informacje o rekrutacji<\/strong><\/h2>\n\n\n\n<p class=\"has-large-font-size\"><strong><a href=\"https:\/\/irk.uw.edu.pl\/pl\/offer\/PELNE2025\/programme\/S2-FLR\/?from=field:P_FLR\"><span style=\"text-decoration: underline;\">Szczeg\u00f3\u0142owe informacje o rekrutacji na studia II stopnia <\/span><\/a><span class=\"wp-rich-text-font-awesome-icon wp-font-awesome-icon\"><svg aria-hidden=\"true\" focusable=\"false\" data-prefix=\"fas\" data-icon=\"link\" class=\"svg-inline--fa fa-link \" role=\"img\" xmlns=\"http:\/\/www.w3.org\/2000\/svg\" viewBox=\"0 0 640 512\"><path fill=\"currentColor\" d=\"M579.8 267.7c56.5-56.5 56.5-148 0-204.5c-50-50-128.8-56.5-186.3-15.4l-1.6 1.1c-14.4 10.3-17.7 30.3-7.4 44.6s30.3 17.7 44.6 7.4l1.6-1.1c32.1-22.9 76-19.3 103.8 8.6c31.5 31.5 31.5 82.5 0 114L422.3 334.8c-31.5 31.5-82.5 31.5-114 0c-27.9-27.9-31.5-71.8-8.6-103.8l1.1-1.6c10.3-14.4 6.9-34.4-7.4-44.6s-34.4-6.9-44.6 7.4l-1.1 1.6C206.5 251.2 213 330 263 380c56.5 56.5 148 56.5 204.5 0L579.8 267.7zM60.2 244.3c-56.5 56.5-56.5 148 0 204.5c50 50 128.8 56.5 186.3 15.4l1.6-1.1c14.4-10.3 17.7-30.3 7.4-44.6s-30.3-17.7-44.6-7.4l-1.6 1.1c-32.1 22.9-76 19.3-103.8-8.6C74 372 74 321 105.5 289.5L217.7 177.2c31.5-31.5 82.5-31.5 114 0c27.9 27.9 31.5 71.8 8.6 103.9l-1.1 1.6c-10.3 14.4-6.9 34.4 7.4 44.6s34.4 6.9 44.6-7.4l1.1-1.6C433.5 260.8 427 182 377 132c-56.5-56.5-148-56.5-204.5 0L60.2 244.3z\"><\/path><\/svg><\/span><\/strong><\/p>\n\n\n\n<p class=\"has-large-font-size\"><span style=\"text-decoration: underline;\"><strong><a href=\"https:\/\/romanistyka.wn.uw.edu.pl\/wp-content\/uploads\/2025\/05\/Lista-zagadnien-studia-stacjonarne-II-stopnia-1-1.pdf\">Zagadnienia na egzamin ustny (kandydaci bez dyplomu filologii roma\u0144skiej lub pokrewnego) <\/a><span class=\"wp-rich-text-font-awesome-icon wp-font-awesome-icon\"><svg aria-hidden=\"true\" focusable=\"false\" data-prefix=\"fas\" data-icon=\"link\" class=\"svg-inline--fa fa-link \" role=\"img\" xmlns=\"http:\/\/www.w3.org\/2000\/svg\" viewBox=\"0 0 640 512\"><path fill=\"currentColor\" d=\"M579.8 267.7c56.5-56.5 56.5-148 0-204.5c-50-50-128.8-56.5-186.3-15.4l-1.6 1.1c-14.4 10.3-17.7 30.3-7.4 44.6s30.3 17.7 44.6 7.4l1.6-1.1c32.1-22.9 76-19.3 103.8 8.6c31.5 31.5 31.5 82.5 0 114L422.3 334.8c-31.5 31.5-82.5 31.5-114 0c-27.9-27.9-31.5-71.8-8.6-103.8l1.1-1.6c10.3-14.4 6.9-34.4-7.4-44.6s-34.4-6.9-44.6 7.4l-1.1 1.6C206.5 251.2 213 330 263 380c56.5 56.5 148 56.5 204.5 0L579.8 267.7zM60.2 244.3c-56.5 56.5-56.5 148 0 204.5c50 50 128.8 56.5 186.3 15.4l1.6-1.1c14.4-10.3 17.7-30.3 7.4-44.6s-30.3-17.7-44.6-7.4l-1.6 1.1c-32.1 22.9-76 19.3-103.8-8.6C74 372 74 321 105.5 289.5L217.7 177.2c31.5-31.5 82.5-31.5 114 0c27.9 27.9 31.5 71.8 8.6 103.9l-1.1 1.6c-10.3 14.4-6.9 34.4 7.4 44.6s34.4 6.9 44.6-7.4l1.1-1.6C433.5 260.8 427 182 377 132c-56.5-56.5-148-56.5-204.5 0L60.2 244.3z\"><\/path><\/svg><\/span><\/strong><\/span><\/p>\n\n\n\n<p class=\"has-large-font-size\"><a href=\"https:\/\/romanistyka.wn.uw.edu.pl\/wp-content\/uploads\/2025\/06\/Zagadnienia-na-rozmowe-kwalifikacyjna-na-studia-stacjonarne-drugiego-stopnia.docx\"><strong>Zagadnienia do rozmowy kwalifikacyjnej (wszyscy kandydaci) <\/strong> <span style=\"text-decoration: underline;\"><strong><span class=\"wp-rich-text-font-awesome-icon wp-font-awesome-icon\"><svg aria-hidden=\"true\" focusable=\"false\" data-prefix=\"fas\" data-icon=\"link\" class=\"svg-inline--fa fa-link \" role=\"img\" xmlns=\"http:\/\/www.w3.org\/2000\/svg\" viewBox=\"0 0 640 512\"><path fill=\"currentColor\" d=\"M579.8 267.7c56.5-56.5 56.5-148 0-204.5c-50-50-128.8-56.5-186.3-15.4l-1.6 1.1c-14.4 10.3-17.7 30.3-7.4 44.6s30.3 17.7 44.6 7.4l1.6-1.1c32.1-22.9 76-19.3 103.8 8.6c31.5 31.5 31.5 82.5 0 114L422.3 334.8c-31.5 31.5-82.5 31.5-114 0c-27.9-27.9-31.5-71.8-8.6-103.8l1.1-1.6c10.3-14.4 6.9-34.4-7.4-44.6s-34.4-6.9-44.6 7.4l-1.1 1.6C206.5 251.2 213 330 263 380c56.5 56.5 148 56.5 204.5 0L579.8 267.7zM60.2 244.3c-56.5 56.5-56.5 148 0 204.5c50 50 128.8 56.5 186.3 15.4l1.6-1.1c14.4-10.3 17.7-30.3 7.4-44.6s-30.3-17.7-44.6-7.4l-1.6 1.1c-32.1 22.9-76 19.3-103.8-8.6C74 372 74 321 105.5 289.5L217.7 177.2c31.5-31.5 82.5-31.5 114 0c27.9 27.9 31.5 71.8 8.6 103.9l-1.1 1.6c-10.3 14.4-6.9 34.4 7.4 44.6s34.4 6.9 44.6-7.4l1.1-1.6C433.5 260.8 427 182 377 132c-56.5-56.5-148-56.5-204.5 0L60.2 244.3z\"><\/path><\/svg><\/span><\/strong><\/span><\/a><\/p>\n\n\n\n<p class=\"is-style-text-subtitle has-large-font-size is-style-text-subtitle--5\">Koordynator rekrutacji IR : dr Anna Opiela-Mrozik<br><br><a href=\"mailto:romanistyka.rekrutacja@wn.uw.edu.pl\"><strong>romanistyka.rekrutacja@wn.uw.edu.pl<\/strong><\/a><\/p>\n\n\n\n<p class=\"has-large-font-size\"><strong>Sekretariat Instytutu Romanistyki<\/strong>, ul. Dobra 55, pok\u00f3j 2.420, tel: (22) 552-04-36, <a href=\"mailto:romanistyka@uw.edu.pl\">romanistyka@uw.edu.pl<\/a><\/p>\n<\/div>\n<\/div>\n\n\n\n<h1 class=\"wp-block-heading\" style=\"padding-top:var(--wp--preset--spacing--60);padding-bottom:var(--wp--preset--spacing--40)\">Foldery informacyjne Instytutu Romanistyki<\/h1>\n\n\n\n<div class=\"wp-block-group has-large-font-size is-vertical is-layout-flex wp-container-core-group-is-layout-fe9cc265 wp-block-group-is-layout-flex\">\n<div class=\"wp-block-file has-border-color has-contrast-border-color has-base-background-color has-background has-link-color wp-elements-b866362f6e100fdba5966a0dff38aa67\" style=\"border-width:2px;padding-top:var(--wp--preset--spacing--30);padding-right:var(--wp--preset--spacing--30);padding-bottom:var(--wp--preset--spacing--30);padding-left:var(--wp--preset--spacing--30)\"><a id=\"wp-block-file--media-ad96f6a7-c608-44d8-9b8f-ad5219ae6b13\" href=\"https:\/\/romanistyka.wn.uw.edu.pl\/wp-content\/uploads\/2025\/05\/seminaria-mgr_IR_25_26-1-1.pdf\">Informacja o seminariach magisterkich w roku 2025\/2026 (dokument PDF)<\/a><\/div>\n\n\n\n<div class=\"wp-block-file has-border-color has-contrast-border-color has-base-background-color has-background has-link-color wp-elements-de2656d6fe4b03a593f21e7b86fae55e\" style=\"border-width:2px;padding-top:var(--wp--preset--spacing--30);padding-right:var(--wp--preset--spacing--30);padding-bottom:var(--wp--preset--spacing--30);padding-left:var(--wp--preset--spacing--30)\"><a id=\"wp-block-file--media-f69ab8cb-c73c-43f8-a0ae-9bebfce31876\" href=\"https:\/\/romanistyka.wn.uw.edu.pl\/wp-content\/uploads\/2025\/05\/Ulotka-romanistyki-dzien-otwarty.pdf\"><span style=\"text-decoration: underline;\">Ulotka IR<\/span> (dokument PDF) <span class=\"wp-rich-text-font-awesome-icon wp-font-awesome-icon\"><svg aria-hidden=\"true\" focusable=\"false\" data-prefix=\"fas\" data-icon=\"paperclip\" class=\"svg-inline--fa fa-paperclip \" role=\"img\" xmlns=\"http:\/\/www.w3.org\/2000\/svg\" viewBox=\"0 0 512 512\"><path fill=\"currentColor\" d=\"M396.2 83.8c-24.4-24.4-64-24.4-88.4 0l-184 184c-42.1 42.1-42.1 110.3 0 152.4s110.3 42.1 152.4 0l152-152c10.9-10.9 28.7-10.9 39.6 0s10.9 28.7 0 39.6l-152 152c-64 64-167.6 64-231.6 0s-64-167.6 0-231.6l184-184c46.3-46.3 121.3-46.3 167.6 0s46.3 121.3 0 167.6l-176 176c-28.6 28.6-75 28.6-103.6 0s-28.6-75 0-103.6l144-144c10.9-10.9 28.7-10.9 39.6 0s10.9 28.7 0 39.6l-144 144c-6.7 6.7-6.7 17.7 0 24.4s17.7 6.7 24.4 0l176-176c24.4-24.4 24.4-64 0-88.4z\"><\/path><\/svg><\/span><\/a><\/div>\n\n\n\n<div class=\"wp-block-file has-border-color has-contrast-border-color has-base-background-color has-background has-link-color wp-elements-46ae6323f899ade6fbaf3e21592d2b6a\" style=\"border-width:2px;padding-top:var(--wp--preset--spacing--30);padding-right:var(--wp--preset--spacing--30);padding-bottom:var(--wp--preset--spacing--30);padding-left:var(--wp--preset--spacing--30)\"><a id=\"wp-block-file--media-a6860f35-3dc7-49ed-bea1-996b5aabcf9b\" href=\"https:\/\/romanistyka.wn.uw.edu.pl\/wp-content\/uploads\/2025\/05\/Folder-romanistyka-dzien-otwarty.pdf\"><span style=\"text-decoration: underline;\">Informacje o studiach <\/span>(dokument PDF) <span class=\"wp-rich-text-font-awesome-icon wp-font-awesome-icon\"><svg aria-hidden=\"true\" focusable=\"false\" data-prefix=\"fas\" data-icon=\"paperclip\" class=\"svg-inline--fa fa-paperclip \" role=\"img\" xmlns=\"http:\/\/www.w3.org\/2000\/svg\" viewBox=\"0 0 512 512\"><path fill=\"currentColor\" d=\"M396.2 83.8c-24.4-24.4-64-24.4-88.4 0l-184 184c-42.1 42.1-42.1 110.3 0 152.4s110.3 42.1 152.4 0l152-152c10.9-10.9 28.7-10.9 39.6 0s10.9 28.7 0 39.6l-152 152c-64 64-167.6 64-231.6 0s-64-167.6 0-231.6l184-184c46.3-46.3 121.3-46.3 167.6 0s46.3 121.3 0 167.6l-176 176c-28.6 28.6-75 28.6-103.6 0s-28.6-75 0-103.6l144-144c10.9-10.9 28.7-10.9 39.6 0s10.9 28.7 0 39.6l-144 144c-6.7 6.7-6.7 17.7 0 24.4s17.7 6.7 24.4 0l176-176c24.4-24.4 24.4-64 0-88.4z\"><\/path><\/svg><\/span><\/a><\/div>\n<\/div>\n\n\n\n<p><\/p>\n","protected":false},"excerpt":{"rendered":"<p>Studia II stopnia Instytut Romanistyki prowadzi nast\u0119puj\u0105ce studia II stopnia: Modu\u0142 og\u00f3lny Pozwala zdoby\u0107 wszechstronn\u0105, pog\u0142\u0119bion\u0105 wiedz\u0119 humanistyczn\u0105 dzi\u0119ki zwi\u0119kszonej liczbie seminari\u00f3w tematycznych i wyk\u0142ad\u00f3w monograficznych z literatury i kultury francuskiej oraz kraj\u00f3w francuskoj\u0119zycznego obszaru kulturowego (m.in. Belgia, Kanada, Afryka P\u00f3\u0142nocna), jak r\u00f3wnie\u017c j\u0119zykoznawstwa, w tym analizy dyskursu i socjolingwistyki. Nie ma dodatkowej wst\u0119pnej kwalifikacji [&hellip;]<\/p>\n","protected":false},"author":1,"featured_media":0,"parent":0,"menu_order":0,"comment_status":"closed","ping_status":"closed","template":"page-no-title","meta":{"footnotes":""},"class_list":["post-749","page","type-page","status-publish","hentry"],"_links":{"self":[{"href":"https:\/\/romanistyka.wn.uw.edu.pl\/index.php\/wp-json\/wp\/v2\/pages\/749","targetHints":{"allow":["GET"]}}],"collection":[{"href":"https:\/\/romanistyka.wn.uw.edu.pl\/index.php\/wp-json\/wp\/v2\/pages"}],"about":[{"href":"https:\/\/romanistyka.wn.uw.edu.pl\/index.php\/wp-json\/wp\/v2\/types\/page"}],"author":[{"embeddable":true,"href":"https:\/\/romanistyka.wn.uw.edu.pl\/index.php\/wp-json\/wp\/v2\/users\/1"}],"replies":[{"embeddable":true,"href":"https:\/\/romanistyka.wn.uw.edu.pl\/index.php\/wp-json\/wp\/v2\/comments?post=749"}],"version-history":[{"count":75,"href":"https:\/\/romanistyka.wn.uw.edu.pl\/index.php\/wp-json\/wp\/v2\/pages\/749\/revisions"}],"predecessor-version":[{"id":7558,"href":"https:\/\/romanistyka.wn.uw.edu.pl\/index.php\/wp-json\/wp\/v2\/pages\/749\/revisions\/7558"}],"wp:attachment":[{"href":"https:\/\/romanistyka.wn.uw.edu.pl\/index.php\/wp-json\/wp\/v2\/media?parent=749"}],"curies":[{"name":"wp","href":"https:\/\/api.w.org\/{rel}","templated":true}]}}