{"id":7060,"date":"2025-11-17T21:45:40","date_gmt":"2025-11-17T21:45:40","guid":{"rendered":"https:\/\/romanistyka.wn.uw.edu.pl\/?page_id=7060"},"modified":"2025-11-17T21:45:40","modified_gmt":"2025-11-17T21:45:40","slug":"program","status":"publish","type":"page","link":"https:\/\/romanistyka.wn.uw.edu.pl\/index.php\/program\/","title":{"rendered":"Program"},"content":{"rendered":"\n<h2 class=\"wp-block-heading\">IV Og\u00f3lnopolska Studencko-Doktorancka Konferencja Naukowa <br>&#8222;J\u0119zyk &#8211; Konflikt &#8211; Wykluczenie&#8221;<\/h2>\n\n\n\n<h3 class=\"wp-block-heading\">27-28 listopada 2025, Wydzia\u0142 Neofilologii, Uniwersytet Warszawski<\/h3>\n\n\n\n<h2 class=\"wp-block-heading\">DZIE\u0143 PIERWSZY (27 LISTOPADA 2025) \/  DAY ONE (NOVEMBER 27, 2025)<\/h2>\n\n\n\n<p class=\"has-large-font-size\" style=\"text-transform:uppercase\"><strong>8:30-9:00: Rejestracja (okolice sali 2.118) <\/strong><br><strong>\/ Registration (Hallway by Room 2.118)<\/strong> <br>(<a href=\"https:\/\/neofilologia.uw.edu.pl\/wp-content\/uploads\/2023\/08\/WN-UW_plan_budynku_1-4.pdf\">PLAN BUDYNKU<\/a>)<\/p>\n\n\n\n<p class=\"has-large-font-size\" style=\"text-transform:uppercase\"><strong>9:00-10:00: Rozpocz\u0119cie Konferencji (2.118)<\/strong> <br>\/<strong> Conference Opening (room 2.118) <\/strong><br>(<a href=\"https:\/\/neofilologia.uw.edu.pl\/wp-content\/uploads\/2023\/08\/WN-UW_plan_budynku_1-4.pdf\">PLAN BUDYNKU<\/a>)<\/p>\n\n\n\n<p class=\"has-large-font-size\"><strong>10:00-11:30: SESJA 1 | SESSION 1<\/strong><\/p>\n\n\n\n<details class=\"wp-block-details is-layout-flow wp-block-details-is-layout-flow\"><summary><strong>Panel I : Literackie granice j\u0119zyka i podmiotowo\u015bci<\/strong><br><strong>Sala 1.023 <\/strong>(<a href=\"https:\/\/neofilologia.uw.edu.pl\/wp-content\/uploads\/2023\/08\/WN-UW_plan_budynku_1-3.pdf\">PLAN BUDYNKU<\/a>)<\/summary><\/details>\n\n\n\n<p>moderacja: dr Micha\u0142 Obszy\u0144ski (UW)<\/p>\n\n\n\n<p><strong>Atopia granicy a aporia prawa \u2013 literacka topologia na podstawie \u201ePrzed prawem\u201d Franza Kafki, <\/strong><br>Daria Kondraciuk, Uniwersytet Warszawski<\/p>\n\n\n\n<p><strong>Miejski labirynt jako metafora j\u0119zyka? Dialogiczno\u015b\u0107 i przestrze\u0144 w wytwarzaniu podmiotowo\u015bci bohater\u00f3w \u201eTrylogii nowojorskiej\u201d Paula Austera<\/strong>, Pawe\u0142 Piestrzeniewicz, Uniwersytet Warszawski<\/p>\n\n\n\n<p><strong>Obraz wykreowany. Warto\u015bciowanie postaci kobiecych w narracji \u201eLolity\u201d Vladimira Nabokova<\/strong>, Nicol Bortko, Uniwersytet Wroc\u0142awski<\/p>\n\n\n\n<p>ONLINE: <strong>W nieporozumieniu z samym: b\u0142\u0119dy w komunikacji intrapersonalnej, Izabela Hura<\/strong>, Uniwersytet Bielsko-Bialski<br><\/p>\n\n\n\n<p><\/p>\n","protected":false},"excerpt":{"rendered":"<p>IV Og\u00f3lnopolska Studencko-Doktorancka Konferencja Naukowa &#8222;J\u0119zyk &#8211; Konflikt &#8211; Wykluczenie&#8221; 27-28 listopada 2025, Wydzia\u0142 Neofilologii, Uniwersytet Warszawski DZIE\u0143 PIERWSZY (27 LISTOPADA 2025) \/ DAY ONE (NOVEMBER 27, 2025) 8:30-9:00: Rejestracja (okolice sali 2.118) \/ Registration (Hallway by Room 2.118) (PLAN BUDYNKU) 9:00-10:00: Rozpocz\u0119cie Konferencji (2.118) \/ Conference Opening (room 2.118) (PLAN BUDYNKU) 10:00-11:30: SESJA 1 [&hellip;]<\/p>\n","protected":false},"author":15,"featured_media":0,"parent":0,"menu_order":0,"comment_status":"closed","ping_status":"closed","template":"","meta":{"footnotes":""},"class_list":["post-7060","page","type-page","status-publish","hentry"],"_links":{"self":[{"href":"https:\/\/romanistyka.wn.uw.edu.pl\/index.php\/wp-json\/wp\/v2\/pages\/7060","targetHints":{"allow":["GET"]}}],"collection":[{"href":"https:\/\/romanistyka.wn.uw.edu.pl\/index.php\/wp-json\/wp\/v2\/pages"}],"about":[{"href":"https:\/\/romanistyka.wn.uw.edu.pl\/index.php\/wp-json\/wp\/v2\/types\/page"}],"author":[{"embeddable":true,"href":"https:\/\/romanistyka.wn.uw.edu.pl\/index.php\/wp-json\/wp\/v2\/users\/15"}],"replies":[{"embeddable":true,"href":"https:\/\/romanistyka.wn.uw.edu.pl\/index.php\/wp-json\/wp\/v2\/comments?post=7060"}],"version-history":[{"count":2,"href":"https:\/\/romanistyka.wn.uw.edu.pl\/index.php\/wp-json\/wp\/v2\/pages\/7060\/revisions"}],"predecessor-version":[{"id":7062,"href":"https:\/\/romanistyka.wn.uw.edu.pl\/index.php\/wp-json\/wp\/v2\/pages\/7060\/revisions\/7062"}],"wp:attachment":[{"href":"https:\/\/romanistyka.wn.uw.edu.pl\/index.php\/wp-json\/wp\/v2\/media?parent=7060"}],"curies":[{"name":"wp","href":"https:\/\/api.w.org\/{rel}","templated":true}]}}