{"id":657,"date":"2023-02-06T13:40:18","date_gmt":"2023-02-06T13:40:18","guid":{"rendered":"https:\/\/romanistyka.wn.uw.edu.pl\/?page_id=657"},"modified":"2026-04-17T19:50:21","modified_gmt":"2026-04-17T19:50:21","slug":"studia-i-stopnia","status":"publish","type":"page","link":"https:\/\/romanistyka.wn.uw.edu.pl\/index.php\/studia-i-stopnia\/","title":{"rendered":"Studia I stopnia"},"content":{"rendered":"\n<h1 class=\"wp-block-heading has-xx-large-font-size\" style=\"padding-top:var(--wp--preset--spacing--60)\"><strong>Studia I stopnia<\/strong><\/h1>\n\n\n\n<p class=\"has-large-font-size\">Instytut Romanistyki prowadzi studia I stopnia dla kandydat\u00f3w<\/p>\n\n\n\n<ul class=\"wp-block-list\">\n<li>ze znajomo\u015bci\u0105 j\u0119zyka francuskiego<\/li>\n\n\n\n<li>bez znajomo\u015bci j\u0119zyka francuskiego<\/li>\n<\/ul>\n\n\n\n<h1 class=\"wp-block-heading has-x-large-font-size\" style=\"padding-top:var(--wp--preset--spacing--50)\"><strong>Podstawowe informacje<\/strong><\/h1>\n\n\n\n<p class=\"has-large-font-size\">Odpowiednie informacje znajduj\u0105 si\u0119 w poni\u017cszych zak\u0142adkach. Pojawi\u0105 si\u0119 po klikni\u0119ciu wybranego nag\u0142\u00f3wka.<\/p>\n\n\n\n<details class=\"wp-block-details is-layout-flow wp-block-details-is-layout-flow\" style=\"padding-top:0;padding-bottom:0;font-style:normal;font-weight:600\"><summary><strong>Dla kandydat\u00f3w znaj\u0105cych j\u0119zyk francuski<\/strong><\/summary>\n<p class=\"has-large-font-size\" style=\"font-style:normal;font-weight:400\">Grupy&nbsp;<strong>J\u0119zyk francuski zaawansowany (\u201ez\u201d)<\/strong>&nbsp;s\u0105 prowadzone tylko na studiach stacjonarnych. Na zaj\u0119ciach z praktycznej nauki j\u0119zyka grupy s\u0105 poziomowane i dostosowane do potrzeb j\u0119zykowych uczestnik\u00f3w. Zaj\u0119cia specjalistyczne, np. literaturoznawcze, odbywaj\u0105 si\u0119 po francusku od pierwszego semestru studi\u00f3w. Studenci mog\u0105 wybra\u0107 jeden z dw\u00f3ch program\u00f3w studi\u00f3w:<\/p>\n\n\n\n<p class=\"has-large-font-size\" style=\"font-style:normal;font-weight:400\"><strong>Program og\u00f3lny<\/strong><br>Rozwija bieg\u0142o\u015b\u0107 j\u0119zykow\u0105 student\u00f3w i wszechstronnie poszerza wiedz\u0119 z zakresu filologii roma\u0144skiej. Studenci poznaj\u0105 literatur\u0119, histori\u0119 i kultur\u0119 Francji, Belgii, Szwajcarii, Kanady, kraj\u00f3w Afryki P\u00f3\u0142nocnej i innych obszar\u00f3w francuskoj\u0119zycznych. Zdobywaj\u0105 tak\u017ce wiedz\u0119 o j\u0119zyku i komunikacji, a zaj\u0119cia z praktycznej nauki j\u0119zyka obejmuj\u0105 wprowadzenie do specjalistycznych odmian j\u0119zyka (j\u0119zyk medycyny, ekonomii, dyplomacji, kulinarny\u2026) i przek\u0142adu.<\/p>\n\n\n\n<p class=\"has-large-font-size\" style=\"font-style:normal;font-weight:400\"><strong>Program z modu\u0142em metodycznym<\/strong><br>Oparty na programie og\u00f3lnym. Jest przeznaczony dla os\u00f3b planuj\u0105cych uzyskanie uprawnie\u0144 do nauczania j\u0119zyka francuskiego na pierwszym etapie edukacyjnym. Modu\u0142 metodyczny realizowany od drugiego semestru I roku.<\/p>\n<\/details>\n\n\n\n<details class=\"wp-block-details is-layout-flow wp-block-details-is-layout-flow\" style=\"font-style:normal;font-weight:700\"><summary><strong>Dla kandydat\u00f3w bez znajomo\u015bci j\u0119zyka francuskiego<\/strong><\/summary>\n<p class=\"has-large-font-size\" style=\"font-style:normal;font-weight:400\">Grupy&nbsp;<strong>J\u0119zyk francuski od podstaw (\u201ep\u201d)&nbsp;<\/strong>s\u0105 przeznaczone dla os\u00f3b, kt\u00f3re dopiero rozpoczynaj\u0105 nauk\u0119 tego j\u0119zyka. Studenci maj\u0105 mo\u017cliwo\u015b\u0107 wszechstronnego rozwoju w zakresie filologii roma\u0144skiej. Poznaj\u0105 literatur\u0119, histori\u0119 i kultur\u0119 Francji, Belgii, Szwajcarii, Kanady, kraj\u00f3w Afryki P\u00f3\u0142nocnej i innych obszar\u00f3w francuskoj\u0119zycznych. Zdobywaj\u0105 wiedz\u0119 o j\u0119zyku i komunikacji.<br>Program studi\u00f3w obejmuje rozszerzon\u0105 liczb\u0119 godzin praktycznej nauki j\u0119zyka francuskiego, w tym wprowadzenie do specjalistycznych odmian j\u0119zyka (j\u0119zyk medycyny, ekonomii, dyplomacji, kulinarny\u2026). Na zaj\u0119ciach specjalistycznych, np. literaturoznawczych, j\u0119zyk francuski jest wprowadzany stopniowo. Studenci trzeciego roku uczestnicz\u0105 we wsp\u00f3lnych zaj\u0119ciach dla wszystkich grup, kt\u00f3re odbywaj\u0105 si\u0119 wy\u0142\u0105cznie w j\u0119zyku francuskim.<\/p>\n<\/details>\n\n\n\n<details class=\"wp-block-details is-layout-flow wp-block-details-is-layout-flow\" style=\"font-style:normal;font-weight:600\"><summary><strong>Studia niestacjonarne<\/strong><\/summary>\n<p class=\"has-large-font-size\" style=\"font-style:normal;font-weight:400\">Je\u015bli chcesz nauczy\u0107 si\u0119 francuskiego od podstaw, ale pracujesz, mo\u017cesz wybra\u0107 studia licencjackie niestacjonarne (wieczorowe). Zaj\u0119cia odbywaj\u0105 si\u0119 od poniedzia\u0142ku do pi\u0105tku w godz. 13.00-20.00 (z mo\u017cliwo\u015bci\u0105 wyboru zaj\u0119\u0107 w godzinach wcze\u015bniejszych).<\/p>\n\n\n\n<p class=\"has-large-font-size\"><\/p>\n<\/details>\n\n\n\n<p class=\"has-x-large-font-size\"><\/p>\n\n\n\n<p><\/p>\n\n\n\n<p class=\"has-xx-large-font-size\"><strong>Studia stacjonarne<\/strong><\/p>\n\n\n\n<h3 class=\"wp-block-heading has-x-large-font-size\" style=\"padding-top:var(--wp--preset--spacing--50);padding-bottom:var(--wp--preset--spacing--30)\"><strong>Uwaga!<\/strong> <\/h3>\n\n\n\n<p class=\"has-large-font-size\">W przypadku studi\u00f3w stacjonarnych, zasady rekrutacji s\u0105 <strong>identyczne dla wszystkich kandydat\u00f3w<\/strong>, a&nbsp;<strong>podzia\u0142 na grupy w zale\u017cno\u015bci od stopnia znajomo\u015bci j\u0119zyka odbywa si\u0119 po przyj\u0119ciu na studia na podstawie testu poziomuj\u0105cego przeprowadzanego podczas dni adaptacyjnych.<\/strong><\/p>\n\n\n\n<p class=\"has-large-font-size\">W post\u0119powaniu kwalifikacyjnym <strong>przedmiotami wymaganymi s\u0105 j\u0119zyk polski i matematyka oraz j\u0119zyk obcy na poziomie rozszerzonym<\/strong>. Kandydat mo\u017ce wskaza\u0107 j\u0119zyk francuski lub inny j\u0119zyk do wyboru z podanej listy. J\u0119zyk francuski mo\u017ce by\u0107 ponadto wskazany jako przedmiot punktowany, czyli taki, za kt\u00f3ry kandydat otrzymuje dodatkowe punkty. Brak punkt\u00f3w z tego przedmiotu nie przekre\u015bla mo\u017cliwo\u015bci ubiegania si\u0119 o przyj\u0119cie na studia.<\/p>\n\n\n\n<h3 class=\"wp-block-heading has-x-large-font-size\" style=\"padding-top:var(--wp--preset--spacing--50)\"><strong>Kandydaci z matur\u0105 2005-202<\/strong>6<\/h3>\n\n\n\n<p class=\"has-large-font-size\">Pr\u00f3g kwalifikacji: 50 pkt.<\/p>\n\n\n\n<figure class=\"wp-block-table\"><table class=\"has-fixed-layout\"><tbody><tr><td>Przedmiot wymagany &nbsp; <strong>J\u0119zyk polski<\/strong> &nbsp; <br>P. podstawowy x 0,6<br>albo P. rozszerzony X 1<\/td><td>Przedmiot wymagany &nbsp; <strong>Matematyka<\/strong> &nbsp; <br>P. podstawowy x 0,6 albo P. rozszerzony X 1<\/td><td>Przedmiot wymagany &nbsp; Jeden j\u0119zyk obcy do wyboru z:<br><strong>j. angielski<\/strong>, <strong>j. niemiecki<\/strong>,<br><strong>j. francuski, j. rosyjski<\/strong>,<br><strong>j. hiszpa\u0144ski<\/strong>, <strong>j.<\/strong> <strong>w\u0142oski<\/strong>,<br><strong>j. portugalski<\/strong>, <strong>j.<\/strong> <strong>szwedzki<\/strong>,<br><strong>j. s\u0142owacki<\/strong> &nbsp; <br>P. rozszerzony x 1<\/td><td>Przedmiot punktowany &nbsp; J\u0119zyk francuski &nbsp; <br>P. rozszerzony x 1<\/td><\/tr><tr><td>waga = 5%<\/td><td>waga = 15%<\/td><td>waga = 60%<\/td><td>waga = 20%<\/td><\/tr><\/tbody><\/table><\/figure>\n\n\n\n<p class=\"has-large-font-size\">W kolumnach 3 i 4 mo\u017cna uwzgl\u0119dni\u0107 dwukrotnie j\u0119zyk francuski.<\/p>\n\n\n\n<p class=\"has-large-font-size\" style=\"text-decoration:underline\"><a href=\"https:\/\/irk.uw.edu.pl\/pl\/offer\/PELNE2026\/programme\/S1-FLR\/?from=registration:PELNE2026\"><strong>Wi\u0119cej informacji o zasadach kwalifikacji na studia stacjonarne<\/strong><\/a> <span class=\"wp-rich-text-font-awesome-icon wp-font-awesome-icon\"><svg aria-hidden=\"true\" focusable=\"false\" data-prefix=\"fas\" data-icon=\"link\" class=\"svg-inline--fa fa-link \" role=\"img\" xmlns=\"http:\/\/www.w3.org\/2000\/svg\" viewBox=\"0 0 640 512\"><path fill=\"currentColor\" d=\"M579.8 267.7c56.5-56.5 56.5-148 0-204.5c-50-50-128.8-56.5-186.3-15.4l-1.6 1.1c-14.4 10.3-17.7 30.3-7.4 44.6s30.3 17.7 44.6 7.4l1.6-1.1c32.1-22.9 76-19.3 103.8 8.6c31.5 31.5 31.5 82.5 0 114L422.3 334.8c-31.5 31.5-82.5 31.5-114 0c-27.9-27.9-31.5-71.8-8.6-103.8l1.1-1.6c10.3-14.4 6.9-34.4-7.4-44.6s-34.4-6.9-44.6 7.4l-1.1 1.6C206.5 251.2 213 330 263 380c56.5 56.5 148 56.5 204.5 0L579.8 267.7zM60.2 244.3c-56.5 56.5-56.5 148 0 204.5c50 50 128.8 56.5 186.3 15.4l1.6-1.1c14.4-10.3 17.7-30.3 7.4-44.6s-30.3-17.7-44.6-7.4l-1.6 1.1c-32.1 22.9-76 19.3-103.8-8.6C74 372 74 321 105.5 289.5L217.7 177.2c31.5-31.5 82.5-31.5 114 0c27.9 27.9 31.5 71.8 8.6 103.9l-1.1 1.6c-10.3 14.4-6.9 34.4 7.4 44.6s34.4 6.9 44.6-7.4l1.1-1.6C433.5 260.8 427 182 377 132c-56.5-56.5-148-56.5-204.5 0L60.2 244.3z\"><\/path><\/svg><\/span><\/p>\n\n\n\n<p><\/p>\n\n\n\n<p class=\"has-x-large-font-size\"><strong>Studia niestacjonarne<\/strong><\/p>\n\n\n\n<figure class=\"wp-block-table\"><table class=\"has-fixed-layout\"><tbody><tr><td>Przedmiot wymagany <br><strong>J\u0119zyk polski<\/strong> <br>P. podstawowy x 0,6<br>albo<br>P. rozszerzony x 1<\/td><td>Przedmiot wymagany <br><strong>Matematyka<\/strong> <br>P. podstawowy x 0,6<br>albo<br>P. rozszerzony x 1<\/td><td><br>Przedmiot wymagany<br>Jeden j\u0119zyk obcy do wyboru z:<br><strong>j. angielski, j. niemiecki, j. rosyjski,<br>j. hiszpa\u0144ski, j. w\u0142oski, j. portugalski,<br>j. szwedzki, j. s\u0142owacki, j. ukrai\u0144ski<\/strong> <br>P. rozszerzony x 1<\/td><\/tr><tr><td>waga = 5%<\/td><td>waga = 15%<\/td><td>waga = 80%<\/td><\/tr><\/tbody><\/table><\/figure>\n\n\n\n<p class=\"has-large-font-size\">W post\u0119powaniu kwalifikacyjnym na studia niestacjonarne <strong>przedmiotami wymaganymi s\u0105 j\u0119zyk polski i matematyka oraz j\u0119zyk obcy na poziomie rozszerzonym<\/strong>. Kandydat mo\u017ce wskaza\u0107 j\u0119zyk francuski lub inny j\u0119zyk do wyboru z podanej listy. <\/p>\n\n\n\n<p class=\"has-large-font-size\"><a href=\"https:\/\/irk.uw.edu.pl\/pl\/offer\/PELNE2026\/programme\/NW1-FLR\/?from=registration:PELNE2026\"><strong>Wi\u0119cej informacji o zasadach kwalifikacji na studia niestacjonarne<\/strong><\/a> <span class=\"wp-rich-text-font-awesome-icon wp-font-awesome-icon\"><svg aria-hidden=\"true\" focusable=\"false\" data-prefix=\"fas\" data-icon=\"link\" class=\"svg-inline--fa fa-link \" role=\"img\" xmlns=\"http:\/\/www.w3.org\/2000\/svg\" viewBox=\"0 0 640 512\"><path fill=\"currentColor\" d=\"M579.8 267.7c56.5-56.5 56.5-148 0-204.5c-50-50-128.8-56.5-186.3-15.4l-1.6 1.1c-14.4 10.3-17.7 30.3-7.4 44.6s30.3 17.7 44.6 7.4l1.6-1.1c32.1-22.9 76-19.3 103.8 8.6c31.5 31.5 31.5 82.5 0 114L422.3 334.8c-31.5 31.5-82.5 31.5-114 0c-27.9-27.9-31.5-71.8-8.6-103.8l1.1-1.6c10.3-14.4 6.9-34.4-7.4-44.6s-34.4-6.9-44.6 7.4l-1.1 1.6C206.5 251.2 213 330 263 380c56.5 56.5 148 56.5 204.5 0L579.8 267.7zM60.2 244.3c-56.5 56.5-56.5 148 0 204.5c50 50 128.8 56.5 186.3 15.4l1.6-1.1c14.4-10.3 17.7-30.3 7.4-44.6s-30.3-17.7-44.6-7.4l-1.6 1.1c-32.1 22.9-76 19.3-103.8-8.6C74 372 74 321 105.5 289.5L217.7 177.2c31.5-31.5 82.5-31.5 114 0c27.9 27.9 31.5 71.8 8.6 103.9l-1.1 1.6c-10.3 14.4-6.9 34.4 7.4 44.6s34.4 6.9 44.6-7.4l1.1-1.6C433.5 260.8 427 182 377 132c-56.5-56.5-148-56.5-204.5 0L60.2 244.3z\"><\/path><\/svg><\/span><\/p>\n\n\n\n<h2 class=\"wp-block-heading has-xx-large-font-size\" style=\"padding-top:var(--wp--preset--spacing--50);padding-bottom:0\"><strong>Harmonogram rekrutacji<\/strong><\/h2>\n\n\n\n<p class=\"has-large-font-size\">Zapisy odbywaj\u0105 si\u0119 na <a href=\"https:\/\/irk.uw.edu.pl\/pl\/offer\/PELNE2026\/programme\/S1-FLR\/?from=registration:PELNE2026\">stronie internetowej IRK<\/a> <span class=\"wp-rich-text-font-awesome-icon wp-font-awesome-icon\"><svg aria-hidden=\"true\" focusable=\"false\" data-prefix=\"fas\" data-icon=\"link\" class=\"svg-inline--fa fa-link \" role=\"img\" xmlns=\"http:\/\/www.w3.org\/2000\/svg\" viewBox=\"0 0 640 512\"><path fill=\"currentColor\" d=\"M579.8 267.7c56.5-56.5 56.5-148 0-204.5c-50-50-128.8-56.5-186.3-15.4l-1.6 1.1c-14.4 10.3-17.7 30.3-7.4 44.6s30.3 17.7 44.6 7.4l1.6-1.1c32.1-22.9 76-19.3 103.8 8.6c31.5 31.5 31.5 82.5 0 114L422.3 334.8c-31.5 31.5-82.5 31.5-114 0c-27.9-27.9-31.5-71.8-8.6-103.8l1.1-1.6c10.3-14.4 6.9-34.4-7.4-44.6s-34.4-6.9-44.6 7.4l-1.1 1.6C206.5 251.2 213 330 263 380c56.5 56.5 148 56.5 204.5 0L579.8 267.7zM60.2 244.3c-56.5 56.5-56.5 148 0 204.5c50 50 128.8 56.5 186.3 15.4l1.6-1.1c14.4-10.3 17.7-30.3 7.4-44.6s-30.3-17.7-44.6-7.4l-1.6 1.1c-32.1 22.9-76 19.3-103.8-8.6C74 372 74 321 105.5 289.5L217.7 177.2c31.5-31.5 82.5-31.5 114 0c27.9 27.9 31.5 71.8 8.6 103.9l-1.1 1.6c-10.3 14.4-6.9 34.4 7.4 44.6s34.4 6.9 44.6-7.4l1.1-1.6C433.5 260.8 427 182 377 132c-56.5-56.5-148-56.5-204.5 0L60.2 244.3z\"><\/path><\/svg><\/span>.<\/p>\n\n\n\n<div class=\"wp-block-group has-contrast-color has-base-background-color has-text-color has-background has-link-color wp-elements-6f11a8c6df02570e2c16134f8e2a1173 has-global-padding is-content-justification-left is-layout-constrained wp-container-core-group-is-layout-2b332e8c wp-block-group-is-layout-constrained\" style=\"border-width:2px;padding-top:var(--wp--preset--spacing--50);padding-right:var(--wp--preset--spacing--50);padding-bottom:var(--wp--preset--spacing--50);padding-left:var(--wp--preset--spacing--50);line-height:1.7;box-shadow:var(--wp--preset--shadow--sharp)\">\n<p class=\"has-large-font-size\"><strong>Pierwsza tura zapis\u00f3w: 09.06.2026 \u2013 09.07.2026<\/strong><\/p>\n\n\n\n<p class=\"has-large-font-size\"><strong>Og\u0142oszenie wynik\u00f3w: 22.07.2026<\/strong><\/p>\n\n\n\n<p class=\"has-large-font-size\"><strong>Przyjmowanie dokument\u00f3w: <\/strong><\/p>\n\n\n\n<ul class=\"wp-block-list\">\n<li><strong>I termin: 23-24, 27.07<\/strong><\/li>\n\n\n\n<li><strong>II termin: 28.07-29.07 (w przypadku niewype\u0142nienia limit\u00f3w w I terminie)<\/strong><\/li>\n\n\n\n<li><strong>III termin: 30.07-31.07 (w przypadku niewype\u0142nienia limit\u00f3w w II terminie)<\/strong><\/li>\n<\/ul>\n<\/div>\n\n\n\n<p class=\"has-large-font-size\" style=\"padding-top:var(--wp--preset--spacing--30)\">LIMIT MIEJSC NA STUDIACH STACJONARNYCH: 113<\/p>\n\n\n\n<p class=\"has-large-font-size\">LIMIT MIEJSC NA STUDIACH NIESTACJONARNYCH: 20<\/p>\n\n\n\n<p class=\"has-large-font-size\" style=\"padding-top:var(--wp--preset--spacing--30)\">Przyjmowanie dokument\u00f3w: ul. Dobra 55, pok\u00f3j 2.415, 2 pi\u0119tro<\/p>\n\n\n\n<h2 class=\"wp-block-heading\" style=\"padding-top:var(--wp--preset--spacing--50)\"><strong>Upowa\u017cnienie<\/strong> : <a href=\"https:\/\/romanistyka.wn.uw.edu.pl\/wp-content\/uploads\/2023\/09\/upowaznienie-2.pdf\"><span style=\"text-decoration: underline;\">wz\u00f3r upowa\u017cnienia do pobrania<\/span><\/a> <span class=\"wp-rich-text-font-awesome-icon wp-font-awesome-icon\"><svg aria-hidden=\"true\" focusable=\"false\" data-prefix=\"fas\" data-icon=\"up-right-from-square\" class=\"svg-inline--fa fa-up-right-from-square \" role=\"img\" xmlns=\"http:\/\/www.w3.org\/2000\/svg\" viewBox=\"0 0 512 512\"><path fill=\"currentColor\" d=\"M352 0c-12.9 0-24.6 7.8-29.6 19.8s-2.2 25.7 6.9 34.9L370.7 96 201.4 265.4c-12.5 12.5-12.5 32.8 0 45.3s32.8 12.5 45.3 0L416 141.3l41.4 41.4c9.2 9.2 22.9 11.9 34.9 6.9s19.8-16.6 19.8-29.6V32c0-17.7-14.3-32-32-32H352zM80 32C35.8 32 0 67.8 0 112V432c0 44.2 35.8 80 80 80H400c44.2 0 80-35.8 80-80V320c0-17.7-14.3-32-32-32s-32 14.3-32 32V432c0 8.8-7.2 16-16 16H80c-8.8 0-16-7.2-16-16V112c0-8.8 7.2-16 16-16H192c17.7 0 32-14.3 32-32s-14.3-32-32-32H80z\"><\/path><\/svg><\/span><\/h2>\n\n\n\n<p class=\"has-large-font-size\">Aby upowa\u017cni\u0107 osob\u0119 do z\u0142o\u017cenia kompletu dokument\u00f3w wymaganych do przyj\u0119cia na I rok studi\u00f3w.<\/p>\n\n\n\n<h3 class=\"wp-block-heading has-x-large-font-size\" style=\"padding-top:var(--wp--preset--spacing--50);padding-bottom:var(--wp--preset--spacing--30)\"><strong>Przeniesienie z innych filologii roma\u0144skich<\/strong><\/h3>\n\n\n\n<p class=\"has-large-font-size\">Istnieje mo\u017cliwo\u015b\u0107 podj\u0119cia studi\u00f3w w Instytucie Romanistyki przez student\u00f3w innych filologii roma\u0144skich. Przeniesienie jest mo\u017cliwe jest po I roku studi\u00f3w dla kandydat\u00f3w, kt\u00f3rzy osi\u0105gn\u0119li \u015bredni\u0105 co najmniej 4.0 i otrzymali ocen\u0119 co najmniej 4 z przedmiotu Praktyczna nauka j\u0119zyka francuskiego. W niekt\u00f3rych przypadkach osoby przyj\u0119te b\u0119d\u0105 zobowi\u0105zane do uzupe\u0142nienia r\u00f3\u017cnic programowych (maksymalnie 4).<br>Zainteresowanych prosimy o kontakt z Kierownikiem Studi\u00f3w w IR.<\/p>\n\n\n\n<div class=\"wp-block-columns is-layout-flex wp-container-core-columns-is-layout-008400e6 wp-block-columns-is-layout-flex\" style=\"margin-top:var(--wp--preset--spacing--60);margin-bottom:0\">\n<div class=\"wp-block-column has-contrast-color has-base-background-color has-text-color has-background has-link-color wp-elements-b6aa35b4665c9dad556d799cb284c469 is-layout-flow wp-block-column-is-layout-flow\" style=\"border-width:2px;padding-top:var(--wp--preset--spacing--50);padding-right:var(--wp--preset--spacing--50);padding-bottom:var(--wp--preset--spacing--50);padding-left:var(--wp--preset--spacing--50);box-shadow:var(--wp--preset--shadow--sharp)\">\n<h2 class=\"wp-block-heading has-x-large-font-size\"><strong>Dodatkowe informacje o rekrutacji<\/strong><\/h2>\n\n\n\n<p class=\"has-large-font-size\"><a href=\"https:\/\/irk.uw.edu.pl\/pl\/offer\/PELNE2026\/programme\/S1-FLR\/?from=registration:PELNE2026\"><strong>Wi\u0119cej informacji o rekrutacji na studia stacjonarne I stopnia<\/strong><\/a><\/p>\n\n\n\n<p class=\"has-large-font-size\"><a href=\"https:\/\/irk.uw.edu.pl\/pl\/offer\/PELNE2026\/programme\/NW1-FLR\/?from=registration:PELNE2026\"><strong>Wi\u0119cej informacji o rekrutacji na studia niestacjonarne I stopnia<\/strong><\/a><\/p>\n\n\n\n<p class=\"has-large-font-size\"><strong>Koordynator rekrutacji IR : dr Anna Opiela-Mrozik<br><\/strong><a href=\"mailto:romanistyka.rekrutacja@wn.uw.edu.pl\"><strong>romanistyka.rekrutacja@wn.uw.edu.pl<\/strong><\/a><\/p>\n\n\n\n<h2 class=\"wp-block-heading is-style-text-subtitle has-large-font-size is-style-text-subtitle--1\" style=\"padding-top:0;padding-bottom:0;line-height:1.7\"><strong>Sekretariat Instytutu Romanistyki, ul. Dobra 55, pok\u00f3j 2.420, tel: (22) 552-04-36, <a href=\"mailto:romanistyka@uw.edu.pl\">romanistyka@uw.edu.pl<\/a><\/strong><\/h2>\n<\/div>\n<\/div>\n\n\n\n<h1 class=\"wp-block-heading\" style=\"padding-top:var(--wp--preset--spacing--60);padding-bottom:var(--wp--preset--spacing--40)\">Foldery informacyjne Instytutu Romanistyki<\/h1>\n\n\n\n<div class=\"wp-block-group has-large-font-size is-vertical is-layout-flex wp-container-core-group-is-layout-fe9cc265 wp-block-group-is-layout-flex\">\n<div class=\"wp-block-file has-border-color has-contrast-border-color has-base-background-color has-background has-link-color wp-elements-6f619ffdc097d61eacc7029cde3303ac\" style=\"border-width:2px;padding-top:var(--wp--preset--spacing--30);padding-right:var(--wp--preset--spacing--30);padding-bottom:var(--wp--preset--spacing--30);padding-left:var(--wp--preset--spacing--30)\"><a id=\"wp-block-file--media-fa5428ad-621b-45b4-9e7d-02e5cc5195a6\" href=\"https:\/\/romanistyka.wn.uw.edu.pl\/wp-content\/uploads\/2026\/04\/DL-sklad-_C_ulotka_romanistyka-2026-1.pdf\">DL sk\u0142ad _C_ulotka_romanistyka 2026<\/a><\/div>\n\n\n\n<div class=\"wp-block-file has-border-color has-contrast-border-color has-base-background-color has-background has-link-color wp-elements-46ae6323f899ade6fbaf3e21592d2b6a\" style=\"border-width:2px;padding-top:var(--wp--preset--spacing--30);padding-right:var(--wp--preset--spacing--30);padding-bottom:var(--wp--preset--spacing--30);padding-left:var(--wp--preset--spacing--30)\"><a id=\"wp-block-file--media-a6860f35-3dc7-49ed-bea1-996b5aabcf9b\" href=\"https:\/\/romanistyka.wn.uw.edu.pl\/wp-content\/uploads\/2025\/05\/Folder-romanistyka-dzien-otwarty.pdf\"><span style=\"text-decoration: underline;\">Informacje o studiach <\/span>(dokument PDF) <span class=\"wp-rich-text-font-awesome-icon wp-font-awesome-icon\"><svg aria-hidden=\"true\" focusable=\"false\" data-prefix=\"fas\" data-icon=\"paperclip\" class=\"svg-inline--fa fa-paperclip \" role=\"img\" xmlns=\"http:\/\/www.w3.org\/2000\/svg\" viewBox=\"0 0 512 512\"><path fill=\"currentColor\" d=\"M396.2 83.8c-24.4-24.4-64-24.4-88.4 0l-184 184c-42.1 42.1-42.1 110.3 0 152.4s110.3 42.1 152.4 0l152-152c10.9-10.9 28.7-10.9 39.6 0s10.9 28.7 0 39.6l-152 152c-64 64-167.6 64-231.6 0s-64-167.6 0-231.6l184-184c46.3-46.3 121.3-46.3 167.6 0s46.3 121.3 0 167.6l-176 176c-28.6 28.6-75 28.6-103.6 0s-28.6-75 0-103.6l144-144c10.9-10.9 28.7-10.9 39.6 0s10.9 28.7 0 39.6l-144 144c-6.7 6.7-6.7 17.7 0 24.4s17.7 6.7 24.4 0l176-176c24.4-24.4 24.4-64 0-88.4z\"><\/path><\/svg><\/span><\/a><\/div>\n<\/div>\n","protected":false},"excerpt":{"rendered":"<p>Studia I stopnia Instytut Romanistyki prowadzi studia I stopnia dla kandydat\u00f3w Podstawowe informacje Odpowiednie informacje znajduj\u0105 si\u0119 w poni\u017cszych zak\u0142adkach. Pojawi\u0105 si\u0119 po klikni\u0119ciu wybranego nag\u0142\u00f3wka. Studia stacjonarne Uwaga! W przypadku studi\u00f3w stacjonarnych, zasady rekrutacji s\u0105 identyczne dla wszystkich kandydat\u00f3w, a&nbsp;podzia\u0142 na grupy w zale\u017cno\u015bci od stopnia znajomo\u015bci j\u0119zyka odbywa si\u0119 po przyj\u0119ciu na studia [&hellip;]<\/p>\n","protected":false},"author":1,"featured_media":0,"parent":0,"menu_order":0,"comment_status":"closed","ping_status":"closed","template":"page-no-title","meta":{"footnotes":""},"class_list":["post-657","page","type-page","status-publish","hentry"],"_links":{"self":[{"href":"https:\/\/romanistyka.wn.uw.edu.pl\/index.php\/wp-json\/wp\/v2\/pages\/657","targetHints":{"allow":["GET"]}}],"collection":[{"href":"https:\/\/romanistyka.wn.uw.edu.pl\/index.php\/wp-json\/wp\/v2\/pages"}],"about":[{"href":"https:\/\/romanistyka.wn.uw.edu.pl\/index.php\/wp-json\/wp\/v2\/types\/page"}],"author":[{"embeddable":true,"href":"https:\/\/romanistyka.wn.uw.edu.pl\/index.php\/wp-json\/wp\/v2\/users\/1"}],"replies":[{"embeddable":true,"href":"https:\/\/romanistyka.wn.uw.edu.pl\/index.php\/wp-json\/wp\/v2\/comments?post=657"}],"version-history":[{"count":40,"href":"https:\/\/romanistyka.wn.uw.edu.pl\/index.php\/wp-json\/wp\/v2\/pages\/657\/revisions"}],"predecessor-version":[{"id":7577,"href":"https:\/\/romanistyka.wn.uw.edu.pl\/index.php\/wp-json\/wp\/v2\/pages\/657\/revisions\/7577"}],"wp:attachment":[{"href":"https:\/\/romanistyka.wn.uw.edu.pl\/index.php\/wp-json\/wp\/v2\/media?parent=657"}],"curies":[{"name":"wp","href":"https:\/\/api.w.org\/{rel}","templated":true}]}}