{"id":647,"date":"2023-02-06T13:19:58","date_gmt":"2023-02-06T13:19:58","guid":{"rendered":"https:\/\/romanistyka.wn.uw.edu.pl\/?page_id=647"},"modified":"2026-01-25T18:57:33","modified_gmt":"2026-01-25T18:57:33","slug":"erasmus","status":"publish","type":"page","link":"https:\/\/romanistyka.wn.uw.edu.pl\/index.php\/erasmus\/","title":{"rendered":"Erasmus+"},"content":{"rendered":"\n<h2 class=\"wp-block-heading has-medium-font-size\"><strong>(Wymiana studencka\/ \u00e9change \u00e9tudiant)<\/strong><\/h2>\n\n\n\n<p><\/p>\n\n\n\n<h2 class=\"wp-block-heading has-medium-font-size\">Koordynatorem programu Erasmus jest <strong>dr Anna Ciostek, pok. 3410<\/strong><\/h2>\n\n\n\n<h2 class=\"wp-block-heading has-medium-font-size\">Coordinateur de Erasmus\/Erasmus+ : <strong>Mme Anna Ciostek, bureau 3410<\/strong><\/h2>\n\n\n\n<p>email&nbsp;:&nbsp;<a href=\"mailto:a.ciostek@uw.edu.pl\" target=\"_blank\" rel=\"noreferrer noopener\">a.ciostek@uw.edu.pl<\/a><\/p>\n\n\n\n<h2 class=\"wp-block-heading has-medium-font-size\">Dy\u017cury w semestrze letnim 2025\/2026\/ Horaires de permanence semestre d\u2019\u00e9t\u00e9 2025-2026<br>po um\u00f3wieniu\/sur rendez-vous :\u00a0a.ciostek@uw.edu.pl<\/h2>\n\n\n\n<h2 class=\"wp-block-heading has-medium-font-size\"><\/h2>\n\n\n\n<h2 class=\"wp-block-heading has-small-font-size\"><\/h2>\n\n\n\n<p><\/p>\n\n\n\n<h2 class=\"wp-block-heading has-large-font-size\"><strong>WA\u017bNE!<\/strong><\/h2>\n\n\n\n<p class=\"has-medium-font-size\"><strong>ZASADY KWALIFIKACJI<\/strong><\/p>\n\n\n\n<h2 class=\"wp-block-heading has-medium-font-size\">1. <span style=\"font-size: revert; background-color: var(--wp--preset--color--base); color: var(--wp--preset--color--contrast); font-family: var(--wp--preset--font-family--inter);\">\u201eOg\u00f3lne zasady kwalifikacji student\u00f3w i doktorant\u00f3w do stypendium\u00a0Erasmus\u00a0na zagraniczne studia cz\u0119\u015bciowe (SMS) na uczelnie z pa\u0144stw cz\u0142onkowskich UE, pa\u0144stw trzecich stowarzyszonych z Programem oraz Wielkiej Brytanii na rok akademicki 2025\/2026\u201d zosta\u0142y zatwierdzone przez w\u0142a\u015bciwego prorektora UW w dniu 30 stycznia br. i opublikowane pod linkiem :\u00a0<\/span><a style=\"font-size: revert; background-color: var(--wp--preset--color--base); font-family: var(--wp--preset--font-family--inter);\" href=\"http:\/\/bwz.uw.edu.pl\/wp-content\/uploads\/sites\/358\/2025\/01\/2025SMS_og_zas_kwalifkacji-1-1.pdf\" target=\"_blank\" rel=\"noreferrer noopener\">http:\/\/bwz.uw.edu.pl\/wp-content\/uploads\/sites\/358\/2025\/01\/2025SMS_og_zas_kwalifkacji-1-1.pdf<\/a><span style=\"font-size: revert; background-color: var(--wp--preset--color--base); color: var(--wp--preset--color--contrast); font-family: var(--wp--preset--font-family--inter);\">.<\/span><\/h2>\n\n\n\n<h2 class=\"wp-block-heading has-medium-font-size\">2. Zasady wynikaj\u0105ce z&nbsp;<a href=\"https:\/\/romanistyka.wn.uw.edu.pl\/wp-content\/uploads\/2023\/09\/RD_U10_w-sprawie-kryteriow-kwalifikacji-studentow-na-wyjazd-w-ramach-programu-Erasmus-.pdf\">Uchwa\u0142y RD z dnia 23 listopada 2021 r.<\/a><\/h2>\n\n\n\n<h2 class=\"wp-block-heading has-medium-font-size\"><a href=\"https:\/\/romanistyka.wn.uw.edu.pl\/wp-content\/uploads\/2023\/09\/RD_U10_ZALACZNIK_1_w-sprawie-kryteriow-kwalifikacji-studentow-na-wyjazd-w-ramach-programu-Erasmus-.pdf\">za\u0142\u0105cznik 1<\/a><\/h2>\n\n\n\n<h2 class=\"wp-block-heading has-medium-font-size\"><a href=\"https:\/\/romanistyka.wn.uw.edu.pl\/wp-content\/uploads\/2023\/09\/RD_U10_ZALACZNIK_2_w-sprawie-kryteriow-kwalifikacji-studentow-na-wyjazd-w-ramach-programu-Erasmus-.pdf\">za\u0142\u0105cznik 2<\/a><\/h2>\n\n\n\n<p class=\"has-small-font-size\"><\/p>\n\n\n\n<h2 class=\"wp-block-heading has-medium-font-size\">UWAGA: Zasady kwalifikacji student\u00f3w do stypendium Erasmus+ obowi\u0105zuj\u0105 z zastrze\u017ceniem zmian wprowadzanych przez BWZ UW w danym roku akademickim. Jak ju\u017c Pa\u0144stwu pisa\u0142am, w obecnej rekrutacji mog\u0105 wzi\u0105\u0107 udzia\u0142 spe\u0142niaj\u0105cy odpowiednie wymogi&nbsp;<strong>studenci 2-go roku I stopnia i 1-go roku II stopnia<\/strong>&nbsp;oraz doktoranci.<\/h2>\n\n\n\n<p class=\"has-medium-font-size\"><strong>SK\u0141AD KOMISJI REKRUTACYJNEJ<\/strong><\/p>\n\n\n\n<h2 class=\"wp-block-heading has-medium-font-size\">W sk\u0142ad komisji rekrutacyjnej wchodz\u0105: koordynator ds. mobilno\u015bci w Instytucie Romanistyki, pracownik Instytutu Romanistyki oraz przedstawiciel samorz\u0105du studenckiego &#8211; RSS WN.<\/h2>\n\n\n\n<p class=\"has-medium-font-size\"><strong>SK\u0141ADANIE DOKUMENT\u00d3W<\/strong><\/p>\n\n\n\n<h2 class=\"wp-block-heading has-medium-font-size\">U koordynatora ds. mobilno\u015bci w IR zgodnie z harmonogramem opublikowanym na stronie internetowej jednostki.<\/h2>\n\n\n\n<p><strong>UCZELNIE PARTNERSKIE<\/strong><\/p>\n\n\n\n<h2 class=\"wp-block-heading has-medium-font-size\">Poni\u017cej znajd\u0105 Pa\u0144stwo list\u0119 uczelni partnerskich Instytutu Romanistyki UW: w Belgii, we Francji, w Niemczech oraz w Szwajcarii. UWAGA: Szwajcaria nie nale\u017cy do programu Erasmus+. Wyjazdy na uczelni\u0119 szwajcarsk\u0105 s\u0105 mo\u017cliwe na podstawie um\u00f3w mi\u0119dzyinstytucjonalnych i s\u0105 finansowane przez Rz\u0105d Szwajcarski w ramach programu\u00a0Swiss European Mobility Programme (SEMP). <\/h2>\n\n\n\n<p class=\"has-small-font-size\"><\/p>\n\n\n\n<figure class=\"wp-block-table\"><table><tbody><tr><td>Belgia<\/td><td>B LIEGE01<\/td><td>Universit\u00e9 de Li\u00e8ge\u00a0\/ J\u0119zyki obce i filologie \/J\u0119zyki obce, Literatura i j\u0119zykoznawstwo<\/td><\/tr><tr><td>Francja<\/td><td>F PARIS013<\/td><td>Universit\u00e9 Sorbonne Paris Nord (Paris XIII) \/ J\u0119zyki obce i filologie \u00a0<\/td><\/tr><tr><td>Francja<\/td><td>F BORDEAU03<\/td><td>Universit\u00e9 Bordeaux Montaigne\u00a0\/ J\u0119zyki obce i filologie <\/td><\/tr><tr><td>Francja<\/td><td>F MULHOUS01<\/td><td>Universit\u00e9 de Haute-Alsace\u00a0\/ J\u0119zyki obce i filologie <\/td><\/tr><tr><td>Francja<\/td><td>F NANCY43<\/td><td>Universit\u00e9 de Lorraine \/ J\u0119zyki obce i filologie  \/ Nauki humanistyczne<\/td><\/tr><tr><td>Francja<\/td><td>F PARIS003<\/td><td>Universit\u00e9 Sorbonne-Nouvelle (Paris III)\u00a0\/ Nowo\u017cytne j\u0119zyki europejskie \/ Literatura i j\u0119zykoznawstwo<\/td><\/tr><tr><td>Francja<\/td><td>F MONTPEL03<\/td><td>Universit\u00e9 de Montpellier Paul-Val\u00e9ry\u00a0\/ J\u0119zyki obce i filologie <\/td><\/tr><tr><td>Francja<\/td><td>F LYON02<\/td><td>Universit\u00e9 Lumi\u00e8re (Lyon II)\u00a0\/ J\u0119zyki obce i filologie \/ Literatura i j\u0119zykoznawstwo<\/td><\/tr><tr><td>Francja<\/td><td>F PARIS010<\/td><td>Universit\u00e9 Paris Nanterre (Paris X)\u00a0\/ Nowo\u017cytne j\u0119zyki europejskie \/ Literatura i j\u0119zykoznawstwo<\/td><\/tr><tr><td>Francja<\/td><td>F NICE42<\/td><td>UNIVERSITE COTE D\u2019AZUR\u00a0\/ J\u0119zyki obce i filologie \/ Language<\/td><\/tr><tr><td>Francja<\/td><td>F POITIER01<\/td><td>Universit\u00e9 de Poitiers\u00a0\/ J\u0119zyki obce i filologie <\/td><\/tr><tr><td>Niemcy<\/td><td>D SAARBRU01<\/td><td>Universit\u00e4t des Saarlandes\u00a0\/ J\u0119zyki obce i filologie <\/td><\/tr><tr><td>Szwajcaria <br>Program SEMP<\/td><td>CH LAUSANN01<\/td><td>Universit\u00e9 de Lausanne\u00a0\/ Language<\/td><\/tr><\/tbody><\/table><\/figure>\n\n\n\n<p><strong>ZASADY SZCZEG\u00d3\u0141OWE REKRUTACJI<\/strong><\/p>\n\n\n\n<h2 class=\"wp-block-heading has-medium-font-size\">Warunkiem wst\u0119pnym przyst\u0105pienia do kwalifikacji jest m.in. aktywny status studenta, \u015brednia 3,49&nbsp;z poprzedniego roku studi\u00f3w, ocena z PNJF co najmniej 4+ dla os\u00f3b studiuj\u0105cych na \u015bcie\u017cce \u201ep\u201d, rozliczenie si\u0119 z poprzedniego roku nauki (maksymalnie 1 warunek w dniu sk\u0142adania dokument\u00f3w) oraz z\u0142o\u017cenie w wyznaczonym w harmonogramie terminie nast\u0119puj\u0105cych dokument\u00f3w:<\/h2>\n\n\n\n<h2 class=\"wp-block-heading has-medium-font-size\">1. wyci\u0105gu ze \u015bredni\u0105 ocen (do pobrania w Sekretariacie IR)<\/h2>\n\n\n\n<h2 class=\"wp-block-heading has-medium-font-size\">2. formularza rekrutacyjnego kandydata na wyjazd na zagraniczne studia cz\u0119\u015bciowe w ramach programu ERASMUS+ (z w\/w Za\u0142\u0105cznika nr 2 Uchwa\u0142y RD)<\/h2>\n\n\n\n<h2 class=\"wp-block-heading has-medium-font-size\">3. projektu badawczego (opisanego w w\/w Za\u0142\u0105czniku nr 1 RD).<\/h2>\n\n\n\n<p class=\"has-small-font-size\"><\/p>\n\n\n\n<h2 class=\"wp-block-heading has-medium-font-size\">O zakwalifikowaniu Kandydat\u00f3w decyduje komisja kwalifikacyjna. Zgodnie z punktem 8 powo\u0142anych powy\u017cej&nbsp;<em>Og\u00f3lnych zasad kwalifikacji student\u00f3w&nbsp;<\/em>w sk\u0142ad komisji kwalifikacyjnej wchodz\u0105: koordynator ds. mobilno\u015bci w Instytucie Romanistyki, pracownik IR oraz przedstawiciel samorz\u0105du studenckiego.<\/h2>\n\n\n\n<p class=\"has-small-font-size\"><\/p>\n\n\n\n<h2 class=\"wp-block-heading has-medium-font-size\">Od decyzji o niezakwalifikowaniu przys\u0142uguje odwo\u0142anie. Odwo\u0142anie nale\u017cy przes\u0142a\u0107 na pi\u015bmie lub za po\u015brednictwem informatycznego systemu obs\u0142ugi studi\u00f3w (\u00a78 ust. 10 i 11 Regulaminu Studi\u00f3w), w terminie 14 dni kalendarzowych od daty otrzymania informacji o niezakwalifikowaniu si\u0119 na cz\u0119\u015bciowe studia Erasmus+ przekazanej przez koordynatora ds. mobilno\u015bci jednostki macierzystej studenta.<\/h2>\n\n\n\n<p><strong>HARMONOGRAM REKRUTACJI<\/strong><\/p>\n\n\n\n<h2 class=\"wp-block-heading has-medium-font-size\">&#8211; Do dnia 17 lutego 2026 prosz\u0119 przes\u0142a\u0107 na m\u00f3j adres\u00a0<a href=\"mailto:a.ciostek@uw.edu.pl\">a.ciostek@uw.edu.pl<\/a> :<\/h2>\n\n\n\n<h2 class=\"wp-block-heading has-medium-font-size\">1. skan wyci\u0105gu ze \u015bredniej ocen<\/h2>\n\n\n\n<h2 class=\"wp-block-heading has-medium-font-size\">2. skan dokumentu\/zrzut ekranu Karty przebiegu studi\u00f3w z ocen\u0105 z PNJF (IIp)<\/h2>\n\n\n\n<h2 class=\"wp-block-heading has-medium-font-size\">3. wype\u0142niony formularz rekrutacyjny kandydata na wyjazd na zagraniczne studia cz\u0119\u015bciowe w ramach programu ERASMUS+<\/h2>\n\n\n\n<h2 class=\"wp-block-heading has-medium-font-size\">4. napisany&nbsp;<strong>osobi\u015bcie<\/strong>&nbsp;w\/w projekt badawczy, uzasadniaj\u0105cy wyb\u00f3r dw\u00f3ch uczelni partnerskich (w preferowanej kolejno\u015bci). Dokument prosz\u0119 zapisa\u0107 w pliku pdf i opatrzy\u0107 mail z za\u0142\u0105cznikiem ujednoliconym formatem tytu\u0142u wg wzoru: ERASMUS_2025_Imi\u0119_Nazwisko.<\/h2>\n\n\n\n<p class=\"has-small-font-size\"><\/p>\n\n\n\n<h2 class=\"wp-block-heading has-medium-font-size\">&#8211; Komisja kwalifikacyjna og\u0142osi wyniki rekrutacji do 23.02.2026.<\/h2>\n\n\n\n<p class=\"has-small-font-size\"><\/p>\n\n\n\n<h2 class=\"wp-block-heading has-medium-font-size\">&#8211; Osoby zakwalifikowane i potwierdzaj\u0105ce ch\u0119\u0107 wyjazdu na studia cz\u0119\u015bciowe uzupe\u0142ni\u0105 dane w swoim profilu wyjazdowym w USOS, wygeneruj\u0105, wydrukuj\u0105,\u00a0podpisz\u0105\u00a0i dostarcz\u0105 mi formularz zg\u0142oszeniowy (do r\u0105k w\u0142asnych lub do skrzynki) do dnia 2 marca 2026 do godziny 9.00.\u00a0<\/h2>\n\n\n\n<p class=\"has-small-font-size\"><\/p>\n\n\n\n<h2 class=\"wp-block-heading has-medium-font-size\">&#8211; Osoby zakwalifikowane, ale rezygnuj\u0105ce z wyjazdu, proszone s\u0105 o przes\u0142anie mi tej informacji mailem do dnia 2 marca 2026 do godziny 9.00 na adres <a>a.ciostek@uw.edu.pl.<\/a><\/h2>\n\n\n\n<p class=\"has-small-font-size\"><\/p>\n\n\n\n<h2 class=\"wp-block-heading has-medium-font-size\">&#8211; Osoby niezakwalifikowane maj\u0105 prawo do wniesienia odwo\u0142ania (patrz: ZASADY SZCZEG\u00d3\u0141OWE REKRUTACJI &#8211; powy\u017cej)<a> <\/a>w ci\u0105gu 14 dni od daty og\u0142oszenia wynik\u00f3w rekrutacji.<\/h2>\n\n\n\n<p class=\"has-small-font-size\"><\/p>\n\n\n\n<h2 class=\"wp-block-heading has-medium-font-size\"><strong>DODATKOWE INFORMACJE<\/strong><\/h2>\n\n\n\n<p><strong>Uznawanie przedmiot\u00f3w realizowanych w ramach wymiany Erasmus+<\/strong>: warunkiem zaliczenia przedmiot\u00f3w zrealizowanych w ramach wymiany Erasmus+ jest to\u017csamo\u015b\u0107 efekt\u00f3w uczenia si\u0119 przedmiotu zagranicznego z efektami uczenia si\u0119 przedmiotu b\u0119d\u0105cego elementem programu na kierunku filologia roma\u0144ska ( nauki humanistyczne ). Decyzj\u0119 podejmuj\u0105 koordynatorzy ds. mobilno\u015bci w IR, zgodnie z ofert\u0105 przedmiot\u00f3w kierunkowych w IR.<\/p>\n\n\n\n<h2 class=\"wp-block-heading has-medium-font-size\"><strong>Uznaniu nie podlegaj\u0105<\/strong>:<\/h2>\n\n\n\n<h2 class=\"wp-block-heading has-medium-font-size\">\u2013 seminaria licencjackie i magisterskie;<\/h2>\n\n\n\n<h2 class=\"wp-block-heading has-medium-font-size\">\u2013 przedmioty z profilu TRAD zawieraj\u0105ce komponent przek\u0142adu na lub z j. polskiego;<\/h2>\n\n\n\n<h2 class=\"wp-block-heading has-medium-font-size\">\u2013 przedmioty z profilu MET powi\u0105zane z polsk\u0105 podstaw\u0105 programow\u0105;<\/h2>\n\n\n\n<h2 class=\"wp-block-heading has-medium-font-size\">\u2013 praktyki pedagogiczne.<\/h2>\n\n\n\n<p class=\"has-small-font-size\"><\/p>\n\n\n\n<h2 class=\"wp-block-heading has-medium-font-size\"><strong>ROZLICZENIE WYJAZDU<\/strong><\/h2>\n\n\n\n<h2 class=\"wp-block-heading has-medium-font-size\">Aby rozliczy\u0107 si\u0119 z pobranego stypendium wobec BWZ, Biuro wymaga od Pa\u0144stwa zrealizowania na wyje\u017adzie do uczelni partnerskiej przedmiot\u00f3w za 20 ECTS. <strong>Jednak<\/strong>&nbsp;aby mogli si\u0119 Pa\u0144stwo rozliczy\u0107 z roku studi\u00f3w w IR, zobowi\u0105zani s\u0105 Pa\u0144stwo zrealizowa\u0107 na wyje\u017adzie do uczelni partnerskiej przedmioty za&nbsp;<strong>24 ECTS. To jest dla Pa\u0144stwa kryterium wi\u0105\u017c\u0105ce.<\/strong><\/h2>\n\n\n\n<p class=\"has-small-font-size\"><\/p>\n\n\n\n<figure class=\"wp-block-image size-large\"><img decoding=\"async\" src=\"https:\/\/romanistyka.wn.uw.edu.pl\/wp-content\/uploads\/2023\/02\/Erasmus.png\" alt=\"Obraz zawieraj\u0105cy Czcionka, zrzut ekranu, Grafika, projekt graficzny\n\nZawarto\u015b\u0107 wygenerowana przez sztuczn\u0105 inteligencj\u0119 mo\u017ce by\u0107 niepoprawna.\"\/><\/figure>\n\n\n\n<p class=\"has-small-font-size\"><\/p>\n\n\n\n<h2 class=\"wp-block-heading has-medium-font-size\"><strong>PRAKTYKI ERASMUS+<\/strong><\/h2>\n\n\n\n<h2 class=\"wp-block-heading has-medium-font-size\">1. Informacje o praktykach Erasmus+ znajduj\u0105 si\u0119 na stronie Biura Wsp\u00f3\u0142pracy z Zagranic\u0105 (BWZ) pod nast\u0119puj\u0105cymi adresami :<\/h2>\n\n\n\n<h2 class=\"wp-block-heading has-medium-font-size\"><a href=\"http:\/\/bwz.uw.edu.pl\/wp-content\/uploads\/2017\/07\/2017SMP_krok_po_kroku17_18_studencii.pdf\">\u2013 praktyki studenckie SMP<\/a><\/h2>\n\n\n\n<h2 class=\"wp-block-heading has-medium-font-size\"><a href=\"http:\/\/bwz.uw.edu.pl\/wp-content\/uploads\/2017\/07\/2016-SMPA_krok_po_kroku17_18_absolwenci29-08-17.pdf\">\u2013 praktyki absolwenckie SMPA<\/a><\/h2>\n\n\n\n<h2 class=\"wp-block-heading has-medium-font-size\">2. Na stronie&nbsp;<a href=\"http:\/\/bwz.uw.edu.pl\/praktyki-erasmus-zglos-sie\">BWZ&nbsp;<\/a>zosta\u0142a umieszczona nowa zak\u0142adka umo\u017cliwiaj\u0105ca studentom i doktorantom zg\u0142oszenie swojego zainteresowania odbyciem praktyki za granic\u0105. Osoby, kt\u00f3re zarejestruj\u0105 si\u0119 w bazie, otrzymaj\u0105 list\u0119 firm, w kt\u00f3rych studenci UW w poprzednich latach odbyli praktyk\u0119 oraz oferty praktyk, kt\u00f3re przekazywane s\u0105 do BWZ.<\/h2>\n\n\n\n<p class=\"has-small-font-size\"><\/p>\n\n\n\n<h2 class=\"wp-block-heading has-medium-font-size\"><strong>PODW\u00d3JNY DYPLOM POLSKO-FRANCUSKI<\/strong><\/h2>\n\n\n\n<h2 class=\"wp-block-heading has-small-font-size\">We wsp\u00f3\u0142pracy z Uniwersytetem w Poitiers Instytut Romanistyki prowadzi projekt podw\u00f3jnego dyplomu francusko-polskiego (master-magisterium). Wi\u0119cej informacji&nbsp;<a href=\"http:\/\/irom.wn.uw.edu.pl\/wp-content\/uploads\/2014\/10\/PL-magister_Univ.Warszawski_Univ.de-Poitiers_Filologia-Romanska_str.42.pdf\">do pobrania tutaj.<\/a>&nbsp;Opiekunem projektu z ramienia Instytutu jest dr hab. Rados\u0142aw Kucharczyk&nbsp;<a href=\"mailto:r.kucharczyk@uw.edu.pl\">(r.kucharczyk@uw.edu.pl)<\/a><\/h2>\n","protected":false},"excerpt":{"rendered":"<p>(Wymiana studencka\/ \u00e9change \u00e9tudiant) Koordynatorem programu Erasmus jest dr Anna Ciostek, pok. 3410 Coordinateur de Erasmus\/Erasmus+ : Mme Anna Ciostek, bureau 3410 email&nbsp;:&nbsp;a.ciostek@uw.edu.pl Dy\u017cury w semestrze letnim 2025\/2026\/ Horaires de permanence semestre d\u2019\u00e9t\u00e9 2025-2026po um\u00f3wieniu\/sur rendez-vous :\u00a0a.ciostek@uw.edu.pl WA\u017bNE! ZASADY KWALIFIKACJI 1. \u201eOg\u00f3lne zasady kwalifikacji student\u00f3w i doktorant\u00f3w do stypendium\u00a0Erasmus\u00a0na zagraniczne studia cz\u0119\u015bciowe (SMS) na uczelnie [&hellip;]<\/p>\n","protected":false},"author":1,"featured_media":0,"parent":0,"menu_order":0,"comment_status":"closed","ping_status":"closed","template":"page-no-title","meta":{"footnotes":""},"class_list":["post-647","page","type-page","status-publish","hentry"],"_links":{"self":[{"href":"https:\/\/romanistyka.wn.uw.edu.pl\/index.php\/wp-json\/wp\/v2\/pages\/647","targetHints":{"allow":["GET"]}}],"collection":[{"href":"https:\/\/romanistyka.wn.uw.edu.pl\/index.php\/wp-json\/wp\/v2\/pages"}],"about":[{"href":"https:\/\/romanistyka.wn.uw.edu.pl\/index.php\/wp-json\/wp\/v2\/types\/page"}],"author":[{"embeddable":true,"href":"https:\/\/romanistyka.wn.uw.edu.pl\/index.php\/wp-json\/wp\/v2\/users\/1"}],"replies":[{"embeddable":true,"href":"https:\/\/romanistyka.wn.uw.edu.pl\/index.php\/wp-json\/wp\/v2\/comments?post=647"}],"version-history":[{"count":35,"href":"https:\/\/romanistyka.wn.uw.edu.pl\/index.php\/wp-json\/wp\/v2\/pages\/647\/revisions"}],"predecessor-version":[{"id":7279,"href":"https:\/\/romanistyka.wn.uw.edu.pl\/index.php\/wp-json\/wp\/v2\/pages\/647\/revisions\/7279"}],"wp:attachment":[{"href":"https:\/\/romanistyka.wn.uw.edu.pl\/index.php\/wp-json\/wp\/v2\/media?parent=647"}],"curies":[{"name":"wp","href":"https:\/\/api.w.org\/{rel}","templated":true}]}}