{"id":644,"date":"2023-02-06T13:11:46","date_gmt":"2023-02-06T13:11:46","guid":{"rendered":"https:\/\/romanistyka.wn.uw.edu.pl\/?page_id=644"},"modified":"2024-04-18T19:34:32","modified_gmt":"2024-04-18T19:34:32","slug":"egzamin-sorbonne-universite-selfeee","status":"publish","type":"page","link":"https:\/\/romanistyka.wn.uw.edu.pl\/index.php\/egzamin-sorbonne-universite-selfeee\/","title":{"rendered":"Egzamin Sorbonne Universit\u00e9 &#8211; SELFEEE"},"content":{"rendered":"\n<p>Jest tylko kilkana\u015bcie takich o\u015brodk\u00f3w na \u015bwiecie! A jeden z nich i pierwszy w tej cz\u0119\u015bci Europy powsta\u0142 w 2020 roku w Instytucie Romanistyki Wydzia\u0142u Neofilologii Uniwersytetu Warszawskiego. Mowa o o\u015brodku egzaminacyjnym SORBONNE UNIVERSIT\u00c9 \u2013 SELFEE Service des Examens de Langue Fran\u00e7aise r\u00e9serv\u00e9s aux \u00e9tudiants \u00e9trangers.<\/p>\n\n\n\n<div style=\"height:20px\" aria-hidden=\"true\" class=\"wp-block-spacer\"><\/div>\n\n\n\n<p>Na paryskiej Sorbonie, gdzie o\u015brodek istnieje od pocz\u0105tku lat 60. XX wieku, egzamin zdaje co roku kilka tysi\u0119cy os\u00f3b, kt\u00f3re pragn\u0105 podj\u0105\u0107 studia we Francji lub uzyska\u0107 presti\u017cowy certyfikat Sorbony, po\u015bwiadczaj\u0105cy znajomo\u015b\u0107 j\u0119zyka na danym poziomie. Dyplom jest uznawany przez francuskie Ministerstwo Spraw Zagranicznych.<\/p>\n\n\n\n<div style=\"height:20px\" aria-hidden=\"true\" class=\"wp-block-spacer\"><\/div>\n\n\n\n<p>Od&nbsp;<strong>czerwca 2022 r.<\/strong>&nbsp;do egzamin\u00f3w pisemnych i ustnych na poziomach&nbsp;<strong>B2<\/strong>&nbsp;i&nbsp;<strong>C1&nbsp;<\/strong>b\u0119dzie mo\u017cna przyst\u0105pi\u0107&nbsp;w siedzibie Instytutu Romanistyki, przy ul. Dobrej w Warszawie!<\/p>\n\n\n\n<div style=\"height:20px\" aria-hidden=\"true\" class=\"wp-block-spacer\"><\/div>\n\n\n\n<p>Instytut Romanistyki posiada pe\u0142nomocnictwo Rektora UW do podejmowania wszelkich czynno\u015bci zwi\u0105zanych z prowadzeniem o\u015brodka egzaminacyjnego.<\/p>\n\n\n\n<div style=\"height:20px\" aria-hidden=\"true\" class=\"wp-block-spacer\"><\/div>\n\n\n\n<p>Koordynatorem O\u015brodka jest mgr&nbsp;<strong>Pascale Peeters&nbsp;<\/strong><a href=\"mailto:p.peeters@uw.edu.pl\">p.peeters@uw.edu.pl<\/a>, wspierana przez dr <strong>Ma\u0142gorzat\u0119 Molsk\u0105<\/strong> <a href=\"mailto:m.molska@uw.edu.pl\">m.molska@uw.edu.pl<\/a>,  dr&nbsp;<strong>Karolin\u0119 Wawrzonek<\/strong>&nbsp;<a href=\"mailto:k.wawrzonek@uw.edu.pl\">k.wawrzonek@uw.edu.pl<\/a>&nbsp;i&nbsp;dr<strong> Magdalen\u0119 Grycan<\/strong>&nbsp;<a href=\"mailto:m.grycan@uw.edu.pl\">m.grycan@uw.edu.pl<\/a>.<\/p>\n\n\n\n<div style=\"height:20px\" aria-hidden=\"true\" class=\"wp-block-spacer\"><\/div>\n\n\n\n<p>Szczeg\u00f3\u0142owe informacje dotycz\u0105ce termin\u00f3w egzamin\u00f3w w 2024 :<\/p>\n\n\n\n<p>B2: 7.06.2024 (cz\u0119\u015b\u0107 pisemna i ustna) oraz 20.09.2024 (cz\u0119\u015b\u0107 pisemna i ustna)<\/p>\n\n\n\n<p>C1: 11.10.2024 (cz\u0119\u015b\u0107 pisemna) i 12.10.2024 (cz\u0119\u015b\u0107 ustna)<\/p>\n\n\n\n<p>Koniec zapis\u00f3w: odpowiednio 27.05.2024, 9.09.2024, 30.09.2024&nbsp;<\/p>\n\n\n\n<p>stawki :<\/p>\n\n\n\n<p><strong>145 \u20ac<\/strong>&nbsp;poziom B2 i&nbsp;<strong>160 \u20ac<\/strong> poziom C1<\/p>\n\n\n\n<p><\/p>\n\n\n\n<p>Formularz rejestracyjny : <\/p>\n\n\n\n<p><a href=\"https:\/\/docs.google.com\/forms\/d\/e\/1FAIpQLScFtycKfAgzLdMujySDo_uraQmzWYC2Ir4RdnbmWqfLMOUnuQ\/viewform\">https:\/\/docs.google.com\/forms\/d\/e\/1FAIpQLScFtycKfAgzLdMujySDo_uraQmzWYC2Ir4RdnbmWqfLMOUnuQ\/viewform<\/a><\/p>\n\n\n\n<pre class=\"wp-block-code\"><code><\/code><\/pre>\n\n\n\n<div style=\"height:20px\" aria-hidden=\"true\" class=\"wp-block-spacer\"><\/div>\n\n\n\n<p>Przyk\u0142adowe zestawy egzaminacyjne znajduj\u0105 si\u0119 pod adresem:<\/p>\n\n\n\n<p><a href=\"https:\/\/lettres.sorbonne-universite.fr\/selfee-centre-d-examen-francais-langue-etrangere\/certifications-sorbonne-universite\/annales-des\">https:\/\/lettres.sorbonne-universite.fr\/selfee-centre-d-examen-francais-langue-etrangere\/certifications-sorbonne-universite\/annales-des<\/a><\/p>\n","protected":false},"excerpt":{"rendered":"<p>Jest tylko kilkana\u015bcie takich o\u015brodk\u00f3w na \u015bwiecie! A jeden z nich i pierwszy w tej cz\u0119\u015bci Europy powsta\u0142 w 2020 roku w Instytucie Romanistyki Wydzia\u0142u Neofilologii Uniwersytetu Warszawskiego. Mowa o o\u015brodku egzaminacyjnym SORBONNE UNIVERSIT\u00c9 \u2013 SELFEE Service des Examens de Langue Fran\u00e7aise r\u00e9serv\u00e9s aux \u00e9tudiants \u00e9trangers. Na paryskiej Sorbonie, gdzie o\u015brodek istnieje od pocz\u0105tku lat [&hellip;]<\/p>\n","protected":false},"author":1,"featured_media":0,"parent":0,"menu_order":0,"comment_status":"closed","ping_status":"closed","template":"","meta":{"footnotes":""},"class_list":["post-644","page","type-page","status-publish","hentry"],"_links":{"self":[{"href":"https:\/\/romanistyka.wn.uw.edu.pl\/index.php\/wp-json\/wp\/v2\/pages\/644","targetHints":{"allow":["GET"]}}],"collection":[{"href":"https:\/\/romanistyka.wn.uw.edu.pl\/index.php\/wp-json\/wp\/v2\/pages"}],"about":[{"href":"https:\/\/romanistyka.wn.uw.edu.pl\/index.php\/wp-json\/wp\/v2\/types\/page"}],"author":[{"embeddable":true,"href":"https:\/\/romanistyka.wn.uw.edu.pl\/index.php\/wp-json\/wp\/v2\/users\/1"}],"replies":[{"embeddable":true,"href":"https:\/\/romanistyka.wn.uw.edu.pl\/index.php\/wp-json\/wp\/v2\/comments?post=644"}],"version-history":[{"count":10,"href":"https:\/\/romanistyka.wn.uw.edu.pl\/index.php\/wp-json\/wp\/v2\/pages\/644\/revisions"}],"predecessor-version":[{"id":3063,"href":"https:\/\/romanistyka.wn.uw.edu.pl\/index.php\/wp-json\/wp\/v2\/pages\/644\/revisions\/3063"}],"wp:attachment":[{"href":"https:\/\/romanistyka.wn.uw.edu.pl\/index.php\/wp-json\/wp\/v2\/media?parent=644"}],"curies":[{"name":"wp","href":"https:\/\/api.w.org\/{rel}","templated":true}]}}