{"id":6411,"date":"2025-05-28T09:26:37","date_gmt":"2025-05-28T09:26:37","guid":{"rendered":"https:\/\/romanistyka.wn.uw.edu.pl\/?page_id=6411"},"modified":"2025-05-28T10:21:19","modified_gmt":"2025-05-28T10:21:19","slug":"o-nas","status":"publish","type":"page","link":"https:\/\/romanistyka.wn.uw.edu.pl\/index.php\/o-nas\/","title":{"rendered":"O nas"},"content":{"rendered":"\n<p class=\"has-large-font-size\">Witamy w miejscu, gdzie od 1919 roku uczymy i prowadzimy badania nad j\u0119zykiem francuskim, literatur\u0105 oraz kultur\u0105 kraj\u00f3w frankofo\u0144skich, a tak\u017ce nad nauczaniem j\u0119zyk\u00f3w obcych.<\/p>\n\n\n\n<p class=\"has-large-font-size\">Instytut Romanistyki (Wydzia\u0142 Neofilologii Uniwersytetu Warszawskiego) to jednostka badawczo-dydaktyczna, w kt\u00f3rej badania prowadzone s\u0105 w trzech obszarach: literaturoznawstwa, j\u0119zykoznawstwa i glottodydaktyki.<\/p>\n\n\n\n<p class=\"has-large-font-size\">Dzia\u0142ania dydaktyczne Instytutu skupione s\u0105 wok\u00f3\u0142 kierunku filologia roma\u0144ska (studia I i II stopnia), a tak\u017ce na wsparciu innych kierunk\u00f3w prowadzonych na Wydziale Neofilologii UW.<\/p>\n\n\n\n<p class=\"has-large-font-size\">W celu uzyskania dalszych informacji o dzia\u0142alno\u015bci badawczej i dydaktycznej Instytutu, zach\u0119camy do skorzystania z podstron w menu g\u0142\u00f3wnym i menu rozwijanym ka\u017cdego z dzia\u0142\u00f3w.<\/p>\n\n\n\n<div class=\"wp-block-buttons has-custom-font-size has-medium-font-size is-horizontal is-content-justification-left is-layout-flex wp-container-core-buttons-is-layout-8a237e49 wp-block-buttons-is-layout-flex\" style=\"margin-top:var(--wp--preset--spacing--50);margin-bottom:var(--wp--preset--spacing--50);padding-right:0;padding-left:0\">\n<div class=\"wp-block-button has-custom-width wp-block-button__width-25\"><a class=\"wp-block-button__link has-contrast-color has-base-background-color has-text-color has-background has-link-color has-border-color has-contrast-border-color wp-element-button\" href=\"https:\/\/romanistyka.wn.uw.edu.pl\/index.php\/wladze-instytutu\/\" style=\"border-width:2px;padding-top:var(--wp--preset--spacing--20);padding-right:var(--wp--preset--spacing--20);padding-bottom:var(--wp--preset--spacing--20);padding-left:var(--wp--preset--spacing--20);box-shadow:var(--wp--preset--shadow--sharp)\">W\u0142adze Instytutu<\/a><\/div>\n\n\n\n<div class=\"wp-block-button has-custom-width wp-block-button__width-25\"><a class=\"wp-block-button__link has-contrast-color has-base-background-color has-text-color has-background has-link-color has-border-color has-contrast-border-color wp-element-button\" href=\"https:\/\/romanistyka.wn.uw.edu.pl\/index.php\/zaklady-i-pracownie\/\" style=\"border-width:2px;padding-top:var(--wp--preset--spacing--20);padding-right:var(--wp--preset--spacing--20);padding-bottom:var(--wp--preset--spacing--20);padding-left:var(--wp--preset--spacing--20);box-shadow:var(--wp--preset--shadow--sharp)\">Struktura Instytutu<\/a><\/div>\n\n\n\n<div class=\"wp-block-button has-custom-width wp-block-button__width-25\"><a class=\"wp-block-button__link has-contrast-color has-base-background-color has-text-color has-background has-link-color has-border-color has-contrast-border-color wp-element-button\" href=\"https:\/\/romanistyka.wn.uw.edu.pl\/index.php\/granty-i-projekty\/\" style=\"border-width:2px;padding-top:var(--wp--preset--spacing--20);padding-right:var(--wp--preset--spacing--20);padding-bottom:var(--wp--preset--spacing--20);padding-left:var(--wp--preset--spacing--20);box-shadow:var(--wp--preset--shadow--sharp)\">Granty i projekty<\/a><\/div>\n\n\n\n<div class=\"wp-block-button has-custom-width wp-block-button__width-25\"><a class=\"wp-block-button__link has-contrast-color has-base-background-color has-text-color has-background has-link-color has-border-color has-contrast-border-color wp-element-button\" href=\"https:\/\/romanistyka.wn.uw.edu.pl\/index.php\/pracownicy2\/\" style=\"border-width:2px;padding-top:var(--wp--preset--spacing--20);padding-right:var(--wp--preset--spacing--20);padding-bottom:var(--wp--preset--spacing--20);padding-left:var(--wp--preset--spacing--20);box-shadow:var(--wp--preset--shadow--sharp)\">Pracownicy<\/a><\/div>\n\n\n\n<div class=\"wp-block-button has-custom-width wp-block-button__width-25\"><a class=\"wp-block-button__link has-contrast-color has-base-background-color has-text-color has-background has-link-color has-border-color has-contrast-border-color wp-element-button\" href=\"https:\/\/romanistyka.wn.uw.edu.pl\/index.php\/pracownicy-emerytowani\/\" style=\"border-width:2px;padding-top:var(--wp--preset--spacing--20);padding-right:var(--wp--preset--spacing--20);padding-bottom:var(--wp--preset--spacing--20);padding-left:var(--wp--preset--spacing--20);box-shadow:var(--wp--preset--shadow--sharp)\">Pracownicy emerytowani<\/a><\/div>\n\n\n\n<div class=\"wp-block-button has-custom-width wp-block-button__width-25\"><a class=\"wp-block-button__link has-contrast-color has-base-background-color has-text-color has-background has-link-color has-border-color has-contrast-border-color wp-element-button\" href=\"https:\/\/romanistyka.wn.uw.edu.pl\/index.php\/rada-dydaktyczna\/\" style=\"border-width:2px;padding-top:var(--wp--preset--spacing--20);padding-right:var(--wp--preset--spacing--20);padding-bottom:var(--wp--preset--spacing--20);padding-left:var(--wp--preset--spacing--20);box-shadow:var(--wp--preset--shadow--sharp)\">Rada dydaktyczna<\/a><\/div>\n\n\n\n<div class=\"wp-block-button has-custom-width wp-block-button__width-25\"><a class=\"wp-block-button__link has-contrast-color has-base-background-color has-text-color has-background has-link-color has-border-color has-contrast-border-color wp-element-button\" style=\"border-width:2px;padding-top:var(--wp--preset--spacing--20);padding-right:var(--wp--preset--spacing--20);padding-bottom:var(--wp--preset--spacing--20);padding-left:var(--wp--preset--spacing--20);box-shadow:var(--wp--preset--shadow--sharp)\">Biblioteka<\/a><\/div>\n\n\n\n<div class=\"wp-block-button has-custom-width wp-block-button__width-25\"><a class=\"wp-block-button__link has-contrast-color has-base-background-color has-text-color has-background has-link-color has-border-color has-contrast-border-color wp-element-button\" style=\"border-width:2px;padding-top:var(--wp--preset--spacing--20);padding-right:var(--wp--preset--spacing--20);padding-bottom:var(--wp--preset--spacing--20);padding-left:var(--wp--preset--spacing--20);box-shadow:var(--wp--preset--shadow--sharp)\">Rys historyczny<\/a><\/div>\n<\/div>\n\n\n\n<p><\/p>\n","protected":false},"excerpt":{"rendered":"<p>Witamy w miejscu, gdzie od 1919 roku uczymy i prowadzimy badania nad j\u0119zykiem francuskim, literatur\u0105 oraz kultur\u0105 kraj\u00f3w frankofo\u0144skich, a tak\u017ce nad nauczaniem j\u0119zyk\u00f3w obcych. Instytut Romanistyki (Wydzia\u0142 Neofilologii Uniwersytetu Warszawskiego) to jednostka badawczo-dydaktyczna, w kt\u00f3rej badania prowadzone s\u0105 w trzech obszarach: literaturoznawstwa, j\u0119zykoznawstwa i glottodydaktyki. Dzia\u0142ania dydaktyczne Instytutu skupione s\u0105 wok\u00f3\u0142 kierunku filologia roma\u0144ska [&hellip;]<\/p>\n","protected":false},"author":15,"featured_media":0,"parent":0,"menu_order":0,"comment_status":"closed","ping_status":"closed","template":"","meta":{"footnotes":""},"class_list":["post-6411","page","type-page","status-publish","hentry"],"_links":{"self":[{"href":"https:\/\/romanistyka.wn.uw.edu.pl\/index.php\/wp-json\/wp\/v2\/pages\/6411","targetHints":{"allow":["GET"]}}],"collection":[{"href":"https:\/\/romanistyka.wn.uw.edu.pl\/index.php\/wp-json\/wp\/v2\/pages"}],"about":[{"href":"https:\/\/romanistyka.wn.uw.edu.pl\/index.php\/wp-json\/wp\/v2\/types\/page"}],"author":[{"embeddable":true,"href":"https:\/\/romanistyka.wn.uw.edu.pl\/index.php\/wp-json\/wp\/v2\/users\/15"}],"replies":[{"embeddable":true,"href":"https:\/\/romanistyka.wn.uw.edu.pl\/index.php\/wp-json\/wp\/v2\/comments?post=6411"}],"version-history":[{"count":2,"href":"https:\/\/romanistyka.wn.uw.edu.pl\/index.php\/wp-json\/wp\/v2\/pages\/6411\/revisions"}],"predecessor-version":[{"id":6436,"href":"https:\/\/romanistyka.wn.uw.edu.pl\/index.php\/wp-json\/wp\/v2\/pages\/6411\/revisions\/6436"}],"wp:attachment":[{"href":"https:\/\/romanistyka.wn.uw.edu.pl\/index.php\/wp-json\/wp\/v2\/media?parent=6411"}],"curies":[{"name":"wp","href":"https:\/\/api.w.org\/{rel}","templated":true}]}}