{"id":633,"date":"2023-02-06T13:01:43","date_gmt":"2023-02-06T13:01:43","guid":{"rendered":"https:\/\/romanistyka.wn.uw.edu.pl\/?page_id=633"},"modified":"2026-02-20T07:54:16","modified_gmt":"2026-02-20T07:54:16","slug":"opiekunowie-i-koordynatorzy","status":"publish","type":"page","link":"https:\/\/romanistyka.wn.uw.edu.pl\/index.php\/opiekunowie-i-koordynatorzy\/","title":{"rendered":"Opiekunowie i koordynatorzy"},"content":{"rendered":"\n<figure class=\"wp-block-table\"><table><tbody><tr><td><strong>Kierownik Zak\u0142adu Literaturoznawstwa Francuskiego<\/strong><\/td><td>dr hab. prof. ucz. Monika Kulesza<\/td><\/tr><tr><td><strong>Kierownik Zak\u0142adu J\u0119zykoznawstwa Roma\u0144skiego<\/strong><\/td><td>dr hab. prof. ucz. Ma\u0142gorzata Izert<\/td><\/tr><tr><td><strong>Kierownik Zak\u0142adu Dydaktyki i Metodyki Nauczania J\u0119zyk\u00f3w Roma\u0144skich<\/strong><\/td><td>dr Agnieszka Dryja\u0144ska&nbsp;<\/td><\/tr><tr><td><strong>Kierownik Pracowni Bada\u0144 nad Kultur\u0105 Kanadyjsko-Francusk\u0105 i Literatur\u0105 Quebeck\u0105<\/strong><\/td><td>dr Alessia Vignoli (p.o.)<\/td><\/tr><tr><td><strong>Opiekun roku I<\/strong><\/td><td>dr Agnieszka Janion<\/td><\/tr><tr><td><strong>Opiekun roku II<\/strong><\/td><td>dr&nbsp;Kamil Popowicz<\/td><\/tr><tr><td><strong>Opiekun roku III<\/strong><\/td><td>dr hab. Marcin Klik<\/td><\/tr><tr><td><strong>Opiekun roku I roku II stopnia<\/strong><\/td><td>dr hab. prof. ucz. Maciej Smuk<\/td><\/tr><tr><td><strong>Opiekun roku&nbsp;<\/strong><strong>II roku II stopnia<\/strong><\/td><td>dr Alicja Jaworska-Kaska<\/td><\/tr><tr><td><strong>Koordynatorzy ds. Erasmusa (wyjazdy studenckie)<\/strong><\/td><td>(studenci, I i II stopie\u0144): dr Anna Ciostek<br><\/td><\/tr><tr><td><strong>Pe\u0142nomocnik ds. zawodowych praktyk pedagogicznych (praktyki psychopedagogiczne+przedszkole+szko\u0142a podstawowa)<\/strong><\/td><td>dr Marta Wojakowska<\/td><\/tr><tr><td><strong>Pe\u0142nomocnik ds. zawodowych praktyk pedagogicznych (liceum)<\/strong><\/td><td>dr hab. prof. ucz. Krystyna Szymankiewicz<\/td><\/tr><tr><td><strong>Koordynator programu podw\u00f3jnych dyplom\u00f3w z Uniwersytetem w Poitiers<\/strong><\/td><td>dr hab. prof. ucz. Rados\u0142aw Kucharczyk<\/td><\/tr><tr><td><strong>Koordynator modu\u0142u metodycznego<\/strong><\/td><td>dr hab. Krystyna Szymankiewicz<\/td><\/tr><tr><td><strong>Koordynator modu\u0142u przek\u0142adowego<\/strong><\/td><td>dr Wies\u0142aw Kroker<\/td><\/tr><tr><td><strong>Koordynator ds. lektorat\u00f3w<\/strong><\/td><td>dr Karolina Wawrzonek<\/td><\/tr><tr><td><strong>Koordynator MISH<\/strong><\/td><td>dr Anna Opiela-Mrozik<\/td><\/tr><tr><td><strong>Pe\u0142nomocnik ds. USOS&nbsp;&nbsp;&nbsp;&nbsp;&nbsp;&nbsp;&nbsp;&nbsp;&nbsp;&nbsp;&nbsp;&nbsp;&nbsp;&nbsp;&nbsp;&nbsp;&nbsp;&nbsp;&nbsp;&nbsp;&nbsp;&nbsp;&nbsp;&nbsp;&nbsp;&nbsp;&nbsp;&nbsp;&nbsp;&nbsp;&nbsp;&nbsp;&nbsp;<\/strong><\/td><td>dr Alicja Jaworska-Kaska<br>mgr Monika Szewczak (wsparcie)<\/td><\/tr><tr><td><strong>Koordynatorzy SELFEE Sorbone<\/strong><\/td><td>dr Ma\u0142gorzata Molska (koordynatorka &#8211; promocja)<br>mgr Pascale Peeters (egzaminatorka)<\/td><\/tr><tr><td><strong>Koordynator ds. wsp\u00f3\u0142pracy ze szko\u0142ami<\/strong><\/td><td>dr Magdalena Grycan<\/td><\/tr><tr><td><strong>Klub Absolwent\u00f3w IR (wsp\u00f3\u0142praca&nbsp;<\/strong><br><strong>z Klubem Absolwent\u00f3w WN)<\/strong><\/td><td>mgr Pascale Peeters<br>dr hab. prof. ucz. Maciej Smuk<\/td><\/tr><tr><td><strong>Koordynatorzy PNJF<\/strong><\/td><td>mgr Lucas Skurczy\u0144ski (Ip)<br>dr Ma\u0142gorzata Molska (Iz)<br>mgr Pascale Peeters (IIp)<br>mgr Krystyna Zaleska (IIz)<br>dr Anna Ciostek (III)<\/td><\/tr><\/tbody><\/table><\/figure>\n","protected":false},"excerpt":{"rendered":"<p>Kierownik Zak\u0142adu Literaturoznawstwa Francuskiego dr hab. prof. ucz. Monika Kulesza Kierownik Zak\u0142adu J\u0119zykoznawstwa Roma\u0144skiego dr hab. prof. ucz. Ma\u0142gorzata Izert Kierownik Zak\u0142adu Dydaktyki i Metodyki Nauczania J\u0119zyk\u00f3w Roma\u0144skich dr Agnieszka Dryja\u0144ska&nbsp; Kierownik Pracowni Bada\u0144 nad Kultur\u0105 Kanadyjsko-Francusk\u0105 i Literatur\u0105 Quebeck\u0105 dr Alessia Vignoli (p.o.) Opiekun roku I dr Agnieszka Janion Opiekun roku II dr&nbsp;Kamil Popowicz [&hellip;]<\/p>\n","protected":false},"author":1,"featured_media":0,"parent":0,"menu_order":0,"comment_status":"closed","ping_status":"closed","template":"page-no-title","meta":{"footnotes":""},"class_list":["post-633","page","type-page","status-publish","hentry"],"_links":{"self":[{"href":"https:\/\/romanistyka.wn.uw.edu.pl\/index.php\/wp-json\/wp\/v2\/pages\/633","targetHints":{"allow":["GET"]}}],"collection":[{"href":"https:\/\/romanistyka.wn.uw.edu.pl\/index.php\/wp-json\/wp\/v2\/pages"}],"about":[{"href":"https:\/\/romanistyka.wn.uw.edu.pl\/index.php\/wp-json\/wp\/v2\/types\/page"}],"author":[{"embeddable":true,"href":"https:\/\/romanistyka.wn.uw.edu.pl\/index.php\/wp-json\/wp\/v2\/users\/1"}],"replies":[{"embeddable":true,"href":"https:\/\/romanistyka.wn.uw.edu.pl\/index.php\/wp-json\/wp\/v2\/comments?post=633"}],"version-history":[{"count":13,"href":"https:\/\/romanistyka.wn.uw.edu.pl\/index.php\/wp-json\/wp\/v2\/pages\/633\/revisions"}],"predecessor-version":[{"id":7401,"href":"https:\/\/romanistyka.wn.uw.edu.pl\/index.php\/wp-json\/wp\/v2\/pages\/633\/revisions\/7401"}],"wp:attachment":[{"href":"https:\/\/romanistyka.wn.uw.edu.pl\/index.php\/wp-json\/wp\/v2\/media?parent=633"}],"curies":[{"name":"wp","href":"https:\/\/api.w.org\/{rel}","templated":true}]}}