{"id":6300,"date":"2025-05-23T09:49:30","date_gmt":"2025-05-23T09:49:30","guid":{"rendered":"https:\/\/romanistyka.wn.uw.edu.pl\/?page_id=6300"},"modified":"2025-05-23T09:50:14","modified_gmt":"2025-05-23T09:50:14","slug":"dla-studenta","status":"publish","type":"page","link":"https:\/\/romanistyka.wn.uw.edu.pl\/index.php\/dla-studenta\/","title":{"rendered":"Dla Studenta"},"content":{"rendered":"\n<p class=\"has-large-font-size\">Drogie osoby studiuj\u0105ce,<\/p>\n\n\n\n<p class=\"has-large-font-size\">Bardzo si\u0119 cieszymy, \u017ce jeste\u015bcie z nami i \u017ce wsp\u00f3\u0142tworzycie romanistyczn\u0105 wsp\u00f3lnot\u0119 IR UW.<\/p>\n\n\n\n<p class=\"has-large-font-size\" style=\"padding-bottom:var(--wp--preset--spacing--40)\">Wszystkie informacje dotycz\u0105ce studi\u00f3w na kierunku filologia roma\u0144ska dost\u0119pne s\u0105 w menu rozwijanym oraz poni\u017cej. Prosimy wyszuka\u0107 w odpowiedni dzia\u0142 i klikn\u0105\u0107 na wybran\u0105 nazw\u0119.&nbsp;<\/p>\n\n\n\n<div class=\"wp-block-columns has-border-color has-contrast-border-color has-base-background-color has-background is-layout-flex wp-container-core-columns-is-layout-85958d59 wp-block-columns-is-layout-flex\" style=\"border-style:solid;border-width:2px;padding-top:var(--wp--preset--spacing--40);padding-right:var(--wp--preset--spacing--40);padding-bottom:var(--wp--preset--spacing--40);padding-left:var(--wp--preset--spacing--40);box-shadow:var(--wp--preset--shadow--sharp)\">\n<div class=\"wp-block-column is-layout-flow wp-block-column-is-layout-flow\" style=\"flex-basis:100%\"><nav class=\"has-large-font-size is-responsive  is-vertical wp-block-navigation is-layout-flex wp-container-core-navigation-is-layout-98bb686d wp-block-navigation-is-layout-flex\" aria-label=\"MISH\" \n\t\t data-wp-interactive=\"core\/navigation\" data-wp-context='{\"overlayOpenedBy\":{\"click\":false,\"hover\":false,\"focus\":false},\"type\":\"overlay\",\"roleAttribute\":\"\",\"ariaLabel\":\"Menu\"}'><button aria-haspopup=\"dialog\" aria-label=\"Rozwi\u0144 menu\" class=\"wp-block-navigation__responsive-container-open\" \n\t\t\t\tdata-wp-on--click=\"actions.openMenuOnClick\"\n\t\t\t\tdata-wp-on--keydown=\"actions.handleMenuKeydown\"\n\t\t\t><svg width=\"24\" height=\"24\" xmlns=\"http:\/\/www.w3.org\/2000\/svg\" viewBox=\"0 0 24 24\" aria-hidden=\"true\" focusable=\"false\"><path d=\"M4 7.5h16v1.5H4z\"><\/path><path d=\"M4 15h16v1.5H4z\"><\/path><\/svg><\/button>\n\t\t\t\t<div class=\"wp-block-navigation__responsive-container\"  id=\"modal-1\" \n\t\t\t\tdata-wp-class--has-modal-open=\"state.isMenuOpen\"\n\t\t\t\tdata-wp-class--is-menu-open=\"state.isMenuOpen\"\n\t\t\t\tdata-wp-watch=\"callbacks.initMenu\"\n\t\t\t\tdata-wp-on--keydown=\"actions.handleMenuKeydown\"\n\t\t\t\tdata-wp-on--focusout=\"actions.handleMenuFocusout\"\n\t\t\t\ttabindex=\"-1\"\n\t\t\t>\n\t\t\t\t\t<div class=\"wp-block-navigation__responsive-close\" tabindex=\"-1\">\n\t\t\t\t\t\t<div class=\"wp-block-navigation__responsive-dialog\" \n\t\t\t\tdata-wp-bind--aria-modal=\"state.ariaModal\"\n\t\t\t\tdata-wp-bind--aria-label=\"state.ariaLabel\"\n\t\t\t\tdata-wp-bind--role=\"state.roleAttribute\"\n\t\t\t>\n\t\t\t\t\t\t\t<button aria-label=\"Zamknij menu\" class=\"wp-block-navigation__responsive-container-close\" \n\t\t\t\tdata-wp-on--click=\"actions.closeMenuOnClick\"\n\t\t\t><svg xmlns=\"http:\/\/www.w3.org\/2000\/svg\" viewBox=\"0 0 24 24\" width=\"24\" height=\"24\" aria-hidden=\"true\" focusable=\"false\"><path d=\"m13.06 12 6.47-6.47-1.06-1.06L12 10.94 5.53 4.47 4.47 5.53 10.94 12l-6.47 6.47 1.06 1.06L12 13.06l6.47 6.47 1.06-1.06L13.06 12Z\"><\/path><\/svg><\/button>\n\t\t\t\t\t\t\t<div class=\"wp-block-navigation__responsive-container-content\" \n\t\t\t\tdata-wp-watch=\"callbacks.focusFirstElement\"\n\t\t\t id=\"modal-1-content\">\n\t\t\t\t\t\t\t\t<ul class=\"wp-block-navigation__container has-large-font-size is-responsive  is-vertical wp-block-navigation has-large-font-size\"><li style=\"font-style:normal;font-weight:400;\" class=\"has-large-font-size wp-block-navigation-item wp-block-navigation-link has-medium-font-size\"><a class=\"wp-block-navigation-item__content\"  href=\"https:\/\/romanistyka.wn.uw.edu.pl\/index.php\/informacje-ogolne\/\"><span class=\"wp-block-navigation-item__label\">Informacje og\u00f3lne<\/span><\/a><\/li><li style=\"font-style:normal;font-weight:400;\" class=\"has-large-font-size wp-block-navigation-item wp-block-navigation-link has-medium-font-size\"><a class=\"wp-block-navigation-item__content\"  href=\"https:\/\/romanistyka.wn.uw.edu.pl\/index.php\/category\/ogloszenia-dla-studentow\/\"><span class=\"wp-block-navigation-item__label\">Og\u0142oszenia dla student\u00f3w<\/span><\/a><\/li><li style=\"font-style:normal;font-weight:400;\" class=\"has-large-font-size wp-block-navigation-item wp-block-navigation-link has-medium-font-size\"><a class=\"wp-block-navigation-item__content\"  href=\"https:\/\/romanistyka.wn.uw.edu.pl\/index.php\/plan-zajec\/\"><span class=\"wp-block-navigation-item__label\">Plan zaj\u0119\u0107<\/span><\/a><\/li><li data-wp-context=\"{ &quot;submenuOpenedBy&quot;: { &quot;click&quot;: false, &quot;hover&quot;: false, &quot;focus&quot;: false }, &quot;type&quot;: &quot;submenu&quot;, &quot;modal&quot;: null, &quot;previousFocus&quot;: null }\" data-wp-interactive=\"core\/navigation\" data-wp-on--focusout=\"actions.handleMenuFocusout\" data-wp-on--keydown=\"actions.handleMenuKeydown\" data-wp-on--mouseenter=\"actions.openMenuOnHover\" data-wp-on--mouseleave=\"actions.closeMenuOnHover\" data-wp-watch=\"callbacks.initMenu\" tabindex=\"-1\" style=\"font-style:normal;font-weight:400;\" class=\"wp-block-navigation-item has-large-font-size has-child open-on-hover-click wp-block-navigation-submenu has-medium-font-size\"><a class=\"wp-block-navigation-item__content\" href=\"https:\/\/romanistyka.wn.uw.edu.pl\/index.php\/program-studiow\/\"><span class=\"wp-block-navigation-item__label\">Program studi\u00f3w<\/span><\/a><button data-wp-bind--aria-expanded=\"state.isMenuOpen\" data-wp-on--click=\"actions.toggleMenuOnClick\" aria-label=\"Program studi\u00f3w podmenu\" class=\"wp-block-navigation__submenu-icon wp-block-navigation-submenu__toggle\" ><svg xmlns=\"http:\/\/www.w3.org\/2000\/svg\" width=\"12\" height=\"12\" viewBox=\"0 0 12 12\" fill=\"none\" aria-hidden=\"true\" focusable=\"false\"><path d=\"M1.50002 4L6.00002 8L10.5 4\" stroke-width=\"1.5\"><\/path><\/svg><\/button><ul data-wp-on--focus=\"actions.openMenuOnFocus\" style=\"font-style:normal;font-weight:400;\" class=\"wp-block-navigation__submenu-container wp-block-navigation-submenu has-medium-font-size\"><li class=\"has-large-font-size wp-block-navigation-item wp-block-navigation-link\"><a class=\"wp-block-navigation-item__content\"  href=\"https:\/\/romanistyka.wn.uw.edu.pl\/index.php\/studia-i-stopnia-2\/\"><span class=\"wp-block-navigation-item__label\">Studia I stopnia<\/span><\/a><\/li><li class=\"has-large-font-size wp-block-navigation-item wp-block-navigation-link\"><a class=\"wp-block-navigation-item__content\"  href=\"https:\/\/romanistyka.wn.uw.edu.pl\/index.php\/studia-ii-stopnia-2\/\"><span class=\"wp-block-navigation-item__label\">Studia II stopnia<\/span><\/a><\/li><li class=\"has-large-font-size wp-block-navigation-item wp-block-navigation-link\"><a class=\"wp-block-navigation-item__content\"  href=\"https:\/\/romanistyka.wn.uw.edu.pl\/index.php\/archiwum-programy\/\"><span class=\"wp-block-navigation-item__label\">Archiwum \u2013 programy<\/span><\/a><\/li><\/ul><\/li><li data-wp-context=\"{ &quot;submenuOpenedBy&quot;: { &quot;click&quot;: false, &quot;hover&quot;: false, &quot;focus&quot;: false }, &quot;type&quot;: &quot;submenu&quot;, &quot;modal&quot;: null, &quot;previousFocus&quot;: null }\" data-wp-interactive=\"core\/navigation\" data-wp-on--focusout=\"actions.handleMenuFocusout\" data-wp-on--keydown=\"actions.handleMenuKeydown\" data-wp-on--mouseenter=\"actions.openMenuOnHover\" data-wp-on--mouseleave=\"actions.closeMenuOnHover\" data-wp-watch=\"callbacks.initMenu\" tabindex=\"-1\" style=\"font-style:normal;font-weight:400;\" class=\"wp-block-navigation-item has-large-font-size has-child open-on-hover-click wp-block-navigation-submenu has-medium-font-size\"><a class=\"wp-block-navigation-item__content\" href=\"https:\/\/romanistyka.wn.uw.edu.pl\/index.php\/informacje-organizacyjne\/\"><span class=\"wp-block-navigation-item__label\">Informacje organizacyjne<\/span><\/a><button data-wp-bind--aria-expanded=\"state.isMenuOpen\" data-wp-on--click=\"actions.toggleMenuOnClick\" aria-label=\"Informacje organizacyjne podmenu\" class=\"wp-block-navigation__submenu-icon wp-block-navigation-submenu__toggle\" ><svg xmlns=\"http:\/\/www.w3.org\/2000\/svg\" width=\"12\" height=\"12\" viewBox=\"0 0 12 12\" fill=\"none\" aria-hidden=\"true\" focusable=\"false\"><path d=\"M1.50002 4L6.00002 8L10.5 4\" stroke-width=\"1.5\"><\/path><\/svg><\/button><ul data-wp-on--focus=\"actions.openMenuOnFocus\" style=\"font-style:normal;font-weight:400;\" class=\"wp-block-navigation__submenu-container wp-block-navigation-submenu has-medium-font-size\"><li class=\"has-large-font-size wp-block-navigation-item wp-block-navigation-link\"><a class=\"wp-block-navigation-item__content\"  href=\"https:\/\/romanistyka.wn.uw.edu.pl\/index.php\/rozliczenie-roku\/\"><span class=\"wp-block-navigation-item__label\">Rozliczenie roku<\/span><\/a><\/li><li class=\"has-large-font-size wp-block-navigation-item wp-block-navigation-link\"><a class=\"wp-block-navigation-item__content\"  href=\"https:\/\/romanistyka.wn.uw.edu.pl\/index.php\/prace-dyplomowe\/\"><span class=\"wp-block-navigation-item__label\">Egzamin dyplomowy<\/span><\/a><\/li><li data-wp-context=\"{ &quot;submenuOpenedBy&quot;: { &quot;click&quot;: false, &quot;hover&quot;: false, &quot;focus&quot;: false }, &quot;type&quot;: &quot;submenu&quot;, &quot;modal&quot;: null, &quot;previousFocus&quot;: null }\" data-wp-interactive=\"core\/navigation\" data-wp-on--focusout=\"actions.handleMenuFocusout\" data-wp-on--keydown=\"actions.handleMenuKeydown\" data-wp-on--mouseenter=\"actions.openMenuOnHover\" data-wp-on--mouseleave=\"actions.closeMenuOnHover\" data-wp-watch=\"callbacks.initMenu\" tabindex=\"-1\" class=\"wp-block-navigation-item has-large-font-size has-child open-on-hover-click wp-block-navigation-submenu\"><a class=\"wp-block-navigation-item__content\" href=\"#\"><span class=\"wp-block-navigation-item__label\">Modu\u0142y<\/span><\/a><button data-wp-bind--aria-expanded=\"state.isMenuOpen\" data-wp-on--click=\"actions.toggleMenuOnClick\" aria-label=\"Modu\u0142y podmenu\" class=\"wp-block-navigation__submenu-icon wp-block-navigation-submenu__toggle\" ><svg xmlns=\"http:\/\/www.w3.org\/2000\/svg\" width=\"12\" height=\"12\" viewBox=\"0 0 12 12\" fill=\"none\" aria-hidden=\"true\" focusable=\"false\"><path d=\"M1.50002 4L6.00002 8L10.5 4\" stroke-width=\"1.5\"><\/path><\/svg><\/button><ul data-wp-on--focus=\"actions.openMenuOnFocus\" class=\"wp-block-navigation__submenu-container wp-block-navigation-submenu\"><li class=\"has-large-font-size wp-block-navigation-item wp-block-navigation-link\"><a class=\"wp-block-navigation-item__content\"  href=\"https:\/\/romanistyka.wn.uw.edu.pl\/index.php\/sciezka-metodyczna\/\"><span class=\"wp-block-navigation-item__label\">Modu\u0142 metodyczny I i II stopie\u0144<\/span><\/a><\/li><li class=\"has-large-font-size wp-block-navigation-item wp-block-navigation-link\"><a class=\"wp-block-navigation-item__content\"  href=\"https:\/\/romanistyka.wn.uw.edu.pl\/index.php\/sciezka-tlumaczeniowa\/\"><span class=\"wp-block-navigation-item__label\">Modu\u0142 t\u0142umaczeniowy II stopie\u0144<\/span><\/a><\/li><\/ul><\/li><li class=\"has-large-font-size wp-block-navigation-item wp-block-navigation-link\"><a class=\"wp-block-navigation-item__content\"  href=\"https:\/\/romanistyka.wn.uw.edu.pl\/index.php\/dyzury-pracownikow\/\"><span class=\"wp-block-navigation-item__label\">Dy\u017cury pracownik\u00f3w<\/span><\/a><\/li><li class=\"has-large-font-size wp-block-navigation-item wp-block-navigation-link\"><a class=\"wp-block-navigation-item__content\"  href=\"https:\/\/romanistyka.wn.uw.edu.pl\/index.php\/opiekunowie-i-koordynatorzy\/\"><span class=\"wp-block-navigation-item__label\">Opiekunowie i koordynatorzy<\/span><\/a><\/li><li class=\"has-large-font-size wp-block-navigation-item wp-block-navigation-link\"><a class=\"wp-block-navigation-item__content\"  href=\"https:\/\/romanistyka.wn.uw.edu.pl\/index.php\/rozliczenie-roku\/podania\/\"><span class=\"wp-block-navigation-item__label\">Stypendia i zapomogi<\/span><\/a><\/li><li class=\"has-large-font-size wp-block-navigation-item wp-block-navigation-link\"><a class=\"wp-block-navigation-item__content\"  href=\"https:\/\/romanistyka.wn.uw.edu.pl\/index.php\/wsparcie-na-uczelni\/\"><span class=\"wp-block-navigation-item__label\">Wsparcie na uczelni<\/span><\/a><\/li><\/ul><\/li><li data-wp-context=\"{ &quot;submenuOpenedBy&quot;: { &quot;click&quot;: false, &quot;hover&quot;: false, &quot;focus&quot;: false }, &quot;type&quot;: &quot;submenu&quot;, &quot;modal&quot;: null, &quot;previousFocus&quot;: null }\" data-wp-interactive=\"core\/navigation\" data-wp-on--focusout=\"actions.handleMenuFocusout\" data-wp-on--keydown=\"actions.handleMenuKeydown\" data-wp-on--mouseenter=\"actions.openMenuOnHover\" data-wp-on--mouseleave=\"actions.closeMenuOnHover\" data-wp-watch=\"callbacks.initMenu\" tabindex=\"-1\" style=\"font-style:normal;font-weight:400;\" class=\"wp-block-navigation-item has-large-font-size has-child open-on-hover-click wp-block-navigation-submenu has-medium-font-size\"><a class=\"wp-block-navigation-item__content\" href=\"https:\/\/romanistyka.wn.uw.edu.pl\/index.php\/informacje-naukowe\/\"><span class=\"wp-block-navigation-item__label\">Wyjazdy, dyplomy, kariera<\/span><\/a><button data-wp-bind--aria-expanded=\"state.isMenuOpen\" data-wp-on--click=\"actions.toggleMenuOnClick\" aria-label=\"Wyjazdy, dyplomy, kariera podmenu\" class=\"wp-block-navigation__submenu-icon wp-block-navigation-submenu__toggle\" ><svg xmlns=\"http:\/\/www.w3.org\/2000\/svg\" width=\"12\" height=\"12\" viewBox=\"0 0 12 12\" fill=\"none\" aria-hidden=\"true\" focusable=\"false\"><path d=\"M1.50002 4L6.00002 8L10.5 4\" stroke-width=\"1.5\"><\/path><\/svg><\/button><ul data-wp-on--focus=\"actions.openMenuOnFocus\" style=\"font-style:normal;font-weight:400;\" class=\"wp-block-navigation__submenu-container wp-block-navigation-submenu has-medium-font-size\"><li class=\"has-large-font-size wp-block-navigation-item wp-block-navigation-link\"><a class=\"wp-block-navigation-item__content\"  href=\"https:\/\/romanistyka.wn.uw.edu.pl\/index.php\/erasmus\/\"><span class=\"wp-block-navigation-item__label\">Erasmus+<\/span><\/a><\/li><li class=\"has-large-font-size wp-block-navigation-item wp-block-navigation-link\"><a class=\"wp-block-navigation-item__content\"  href=\"https:\/\/romanistyka.wn.uw.edu.pl\/index.php\/studia-ii-stopnia\/pop\"><span class=\"wp-block-navigation-item__label\">Program podw\u00f3jnego dyplomu<\/span><\/a><\/li><li class=\"has-large-font-size wp-block-navigation-item wp-block-navigation-link\"><a class=\"wp-block-navigation-item__content\"  href=\"https:\/\/romanistyka.wn.uw.edu.pl\/index.php\/granty-i-stypendia-naukowe\/\"><span class=\"wp-block-navigation-item__label\">Granty i stypendia naukowe<\/span><\/a><\/li><li class=\"has-large-font-size wp-block-navigation-item wp-block-navigation-link\"><a class=\"wp-block-navigation-item__content\"  href=\"https:\/\/romanistyka.wn.uw.edu.pl\/index.php\/mish\/\"><span class=\"wp-block-navigation-item__label\">Kolegium MISH<\/span><\/a><\/li><li class=\"has-large-font-size wp-block-navigation-item wp-block-navigation-link\"><a class=\"wp-block-navigation-item__content\"  href=\"https:\/\/romanistyka.wn.uw.edu.pl\/index.php\/egzamin-sorbonne-universite-selfeee\/\"><span class=\"wp-block-navigation-item__label\">Egzamin Sorbonne Universit\u00e9 \u2013 SELFEEE<\/span><\/a><\/li><li class=\"has-large-font-size wp-block-navigation-item wp-block-navigation-link\"><a class=\"wp-block-navigation-item__content\"  href=\"https:\/\/romanistyka.wn.uw.edu.pl\/index.php\/biuro-karier-uw\/\"><span class=\"wp-block-navigation-item__label\">Biuro Karier UW<\/span><\/a><\/li><\/ul><\/li><li style=\"font-style:normal;font-weight:400;\" class=\"has-large-font-size wp-block-navigation-item wp-block-navigation-link has-medium-font-size\"><a class=\"wp-block-navigation-item__content\"  href=\"https:\/\/romanistyka.wn.uw.edu.pl\/index.php\/kola-naukowe\/\"><span class=\"wp-block-navigation-item__label\">Ko\u0142a naukowe<\/span><\/a><\/li><li style=\"font-style:normal;font-weight:400;\" class=\"has-large-font-size wp-block-navigation-item wp-block-navigation-link has-medium-font-size\"><a class=\"wp-block-navigation-item__content\"  href=\"https:\/\/romanistyka.wn.uw.edu.pl\/index.php\/stowarzyszenie-absolwentow-irom\/\"><span class=\"wp-block-navigation-item__label\">Stowarzyszenie Absolwent\u00f3w IROM<\/span><\/a><\/li><li style=\"font-style:normal;font-weight:400;\" class=\"has-large-font-size wp-block-navigation-item wp-block-navigation-link has-medium-font-size\"><a class=\"wp-block-navigation-item__content\"  href=\"https:\/\/romanistyka.wn.uw.edu.pl\/index.php\/akty-prawne\/\"><span class=\"wp-block-navigation-item__label\">Akty prawne<\/span><\/a><\/li><\/ul>\n\t\t\t\t\t\t\t<\/div>\n\t\t\t\t\t\t<\/div>\n\t\t\t\t\t<\/div>\n\t\t\t\t<\/div><\/nav><\/div>\n<\/div>\n\n\n\n<p><\/p>\n","protected":false},"excerpt":{"rendered":"<p>Drogie osoby studiuj\u0105ce, Bardzo si\u0119 cieszymy, \u017ce jeste\u015bcie z nami i \u017ce wsp\u00f3\u0142tworzycie romanistyczn\u0105 wsp\u00f3lnot\u0119 IR UW. Wszystkie informacje dotycz\u0105ce studi\u00f3w na kierunku filologia roma\u0144ska dost\u0119pne s\u0105 w menu rozwijanym oraz poni\u017cej. Prosimy wyszuka\u0107 w odpowiedni dzia\u0142 i klikn\u0105\u0107 na wybran\u0105 nazw\u0119.&nbsp;<\/p>\n","protected":false},"author":15,"featured_media":0,"parent":0,"menu_order":0,"comment_status":"closed","ping_status":"closed","template":"","meta":{"footnotes":""},"class_list":["post-6300","page","type-page","status-publish","hentry"],"_links":{"self":[{"href":"https:\/\/romanistyka.wn.uw.edu.pl\/index.php\/wp-json\/wp\/v2\/pages\/6300","targetHints":{"allow":["GET"]}}],"collection":[{"href":"https:\/\/romanistyka.wn.uw.edu.pl\/index.php\/wp-json\/wp\/v2\/pages"}],"about":[{"href":"https:\/\/romanistyka.wn.uw.edu.pl\/index.php\/wp-json\/wp\/v2\/types\/page"}],"author":[{"embeddable":true,"href":"https:\/\/romanistyka.wn.uw.edu.pl\/index.php\/wp-json\/wp\/v2\/users\/15"}],"replies":[{"embeddable":true,"href":"https:\/\/romanistyka.wn.uw.edu.pl\/index.php\/wp-json\/wp\/v2\/comments?post=6300"}],"version-history":[{"count":3,"href":"https:\/\/romanistyka.wn.uw.edu.pl\/index.php\/wp-json\/wp\/v2\/pages\/6300\/revisions"}],"predecessor-version":[{"id":6304,"href":"https:\/\/romanistyka.wn.uw.edu.pl\/index.php\/wp-json\/wp\/v2\/pages\/6300\/revisions\/6304"}],"wp:attachment":[{"href":"https:\/\/romanistyka.wn.uw.edu.pl\/index.php\/wp-json\/wp\/v2\/media?parent=6300"}],"curies":[{"name":"wp","href":"https:\/\/api.w.org\/{rel}","templated":true}]}}