{"id":630,"date":"2023-02-06T12:57:48","date_gmt":"2023-02-06T12:57:48","guid":{"rendered":"https:\/\/romanistyka.wn.uw.edu.pl\/?page_id=630"},"modified":"2026-03-26T12:14:16","modified_gmt":"2026-03-26T12:14:16","slug":"dyzury-pracownikow","status":"publish","type":"page","link":"https:\/\/romanistyka.wn.uw.edu.pl\/index.php\/dyzury-pracownikow\/","title":{"rendered":"Dy\u017cury pracownik\u00f3w"},"content":{"rendered":"\n<p><\/p>\n\n\n\n<div style=\"height:20px\" aria-hidden=\"true\" class=\"wp-block-spacer\"><\/div>\n\n\n\n<p><\/p>\n\n\n\n<p><strong>dy\u017cury w semestrze letnim 2025\/202<\/strong>6<\/p>\n\n\n\n<p><strong>16.02.2026 \u2013 07.06.2026<\/strong><\/p>\n\n\n\n<div style=\"height:20px\" aria-hidden=\"true\" class=\"wp-block-spacer\"><\/div>\n\n\n\n<p>Dy\u017cury odbywaj\u0105 si\u0119 trybie stacjonarnym w budynku przy ul. Dobra 55<\/p>\n\n\n\n<figure class=\"wp-block-table\"><table class=\"has-fixed-layout\"><tbody><tr><td><strong>PRACOWNIK<\/strong><\/td><td><strong>GODZINY DY\u017bURU<\/strong><\/td><td><strong>MIEJSCE DY\u017bURU (ONLINE \/ STACJONARNIE)<\/strong><\/td><\/tr><tr><td><a href=\"http:\/\/romanistyka.wn.uw.edu.pl\/index.php\/pracownicy\/ciostek-anna\/\">Anna Ciostek<\/a><\/td><td><\/td><td><\/td><\/tr><tr><td><a href=\"http:\/\/romanistyka.wn.uw.edu.pl\/index.php\/pracownicy\/agnieszka-dryjanska\/\">Agnieszka Dryja\u0144ska<\/a><\/td><td>pi\u0105tki, 10:30-11:30 lub zdalnie (po um\u00f3wieniu)<\/td><td>stacjonarnie 3.410 lub online<\/td><\/tr><tr><td><a href=\"http:\/\/romanistyka.wn.uw.edu.pl\/index.php\/pracownicy\/fijalkowska-wanda\/\">Wanda Fija\u0142kowska<\/a><\/td><td>pi\u0105tki, 15:00-16:30&nbsp;oraz zdalnie po wcze\u015bniejszym um\u00f3wieniu&nbsp;<\/td><td>gab.3.419&nbsp;<\/td><\/tr><tr><td>Urszula Garbacz<\/td><td>zdalnie po wcze\u015bniejszym um\u00f3wieniu<\/td><td><\/td><\/tr><tr><td><a href=\"http:\/\/romanistyka.wn.uw.edu.pl\/index.php\/pracownicy\/grycan-magdalena\/\">Magdalena Grycan<\/a><\/td><td><\/td><td><\/td><\/tr><tr><td><a href=\"http:\/\/romanistyka.wn.uw.edu.pl\/index.php\/pracownicy\/izert-malgorzata\/\">Ma\u0142gorzata Izert<\/a><\/td><td>URLOP NAUKOWY<\/td><td><\/td><\/tr><tr><td><a href=\"http:\/\/romanistyka.wn.uw.edu.pl\/index.php\/pracownicy\/janion-agnieszka\/\">Agnieszka Janion<\/a><\/td><td>czwartek, godz.&nbsp;10.00 &#8211; 11.00<\/td><td>3.419 lub zdalnie (po um\u00f3wieniu terminu)<\/td><\/tr><tr><td><a href=\"https:\/\/romanistyka.wn.uw.edu.pl\/index.php\/pracownicy\/alicja-jaworska-kaska\/\">Alicja Jaworska-Kaska<\/a><\/td><td>wtorek 13.15-14.15<\/td><td>3.419<\/td><\/tr><tr><td><a href=\"http:\/\/romanistyka.wn.uw.edu.pl\/index.php\/pracownicy\/kieliszczyk-anna\/\">Anna Kieliszczyk<\/a><\/td><td>pi\u0105tek 13:45 &#8211; 14:45<\/td><td>3.419<\/td><\/tr><tr><td><a href=\"http:\/\/romanistyka.wn.uw.edu.pl\/index.php\/pracownicy\/klik-marcin\/\">Marcin Klik<\/a><\/td><td>poniedzia\u0142ki, godz. 18.15-19.15 (po um\u00f3wieniu)<\/td><td>stacjonarnie (3.414) lub online<\/td><\/tr><tr><td>Ewa Kobyli\u0144ska<\/td><td>Zdalnie (po um\u00f3wieniu)<\/td><td><\/td><\/tr><tr><td><a href=\"http:\/\/romanistyka.wn.uw.edu.pl\/index.php\/pracownicy\/kostro-monika\/\">Monika Kostro<\/a><\/td><td>wtorki, godz. 13:00-14:00<\/td><td>stacjonarnie (3.419) lub zdalnie (po um\u00f3wieniu terminu)<\/td><\/tr><tr><td><a href=\"http:\/\/romanistyka.wn.uw.edu.pl\/index.php\/pracownicy\/krawczyk-dariusz\/\">Dariusz Krawczyk<\/a><\/td><td>wtorki, godz. 13.45-14.45<\/td><td>stacjonarnie (3.414) lub zdalnie po um\u00f3wieniu terminu<\/td><\/tr><tr><td><a href=\"http:\/\/romanistyka.wn.uw.edu.pl\/index.php\/pracownicy\/kroker-wieslaw\/\">Wies\u0142aw Kroker<\/a><\/td><td>czwartki, godz. 16.30-17.30 (po um\u00f3wieniu)<\/td><td>3.414 lub w innym terminie zdalnie<\/td><\/tr><tr><td><a href=\"http:\/\/romanistyka.wn.uw.edu.pl\/index.php\/pracownicy\/kucharczyk-radoslaw\/\">Rados\u0142aw Kucharczyk<\/a><\/td><td>zdalnie, po wcze\u015bniejszym um\u00f3wieniu si\u0119 drog\u0105 mailow\u0105&nbsp;<\/td><td><\/td><\/tr><tr><td><a href=\"http:\/\/romanistyka.wn.uw.edu.pl\/index.php\/pracownicy\/kulesza-monika\/\">Monika Kulesza<\/a><\/td><td>Urlop naukowy<\/td><td><\/td><\/tr><tr><td><a href=\"http:\/\/romanistyka.wn.uw.edu.pl\/index.php\/pracownicy\/malinowska-monika\/\">Monika Malinowska<\/a><\/td><td>wtorki, 11:15-12:15<\/td><td>stacjonarnie, s. 3.414, po wcze\u015bniejszym um\u00f3wieniu<\/td><\/tr><tr><td><a href=\"http:\/\/romanistyka.wn.uw.edu.pl\/index.php\/pracownicy\/molska-malgorzata\/\">Ma\u0142gorzata Molska<\/a><\/td><td>\u015broda, 10h00-11h00<\/td><td>stacjonarnie 3.410 &#8211; pro\u015bba o wpisanie si\u0119 do tabeli<a href=\"https:\/\/docs.google.com\/document\/d\/13fQ8EPhsXnmvSqsd4MzeF1H9Opu9pjgnJe2x0hFXLFo\/edit?usp=sharing\">https:\/\/docs.google.com\/document\/d\/13fQ8EPhsXnmvSqsd4MzeF1H9Opu9pjgnJe2x0hFXLFo\/edit?usp=sharing<\/a><\/td><\/tr><tr><td><a href=\"http:\/\/romanistyka.wn.uw.edu.pl\/index.php\/pracownicy\/obszynski-michal\/\">Micha\u0142 Obszy\u0144ski<\/a><\/td><td>\u015broda, godz. 13.30 &#8211; 14.30<\/td><td>stacjonarnie (2.415) lub zdalnie (po um\u00f3wieniu)<\/td><\/tr><tr><td><a href=\"http:\/\/romanistyka.wn.uw.edu.pl\/index.php\/pracownicy\/opiela-mrozik-anna\/\">Anna Opiela-Mrozik<\/a><\/td><td>poniedzia\u0142ek 13:00-14:00<\/td><td>stacjonarnie (3.414) lub zdalnie (po um\u00f3wieniu)<\/td><\/tr><tr><td><a href=\"http:\/\/romanistyka.wn.uw.edu.pl\/index.php\/pracownicy\/pachocinska-elzbieta\/\">El\u017cbieta Pachoci\u0144ska<\/a><\/td><td>\u015brody 18.15 -19.15&nbsp;<\/td><td>stacjonarnie s. 3.419 lub w innym terminie po wcze\u015bniejszym um\u00f3wieniu.<\/td><\/tr><tr><td><a href=\"http:\/\/romanistyka.wn.uw.edu.pl\/index.php\/pracownicy\/padzik-dorota\/\">Dorota Padzik<\/a><\/td><td>\u015brody 10.15-11.15 (po um\u00f3wieniu)<\/td><td>stacjonarnie (3.410)<\/td><\/tr><tr><td><a href=\"http:\/\/romanistyka.wn.uw.edu.pl\/index.php\/pracownicy\/pilecka-ewa\/\">Ewa Pilecka<\/a><\/td><td>urlop naukowy<\/td><td><\/td><\/tr><tr><td><a href=\"http:\/\/romanistyka.wn.uw.edu.pl\/index.php\/pracownicy\/peeters-pascale\/\">Pascale Peeters<\/a><\/td><td>\u015brody 13.15-14.15 (po um\u00f3wieniu)<\/td><td>s. 3410<\/td><\/tr><tr><td><a href=\"http:\/\/romanistyka.wn.uw.edu.pl\/index.php\/pracownicy\/popowicz-kamil\/\">Kamil Popowicz<\/a><\/td><td>pi\u0105tki 16.30-17.30 (po um\u00f3wieniu)<\/td><td>stacjonarnie (3.414) lub zdalnie (po um\u00f3wieniu)<\/td><\/tr><tr><td>Maria Prandota<\/td><td>czwartek, 10.30-11.30 (po um\u00f3wieniu)<\/td><td>stacjonarnie (3.410) lub zdalnie<\/td><\/tr><tr><td><a href=\"http:\/\/romanistyka.wn.uw.edu.pl\/index.php\/pracownicy\/dryjanska-agnieszka\/\">Sara Del Rossi<\/a><\/td><td>\u015broda 11:30-12:30 (po um\u00f3wieniu)czwartek 11:30-12:30 (po um\u00f3wieniu)<\/td><td>stacjonarnie (2.011) lub online<\/td><\/tr><tr><td>Karolina Ro\u017cek<\/td><td>Zdalnie (po um\u00f3wieniu)<\/td><td><\/td><\/tr><tr><td><a href=\"http:\/\/romanistyka.wn.uw.edu.pl\/index.php\/pracownicy\/lucas-paul-skurczynski\/\">Lucas Skurczy\u0144ski<\/a><\/td><td>jeudi 12-13 H sur RDV<\/td><td>s. 3.410 ou en ligne<\/td><\/tr><tr><td><a href=\"http:\/\/romanistyka.wn.uw.edu.pl\/index.php\/pracownicy\/smuk-maciej\/\">Maciej Smuk<\/a><\/td><td>poniedzia\u0142ki 12.00 &#8211; 13.00<\/td><td>s. 3410<\/td><\/tr><tr><td><a href=\"http:\/\/romanistyka.wn.uw.edu.pl\/index.php\/pracownicy\/sobczyk-agata\/\">Agata Sobczyk<\/a><\/td><td>czwartki 15.45-16.46<\/td><td>po um\u00f3wieniu mailowym. Sala 3.414 lub zdalnie<\/td><\/tr><tr><td><a href=\"http:\/\/romanistyka.wn.uw.edu.pl\/index.php\/pracownicy\/sokolowicz-malgorzata\/\">Ma\u0142gorzata Soko\u0142owicz<\/a><\/td><td>czwartki, godz. 17h00-18h00<\/td><td>online przez <a href=\"http:\/\/zoom.us\">zoom.us<\/a> (prosz\u0119 o wcze\u015bniejszy kontakt w celu podania linku)<\/td><\/tr><tr><td><a href=\"http:\/\/romanistyka.wn.uw.edu.pl\/index.php\/pracownicy\/sujecka-zajac-jolanta\/\">Jolanta Sujecka-Zaj\u0105c<\/a><\/td><td>\u015brody, godz. 11.30-12.30,&nbsp;<\/td><td>s. 3410<\/td><\/tr><tr><td>Monika Szyma\u0144ska &#8211; Klimowicz<\/td><td><\/td><td><\/td><\/tr><tr><td><a href=\"http:\/\/romanistyka.wn.uw.edu.pl\/index.php\/pracownicy\/szeliga-dorota\/\">Dorota Szeliga<\/a><\/td><td>Urlop naukowy<\/td><td><\/td><\/tr><tr><td><a href=\"http:\/\/romanistyka.wn.uw.edu.pl\/index.php\/pracownicy\/szymankiewicz-krystyna\/\">Krystyna Szymankiewicz<\/a><\/td><td>poniedzia\u0142ki, godz. 13:30-14:30 (po um\u00f3wieniu)<\/td><td>stacjonarnie 3.410 lub online<\/td><\/tr><tr><td><a href=\"http:\/\/romanistyka.wn.uw.edu.pl\/index.php\/pracownicy\/alessia-vignoli\/\">Alessia Vignoli<\/a><\/td><td>wtorek 11:30-12:30<\/td><td>stacjonarnie (2.011) lub online<\/td><\/tr><tr><td><a href=\"http:\/\/romanistyka.wn.uw.edu.pl\/index.php\/pracownicy\/wawrzonek-karolina\/\">Karolina Wawrzonek<\/a><\/td><td>\u015broda 11-13, czwartek 11-13<\/td><td>sala 2.415<\/td><\/tr><tr><td><a href=\"https:\/\/romanistyka.wn.uw.edu.pl\/index.php\/cezary-weglinski\/\">Cezary W\u0119gli\u0144ski<\/a><\/td><td><\/td><td><\/td><\/tr><tr><td><a href=\"http:\/\/romanistyka.wn.uw.edu.pl\/index.php\/pracownicy\/wojakowska-marta\/\">Marta Wojakowska<\/a><\/td><td>pi\u0105tek 15:00 (po um\u00f3wieniu)<\/td><td>stacjonarnie w sali 3.146<\/td><\/tr><tr><td><a href=\"http:\/\/romanistyka.wn.uw.edu.pl\/index.php\/pracownicy\/zaleska-krystyna\/\">Krystyna Zaleska<\/a><\/td><td>zdalnie (po um\u00f3wieniu)<\/td><td><\/td><\/tr><tr><td><a href=\"http:\/\/romanistyka.wn.uw.edu.pl\/index.php\/pracownicy\/zatorska-izabella\/\">Izabella Zatorska<\/a><\/td><td>\u015broda 15.30-17 lubzdalnie (po um\u00f3wieniu)<\/td><td>je\u015bli stacjonarnie, to w 3.414<\/td><\/tr><tr><td><a href=\"http:\/\/romanistyka.wn.uw.edu.pl\/index.php\/pracownicy\/zbierska-moscicka-judyta\/\">Judyta Zbierska-Mo\u015bcicka<\/a><\/td><td>czwartek 12.00-13.00<\/td><td>3.414<\/td><\/tr><\/tbody><\/table><\/figure>\n\n\n\n<div style=\"height:20px\" aria-hidden=\"true\" class=\"wp-block-spacer\"><\/div>\n\n\n\n\n","protected":false},"excerpt":{"rendered":"<p>dy\u017cury w semestrze letnim 2025\/2026 16.02.2026 \u2013 07.06.2026 Dy\u017cury odbywaj\u0105 si\u0119 trybie stacjonarnym w budynku przy ul. Dobra 55 PRACOWNIK GODZINY DY\u017bURU MIEJSCE DY\u017bURU (ONLINE \/ STACJONARNIE) Anna Ciostek Agnieszka Dryja\u0144ska pi\u0105tki, 10:30-11:30 lub zdalnie (po um\u00f3wieniu) stacjonarnie 3.410 lub online Wanda Fija\u0142kowska pi\u0105tki, 15:00-16:30&nbsp;oraz zdalnie po wcze\u015bniejszym um\u00f3wieniu&nbsp; gab.3.419&nbsp; Urszula Garbacz zdalnie po wcze\u015bniejszym [&hellip;]<\/p>\n","protected":false},"author":1,"featured_media":0,"parent":0,"menu_order":0,"comment_status":"closed","ping_status":"closed","template":"page-no-title","meta":{"footnotes":""},"class_list":["post-630","page","type-page","status-publish","hentry"],"_links":{"self":[{"href":"https:\/\/romanistyka.wn.uw.edu.pl\/index.php\/wp-json\/wp\/v2\/pages\/630","targetHints":{"allow":["GET"]}}],"collection":[{"href":"https:\/\/romanistyka.wn.uw.edu.pl\/index.php\/wp-json\/wp\/v2\/pages"}],"about":[{"href":"https:\/\/romanistyka.wn.uw.edu.pl\/index.php\/wp-json\/wp\/v2\/types\/page"}],"author":[{"embeddable":true,"href":"https:\/\/romanistyka.wn.uw.edu.pl\/index.php\/wp-json\/wp\/v2\/users\/1"}],"replies":[{"embeddable":true,"href":"https:\/\/romanistyka.wn.uw.edu.pl\/index.php\/wp-json\/wp\/v2\/comments?post=630"}],"version-history":[{"count":60,"href":"https:\/\/romanistyka.wn.uw.edu.pl\/index.php\/wp-json\/wp\/v2\/pages\/630\/revisions"}],"predecessor-version":[{"id":7500,"href":"https:\/\/romanistyka.wn.uw.edu.pl\/index.php\/wp-json\/wp\/v2\/pages\/630\/revisions\/7500"}],"wp:attachment":[{"href":"https:\/\/romanistyka.wn.uw.edu.pl\/index.php\/wp-json\/wp\/v2\/media?parent=630"}],"curies":[{"name":"wp","href":"https:\/\/api.w.org\/{rel}","templated":true}]}}