{"id":627,"date":"2023-02-06T12:55:18","date_gmt":"2023-02-06T12:55:18","guid":{"rendered":"https:\/\/romanistyka.wn.uw.edu.pl\/?page_id=627"},"modified":"2025-05-22T16:24:20","modified_gmt":"2025-05-22T16:24:20","slug":"rozliczenie-roku","status":"publish","type":"page","link":"https:\/\/romanistyka.wn.uw.edu.pl\/index.php\/rozliczenie-roku\/","title":{"rendered":"Rozliczenie roku"},"content":{"rendered":"\n<h2 class=\"wp-block-heading has-large-font-size\" style=\"padding-top:var(--wp--preset--spacing--30);padding-bottom:var(--wp--preset--spacing--30)\">Po zaliczeniu wszystkich przedmiot\u00f3w (kiedy wszystkie oceny b\u0119d\u0105 ju\u017c figurowa\u0107 w USOSie) nale\u017cy dostarczy\u0107 opiekunowi roku:<\/h2>\n\n\n\n<ul class=\"wp-block-list\">\n<li>wydruk strony \u201e<strong>Szczeg\u00f3\u0142owe informacje o zaliczeniu etapu<\/strong>\u201d ze swojego konta USOSweb:\u00a0<strong>Moje studia -> Zaliczenia etap\u00f3w<\/strong>, wybieraj\u0105c odpowiedni cykl;<\/li>\n\n\n\n<li>wydruk Karty przebiegu studi\u00f3w:\u00a0<strong>Moje studia -> Oceny -> drukuj kart\u0119 przebiegu studi\u00f3w dla programu;<\/strong><\/li>\n\n\n\n<li>wszelkie dokumenty dotycz\u0105ce zmian w zaliczeniu przedmiot\u00f3w \u2013 kopie poda\u0144 zaakceptowanych przez Kierownika studi\u00f3w (np. o przepisanie przedmiot\u00f3w z innego kierunku, zmiana kwalifikacji przedmiotu (KHK\/SEM TEM).<\/li>\n<\/ul>\n\n\n\n<p class=\"has-large-font-size\" style=\"padding-top:var(--wp--preset--spacing--30);padding-bottom:var(--wp--preset--spacing--30)\"><strong>Brak zaliczenia etapu (brakuj\u0105ce przedmioty) przez opiekuna roku oznacza konieczno\u015b\u0107 z\u0142o\u017cenia podania do Kierownika studi\u00f3w: warunkowy wpis lub powtarzanie etapu<\/strong><\/p>\n\n\n\n<p class=\"has-large-font-size\" style=\"padding-top:var(--wp--preset--spacing--30);padding-bottom:var(--wp--preset--spacing--30)\"><strong>UWAGA!<\/strong>&nbsp;Przed przyst\u0105pieniem do rozliczenia nale\u017cy upewni\u0107 si\u0119, czy wszystkie przedmioty zosta\u0142y prawid\u0142owo podpi\u0119te. Przypominamy, \u017ce przedmioty zaliczone \u201eawansem\u201d musz\u0105 by\u0107 podpi\u0119te jedynie pod program, podpi\u0119cie ich pod etap grozi niezaliczeniem nast\u0119pnego roku akademickiego. Przedmioty obowi\u0105zkowe dla danego roku (i profilu) musz\u0105 by\u0107 podpi\u0119te pod konkretny etap. Brak podpi\u0119cia oznacza, \u017ce przedmiot jest p\u0142atny.<\/p>\n\n\n\n<h2 class=\"wp-block-heading has-large-font-size\" style=\"padding-top:var(--wp--preset--spacing--40);padding-bottom:var(--wp--preset--spacing--40)\">Przedmioty figuruj\u0105ce w programie studi\u00f3w jako OGUN musz\u0105 w kodzie przedmiotu zawiera\u0107 ko\u0144c\u00f3wk\u0119 \u2013OG. Je\u015bli jej nie maj\u0105, nale\u017cy napisa\u0107 podanie do Dyrektora ds. studenckich z pro\u015bb\u0105 o zaliczenie takich przedmiot\u00f3w jako OGUNy.<\/h2>\n\n\n\n<p class=\"has-large-font-size\" style=\"padding-top:var(--wp--preset--spacing--40);padding-bottom:var(--wp--preset--spacing--40)\"><strong>OSTATECZNY TERMIN ROZLICZENIA to 30 wrze\u015bnia; niemniej je\u017celi Pa\u0144stwa sytuacja jest skomplikowana (warunki, powt\u00f3rzenia etapu, uznania przedmiot\u00f3w) formalno\u015bci nale\u017cy uko\u0144czy\u0107 do 15 wrze\u015bnia<\/strong>.<\/p>\n\n\n\n<p><\/p>\n","protected":false},"excerpt":{"rendered":"<p>Po zaliczeniu wszystkich przedmiot\u00f3w (kiedy wszystkie oceny b\u0119d\u0105 ju\u017c figurowa\u0107 w USOSie) nale\u017cy dostarczy\u0107 opiekunowi roku: Brak zaliczenia etapu (brakuj\u0105ce przedmioty) przez opiekuna roku oznacza konieczno\u015b\u0107 z\u0142o\u017cenia podania do Kierownika studi\u00f3w: warunkowy wpis lub powtarzanie etapu UWAGA!&nbsp;Przed przyst\u0105pieniem do rozliczenia nale\u017cy upewni\u0107 si\u0119, czy wszystkie przedmioty zosta\u0142y prawid\u0142owo podpi\u0119te. Przypominamy, \u017ce przedmioty zaliczone \u201eawansem\u201d musz\u0105 [&hellip;]<\/p>\n","protected":false},"author":1,"featured_media":0,"parent":0,"menu_order":0,"comment_status":"closed","ping_status":"closed","template":"page-no-title","meta":{"footnotes":""},"class_list":["post-627","page","type-page","status-publish","hentry"],"_links":{"self":[{"href":"https:\/\/romanistyka.wn.uw.edu.pl\/index.php\/wp-json\/wp\/v2\/pages\/627","targetHints":{"allow":["GET"]}}],"collection":[{"href":"https:\/\/romanistyka.wn.uw.edu.pl\/index.php\/wp-json\/wp\/v2\/pages"}],"about":[{"href":"https:\/\/romanistyka.wn.uw.edu.pl\/index.php\/wp-json\/wp\/v2\/types\/page"}],"author":[{"embeddable":true,"href":"https:\/\/romanistyka.wn.uw.edu.pl\/index.php\/wp-json\/wp\/v2\/users\/1"}],"replies":[{"embeddable":true,"href":"https:\/\/romanistyka.wn.uw.edu.pl\/index.php\/wp-json\/wp\/v2\/comments?post=627"}],"version-history":[{"count":10,"href":"https:\/\/romanistyka.wn.uw.edu.pl\/index.php\/wp-json\/wp\/v2\/pages\/627\/revisions"}],"predecessor-version":[{"id":6290,"href":"https:\/\/romanistyka.wn.uw.edu.pl\/index.php\/wp-json\/wp\/v2\/pages\/627\/revisions\/6290"}],"wp:attachment":[{"href":"https:\/\/romanistyka.wn.uw.edu.pl\/index.php\/wp-json\/wp\/v2\/media?parent=627"}],"curies":[{"name":"wp","href":"https:\/\/api.w.org\/{rel}","templated":true}]}}