{"id":622,"date":"2023-02-06T12:47:00","date_gmt":"2023-02-06T12:47:00","guid":{"rendered":"https:\/\/romanistyka.wn.uw.edu.pl\/?page_id=622"},"modified":"2025-07-23T12:26:00","modified_gmt":"2025-07-23T12:26:00","slug":"program-studiow","status":"publish","type":"page","link":"https:\/\/romanistyka.wn.uw.edu.pl\/index.php\/program-studiow\/","title":{"rendered":"Program studi\u00f3w"},"content":{"rendered":"\n<p>Instytut Romanistyki oferuje kszta\u0142cenie w systemie bolo\u0144skim, co mi\u0119dzy innymi oznacza podzia\u0142 studi\u00f3w na trzy niezale\u017cne stopnie: studia licencjackie, magisterskie i doktoranckie.<\/p>\n\n\n\n<p>Nale\u017cy pami\u0119ta\u0107, \u017ce rozliczenie realizacji studi\u00f3w odbywa si\u0119 zawsze wed\u0142ug programu, kt\u00f3ry obowi\u0105zywa\u0142 w momencie rozpoczynania studi\u00f3w przez dany rocznik. <\/p>\n\n\n\n<p>Programy studi\u00f3w obowi\u0105zuj\u0105ce w roku akademickim dost\u0119pne s\u0105 w tym dziale, w zak\u0142adkach przeznaczonych dla I i II stopnia.<\/p>\n\n\n\n<p><\/p>\n\n\n\n<h2 class=\"wp-block-heading\"><\/h2>\n\n\n\n<p><\/p>\n","protected":false},"excerpt":{"rendered":"<p>Instytut Romanistyki oferuje kszta\u0142cenie w systemie bolo\u0144skim, co mi\u0119dzy innymi oznacza podzia\u0142 studi\u00f3w na trzy niezale\u017cne stopnie: studia licencjackie, magisterskie i doktoranckie. Nale\u017cy pami\u0119ta\u0107, \u017ce rozliczenie realizacji studi\u00f3w odbywa si\u0119 zawsze wed\u0142ug programu, kt\u00f3ry obowi\u0105zywa\u0142 w momencie rozpoczynania studi\u00f3w przez dany rocznik. Programy studi\u00f3w obowi\u0105zuj\u0105ce w roku akademickim dost\u0119pne s\u0105 w tym dziale, w zak\u0142adkach [&hellip;]<\/p>\n","protected":false},"author":1,"featured_media":0,"parent":0,"menu_order":0,"comment_status":"closed","ping_status":"closed","template":"","meta":{"footnotes":""},"class_list":["post-622","page","type-page","status-publish","hentry"],"_links":{"self":[{"href":"https:\/\/romanistyka.wn.uw.edu.pl\/index.php\/wp-json\/wp\/v2\/pages\/622","targetHints":{"allow":["GET"]}}],"collection":[{"href":"https:\/\/romanistyka.wn.uw.edu.pl\/index.php\/wp-json\/wp\/v2\/pages"}],"about":[{"href":"https:\/\/romanistyka.wn.uw.edu.pl\/index.php\/wp-json\/wp\/v2\/types\/page"}],"author":[{"embeddable":true,"href":"https:\/\/romanistyka.wn.uw.edu.pl\/index.php\/wp-json\/wp\/v2\/users\/1"}],"replies":[{"embeddable":true,"href":"https:\/\/romanistyka.wn.uw.edu.pl\/index.php\/wp-json\/wp\/v2\/comments?post=622"}],"version-history":[{"count":9,"href":"https:\/\/romanistyka.wn.uw.edu.pl\/index.php\/wp-json\/wp\/v2\/pages\/622\/revisions"}],"predecessor-version":[{"id":6646,"href":"https:\/\/romanistyka.wn.uw.edu.pl\/index.php\/wp-json\/wp\/v2\/pages\/622\/revisions\/6646"}],"wp:attachment":[{"href":"https:\/\/romanistyka.wn.uw.edu.pl\/index.php\/wp-json\/wp\/v2\/media?parent=622"}],"curies":[{"name":"wp","href":"https:\/\/api.w.org\/{rel}","templated":true}]}}