{"id":6074,"date":"2025-05-21T21:54:10","date_gmt":"2025-05-21T21:54:10","guid":{"rendered":"https:\/\/romanistyka.wn.uw.edu.pl\/?page_id=6074"},"modified":"2025-06-16T09:55:35","modified_gmt":"2025-06-16T09:55:35","slug":"dla-kandydata","status":"publish","type":"page","link":"https:\/\/romanistyka.wn.uw.edu.pl\/index.php\/dla-kandydata\/","title":{"rendered":"Dla Kandydata"},"content":{"rendered":"\n<p class=\"has-link-color has-large-font-size wp-elements-cfb90f02fd9e909c9e223e213874068f\">Serdecznie witamy na stronie Instytutu Romanistyki UW. W tej sekcji znajdziesz informacje dotycz\u0105ce prowadzonego przez nas kierunku studi\u00f3w filologia roma\u0144ska. Wszystkie informacje dost\u0119pne s\u0105 w zak\u0142adkach<a href=\"https:\/\/romanistyka.wn.uw.edu.pl\/index.php\/informacje-ogolne\/\" data-type=\"page\" data-id=\"2096\"> Informacje og\u00f3lne<\/a>, <a href=\"https:\/\/romanistyka.wn.uw.edu.pl\/index.php\/studia-i-stopnia\/\" data-type=\"page\" data-id=\"657\">Studia I stopnia<\/a>, <a href=\"https:\/\/romanistyka.wn.uw.edu.pl\/index.php\/studia-ii-stopnia-2\/\" data-type=\"page\" data-id=\"2158\">Studia II stopnia<\/a> oraz <a href=\"https:\/\/romanistyka.wn.uw.edu.pl\/index.php\/czesto-zadawane-pytania-faq\/\" data-type=\"page\" data-id=\"4776\">Cz\u0119sto zadawane pytania<\/a>. Prosimy wybra\u0107 jedn\u0105 z nich w menu rozwijanym.<\/p>\n\n\n\n<p class=\"has-large-font-size\" style=\"margin-bottom:var(--wp--preset--spacing--40)\">Zanim przejdziesz dalej, zapraszamy do obejrzenia kr\u00f3tkiego filmu prezentuj\u0105cego Instytut i oferowane przez nas studia.<\/p>\n\n\n\n<div style=\"height:43px\" aria-hidden=\"true\" class=\"wp-block-spacer\"><\/div>\n\n\n<p><iframe loading=\"lazy\" title=\"YouTube video player\" src=\"https:\/\/www.youtube.com\/embed\/MXPveg0QCF4?si=xX-wJ68pMqO7Mp3-\" width=\"560\" height=\"315\" frameborder=\"0\" allowfullscreen=\"allowfullscreen\"><\/iframe><\/p>","protected":false},"excerpt":{"rendered":"<p>Serdecznie witamy na stronie Instytutu Romanistyki UW. W tej sekcji znajdziesz informacje dotycz\u0105ce prowadzonego przez nas kierunku studi\u00f3w filologia roma\u0144ska. Wszystkie informacje dost\u0119pne s\u0105 w zak\u0142adkach Informacje og\u00f3lne, Studia I stopnia, Studia II stopnia oraz Cz\u0119sto zadawane pytania. Prosimy wybra\u0107 jedn\u0105 z nich w menu rozwijanym. Zanim przejdziesz dalej, zapraszamy do obejrzenia kr\u00f3tkiego filmu prezentuj\u0105cego [&hellip;]<\/p>\n","protected":false},"author":15,"featured_media":0,"parent":0,"menu_order":0,"comment_status":"closed","ping_status":"closed","template":"","meta":{"footnotes":""},"class_list":["post-6074","page","type-page","status-publish","hentry"],"_links":{"self":[{"href":"https:\/\/romanistyka.wn.uw.edu.pl\/index.php\/wp-json\/wp\/v2\/pages\/6074","targetHints":{"allow":["GET"]}}],"collection":[{"href":"https:\/\/romanistyka.wn.uw.edu.pl\/index.php\/wp-json\/wp\/v2\/pages"}],"about":[{"href":"https:\/\/romanistyka.wn.uw.edu.pl\/index.php\/wp-json\/wp\/v2\/types\/page"}],"author":[{"embeddable":true,"href":"https:\/\/romanistyka.wn.uw.edu.pl\/index.php\/wp-json\/wp\/v2\/users\/15"}],"replies":[{"embeddable":true,"href":"https:\/\/romanistyka.wn.uw.edu.pl\/index.php\/wp-json\/wp\/v2\/comments?post=6074"}],"version-history":[{"count":4,"href":"https:\/\/romanistyka.wn.uw.edu.pl\/index.php\/wp-json\/wp\/v2\/pages\/6074\/revisions"}],"predecessor-version":[{"id":6581,"href":"https:\/\/romanistyka.wn.uw.edu.pl\/index.php\/wp-json\/wp\/v2\/pages\/6074\/revisions\/6581"}],"wp:attachment":[{"href":"https:\/\/romanistyka.wn.uw.edu.pl\/index.php\/wp-json\/wp\/v2\/media?parent=6074"}],"curies":[{"name":"wp","href":"https:\/\/api.w.org\/{rel}","templated":true}]}}