{"id":598,"date":"2023-02-06T12:31:59","date_gmt":"2023-02-06T12:31:59","guid":{"rendered":"https:\/\/romanistyka.wn.uw.edu.pl\/?page_id=598"},"modified":"2026-02-19T22:42:48","modified_gmt":"2026-02-19T22:42:48","slug":"zajecia-dla-mlodziezy-szkolnej","status":"publish","type":"page","link":"https:\/\/romanistyka.wn.uw.edu.pl\/index.php\/zajecia-dla-mlodziezy-szkolnej\/","title":{"rendered":"Zaj\u0119cia dla m\u0142odzie\u017cy szkolnej"},"content":{"rendered":"\n<h2 class=\"wp-block-heading has-large-font-size\" style=\"padding-top:var(--wp--preset--spacing--40)\">Szanowni Pa\u0144stwo, Drodzy Nauczyciele i Uczniowie,<\/h2>\n\n\n\n<p class=\"has-large-font-size\">w semestrze letnim Instytut Romanistyki UW zaprasza m\u0142odzie\u017c szkoln\u0105 na wyk\u0142ady otwarte. Opis wyk\u0142ad\u00f3w (i ich tryb) podany jest obok. Adresatami zaj\u0119\u0107 s\u0105 przede wszystkim uczniowie klas humanistycznych wraz z nauczycielami j\u0119zyka francuskiego, historii, j\u0119zyka polskiego oraz wiedzy o kulturze. Wyk\u0142ady b\u0119d\u0105 prowadzone w j\u0119zyku polskim.<\/p>\n\n\n\n<p class=\"has-large-font-size\">Zaj\u0119cia b\u0119d\u0105 si\u0119 odbywa\u0107 w budynku Wydzia\u0142u Neofilologii UW przy ulicy Dobrej 55. Numer sali zostanie przes\u0142any nauczycielom na kilka dni przed wydarzeniem.<\/p>\n\n\n\n<p class=\"has-large-font-size\">Zg\u0142oszenia udzia\u0142u w zaj\u0119ciach nale\u017cy przes\u0142a\u0107 najp\u00f3\u017aniej na 10 dni przed planowymi zaj\u0119ciami na m\u00f3j adres mailowy, m.grycan@uw.edu.pl. W zg\u0142oszeniu prosz\u0119 poda\u0107 szko\u0142\u0119, imi\u0119 i nazwisko opiekuna grupy wraz z telefonem\/ mailem oraz przewidywan\u0105 liczb\u0119 uczni\u00f3w. <\/p>\n\n\n\n<p class=\"has-large-font-size\">A w tym roku nowo\u015b\u0107! Je\u015bli uwa\u017caj\u0105 Pa\u0144stwo, \u017ce uczniowie s\u0105 gotowi wys\u0142ucha\u0107 wyk\u0142adu po francusku, prosz\u0119 o kontakt (m.grycan@uw.edu.pl). B\u0119dzie mo\u017cliwo\u015b\u0107 zaproszenia Prelegenta do szko\u0142y lub um\u00f3wienia si\u0119 na wyk\u0142ad zdalny.<\/p>\n\n\n\n<p class=\"has-large-font-size\">HARMONOGRAM WYK\u0141AD\u00d3W I ICH OPISY ZNAJD\u0104 PA\u0143STWO W PLIKU ZAMIESZCZONYM PONI\u017bEJ<\/p>\n\n\n\n<div class=\"wp-block-file has-link-color wp-elements-2af3da48a21313295b63a5b476b693c9\"><a id=\"wp-block-file--media-56a5ea47-4066-4195-b855-e1b93583f6b3\" href=\"https:\/\/romanistyka.wn.uw.edu.pl\/wp-content\/uploads\/2026\/02\/WYKLADY-IR-2026_compressed-1.pdf\" target=\"_blank\" rel=\"noreferrer noopener\">WYK\u0141ADY IR 2026<\/a><a href=\"https:\/\/romanistyka.wn.uw.edu.pl\/wp-content\/uploads\/2026\/02\/WYKLADY-IR-2026_compressed-1.pdf\" class=\"wp-block-file__button wp-element-button\" download aria-describedby=\"wp-block-file--media-56a5ea47-4066-4195-b855-e1b93583f6b3\">Pobierz<\/a><\/div>\n\n\n\n<div style=\"height:50px\" aria-hidden=\"true\" class=\"wp-block-spacer\"><\/div>\n\n\n\n<h2 class=\"wp-block-heading is-style-elsie-no-margins has-large-font-size\" style=\"text-transform:none\"><strong>Archiwum wyk\u0142ad\u00f3w<\/strong><\/h2>\n\n\n\n<div class=\"wp-block-group has-global-padding is-layout-constrained wp-block-group-is-layout-constrained\">\n<ul class=\"wp-block-list has-medium-font-size\">\n<li><a href=\"https:\/\/romanistyka.wn.uw.edu.pl\/wp-content\/uploads\/2025\/01\/Wyklady-romanistyka-24_25.pdf\">Wyk\u0142ady zima 2024-2025<\/a><\/li>\n\n\n\n<li><a href=\"https:\/\/romanistyka.wn.uw.edu.pl\/wp-content\/uploads\/2023\/09\/Wyklady_Romanistyka_UW_zima_2023_24.pdf\">Wyk\u0142ady zima 2023-2024<\/a><\/li>\n\n\n\n<li><a href=\"https:\/\/romanistyka.wn.uw.edu.pl\/wp-content\/uploads\/2023\/02\/Wyklady_Romanistyka_UW_lato_2022_23.pdf\">Wyk\u0142ady lato 2022-2023<\/a><\/li>\n\n\n\n<li><a href=\"https:\/\/romanistyka.wn.uw.edu.pl\/wp-content\/uploads\/2023\/02\/Wyklady_Romanistyka_UW_zima_2021_22.pdf\">Wyk\u0142ady zima 2021-2022<\/a><\/li>\n\n\n\n<li><a href=\"https:\/\/romanistyka.wn.uw.edu.pl\/wp-content\/uploads\/2023\/02\/Wyklady_Romanistyka_UW_lato_2020_21.pdf\">Wyk\u0142ady lato 2020-2021<\/a><\/li>\n\n\n\n<li><a href=\"https:\/\/romanistyka.wn.uw.edu.pl\/wp-content\/uploads\/2023\/02\/Wyklady_Romanistyka_UW_zima_2020_21.pdf\">Wyk\u0142ady zima 2020-2021<\/a><\/li>\n\n\n\n<li><a href=\"https:\/\/romanistyka.wn.uw.edu.pl\/wp-content\/uploads\/2023\/02\/Wyklady_Romanistyka_UW-lato-2019-2020-1.pdf\">Wyk\u0142ady lato 2019-2020<\/a><\/li>\n\n\n\n<li><a href=\"https:\/\/romanistyka.wn.uw.edu.pl\/wp-content\/uploads\/2023\/02\/Wyklady_Romanistyka_UW-zima-2019-2020.pdf\">Wyk\u0142ady zima 2019-2020<\/a><\/li>\n\n\n\n<li><a href=\"https:\/\/romanistyka.wn.uw.edu.pl\/wp-content\/uploads\/2023\/02\/Wyklady_Romanistyka_UW-lato-2018-2019.pdf\">Wyk\u0142ady lato 2018-2019<\/a><\/li>\n\n\n\n<li><a href=\"https:\/\/romanistyka.wn.uw.edu.pl\/wp-content\/uploads\/2023\/02\/Wyklady_Romanistyka_UW-zima-2018-2019.pdf\">Wyk\u0142ady zima 2018-2019<\/a><\/li>\n\n\n\n<li><a href=\"https:\/\/romanistyka.wn.uw.edu.pl\/wp-content\/uploads\/2023\/02\/Wyklady_Romanistyka_UW-lato-2017-2018-1.pdf\">Wyk\u0142ady zima 2017-2018<\/a><\/li>\n\n\n\n<li><a href=\"https:\/\/romanistyka.wn.uw.edu.pl\/wp-content\/uploads\/2023\/02\/Wyklady_Romanistyka_UW-zima-2016-2017.pdf\">Wyk\u0142ady zima 2016-2017<\/a><\/li>\n\n\n\n<li><a href=\"https:\/\/romanistyka.wn.uw.edu.pl\/wp-content\/uploads\/2023\/02\/Wyklady-lato-2015-2016.pdf\">Wyk\u0142ady lato 2015-2016<\/a><\/li>\n\n\n\n<li><a href=\"https:\/\/romanistyka.wn.uw.edu.pl\/wp-content\/uploads\/2023\/02\/Wyklady-zima-2015-2016.pdf\">Wyk\u0142ady zima 2015-2016<\/a><\/li>\n\n\n\n<li><a href=\"https:\/\/romanistyka.wn.uw.edu.pl\/wp-content\/uploads\/2023\/02\/wykladylato_14_15-2.pdf\">Wyk\u0142ady lato 2014-2015<\/a><\/li>\n\n\n\n<li><a href=\"https:\/\/romanistyka.wn.uw.edu.pl\/wp-content\/uploads\/2023\/02\/wyklady_zima_2014_2015.pdf\">Wyk\u0142ady zima 2014-2015<\/a><\/li>\n\n\n\n<li><a href=\"https:\/\/romanistyka.wn.uw.edu.pl\/wp-content\/uploads\/2023\/02\/wyklady_lato_2013_2014.pdf\">Wyk\u0142ady lato 2013-2014<\/a><\/li>\n\n\n\n<li><a href=\"https:\/\/romanistyka.wn.uw.edu.pl\/wp-content\/uploads\/2023\/02\/wyklady_zima_2013_2014.pdf\" data-type=\"URL\" data-id=\"https:\/\/romanistyka.wn.uw.edu.pl\/wp-content\/uploads\/2023\/02\/wyklady_zima_2013_2014.pdf\">Wyk\u0142ady zima 2013-2014<\/a><\/li>\n\n\n\n<li><a href=\"https:\/\/romanistyka.wn.uw.edu.pl\/wp-content\/uploads\/2023\/02\/wykladylato_2012_2013.pdf\">Wyk\u0142ady lato 2012-2013<\/a><\/li>\n\n\n\n<li><a href=\"https:\/\/romanistyka.wn.uw.edu.pl\/wp-content\/uploads\/2023\/02\/wyklady_zima_2012_2013.pdf\">Wyk\u0142ady zima 2012-2013<\/a><\/li>\n<\/ul>\n<\/div>\n\n\n\n<p><\/p>\n","protected":false},"excerpt":{"rendered":"<p>Szanowni Pa\u0144stwo, Drodzy Nauczyciele i Uczniowie, w semestrze letnim Instytut Romanistyki UW zaprasza m\u0142odzie\u017c szkoln\u0105 na wyk\u0142ady otwarte. Opis wyk\u0142ad\u00f3w (i ich tryb) podany jest obok. Adresatami zaj\u0119\u0107 s\u0105 przede wszystkim uczniowie klas humanistycznych wraz z nauczycielami j\u0119zyka francuskiego, historii, j\u0119zyka polskiego oraz wiedzy o kulturze. Wyk\u0142ady b\u0119d\u0105 prowadzone w j\u0119zyku polskim. Zaj\u0119cia b\u0119d\u0105 si\u0119 [&hellip;]<\/p>\n","protected":false},"author":1,"featured_media":0,"parent":0,"menu_order":0,"comment_status":"closed","ping_status":"closed","template":"page-no-title","meta":{"footnotes":""},"class_list":["post-598","page","type-page","status-publish","hentry"],"_links":{"self":[{"href":"https:\/\/romanistyka.wn.uw.edu.pl\/index.php\/wp-json\/wp\/v2\/pages\/598","targetHints":{"allow":["GET"]}}],"collection":[{"href":"https:\/\/romanistyka.wn.uw.edu.pl\/index.php\/wp-json\/wp\/v2\/pages"}],"about":[{"href":"https:\/\/romanistyka.wn.uw.edu.pl\/index.php\/wp-json\/wp\/v2\/types\/page"}],"author":[{"embeddable":true,"href":"https:\/\/romanistyka.wn.uw.edu.pl\/index.php\/wp-json\/wp\/v2\/users\/1"}],"replies":[{"embeddable":true,"href":"https:\/\/romanistyka.wn.uw.edu.pl\/index.php\/wp-json\/wp\/v2\/comments?post=598"}],"version-history":[{"count":17,"href":"https:\/\/romanistyka.wn.uw.edu.pl\/index.php\/wp-json\/wp\/v2\/pages\/598\/revisions"}],"predecessor-version":[{"id":7397,"href":"https:\/\/romanistyka.wn.uw.edu.pl\/index.php\/wp-json\/wp\/v2\/pages\/598\/revisions\/7397"}],"wp:attachment":[{"href":"https:\/\/romanistyka.wn.uw.edu.pl\/index.php\/wp-json\/wp\/v2\/media?parent=598"}],"curies":[{"name":"wp","href":"https:\/\/api.w.org\/{rel}","templated":true}]}}