{"id":5856,"date":"2025-05-19T06:24:12","date_gmt":"2025-05-19T06:24:12","guid":{"rendered":"https:\/\/romanistyka.wn.uw.edu.pl\/?page_id=5856"},"modified":"2025-05-25T21:35:15","modified_gmt":"2025-05-25T21:35:15","slug":"aktualnosci","status":"publish","type":"page","link":"https:\/\/romanistyka.wn.uw.edu.pl\/index.php\/aktualnosci\/","title":{"rendered":"Aktualno\u015bci"},"content":{"rendered":"\n<p class=\"has-large-font-size\">W tej sekcji znajduj\u0105 si\u0119 bie\u017c\u0105ce komunikaty Instytutu, informacje o bie\u017c\u0105cych lub zbli\u017caj\u0105cych si\u0119 wydarzeniach oraz og\u0142oszenia dotycz\u0105ce wyk\u0142ad\u00f3w dla licealist\u00f3w. Aby dowiedzie\u0107 si\u0119 wi\u0119cej, prosimy wybra\u0107 w rozwijanym menu zak\u0142adk\u0119 Aktualno\u015bci, Wydarzenia lub Zaj\u0119cia dla m\u0142odzie\u017cy licealnej lub klikn\u0105\u0107 w jeden z poni\u017cszych link\u00f3w.<\/p>\n\n\n\n<div class=\"wp-block-buttons is-vertical is-layout-flex wp-container-core-buttons-is-layout-2dfa7081 wp-block-buttons-is-layout-flex\" style=\"padding-top:var(--wp--preset--spacing--50);padding-right:0;padding-bottom:var(--wp--preset--spacing--50);padding-left:0\">\n<div class=\"wp-block-button\"><a class=\"wp-block-button__link wp-element-button\" href=\"https:\/\/romanistyka.wn.uw.edu.pl\/index.php\/category\/aktualnosci\/\" style=\"box-shadow:var(--wp--preset--shadow--sharp)\">Ostatnie wpisy<\/a><\/div>\n\n\n\n<div class=\"wp-block-button\"><a class=\"wp-block-button__link wp-element-button\" href=\"https:\/\/romanistyka.wn.uw.edu.pl\/index.php\/category\/aktualnosci\/wydarzenia\/\" style=\"box-shadow:var(--wp--preset--shadow--sharp)\">Wydarzenia<\/a><\/div>\n\n\n\n<div class=\"wp-block-button\"><a class=\"wp-block-button__link wp-element-button\" href=\"https:\/\/romanistyka.wn.uw.edu.pl\/index.php\/zajecia-dla-mlodziezy-szkolnej\/\" style=\"box-shadow:var(--wp--preset--shadow--sharp)\">Zaj\u0119cia dla m\u0142odzie\u017cy szkolnej<\/a><\/div>\n<\/div>\n","protected":false},"excerpt":{"rendered":"<p>W tej sekcji znajduj\u0105 si\u0119 bie\u017c\u0105ce komunikaty Instytutu, informacje o bie\u017c\u0105cych lub zbli\u017caj\u0105cych si\u0119 wydarzeniach oraz og\u0142oszenia dotycz\u0105ce wyk\u0142ad\u00f3w dla licealist\u00f3w. Aby dowiedzie\u0107 si\u0119 wi\u0119cej, prosimy wybra\u0107 w rozwijanym menu zak\u0142adk\u0119 Aktualno\u015bci, Wydarzenia lub Zaj\u0119cia dla m\u0142odzie\u017cy licealnej lub klikn\u0105\u0107 w jeden z poni\u017cszych link\u00f3w.<\/p>\n","protected":false},"author":15,"featured_media":0,"parent":0,"menu_order":0,"comment_status":"closed","ping_status":"closed","template":"","meta":{"footnotes":""},"class_list":["post-5856","page","type-page","status-publish","hentry"],"_links":{"self":[{"href":"https:\/\/romanistyka.wn.uw.edu.pl\/index.php\/wp-json\/wp\/v2\/pages\/5856","targetHints":{"allow":["GET"]}}],"collection":[{"href":"https:\/\/romanistyka.wn.uw.edu.pl\/index.php\/wp-json\/wp\/v2\/pages"}],"about":[{"href":"https:\/\/romanistyka.wn.uw.edu.pl\/index.php\/wp-json\/wp\/v2\/types\/page"}],"author":[{"embeddable":true,"href":"https:\/\/romanistyka.wn.uw.edu.pl\/index.php\/wp-json\/wp\/v2\/users\/15"}],"replies":[{"embeddable":true,"href":"https:\/\/romanistyka.wn.uw.edu.pl\/index.php\/wp-json\/wp\/v2\/comments?post=5856"}],"version-history":[{"count":5,"href":"https:\/\/romanistyka.wn.uw.edu.pl\/index.php\/wp-json\/wp\/v2\/pages\/5856\/revisions"}],"predecessor-version":[{"id":6336,"href":"https:\/\/romanistyka.wn.uw.edu.pl\/index.php\/wp-json\/wp\/v2\/pages\/5856\/revisions\/6336"}],"wp:attachment":[{"href":"https:\/\/romanistyka.wn.uw.edu.pl\/index.php\/wp-json\/wp\/v2\/media?parent=5856"}],"curies":[{"name":"wp","href":"https:\/\/api.w.org\/{rel}","templated":true}]}}