{"id":5717,"date":"2025-05-16T11:38:41","date_gmt":"2025-05-16T11:38:41","guid":{"rendered":"https:\/\/romanistyka.wn.uw.edu.pl\/?page_id=5717"},"modified":"2025-05-23T10:02:45","modified_gmt":"2025-05-23T10:02:45","slug":"wydarzenia","status":"publish","type":"page","link":"https:\/\/romanistyka.wn.uw.edu.pl\/index.php\/wydarzenia\/","title":{"rendered":"Wydarzenia"},"content":{"rendered":"<ul style=\"font-style:normal;font-weight:400; padding-right:0;padding-left:0;padding-top:var(--wp--preset--spacing--30);padding-bottom:var(--wp--preset--spacing--30);\" class=\"wp-block-latest-posts__list aligncenter wp-block-latest-posts has-large-font-size\"><li><a class=\"wp-block-latest-posts__post-title\" href=\"https:\/\/romanistyka.wn.uw.edu.pl\/index.php\/2026\/04\/14\/zaproszenie-heurystyki-seminarium-sd-uw-23-kwietnia-2026-r-godz-1600\/\">Zaproszenie &#8211; Heurystyki seminarium SD UW 23 kwietnia 2026 r. godz. 16:00<\/a><div class=\"wp-block-latest-posts__post-excerpt\">Szanowni Pa\u0144stwo,&nbsp; 23 kwietnia 2026 r., w godz. 16.00-20.00, w Auli dawnego budynku Biblioteki Uniwersyteckiej odb\u0119dzie si\u0119 kolejna edycja&nbsp;Heurystyk,&nbsp;seminari\u00f3w doktorskich\u2026 <a class=\"wp-block-latest-posts__read-more\" href=\"https:\/\/romanistyka.wn.uw.edu.pl\/index.php\/2026\/04\/14\/zaproszenie-heurystyki-seminarium-sd-uw-23-kwietnia-2026-r-godz-1600\/\" rel=\"noopener noreferrer\">Dowiedz si\u0119 wi\u0119cej<span class=\"screen-reader-text\">: Zaproszenie &#8211; Heurystyki seminarium SD UW 23 kwietnia 2026 r. godz. 16:00<\/span><\/a><\/div><\/li>\n<li><a class=\"wp-block-latest-posts__post-title\" href=\"https:\/\/romanistyka.wn.uw.edu.pl\/index.php\/2026\/04\/01\/stypendium-na-start-iv-edycja\/\">Stypendium na Start &#8211; IV edycja<\/a><div class=\"wp-block-latest-posts__post-excerpt\">Szanowni Pa\u0144stwo, 1 kwietnia 2026 roku wystartowa\u0142a IV edycja programu \u201eStypendium na Start dla Olimpijczyk\u00f3w\u201d oraz \u201eStypendium na Start dla\u2026 <a class=\"wp-block-latest-posts__read-more\" href=\"https:\/\/romanistyka.wn.uw.edu.pl\/index.php\/2026\/04\/01\/stypendium-na-start-iv-edycja\/\" rel=\"noopener noreferrer\">Dowiedz si\u0119 wi\u0119cej<span class=\"screen-reader-text\">: Stypendium na Start &#8211; IV edycja<\/span><\/a><\/div><\/li>\n<li><a class=\"wp-block-latest-posts__post-title\" href=\"https:\/\/romanistyka.wn.uw.edu.pl\/index.php\/2026\/03\/20\/odwolanie-zajec-oraz-dyzuru-u-prof-anny-kieliszczyk\/\">Odwo\u0142anie zaj\u0119\u0107 oraz dy\u017curu u prof. Anny Kieliszczyk<\/a><div class=\"wp-block-latest-posts__post-excerpt\">informujemy, \u00a0\u017ce \u00a0w dniu 20.03.2026 r.\u00a0zaj\u0119cia oraz dy\u017cur u prof. Anny Kieliszczyk zostaj\u0105 odwo\u0142ane. Z wyrazami szacunku, Sekretariat IR<\/div><\/li>\n<li><a class=\"wp-block-latest-posts__post-title\" href=\"https:\/\/romanistyka.wn.uw.edu.pl\/index.php\/2026\/03\/17\/get-to-know-uw-online-spotkania-informacyjne-dla-kandydatow\/\">Get to Know UW &#8211; online spotkania informacyjne dla kandydat\u00f3w<\/a><div class=\"wp-block-latest-posts__post-excerpt\">Get to Know UW \u2013 spotkania informacyjne online dla kandydat\u00f3w Planujesz studia na Uniwersytecie Warszawskim w roku akademickim 2026\/2027?Do\u0142\u0105cz do\u2026 <a class=\"wp-block-latest-posts__read-more\" href=\"https:\/\/romanistyka.wn.uw.edu.pl\/index.php\/2026\/03\/17\/get-to-know-uw-online-spotkania-informacyjne-dla-kandydatow\/\" rel=\"noopener noreferrer\">Dowiedz si\u0119 wi\u0119cej<span class=\"screen-reader-text\">: Get to Know UW &#8211; online spotkania informacyjne dla kandydat\u00f3w<\/span><\/a><\/div><\/li>\n<li><a class=\"wp-block-latest-posts__post-title\" href=\"https:\/\/romanistyka.wn.uw.edu.pl\/index.php\/2026\/03\/11\/odwolanie-zajec-u-mgr-krystyny-zaleskiej\/\">Odwo\u0142anie zaj\u0119\u0107 u mgr Krystyny Zaleskiej<\/a><div class=\"wp-block-latest-posts__post-excerpt\">Szanowni Pa\u0144stwo, informujemy, \u00a0\u017ce \u00a0w tym tygodniu 11-13.03.2026 r.\u00a0zaj\u0119cia oraz dy\u017cur u mgr Krystyny Zaleskiej zostaj\u0105 odwo\u0142ane. Z wyrazami szacunku,\u2026 <a class=\"wp-block-latest-posts__read-more\" href=\"https:\/\/romanistyka.wn.uw.edu.pl\/index.php\/2026\/03\/11\/odwolanie-zajec-u-mgr-krystyny-zaleskiej\/\" rel=\"noopener noreferrer\">Dowiedz si\u0119 wi\u0119cej<span class=\"screen-reader-text\">: Odwo\u0142anie zaj\u0119\u0107 u mgr Krystyny Zaleskiej<\/span><\/a><\/div><\/li>\n<li><a class=\"wp-block-latest-posts__post-title\" href=\"https:\/\/romanistyka.wn.uw.edu.pl\/index.php\/2026\/03\/10\/odwolanie-zajec-u-dr-sary-del-rossi\/\">Odwo\u0142anie zaj\u0119\u0107 u dr Sary Del Rossi<\/a><div class=\"wp-block-latest-posts__post-excerpt\">Szanowni Pa\u0144stwo, informujemy, \u00a0\u017ce \u00a0w przysz\u0142ym tygodniu 18-19.03.2026 r.\u00a0zaj\u0119cia oraz dy\u017cur u dr Sary Del Rossi zostaj\u0105 odwo\u0142ane.\u00a0 Z wyrazami\u2026 <a class=\"wp-block-latest-posts__read-more\" href=\"https:\/\/romanistyka.wn.uw.edu.pl\/index.php\/2026\/03\/10\/odwolanie-zajec-u-dr-sary-del-rossi\/\" rel=\"noopener noreferrer\">Dowiedz si\u0119 wi\u0119cej<span class=\"screen-reader-text\">: Odwo\u0142anie zaj\u0119\u0107 u dr Sary Del Rossi<\/span><\/a><\/div><\/li>\n<li><a class=\"wp-block-latest-posts__post-title\" href=\"https:\/\/romanistyka.wn.uw.edu.pl\/index.php\/2026\/03\/09\/dni-mediewistyczne\/\">Dni Mediewistyczne<\/a><div class=\"wp-block-latest-posts__post-excerpt\">Szanowni Pa\u0144stwo poni\u017cej w pliku szczeg\u00f3\u0142owe informacje o dniach mediewistycznych odbywaj\u0105cych si\u0119: 12-13 marca 2026 r., aula 0.410, Z wyrazami\u2026 <a class=\"wp-block-latest-posts__read-more\" href=\"https:\/\/romanistyka.wn.uw.edu.pl\/index.php\/2026\/03\/09\/dni-mediewistyczne\/\" rel=\"noopener noreferrer\">Dowiedz si\u0119 wi\u0119cej<span class=\"screen-reader-text\">: Dni Mediewistyczne<\/span><\/a><\/div><\/li>\n<li><a class=\"wp-block-latest-posts__post-title\" href=\"https:\/\/romanistyka.wn.uw.edu.pl\/index.php\/2026\/03\/09\/sekretariat-ir-nieczynny-3\/\">Sekretariat IR nieczynny<\/a><div class=\"wp-block-latest-posts__post-excerpt\">Szanowni Pa\u0144stwo, w dniu 10 marca 2026 r. Sekretariat IR b\u0119dzie nieczynny. Za utrudnienia przepraszamy.<\/div><\/li>\n<li><a class=\"wp-block-latest-posts__post-title\" href=\"https:\/\/romanistyka.wn.uw.edu.pl\/index.php\/2026\/03\/05\/msf-talks-zaproszenie\/\">MSF Talks &#8211; zaproszenie<\/a><div class=\"wp-block-latest-posts__post-excerpt\">Szanowni Pa\u0144stwo, Serdecznie zapraszamy na wydarzenie organizowane przez MSF. Szczeg\u00f3\u0142owe informacje w za\u0142\u0105czniku.<\/div><\/li>\n<li><a class=\"wp-block-latest-posts__post-title\" href=\"https:\/\/romanistyka.wn.uw.edu.pl\/index.php\/2026\/03\/05\/ustanowienie-dnia-dziekanskiego-na-wydziale-neofilologii\/\">Ustanowienie dnia dzieka\u0144skiego na Wydziale Neofilologii<\/a><div class=\"wp-block-latest-posts__post-excerpt\">Szanowni Pa\u0144stwo, Informujemy, \u017ce zgodnie z Zarz\u0105dzeniem nr 2 KJD Wydzia\u0142u Neofilologii UW z dnia 03 marca 2026, 01 kwietnia\u2026 <a class=\"wp-block-latest-posts__read-more\" href=\"https:\/\/romanistyka.wn.uw.edu.pl\/index.php\/2026\/03\/05\/ustanowienie-dnia-dziekanskiego-na-wydziale-neofilologii\/\" rel=\"noopener noreferrer\">Dowiedz si\u0119 wi\u0119cej<span class=\"screen-reader-text\">: Ustanowienie dnia dzieka\u0144skiego na Wydziale Neofilologii<\/span><\/a><\/div><\/li>\n<li><a class=\"wp-block-latest-posts__post-title\" href=\"https:\/\/romanistyka.wn.uw.edu.pl\/index.php\/2026\/02\/17\/odwolanie-zajec-prof-elzbiety-pachocinskiej-z-wzj-w-dniu-18-02-br\/\">Odwo\u0142anie zaj\u0119\u0107 prof. El\u017cbiety Pachoci\u0144skiej z WZJ w dniu 18.02. br.\u00a0<\/a><div class=\"wp-block-latest-posts__post-excerpt\">Szanowni Pa\u0144stwo, informujemy, &nbsp;\u017ce &nbsp;w \u015brod\u0119 18.02. br. &nbsp;&nbsp;zaj\u0119cia z WZJ o godz. 16.45-18.15&nbsp; oraz dy\u017cur prof. E. Pachoci\u0144skiej zostaj\u0105\u2026 <a class=\"wp-block-latest-posts__read-more\" href=\"https:\/\/romanistyka.wn.uw.edu.pl\/index.php\/2026\/02\/17\/odwolanie-zajec-prof-elzbiety-pachocinskiej-z-wzj-w-dniu-18-02-br\/\" rel=\"noopener noreferrer\">Dowiedz si\u0119 wi\u0119cej<span class=\"screen-reader-text\">: Odwo\u0142anie zaj\u0119\u0107 prof. El\u017cbiety Pachoci\u0144skiej z WZJ w dniu 18.02. br.\u00a0<\/span><\/a><\/div><\/li>\n<li><a class=\"wp-block-latest-posts__post-title\" href=\"https:\/\/romanistyka.wn.uw.edu.pl\/index.php\/2026\/02\/17\/odwolane-zajecia-oraz-dyzur-u-p-lucasa-skurczynskiego-w-dniach-16-02-2026-r-20-02-2026-r\/\">Odwo\u0142ane zaj\u0119cia oraz dy\u017cur u p. Lucasa Skurczy\u0144skiego w dniach 16.02.2026 r &#8211; 20.02.2026 r.<\/a><div class=\"wp-block-latest-posts__post-excerpt\">Szanowni Pa\u0144stwo, Informujemy, \u017ce w dniach 16.02.2026 r.\u00a0 &#8211; 20.02.2026 r. zostaj\u0105 odwo\u0142ane zaj\u0119cia oraz dy\u017cur u p. Lucasa Skurczy\u0144skiego.\u2026 <a class=\"wp-block-latest-posts__read-more\" href=\"https:\/\/romanistyka.wn.uw.edu.pl\/index.php\/2026\/02\/17\/odwolane-zajecia-oraz-dyzur-u-p-lucasa-skurczynskiego-w-dniach-16-02-2026-r-20-02-2026-r\/\" rel=\"noopener noreferrer\">Dowiedz si\u0119 wi\u0119cej<span class=\"screen-reader-text\">: Odwo\u0142ane zaj\u0119cia oraz dy\u017cur u p. Lucasa Skurczy\u0144skiego w dniach 16.02.2026 r &#8211; 20.02.2026 r.<\/span><\/a><\/div><\/li>\n<li><a class=\"wp-block-latest-posts__post-title\" href=\"https:\/\/romanistyka.wn.uw.edu.pl\/index.php\/2026\/02\/16\/konkurs-fotograficzny-w-ramach-projektu-flevolution\/\">Konkurs fotograficzny w ramach projektu FLEvolution<\/a><div class=\"wp-block-latest-posts__post-excerpt\">Szanowni Pa\u0144stwo, w ramach projektu FLEvolution (https:\/\/flevolution.eu\/cms\/), w kt\u00f3rym nasz Instytut uczestniczy jako uczelnia partnerska, serdecznie zapraszamy do udzia\u0142u w\u2026 <a class=\"wp-block-latest-posts__read-more\" href=\"https:\/\/romanistyka.wn.uw.edu.pl\/index.php\/2026\/02\/16\/konkurs-fotograficzny-w-ramach-projektu-flevolution\/\" rel=\"noopener noreferrer\">Dowiedz si\u0119 wi\u0119cej<span class=\"screen-reader-text\">: Konkurs fotograficzny w ramach projektu FLEvolution<\/span><\/a><\/div><\/li>\n<li><a class=\"wp-block-latest-posts__post-title\" href=\"https:\/\/romanistyka.wn.uw.edu.pl\/index.php\/2026\/01\/27\/harmonogram-sesji-zimowej-w-roku-akademickim-2025-2026\/\">Harmonogram sesji zimowej w roku akademickim 2025\/2026<\/a><div class=\"wp-block-latest-posts__post-excerpt\"><\/div><\/li>\n<li><a class=\"wp-block-latest-posts__post-title\" href=\"https:\/\/romanistyka.wn.uw.edu.pl\/index.php\/2026\/01\/12\/rap-rock-rai-spotkanie-z-piosenka-francuska-lat-90-kolo-kultury-frankofonskiej\/\">Rap, Rock, Ra\u00ef. Spotkanie z piosenk\u0105 francusk\u0105 lat 90 (Ko\u0142o Kultury Frankofo\u0144skiej)<\/a><div class=\"wp-block-latest-posts__post-excerpt\">W imieniu cz\u0142onki\u0144 i cz\u0142onk\u00f3w Ko\u0142a Kultury Frankofo\u0144skiej oraz Biblioteki Wydzia\u0142u Neofilologii zapraszamy na wsp\u00f3\u0142organizowane przez nas\u00a0wydarzenie\u00a0\u201eRap, Rock, Ra\u00ef. Spotkanie\u2026 <a class=\"wp-block-latest-posts__read-more\" href=\"https:\/\/romanistyka.wn.uw.edu.pl\/index.php\/2026\/01\/12\/rap-rock-rai-spotkanie-z-piosenka-francuska-lat-90-kolo-kultury-frankofonskiej\/\" rel=\"noopener noreferrer\">Dowiedz si\u0119 wi\u0119cej<span class=\"screen-reader-text\">: Rap, Rock, Ra\u00ef. Spotkanie z piosenk\u0105 francusk\u0105 lat 90 (Ko\u0142o Kultury Frankofo\u0144skiej)<\/span><\/a><\/div><\/li>\n<li><a class=\"wp-block-latest-posts__post-title\" href=\"https:\/\/romanistyka.wn.uw.edu.pl\/index.php\/2025\/12\/10\/dyskusja-poza-prawem-debata-wokol-odpowiedzialnosci-politykow-we-francji-na-tle-procesow-nicolasa-sarkozyego-i-marine-le-pen-17-grudnia-2025-r\/\">Dyskusja \u201ePoza prawem? Debata wok\u00f3\u0142 odpowiedzialno\u015bci polityk\u00f3w we Francji na tle proces\u00f3w Nicolasa Sarkozy\u2019ego i Marine Le Pen\u201d | 17 grudnia 2025 r.<\/a><div class=\"wp-block-latest-posts__post-excerpt\">Zapraszamy serdecznie na wsp\u00f3\u0142organizowan\u0105 z Centrum Prawa Francuskiego i Frankofo\u0144skiego (WPIA) dyskusj\u0119 pt.\u00a0\u201ePoza prawem? Debata wok\u00f3\u0142 odpowiedzialno\u015bci polityk\u00f3w we Francji\u2026 <a class=\"wp-block-latest-posts__read-more\" href=\"https:\/\/romanistyka.wn.uw.edu.pl\/index.php\/2025\/12\/10\/dyskusja-poza-prawem-debata-wokol-odpowiedzialnosci-politykow-we-francji-na-tle-procesow-nicolasa-sarkozyego-i-marine-le-pen-17-grudnia-2025-r\/\" rel=\"noopener noreferrer\">Dowiedz si\u0119 wi\u0119cej<span class=\"screen-reader-text\">: Dyskusja \u201ePoza prawem? Debata wok\u00f3\u0142 odpowiedzialno\u015bci polityk\u00f3w we Francji na tle proces\u00f3w Nicolasa Sarkozy\u2019ego i Marine Le Pen\u201d | 17 grudnia 2025 r.<\/span><\/a><\/div><\/li>\n<li><a class=\"wp-block-latest-posts__post-title\" href=\"https:\/\/romanistyka.wn.uw.edu.pl\/index.php\/2025\/11\/28\/pierwszy-dzien-konferencji-jezyk-konflikt-wykluczenie-za-nami\/\">Pierwszy dzie\u0144 Konferencji &#8222;J\u0119zyk-konflikt-wykluczenie&#8221; za nami<\/a><div class=\"wp-block-latest-posts__post-excerpt\">Pierwszy dzie\u0144 Konferencji &#8222;J\u0119zyk-konflikt-wykluczenie&#8221; za nami. Poni\u017cej znajd\u0105 Pa\u0144stwo kilka zdj\u0119\u0107 z tego intensywnego dnia dyskusji. Jednocze\u015bnie przypominamy o kolejnych\u2026 <a class=\"wp-block-latest-posts__read-more\" href=\"https:\/\/romanistyka.wn.uw.edu.pl\/index.php\/2025\/11\/28\/pierwszy-dzien-konferencji-jezyk-konflikt-wykluczenie-za-nami\/\" rel=\"noopener noreferrer\">Dowiedz si\u0119 wi\u0119cej<span class=\"screen-reader-text\">: Pierwszy dzie\u0144 Konferencji &#8222;J\u0119zyk-konflikt-wykluczenie&#8221; za nami<\/span><\/a><\/div><\/li>\n<li><a class=\"wp-block-latest-posts__post-title\" href=\"https:\/\/romanistyka.wn.uw.edu.pl\/index.php\/2025\/11\/18\/program-konferencji-jezyk-konflikt-wykluczenie-27-28-listopada-2025\/\">Program konferencji &#8222;J\u0119zyk &#8211; konflikt &#8211; wykluczenie&#8221; (27-28 listopada 2025)<\/a><div class=\"wp-block-latest-posts__post-excerpt\">W imieniu romanistyczego zespo\u0142u badawczego w sk\u0142adzie Patrycja Kruk, Anna Krupa, Olga Mackiewicz, Adam S\u0142upek (przewodnicz\u0105cy komitetu organizacyjnego) oraz mgr\u2026 <a class=\"wp-block-latest-posts__read-more\" href=\"https:\/\/romanistyka.wn.uw.edu.pl\/index.php\/2025\/11\/18\/program-konferencji-jezyk-konflikt-wykluczenie-27-28-listopada-2025\/\" rel=\"noopener noreferrer\">Dowiedz si\u0119 wi\u0119cej<span class=\"screen-reader-text\">: Program konferencji &#8222;J\u0119zyk &#8211; konflikt &#8211; wykluczenie&#8221; (27-28 listopada 2025)<\/span><\/a><\/div><\/li>\n<li><a class=\"wp-block-latest-posts__post-title\" href=\"https:\/\/romanistyka.wn.uw.edu.pl\/index.php\/2025\/11\/13\/zaproszenie-na-spotkanie-tajemniczy-erik-satie\/\">Zaproszenie na spotkanie &#8222;Tajemniczy Erik Satie&#8221;<\/a><div class=\"wp-block-latest-posts__post-excerpt\">Szanowni Pa\u0144stwo, Drodzy Klubowicze, zbli\u017ca si\u0119 trzeci czwartek miesi\u0105ca&nbsp;i nasze spotkanie, tym razem po\u015bwi\u0119cone muzyce znanej cho\u0107 nie zawsze kojarzonej\u2026 <a class=\"wp-block-latest-posts__read-more\" href=\"https:\/\/romanistyka.wn.uw.edu.pl\/index.php\/2025\/11\/13\/zaproszenie-na-spotkanie-tajemniczy-erik-satie\/\" rel=\"noopener noreferrer\">Dowiedz si\u0119 wi\u0119cej<span class=\"screen-reader-text\">: Zaproszenie na spotkanie &#8222;Tajemniczy Erik Satie&#8221;<\/span><\/a><\/div><\/li>\n<li><a class=\"wp-block-latest-posts__post-title\" href=\"https:\/\/romanistyka.wn.uw.edu.pl\/index.php\/2025\/11\/13\/zaproszenie-na-spotkanie-z-cyklu-ekosocjologie-miedzy-nauka-sztuka-i-aktywizmem\/\">Zaproszenie na spotkanie z cyklu \u00ab Ekosocjologie: mi\u0119dzy nauk\u0105, sztuk\u0105 i aktywizmem\u00bb<\/a><div class=\"wp-block-latest-posts__post-excerpt\">Centrum Humanistyki \u015arodowiskowej (CH\u015a) oraz O\u015brodek Kultury Francuskiej i Studi\u00f3w Frankofo\u0144skich (OKFiSF) Uniwersytetu Warszawskiego zapraszaj\u0105 na pierwsze spotkanie z cyklu\u2026 <a class=\"wp-block-latest-posts__read-more\" href=\"https:\/\/romanistyka.wn.uw.edu.pl\/index.php\/2025\/11\/13\/zaproszenie-na-spotkanie-z-cyklu-ekosocjologie-miedzy-nauka-sztuka-i-aktywizmem\/\" rel=\"noopener noreferrer\">Dowiedz si\u0119 wi\u0119cej<span class=\"screen-reader-text\">: Zaproszenie na spotkanie z cyklu \u00ab Ekosocjologie: mi\u0119dzy nauk\u0105, sztuk\u0105 i aktywizmem\u00bb<\/span><\/a><\/div><\/li>\n<\/ul>\n\n\n<h3 class=\"wp-block-heading\">Zobacz wi\u0119cej w <a href=\"https:\/\/romanistyka.wn.uw.edu.pl\/index.php\/category\/aktualnosci\/wydarzenia\/\" data-type=\"category\" data-id=\"9\">archiwum wydarze\u0144<\/a>.<\/h3>\n","protected":false},"excerpt":{"rendered":"<p>Zobacz wi\u0119cej w archiwum wydarze\u0144.<\/p>\n","protected":false},"author":15,"featured_media":0,"parent":0,"menu_order":0,"comment_status":"closed","ping_status":"closed","template":"","meta":{"footnotes":""},"class_list":["post-5717","page","type-page","status-publish","hentry"],"_links":{"self":[{"href":"https:\/\/romanistyka.wn.uw.edu.pl\/index.php\/wp-json\/wp\/v2\/pages\/5717","targetHints":{"allow":["GET"]}}],"collection":[{"href":"https:\/\/romanistyka.wn.uw.edu.pl\/index.php\/wp-json\/wp\/v2\/pages"}],"about":[{"href":"https:\/\/romanistyka.wn.uw.edu.pl\/index.php\/wp-json\/wp\/v2\/types\/page"}],"author":[{"embeddable":true,"href":"https:\/\/romanistyka.wn.uw.edu.pl\/index.php\/wp-json\/wp\/v2\/users\/15"}],"replies":[{"embeddable":true,"href":"https:\/\/romanistyka.wn.uw.edu.pl\/index.php\/wp-json\/wp\/v2\/comments?post=5717"}],"version-history":[{"count":8,"href":"https:\/\/romanistyka.wn.uw.edu.pl\/index.php\/wp-json\/wp\/v2\/pages\/5717\/revisions"}],"predecessor-version":[{"id":6309,"href":"https:\/\/romanistyka.wn.uw.edu.pl\/index.php\/wp-json\/wp\/v2\/pages\/5717\/revisions\/6309"}],"wp:attachment":[{"href":"https:\/\/romanistyka.wn.uw.edu.pl\/index.php\/wp-json\/wp\/v2\/media?parent=5717"}],"curies":[{"name":"wp","href":"https:\/\/api.w.org\/{rel}","templated":true}]}}