{"id":5632,"date":"2025-05-15T09:59:09","date_gmt":"2025-05-15T09:59:09","guid":{"rendered":"https:\/\/romanistyka.wn.uw.edu.pl\/?page_id=5632"},"modified":"2025-05-15T10:04:04","modified_gmt":"2025-05-15T10:04:04","slug":"mapa-strony-2","status":"publish","type":"page","link":"https:\/\/romanistyka.wn.uw.edu.pl\/index.php\/mapa-strony-2\/","title":{"rendered":"Mapa strony"},"content":{"rendered":"<div class=\"wsp-container\"><h2 class=\"wsp-pages-title\">Pages<\/h2>\n<ul class=\"wsp-pages-list\">\n<li class=\"page_item page-item-5856\"><a href=\"https:\/\/romanistyka.wn.uw.edu.pl\/index.php\/aktualnosci\/\">Aktualno\u015bci<\/a><\/li>\n<li class=\"page_item page-item-2084\"><a href=\"https:\/\/romanistyka.wn.uw.edu.pl\/index.php\/akty-prawne\/\">Akty prawne<\/a><\/li>\n<li class=\"page_item page-item-204\"><a href=\"https:\/\/romanistyka.wn.uw.edu.pl\/index.php\/archiwum\/\">Archiwum<\/a><\/li>\n<li class=\"page_item page-item-856\"><a href=\"https:\/\/romanistyka.wn.uw.edu.pl\/index.php\/archiwum-2\/\">Archiwum<\/a><\/li>\n<li class=\"page_item page-item-2167\"><a href=\"https:\/\/romanistyka.wn.uw.edu.pl\/index.php\/archiwum-programy\/\">Archiwum &#8211; programy<\/a><\/li>\n<li class=\"page_item page-item-2109\"><a href=\"https:\/\/romanistyka.wn.uw.edu.pl\/index.php\/biuro-karier-uw\/\">Biuro Karier UW<\/a><\/li>\n<li class=\"page_item page-item-3943\"><a href=\"https:\/\/romanistyka.wn.uw.edu.pl\/index.php\/cezary-weglinski\/\">Cezary W\u0119gli\u0144ski<\/a><\/li>\n<li class=\"page_item page-item-949\"><a href=\"https:\/\/romanistyka.wn.uw.edu.pl\/index.php\/check-listy\/\">Check listy<\/a><\/li>\n<li class=\"page_item page-item-596\"><a href=\"https:\/\/romanistyka.wn.uw.edu.pl\/index.php\/contact\/\">Contact<\/a><\/li>\n<li class=\"page_item page-item-4776\"><a href=\"https:\/\/romanistyka.wn.uw.edu.pl\/index.php\/czesto-zadawane-pytania-faq\/\">Cz\u0119sto zadawane pytania (FAQ)<\/a><\/li>\n<li class=\"page_item page-item-2424\"><a href=\"https:\/\/romanistyka.wn.uw.edu.pl\/index.php\/deklaracja-dostepnosci\/\">Deklaracja dost\u0119pno\u015bci<\/a><\/li>\n<li class=\"page_item page-item-6074\"><a href=\"https:\/\/romanistyka.wn.uw.edu.pl\/index.php\/dla-kandydata\/\">Dla Kandydata<\/a><\/li>\n<li class=\"page_item page-item-6300\"><a href=\"https:\/\/romanistyka.wn.uw.edu.pl\/index.php\/dla-studenta\/\">Dla Studenta<\/a><\/li>\n<li class=\"page_item page-item-952\"><a href=\"https:\/\/romanistyka.wn.uw.edu.pl\/index.php\/do-pobrania\/\">Do pobrania<\/a><\/li>\n<li class=\"page_item page-item-489\"><a href=\"https:\/\/romanistyka.wn.uw.edu.pl\/index.php\/doktoraty-i-habilitacje\/\">Doktoraty i habilitacje<\/a><\/li>\n<li class=\"page_item page-item-630\"><a href=\"https:\/\/romanistyka.wn.uw.edu.pl\/index.php\/dyzury-pracownikow\/\">Dy\u017cury pracownik\u00f3w<\/a><\/li>\n<li class=\"page_item page-item-636\"><a href=\"https:\/\/romanistyka.wn.uw.edu.pl\/index.php\/prace-dyplomowe\/\">Egzamin dyplomowy<\/a><\/li>\n<li class=\"page_item page-item-644\"><a href=\"https:\/\/romanistyka.wn.uw.edu.pl\/index.php\/egzamin-sorbonne-universite-selfeee\/\">Egzamin Sorbonne Universit\u00e9 &#8211; SELFEEE<\/a><\/li>\n<li class=\"page_item page-item-647\"><a href=\"https:\/\/romanistyka.wn.uw.edu.pl\/index.php\/erasmus\/\">Erasmus+<\/a><\/li>\n<li class=\"page_item page-item-2404\"><a href=\"https:\/\/romanistyka.wn.uw.edu.pl\/index.php\/erasmus-dla-pracownikow\/\">Erasmus+ dla pracownik\u00f3w<\/a><\/li>\n<li class=\"page_item page-item-4180\"><a href=\"https:\/\/romanistyka.wn.uw.edu.pl\/index.php\/frankoteka-triste-tigre\/\">FRANKOTEKA: Spotkanie wok\u00f3\u0142 &#8222;Triste tigre&#8221; Neige Sinno<\/a><\/li>\n<li class=\"page_item page-item-3120 page_item_has_children\"><a href=\"https:\/\/romanistyka.wn.uw.edu.pl\/index.php\/granty-i-projekty\/\">Granty i projekty<\/a>\n<ul class='children'>\n\t<li class=\"page_item page-item-3145\"><a href=\"https:\/\/romanistyka.wn.uw.edu.pl\/index.php\/granty-i-projekty\/korespondencja-miedzy-marie-therese-rodet-geoffrin-a-krolem-stanislawem-augustem\/\">Korespondencja mi\u0119dzy Marie Th\u00e9r\u00e8se Rodet Geoffrin a kr\u00f3lem Stanis\u0142awem Augustem<\/a><\/li>\n\t<li class=\"page_item page-item-3152\"><a href=\"https:\/\/romanistyka.wn.uw.edu.pl\/index.php\/granty-i-projekty\/miedzy-estetyka-buntu-a-afirmacja-swobody-artystycznej\/\">Mi\u0119dzy estetyk\u0105 buntu a afirmacj\u0105 swobody artystycznej<\/a><\/li>\n<\/ul>\n<\/li>\n<li class=\"page_item page-item-2107\"><a href=\"https:\/\/romanistyka.wn.uw.edu.pl\/index.php\/granty-i-stypendia-naukowe\/\">Granty i stypendia naukowe<\/a><\/li>\n<li class=\"page_item page-item-534\"><a href=\"https:\/\/romanistyka.wn.uw.edu.pl\/index.php\/rys-historyczny\/\">Historia Instytutu<\/a><\/li>\n<li class=\"page_item page-item-2100\"><a href=\"https:\/\/romanistyka.wn.uw.edu.pl\/index.php\/informacje-naukowe\/\">Informacje naukowe<\/a><\/li>\n<li class=\"page_item page-item-2096\"><a href=\"https:\/\/romanistyka.wn.uw.edu.pl\/index.php\/informacje-ogolne\/\">Informacje og\u00f3lne<\/a><\/li>\n<li class=\"page_item page-item-2098\"><a href=\"https:\/\/romanistyka.wn.uw.edu.pl\/index.php\/informacje-organizacyjne\/\">Informacje organizacyjne<\/a><\/li>\n<li class=\"page_item page-item-1767\"><a href=\"https:\/\/romanistyka.wn.uw.edu.pl\/index.php\/karty-publikacji\/\">Karty publikacji<\/a><\/li>\n<li class=\"page_item page-item-2105\"><a href=\"https:\/\/romanistyka.wn.uw.edu.pl\/index.php\/kola-naukowe\/\">Ko\u0142a naukowe<\/a><\/li>\n<li class=\"page_item page-item-1792\"><a href=\"https:\/\/romanistyka.wn.uw.edu.pl\/index.php\/mish\/\">Kolegium MISH<\/a><\/li>\n<li class=\"page_item page-item-539\"><a href=\"https:\/\/romanistyka.wn.uw.edu.pl\/index.php\/kontakt\/\">Kontakt<\/a><\/li>\n<li class=\"page_item page-item-2623\"><a href=\"https:\/\/romanistyka.wn.uw.edu.pl\/index.php\/mapa-strony\/\">Mapa strony<\/a><\/li>\n<li class=\"page_item page-item-5632\"><a href=\"https:\/\/romanistyka.wn.uw.edu.pl\/index.php\/mapa-strony-2\/\">Mapa strony<\/a><\/li>\n<li class=\"page_item page-item-955\"><a href=\"https:\/\/romanistyka.wn.uw.edu.pl\/index.php\/sciezka-metodyczna\/\">Modu\u0142 metodyczny<\/a><\/li>\n<li class=\"page_item page-item-957\"><a href=\"https:\/\/romanistyka.wn.uw.edu.pl\/index.php\/sciezka-tlumaczeniowa\/\">Modu\u0142 t\u0142umaczeniowy<\/a><\/li>\n<li class=\"page_item page-item-1981\"><a href=\"https:\/\/romanistyka.wn.uw.edu.pl\/index.php\/newsletter-wydzialowy\/\">Newsletter wydzia\u0142owy<\/a><\/li>\n<li class=\"page_item page-item-6411\"><a href=\"https:\/\/romanistyka.wn.uw.edu.pl\/index.php\/o-nas\/\">O nas<\/a><\/li>\n<li class=\"page_item page-item-633\"><a href=\"https:\/\/romanistyka.wn.uw.edu.pl\/index.php\/opiekunowie-i-koordynatorzy\/\">Opiekunowie i koordynatorzy<\/a><\/li>\n<li class=\"page_item page-item-610\"><a href=\"https:\/\/romanistyka.wn.uw.edu.pl\/index.php\/plan-zajec\/\">Plan zaj\u0119\u0107<\/a><\/li>\n<li class=\"page_item page-item-6433\"><a href=\"https:\/\/romanistyka.wn.uw.edu.pl\/index.php\/podwojny-dyplom-we-wspolpracy-z-uniwersytetem-w-poitiers\/\">Podw\u00f3jny dyplom we wsp\u00f3\u0142pracy z Uniwersytetem w Poitiers<\/a><\/li>\n<li class=\"page_item page-item-802 page_item_has_children\"><a href=\"https:\/\/romanistyka.wn.uw.edu.pl\/index.php\/pracownicy\/\">Pracownicy<\/a>\n<ul class='children'>\n\t<li class=\"page_item page-item-907\"><a href=\"https:\/\/romanistyka.wn.uw.edu.pl\/index.php\/pracownicy\/sobczyk-agata\/\">Agata Sobczyk<\/a><\/li>\n\t<li class=\"page_item page-item-2057\"><a href=\"https:\/\/romanistyka.wn.uw.edu.pl\/index.php\/pracownicy\/agnieszka-dryjanska\/\">Agnieszka Dryja\u0144ska<\/a><\/li>\n\t<li class=\"page_item page-item-830\"><a href=\"https:\/\/romanistyka.wn.uw.edu.pl\/index.php\/pracownicy\/janion-agnieszka\/\">Agnieszka Janion<\/a><\/li>\n\t<li class=\"page_item page-item-2054\"><a href=\"https:\/\/romanistyka.wn.uw.edu.pl\/index.php\/pracownicy\/alessia-vignoli\/\">Alessia Vignoli<\/a><\/li>\n\t<li class=\"page_item page-item-2333\"><a href=\"https:\/\/romanistyka.wn.uw.edu.pl\/index.php\/pracownicy\/alicja-jaworska-kaska\/\">Alicja Jaworska-Kaska<\/a><\/li>\n\t<li class=\"page_item page-item-805\"><a href=\"https:\/\/romanistyka.wn.uw.edu.pl\/index.php\/pracownicy\/ciostek-anna\/\">Anna Ciostek<\/a><\/li>\n\t<li class=\"page_item page-item-833\"><a href=\"https:\/\/romanistyka.wn.uw.edu.pl\/index.php\/pracownicy\/kieliszczyk-anna\/\">Anna Kieliszczyk<\/a><\/li>\n\t<li class=\"page_item page-item-883\"><a href=\"https:\/\/romanistyka.wn.uw.edu.pl\/index.php\/pracownicy\/opiela-mrozik-anna\/\">Anna Opiela-Mrozik<\/a><\/li>\n\t<li class=\"page_item page-item-848\"><a href=\"https:\/\/romanistyka.wn.uw.edu.pl\/index.php\/pracownicy\/krawczyk-dariusz\/\">Dariusz Krawczyk<\/a><\/li>\n\t<li class=\"page_item page-item-889\"><a href=\"https:\/\/romanistyka.wn.uw.edu.pl\/index.php\/pracownicy\/padzik-dorota\/\">Dorota Padzik<\/a><\/li>\n\t<li class=\"page_item page-item-916\"><a href=\"https:\/\/romanistyka.wn.uw.edu.pl\/index.php\/pracownicy\/szeliga-dorota\/\">Dorota Szeliga<\/a><\/li>\n\t<li class=\"page_item page-item-886\"><a href=\"https:\/\/romanistyka.wn.uw.edu.pl\/index.php\/pracownicy\/pachocinska-elzbieta\/\">El\u017cbieta Pachoci\u0144ska<\/a><\/li>\n\t<li class=\"page_item page-item-898\"><a href=\"https:\/\/romanistyka.wn.uw.edu.pl\/index.php\/pracownicy\/pilecka-ewa\/\">Ewa Pilecka<\/a><\/li>\n\t<li class=\"page_item page-item-931\"><a href=\"https:\/\/romanistyka.wn.uw.edu.pl\/index.php\/pracownicy\/zatorska-izabella\/\">Izabella Zatorska<\/a><\/li>\n\t<li class=\"page_item page-item-861\"><a href=\"https:\/\/romanistyka.wn.uw.edu.pl\/index.php\/pracownicy\/kurska-jolanta\/\">Jolanta Kawa<\/a><\/li>\n\t<li class=\"page_item page-item-913\"><a href=\"https:\/\/romanistyka.wn.uw.edu.pl\/index.php\/pracownicy\/sujecka-zajac-jolanta\/\">Jolanta Sujecka-Zaj\u0105c<\/a><\/li>\n\t<li class=\"page_item page-item-864\"><a href=\"https:\/\/romanistyka.wn.uw.edu.pl\/index.php\/pracownicy\/kwaterko-jozef\/\">J\u00f3zef Kwaterko<\/a><\/li>\n\t<li class=\"page_item page-item-934\"><a href=\"https:\/\/romanistyka.wn.uw.edu.pl\/index.php\/pracownicy\/zbierska-moscicka-judyta\/\">Judyta Zbierska-Mo\u015bcicka<\/a><\/li>\n\t<li class=\"page_item page-item-901\"><a href=\"https:\/\/romanistyka.wn.uw.edu.pl\/index.php\/pracownicy\/popowicz-kamil\/\">Kamil Popowicz<\/a><\/li>\n\t<li class=\"page_item page-item-922\"><a href=\"https:\/\/romanistyka.wn.uw.edu.pl\/index.php\/pracownicy\/wawrzonek-karolina\/\">Karolina Wawrzonek<\/a><\/li>\n\t<li class=\"page_item page-item-919\"><a href=\"https:\/\/romanistyka.wn.uw.edu.pl\/index.php\/pracownicy\/szymankiewicz-krystyna\/\">Krystyna Szymankiewicz<\/a><\/li>\n\t<li class=\"page_item page-item-928\"><a href=\"https:\/\/romanistyka.wn.uw.edu.pl\/index.php\/pracownicy\/zaleska-krystyna\/\">Krystyna Zaleska<\/a><\/li>\n\t<li class=\"page_item page-item-1944\"><a href=\"https:\/\/romanistyka.wn.uw.edu.pl\/index.php\/pracownicy\/lucas-paul-skurczynski\/\">Lucas Skurczy\u0144ski<\/a><\/li>\n\t<li class=\"page_item page-item-904\"><a href=\"https:\/\/romanistyka.wn.uw.edu.pl\/index.php\/pracownicy\/smuk-maciej\/\">Maciej Smuk<\/a><\/li>\n\t<li class=\"page_item page-item-823\"><a href=\"https:\/\/romanistyka.wn.uw.edu.pl\/index.php\/pracownicy\/grycan-magdalena\/\">Magdalena Grycan<\/a><\/li>\n\t<li class=\"page_item page-item-827\"><a href=\"https:\/\/romanistyka.wn.uw.edu.pl\/index.php\/pracownicy\/izert-malgorzata\/\">Ma\u0142gorzata Izert<\/a><\/li>\n\t<li class=\"page_item page-item-874\"><a href=\"https:\/\/romanistyka.wn.uw.edu.pl\/index.php\/pracownicy\/molska-malgorzata\/\">Ma\u0142gorzata Molska<\/a><\/li>\n\t<li class=\"page_item page-item-910\"><a href=\"https:\/\/romanistyka.wn.uw.edu.pl\/index.php\/pracownicy\/sokolowicz-malgorzata\/\">Ma\u0142gorzata Soko\u0142owicz<\/a><\/li>\n\t<li class=\"page_item page-item-836\"><a href=\"https:\/\/romanistyka.wn.uw.edu.pl\/index.php\/pracownicy\/klik-marcin\/\">Marcin Klik<\/a><\/li>\n\t<li class=\"page_item page-item-925\"><a href=\"https:\/\/romanistyka.wn.uw.edu.pl\/index.php\/pracownicy\/wojakowska-marta\/\">Marta Wojakowska<\/a><\/li>\n\t<li class=\"page_item page-item-877\"><a href=\"https:\/\/romanistyka.wn.uw.edu.pl\/index.php\/pracownicy\/obszynski-michal\/\">Micha\u0142 Obszy\u0144ski<\/a><\/li>\n\t<li class=\"page_item page-item-842\"><a href=\"https:\/\/romanistyka.wn.uw.edu.pl\/index.php\/pracownicy\/kostro-monika\/\">Monika Kostro<\/a><\/li>\n\t<li class=\"page_item page-item-858\"><a href=\"https:\/\/romanistyka.wn.uw.edu.pl\/index.php\/pracownicy\/kulesza-monika\/\">Monika Kulesza<\/a><\/li>\n\t<li class=\"page_item page-item-867\"><a href=\"https:\/\/romanistyka.wn.uw.edu.pl\/index.php\/pracownicy\/malinowska-monika\/\">Monika Malinowska<\/a><\/li>\n\t<li class=\"page_item page-item-892\"><a href=\"https:\/\/romanistyka.wn.uw.edu.pl\/index.php\/pracownicy\/peeters-pascale\/\">Pascale Peeters<\/a><\/li>\n\t<li class=\"page_item page-item-853\"><a href=\"https:\/\/romanistyka.wn.uw.edu.pl\/index.php\/pracownicy\/kucharczyk-radoslaw\/\">Rados\u0142aw Kucharczyk<\/a><\/li>\n\t<li class=\"page_item page-item-815\"><a href=\"https:\/\/romanistyka.wn.uw.edu.pl\/index.php\/pracownicy\/dryjanska-agnieszka\/\">Sara Del Rossi<\/a><\/li>\n\t<li class=\"page_item page-item-818\"><a href=\"https:\/\/romanistyka.wn.uw.edu.pl\/index.php\/pracownicy\/fijalkowska-wanda\/\">Wanda Fija\u0142kowska<\/a><\/li>\n\t<li class=\"page_item page-item-851\"><a href=\"https:\/\/romanistyka.wn.uw.edu.pl\/index.php\/pracownicy\/kroker-wieslaw\/\">Wies\u0142aw Kroker<\/a><\/li>\n<\/ul>\n<\/li>\n<li class=\"page_item page-item-2289 page_item_has_children\"><a href=\"https:\/\/romanistyka.wn.uw.edu.pl\/index.php\/pracownicy2\/\">Pracownicy<\/a>\n<ul class='children'>\n\t<li class=\"page_item page-item-3934\"><a href=\"https:\/\/romanistyka.wn.uw.edu.pl\/index.php\/pracownicy2\/maria-prandota\/\">Maria Prandota<\/a><\/li>\n<\/ul>\n<\/li>\n<li class=\"page_item page-item-937 page_item_has_children\"><a href=\"https:\/\/romanistyka.wn.uw.edu.pl\/index.php\/pracownicy-emerytowani\/\">Pracownicy emerytowani<\/a>\n<ul class='children'>\n\t<li class=\"page_item page-item-1015\"><a href=\"https:\/\/romanistyka.wn.uw.edu.pl\/index.php\/pracownicy-emerytowani\/bogacki-krzysztof\/\">Bogacki Krzysztof<\/a><\/li>\n\t<li class=\"page_item page-item-1019\"><a href=\"https:\/\/romanistyka.wn.uw.edu.pl\/index.php\/pracownicy-emerytowani\/borkowska-hanna\/\">Borkowska Hanna<\/a><\/li>\n\t<li class=\"page_item page-item-1022\"><a href=\"https:\/\/romanistyka.wn.uw.edu.pl\/index.php\/pracownicy-emerytowani\/burska-elzbieta\/\">Burska El\u017cbieta<\/a><\/li>\n\t<li class=\"page_item page-item-1025\"><a href=\"https:\/\/romanistyka.wn.uw.edu.pl\/index.php\/pracownicy-emerytowani\/chudak-henryk\/\">Chudak Henryk<\/a><\/li>\n\t<li class=\"page_item page-item-1028\"><a href=\"https:\/\/romanistyka.wn.uw.edu.pl\/index.php\/pracownicy-emerytowani\/forycki-remigiusz\/\">Forycki Remigiusz<\/a><\/li>\n\t<li class=\"page_item page-item-1031\"><a href=\"https:\/\/romanistyka.wn.uw.edu.pl\/index.php\/pracownicy-emerytowani\/giermak-zielinska-teresa\/\">Giermak-Zieli\u0144ska Teresa<\/a><\/li>\n\t<li class=\"page_item page-item-1034\"><a href=\"https:\/\/romanistyka.wn.uw.edu.pl\/index.php\/pracownicy-emerytowani\/jamrozik-zbigniew\/\">Jamrozik Zbigniew<\/a><\/li>\n\t<li class=\"page_item page-item-845\"><a href=\"https:\/\/romanistyka.wn.uw.edu.pl\/index.php\/pracownicy-emerytowani\/kowalska-beata\/\">Kowalska Beata<\/a><\/li>\n\t<li class=\"page_item page-item-871\"><a href=\"https:\/\/romanistyka.wn.uw.edu.pl\/index.php\/pracownicy-emerytowani\/mankowska-anna\/\">Ma\u0144kowska-Dutka Anna<\/a><\/li>\n\t<li class=\"page_item page-item-1037\"><a href=\"https:\/\/romanistyka.wn.uw.edu.pl\/index.php\/pracownicy-emerytowani\/naliwajek-zbigniew\/\">Naliwajek Zbigniew<\/a><\/li>\n\t<li class=\"page_item page-item-880\"><a href=\"https:\/\/romanistyka.wn.uw.edu.pl\/index.php\/pracownicy-emerytowani\/okecka-helena\/\">Ok\u0119cka Helena<\/a><\/li>\n\t<li class=\"page_item page-item-1040\"><a href=\"https:\/\/romanistyka.wn.uw.edu.pl\/index.php\/pracownicy-emerytowani\/petrasz-anna\/\">Petrasz Anna<\/a><\/li>\n\t<li class=\"page_item page-item-1043\"><a href=\"https:\/\/romanistyka.wn.uw.edu.pl\/index.php\/pracownicy-emerytowani\/stanczyk-ewa\/\">Sta\u0144czyk Ewa<\/a><\/li>\n\t<li class=\"page_item page-item-1046\"><a href=\"https:\/\/romanistyka.wn.uw.edu.pl\/index.php\/pracownicy-emerytowani\/szymanska-malgorzata\/\">Szyma\u0144ska Ma\u0142gorzata<\/a><\/li>\n\t<li class=\"page_item page-item-1049\"><a href=\"https:\/\/romanistyka.wn.uw.edu.pl\/index.php\/pracownicy-emerytowani\/wroblewska-pawlak-krystyna\/\">Wr\u00f3blewska-Pawlak Krystyna<\/a><\/li>\n\t<li class=\"page_item page-item-1052\"><a href=\"https:\/\/romanistyka.wn.uw.edu.pl\/index.php\/pracownicy-emerytowani\/zurowska-joanna\/\">\u017burowska Joanna<\/a><\/li>\n<\/ul>\n<\/li>\n<li class=\"page_item page-item-7060\"><a href=\"https:\/\/romanistyka.wn.uw.edu.pl\/index.php\/program\/\">Program<\/a><\/li>\n<li class=\"page_item page-item-622\"><a href=\"https:\/\/romanistyka.wn.uw.edu.pl\/index.php\/program-studiow\/\">Program studi\u00f3w<\/a><\/li>\n<li class=\"page_item page-item-521\"><a href=\"https:\/\/romanistyka.wn.uw.edu.pl\/index.php\/rada-dydaktyczna\/\">Rada dydaktyczna<\/a><\/li>\n<li class=\"page_item page-item-1687\"><a href=\"https:\/\/romanistyka.wn.uw.edu.pl\/index.php\/rekrutacja-informacje\/\">Rekrutacja informacje<\/a><\/li>\n<li class=\"page_item page-item-2137\"><a href=\"https:\/\/romanistyka.wn.uw.edu.pl\/index.php\/romanistyczne-biuletyny-naukowe\/\">Romanistyczne Biuletyny Naukowe<\/a><\/li>\n<li class=\"page_item page-item-627 page_item_has_children\"><a href=\"https:\/\/romanistyka.wn.uw.edu.pl\/index.php\/rozliczenie-roku\/\">Rozliczenie roku<\/a>\n<ul class='children'>\n\t<li class=\"page_item page-item-1666\"><a href=\"https:\/\/romanistyka.wn.uw.edu.pl\/index.php\/rozliczenie-roku\/podania\/\">Stypendia i zapomogi<\/a><\/li>\n<\/ul>\n<\/li>\n<li class=\"page_item page-item-652\"><a href=\"https:\/\/romanistyka.wn.uw.edu.pl\/index.php\/stowarzyszenie-absolwentow-irom\/\">Stowarzyszenie Absolwent\u00f3w IROM<\/a><\/li>\n<li class=\"page_item page-item-285\"><a href=\"https:\/\/romanistyka.wn.uw.edu.pl\/index.php\/zaklady-i-pracownie\/\">Struktura Instytutu<\/a><\/li>\n<li class=\"page_item page-item-657\"><a href=\"https:\/\/romanistyka.wn.uw.edu.pl\/index.php\/studia-i-stopnia\/\">Studia I stopnia<\/a><\/li>\n<li class=\"page_item page-item-2156\"><a href=\"https:\/\/romanistyka.wn.uw.edu.pl\/index.php\/studia-i-stopnia-2\/\">Studia I stopnia<\/a><\/li>\n<li class=\"page_item page-item-749\"><a href=\"https:\/\/romanistyka.wn.uw.edu.pl\/index.php\/studia-ii-stopnia\/\">Studia II stopnia<\/a><\/li>\n<li class=\"page_item page-item-2158\"><a href=\"https:\/\/romanistyka.wn.uw.edu.pl\/index.php\/studia-ii-stopnia-2\/\">Studia II stopnia<\/a><\/li>\n<li class=\"page_item page-item-2090\"><a href=\"https:\/\/romanistyka.wn.uw.edu.pl\/index.php\/szkoly-letnie\/\">Szko\u0142y letnie<\/a><\/li>\n<li class=\"page_item page-item-232\"><a href=\"https:\/\/romanistyka.wn.uw.edu.pl\/index.php\/wladze-instytutu\/\">W\u0142adze Instytutu<\/a><\/li>\n<li class=\"page_item page-item-2134\"><a href=\"https:\/\/romanistyka.wn.uw.edu.pl\/index.php\/wsparcie-na-uczelni\/\">Wsparcie na uczelni<\/a><\/li>\n<li class=\"page_item page-item-5717\"><a href=\"https:\/\/romanistyka.wn.uw.edu.pl\/index.php\/wydarzenia\/\">Wydarzenia<\/a><\/li>\n<li class=\"page_item page-item-598\"><a href=\"https:\/\/romanistyka.wn.uw.edu.pl\/index.php\/zajecia-dla-mlodziezy-szkolnej\/\">Zaj\u0119cia dla m\u0142odzie\u017cy szkolnej<\/a><\/li>\n<\/ul>\n<h2 class=\"wsp-archives-title\">Archives<\/h2>\n<ul class=\"wsp-archives-list\">\n\t<li><a href='https:\/\/romanistyka.wn.uw.edu.pl\/index.php\/2026\/04\/'>kwiecie\u0144 2026<\/a><\/li>\n\t<li><a href='https:\/\/romanistyka.wn.uw.edu.pl\/index.php\/2026\/03\/'>marzec 2026<\/a><\/li>\n\t<li><a href='https:\/\/romanistyka.wn.uw.edu.pl\/index.php\/2026\/02\/'>luty 2026<\/a><\/li>\n\t<li><a href='https:\/\/romanistyka.wn.uw.edu.pl\/index.php\/2026\/01\/'>stycze\u0144 2026<\/a><\/li>\n\t<li><a href='https:\/\/romanistyka.wn.uw.edu.pl\/index.php\/2025\/12\/'>grudzie\u0144 2025<\/a><\/li>\n\t<li><a href='https:\/\/romanistyka.wn.uw.edu.pl\/index.php\/2025\/11\/'>listopad 2025<\/a><\/li>\n\t<li><a href='https:\/\/romanistyka.wn.uw.edu.pl\/index.php\/2025\/10\/'>pa\u017adziernik 2025<\/a><\/li>\n\t<li><a href='https:\/\/romanistyka.wn.uw.edu.pl\/index.php\/2025\/09\/'>wrzesie\u0144 2025<\/a><\/li>\n\t<li><a href='https:\/\/romanistyka.wn.uw.edu.pl\/index.php\/2025\/08\/'>sierpie\u0144 2025<\/a><\/li>\n\t<li><a href='https:\/\/romanistyka.wn.uw.edu.pl\/index.php\/2025\/07\/'>lipiec 2025<\/a><\/li>\n\t<li><a href='https:\/\/romanistyka.wn.uw.edu.pl\/index.php\/2025\/06\/'>czerwiec 2025<\/a><\/li>\n\t<li><a href='https:\/\/romanistyka.wn.uw.edu.pl\/index.php\/2025\/05\/'>maj 2025<\/a><\/li>\n\t<li><a href='https:\/\/romanistyka.wn.uw.edu.pl\/index.php\/2025\/04\/'>kwiecie\u0144 2025<\/a><\/li>\n\t<li><a href='https:\/\/romanistyka.wn.uw.edu.pl\/index.php\/2025\/03\/'>marzec 2025<\/a><\/li>\n\t<li><a href='https:\/\/romanistyka.wn.uw.edu.pl\/index.php\/2025\/02\/'>luty 2025<\/a><\/li>\n\t<li><a href='https:\/\/romanistyka.wn.uw.edu.pl\/index.php\/2025\/01\/'>stycze\u0144 2025<\/a><\/li>\n\t<li><a href='https:\/\/romanistyka.wn.uw.edu.pl\/index.php\/2024\/12\/'>grudzie\u0144 2024<\/a><\/li>\n\t<li><a href='https:\/\/romanistyka.wn.uw.edu.pl\/index.php\/2024\/11\/'>listopad 2024<\/a><\/li>\n\t<li><a href='https:\/\/romanistyka.wn.uw.edu.pl\/index.php\/2024\/10\/'>pa\u017adziernik 2024<\/a><\/li>\n\t<li><a href='https:\/\/romanistyka.wn.uw.edu.pl\/index.php\/2024\/09\/'>wrzesie\u0144 2024<\/a><\/li>\n\t<li><a href='https:\/\/romanistyka.wn.uw.edu.pl\/index.php\/2024\/07\/'>lipiec 2024<\/a><\/li>\n\t<li><a href='https:\/\/romanistyka.wn.uw.edu.pl\/index.php\/2024\/06\/'>czerwiec 2024<\/a><\/li>\n\t<li><a href='https:\/\/romanistyka.wn.uw.edu.pl\/index.php\/2024\/05\/'>maj 2024<\/a><\/li>\n\t<li><a href='https:\/\/romanistyka.wn.uw.edu.pl\/index.php\/2024\/04\/'>kwiecie\u0144 2024<\/a><\/li>\n\t<li><a href='https:\/\/romanistyka.wn.uw.edu.pl\/index.php\/2024\/03\/'>marzec 2024<\/a><\/li>\n\t<li><a href='https:\/\/romanistyka.wn.uw.edu.pl\/index.php\/2024\/02\/'>luty 2024<\/a><\/li>\n\t<li><a href='https:\/\/romanistyka.wn.uw.edu.pl\/index.php\/2024\/01\/'>stycze\u0144 2024<\/a><\/li>\n\t<li><a href='https:\/\/romanistyka.wn.uw.edu.pl\/index.php\/2023\/12\/'>grudzie\u0144 2023<\/a><\/li>\n\t<li><a href='https:\/\/romanistyka.wn.uw.edu.pl\/index.php\/2023\/11\/'>listopad 2023<\/a><\/li>\n\t<li><a href='https:\/\/romanistyka.wn.uw.edu.pl\/index.php\/2023\/10\/'>pa\u017adziernik 2023<\/a><\/li>\n\t<li><a href='https:\/\/romanistyka.wn.uw.edu.pl\/index.php\/2023\/09\/'>wrzesie\u0144 2023<\/a><\/li>\n\t<li><a href='https:\/\/romanistyka.wn.uw.edu.pl\/index.php\/2023\/08\/'>sierpie\u0144 2023<\/a><\/li>\n\t<li><a href='https:\/\/romanistyka.wn.uw.edu.pl\/index.php\/2023\/07\/'>lipiec 2023<\/a><\/li>\n\t<li><a href='https:\/\/romanistyka.wn.uw.edu.pl\/index.php\/2023\/06\/'>czerwiec 2023<\/a><\/li>\n\t<li><a href='https:\/\/romanistyka.wn.uw.edu.pl\/index.php\/2023\/05\/'>maj 2023<\/a><\/li>\n\t<li><a href='https:\/\/romanistyka.wn.uw.edu.pl\/index.php\/2023\/04\/'>kwiecie\u0144 2023<\/a><\/li>\n\t<li><a href='https:\/\/romanistyka.wn.uw.edu.pl\/index.php\/2023\/03\/'>marzec 2023<\/a><\/li>\n\t<li><a href='https:\/\/romanistyka.wn.uw.edu.pl\/index.php\/2023\/02\/'>luty 2023<\/a><\/li>\n<\/ul>\n<\/div>\n\n\n<ul class=\"wp-block-categories-list wp-block-categories\">\t<li class=\"cat-item cat-item-8\"><a href=\"https:\/\/romanistyka.wn.uw.edu.pl\/index.php\/category\/aktualnosci\/\">Aktualno\u015bci<\/a>\n<\/li>\n\t<li class=\"cat-item cat-item-15\"><a href=\"https:\/\/romanistyka.wn.uw.edu.pl\/index.php\/category\/bez-kategorii-pl\/\">Bez kategorii<\/a>\n<\/li>\n\t<li class=\"cat-item cat-item-6\"><a href=\"https:\/\/romanistyka.wn.uw.edu.pl\/index.php\/category\/ogloszenia-dla-pracownikow\/\">Og\u0142oszenia dla pracownik\u00f3w<\/a>\n<\/li>\n\t<li class=\"cat-item cat-item-7\"><a href=\"https:\/\/romanistyka.wn.uw.edu.pl\/index.php\/category\/ogloszenia-dla-studentow\/\">Og\u0142oszenia dla student\u00f3w<\/a>\n<\/li>\n\t<li class=\"cat-item cat-item-37\"><a href=\"https:\/\/romanistyka.wn.uw.edu.pl\/index.php\/category\/ogloszenia-dla-studentow-fr\/\">Og\u0142oszenia dla student\u00f3w<\/a>\n<\/li>\n\t<li class=\"cat-item cat-item-9\"><a href=\"https:\/\/romanistyka.wn.uw.edu.pl\/index.php\/category\/aktualnosci\/wydarzenia\/\">Wydarzenia<\/a>\n<\/li>\n<\/ul>","protected":false},"excerpt":{"rendered":"","protected":false},"author":15,"featured_media":0,"parent":0,"menu_order":0,"comment_status":"closed","ping_status":"closed","template":"","meta":{"footnotes":""},"class_list":["post-5632","page","type-page","status-publish","hentry"],"_links":{"self":[{"href":"https:\/\/romanistyka.wn.uw.edu.pl\/index.php\/wp-json\/wp\/v2\/pages\/5632","targetHints":{"allow":["GET"]}}],"collection":[{"href":"https:\/\/romanistyka.wn.uw.edu.pl\/index.php\/wp-json\/wp\/v2\/pages"}],"about":[{"href":"https:\/\/romanistyka.wn.uw.edu.pl\/index.php\/wp-json\/wp\/v2\/types\/page"}],"author":[{"embeddable":true,"href":"https:\/\/romanistyka.wn.uw.edu.pl\/index.php\/wp-json\/wp\/v2\/users\/15"}],"replies":[{"embeddable":true,"href":"https:\/\/romanistyka.wn.uw.edu.pl\/index.php\/wp-json\/wp\/v2\/comments?post=5632"}],"version-history":[{"count":2,"href":"https:\/\/romanistyka.wn.uw.edu.pl\/index.php\/wp-json\/wp\/v2\/pages\/5632\/revisions"}],"predecessor-version":[{"id":5634,"href":"https:\/\/romanistyka.wn.uw.edu.pl\/index.php\/wp-json\/wp\/v2\/pages\/5632\/revisions\/5634"}],"wp:attachment":[{"href":"https:\/\/romanistyka.wn.uw.edu.pl\/index.php\/wp-json\/wp\/v2\/media?parent=5632"}],"curies":[{"name":"wp","href":"https:\/\/api.w.org\/{rel}","templated":true}]}}