{"id":539,"date":"2023-02-06T09:43:50","date_gmt":"2023-02-06T09:43:50","guid":{"rendered":"https:\/\/romanistyka.wn.uw.edu.pl\/?page_id=539"},"modified":"2025-10-02T16:44:02","modified_gmt":"2025-10-02T16:44:02","slug":"kontakt","status":"publish","type":"page","link":"https:\/\/romanistyka.wn.uw.edu.pl\/index.php\/kontakt\/","title":{"rendered":"Kontakt"},"content":{"rendered":"\n<div class=\"wp-block-group has-global-padding is-layout-constrained wp-container-core-group-is-layout-6ff6a6e7 wp-block-group-is-layout-constrained\" style=\"padding-right:0;padding-left:0\">\n<iframe src=\"https:\/\/www.google.com\/maps\/embed?pb=!1m14!1m8!1m3!1d46723.822397416174!2d21.02407!3d52.242009!3m2!1i1024!2i768!4f13.1!3m3!1m2!1s0x471ecc5c1482b91d%3A0xd736308015a0dfe1!2sInstytut%20Romanistyki%20Uniwersytetu%20Warszawskiego!5e1!3m2!1spl!2spl!4v1746799061666!5m2!1spl!2spl\" width=\"600\" height=\"450\" style=\"border:0;\" allowfullscreen=\"\" loading=\"lazy\" referrerpolicy=\"no-referrer-when-downgrade\"><\/iframe>\n<\/div>\n\n\n\n<h2 class=\"wp-block-heading has-large-font-size\" style=\"padding-top:var(--wp--preset--spacing--50);font-style:normal;font-weight:800;line-height:2;text-transform:none\">Instytut Romanistyki <br>Uniwersytetu Warszawskiego<\/h2>\n\n\n\n<p>ul. Dobra 55<br>00-312 Warszawa<\/p>\n\n\n\n<div style=\"height:30px\" aria-hidden=\"true\" class=\"wp-block-spacer\"><\/div>\n\n\n\n<h3 class=\"wp-block-heading\"><strong>Sprawy studenckie<\/strong><\/h3>\n\n\n\n<p>Pok\u00f3j 2.420 \u2013 II pi\u0119tro<br>tel. (22) 552-04-36<br>romanistyka@uw.edu.pl<\/p>\n\n\n\n<div style=\"height:30px\" aria-hidden=\"true\" class=\"wp-block-spacer\"><\/div>\n\n\n\n<h3 class=\"wp-block-heading\"><strong>Sprawy studenckie, studia niestacjonarne:<\/strong><\/h3>\n\n\n\n<p>Monika Szewczak \u2013 pok. 2.420<br>tel. (22) 552-04-36<br>romanistyka@uw.edu.pl<\/p>\n\n\n\n<p>Jolanta Walkiewicz-Koczyw\u0105s \u2013 pok. 2.420<br>tel. (22) 552-04-32<br>romanistyka@uw.edu.pl<\/p>\n\n\n\n<div style=\"height:30px\" aria-hidden=\"true\" class=\"wp-block-spacer\"><\/div>\n\n\n\n<h3 class=\"wp-block-heading\"><strong>Godziny otwarcia sekretariatu (pok\u00f3j 2.420) dla student\u00f3w:<\/strong><\/h3>\n\n\n\n<figure style=\"padding-top:var(--wp--preset--spacing--40);padding-bottom:var(--wp--preset--spacing--40)\" class=\"wp-block-table has-medium-font-size\"><table class=\"has-base-background-color has-background\"><thead><tr><th><strong>Dzie\u0144 tygodnia<\/strong><\/th><th><strong>Godziny otwarcia<\/strong><\/th><\/tr><\/thead><tbody><tr><td><strong>Poniedzia\u0142ek<\/strong><\/td><td>10:00-13:00<\/td><\/tr><tr><td><strong>Wtorek<\/strong><\/td><td>13:00-16:00<\/td><\/tr><tr><td><strong>\u015aroda<\/strong><\/td><td>9:00-13:00<\/td><\/tr><tr><td><strong>Czwartek<\/strong><\/td><td>9:00-13:00<\/td><\/tr><tr><td><strong>Pi\u0105tek<\/strong><\/td><td>nieczynne<\/td><\/tr><\/tbody><\/table><\/figure>\n","protected":false},"excerpt":{"rendered":"<p>Instytut Romanistyki Uniwersytetu Warszawskiego ul. Dobra 5500-312 Warszawa Sprawy studenckie Pok\u00f3j 2.420 \u2013 II pi\u0119trotel. (22) 552-04-36romanistyka@uw.edu.pl Sprawy studenckie, studia niestacjonarne: Monika Szewczak \u2013 pok. 2.420tel. (22) 552-04-36romanistyka@uw.edu.pl Jolanta Walkiewicz-Koczyw\u0105s \u2013 pok. 2.420tel. (22) 552-04-32romanistyka@uw.edu.pl Godziny otwarcia sekretariatu (pok\u00f3j 2.420) dla student\u00f3w: Dzie\u0144 tygodnia Godziny otwarcia Poniedzia\u0142ek 10:00-13:00 Wtorek 13:00-16:00 \u015aroda 9:00-13:00 Czwartek 9:00-13:00 Pi\u0105tek [&hellip;]<\/p>\n","protected":false},"author":1,"featured_media":0,"parent":0,"menu_order":0,"comment_status":"closed","ping_status":"closed","template":"page-no-title","meta":{"footnotes":""},"class_list":["post-539","page","type-page","status-publish","hentry"],"_links":{"self":[{"href":"https:\/\/romanistyka.wn.uw.edu.pl\/index.php\/wp-json\/wp\/v2\/pages\/539","targetHints":{"allow":["GET"]}}],"collection":[{"href":"https:\/\/romanistyka.wn.uw.edu.pl\/index.php\/wp-json\/wp\/v2\/pages"}],"about":[{"href":"https:\/\/romanistyka.wn.uw.edu.pl\/index.php\/wp-json\/wp\/v2\/types\/page"}],"author":[{"embeddable":true,"href":"https:\/\/romanistyka.wn.uw.edu.pl\/index.php\/wp-json\/wp\/v2\/users\/1"}],"replies":[{"embeddable":true,"href":"https:\/\/romanistyka.wn.uw.edu.pl\/index.php\/wp-json\/wp\/v2\/comments?post=539"}],"version-history":[{"count":72,"href":"https:\/\/romanistyka.wn.uw.edu.pl\/index.php\/wp-json\/wp\/v2\/pages\/539\/revisions"}],"predecessor-version":[{"id":6793,"href":"https:\/\/romanistyka.wn.uw.edu.pl\/index.php\/wp-json\/wp\/v2\/pages\/539\/revisions\/6793"}],"wp:attachment":[{"href":"https:\/\/romanistyka.wn.uw.edu.pl\/index.php\/wp-json\/wp\/v2\/media?parent=539"}],"curies":[{"name":"wp","href":"https:\/\/api.w.org\/{rel}","templated":true}]}}