{"id":534,"date":"2023-02-06T09:19:46","date_gmt":"2023-02-06T09:19:46","guid":{"rendered":"https:\/\/romanistyka.wn.uw.edu.pl\/?page_id=534"},"modified":"2025-05-28T09:29:28","modified_gmt":"2025-05-28T09:29:28","slug":"rys-historyczny","status":"publish","type":"page","link":"https:\/\/romanistyka.wn.uw.edu.pl\/index.php\/rys-historyczny\/","title":{"rendered":"Historia Instytutu"},"content":{"rendered":"\n<h1 class=\"wp-block-heading\">Historia Instytutu<\/h1>\n\n\n\n<p>W odrodzonym Uniwersytecie Warszawskim Romanistyk\u0119 na Wydziale Filologicznym utworzy\u0142 Maurycy Mann w 1919 roku. Pocz\u0105tki by\u0142y skromne, ale powoli przybywa\u0142o asystent\u00f3w i student\u00f3w. Wyk\u0142adowcy z Instytutu Francuskiego, za\u0142o\u017conego w 1925 r. wspomagali dydaktycznie romanist\u00f3w uniwersyteckich. By\u0142 w\u015br\u00f3d nich profesor Jean Fabre, znawca O\u015bwiecenia francuskiego i polskiego, wielki przyjaciel naszego kraju.<\/p>\n\n\n\n<p>Po \u015bmierci profesora Manna w 1932 r. katedr\u0119 obj\u0105\u0142 w roku akademickim 1933\/34 profesor Stanis\u0142aw W\u0119dkiewicz, adiunktem zosta\u0142a dr Zdana Matuszewicz. Te dwie osoby prowadzi\u0142y tajne nauczanie w czasie okupacji. W 1936 r. stworzono Katedr\u0119 Italianistyki, na kt\u00f3r\u0105 zosta\u0142 powo\u0142any w roku 1937 profesor Mieczys\u0142aw Brahmer. Literatura w\u0142oska, francuska i por\u00f3wnawcza by\u0142y domen\u0105 dzia\u0142alno\u015bci tego uczonego, kiedy podj\u0105\u0142 wyk\u0142ady w Uniwersytecie Warszawskim w 1946 roku.<\/p>\n\n\n\n<p>W pocz\u0105tku lat pi\u0119\u0107dziesi\u0105tych kadra samodzielnych pracownik\u00f3w naukowych powi\u0119kszy\u0142a si\u0119 dzi\u0119ki powo\u0142aniu na stanowisko profesora Haliny Lewickiej, Macieja \u017burowskiego i Rachmiela Brandwajna, kt\u00f3ry opu\u015bci\u0142 Uczelni\u0119 po \u201968 roku. Z czasem, na stanowisko profesora powo\u0142ano Ew\u0119 Rzadkowsk\u0105, Krystyn\u0119 Kasprzyk, Krzysztofa \u017baboklickiego, Halin\u0119 Suwa\u0142\u0119 i Jerzego Parviego.<\/p>\n\n\n\n<p>W 1968 r. Katedra Literatury i J\u0119zyk\u00f3w Roma\u0144skich przekszta\u0142ci\u0142a si\u0119 w Instytut Filologii Roma\u0144skiej, a wkr\u00f3tce potem w Instytut Romanistyki. Funkcj\u0119 dyrektora obj\u0105\u0142 profesor Brahmer, jego zast\u0119pc\u0105 zosta\u0142a Ewa Rzadkowska. Po uzyskaniu habilitacji w roku 1971, Krzysztof \u017baboklicki obj\u0105\u0142 kierownictwo Zak\u0142adu Filologii W\u0142oskiej. W 1982 r. Zak\u0142ad Filologii W\u0142oskiej przekszta\u0142ci\u0142 si\u0119 w samodzieln\u0105 Katedr\u0119 Italianistyki.<\/p>\n\n\n\n<p>Aby jak najwi\u0119ksza liczba os\u00f3b mog\u0142a uczy\u0107 si\u0119 j\u0119zyka francuskiego i poznawa\u0107 kultur\u0119 kraj\u00f3w francuskoj\u0119zycznych, rekrutacja na studia licencjackie od 2010 r. obejmuje dwie \u015bcie\u017cki: tradycyjn\u0105, a wi\u0119c student\u00f3w, kt\u00f3rzy uczyli si\u0119 j\u0119zyka francuskiego w szkole \u015bredniej i zdawali go na maturze, oraz now\u0105 \u2013 przeznaczon\u0105 dla student\u00f3w kt\u00f3rzy nigdy nie zetkn\u0119li si\u0119 z j\u0119zykiem francuskim lub znaj\u0105 go w niewielkim stopniu. Ponadto mo\u017cna studiowa\u0107&nbsp; romanistyk\u0119 w systemie wieczorowym oraz w\u0142\u0105czy\u0107 j\u0105 do przedmiot\u00f3w wybranych w ramach studi\u00f3w mi\u0119dzywydzia\u0142owych. Instytut Romanistyki proponuje r\u00f3wnie\u017c studia magisterskie w systemie przemiennym \u2013 na Uniwersytecie Warszawskim oraz w plac\u00f3wce innego kraju.<\/p>\n\n\n\n<p>Obecnie studia w IR koncentruj\u0105 si\u0119 wok\u00f3\u0142 trzech g\u0142\u00f3wnych dziedzin: literatury, j\u0119zykoznawstwa i glottodydaktyki.<\/p>\n","protected":false},"excerpt":{"rendered":"<p>Historia Instytutu W odrodzonym Uniwersytecie Warszawskim Romanistyk\u0119 na Wydziale Filologicznym utworzy\u0142 Maurycy Mann w 1919 roku. Pocz\u0105tki by\u0142y skromne, ale powoli przybywa\u0142o asystent\u00f3w i student\u00f3w. Wyk\u0142adowcy z Instytutu Francuskiego, za\u0142o\u017conego w 1925 r. wspomagali dydaktycznie romanist\u00f3w uniwersyteckich. By\u0142 w\u015br\u00f3d nich profesor Jean Fabre, znawca O\u015bwiecenia francuskiego i polskiego, wielki przyjaciel naszego kraju. Po \u015bmierci profesora [&hellip;]<\/p>\n","protected":false},"author":1,"featured_media":0,"parent":0,"menu_order":0,"comment_status":"closed","ping_status":"closed","template":"page-no-title","meta":{"footnotes":""},"class_list":["post-534","page","type-page","status-publish","hentry"],"_links":{"self":[{"href":"https:\/\/romanistyka.wn.uw.edu.pl\/index.php\/wp-json\/wp\/v2\/pages\/534","targetHints":{"allow":["GET"]}}],"collection":[{"href":"https:\/\/romanistyka.wn.uw.edu.pl\/index.php\/wp-json\/wp\/v2\/pages"}],"about":[{"href":"https:\/\/romanistyka.wn.uw.edu.pl\/index.php\/wp-json\/wp\/v2\/types\/page"}],"author":[{"embeddable":true,"href":"https:\/\/romanistyka.wn.uw.edu.pl\/index.php\/wp-json\/wp\/v2\/users\/1"}],"replies":[{"embeddable":true,"href":"https:\/\/romanistyka.wn.uw.edu.pl\/index.php\/wp-json\/wp\/v2\/comments?post=534"}],"version-history":[{"count":6,"href":"https:\/\/romanistyka.wn.uw.edu.pl\/index.php\/wp-json\/wp\/v2\/pages\/534\/revisions"}],"predecessor-version":[{"id":6418,"href":"https:\/\/romanistyka.wn.uw.edu.pl\/index.php\/wp-json\/wp\/v2\/pages\/534\/revisions\/6418"}],"wp:attachment":[{"href":"https:\/\/romanistyka.wn.uw.edu.pl\/index.php\/wp-json\/wp\/v2\/media?parent=534"}],"curies":[{"name":"wp","href":"https:\/\/api.w.org\/{rel}","templated":true}]}}