{"id":3943,"date":"2025-03-03T13:33:33","date_gmt":"2025-03-03T13:33:33","guid":{"rendered":"https:\/\/romanistyka.wn.uw.edu.pl\/?page_id=3943"},"modified":"2025-06-14T11:53:04","modified_gmt":"2025-06-14T11:53:04","slug":"cezary-weglinski","status":"publish","type":"page","link":"https:\/\/romanistyka.wn.uw.edu.pl\/index.php\/cezary-weglinski\/","title":{"rendered":"Cezary W\u0119gli\u0144ski"},"content":{"rendered":"\n<div class=\"wp-block-columns is-layout-flex wp-container-core-columns-is-layout-28f84493 wp-block-columns-is-layout-flex\">\n<div class=\"wp-block-column is-layout-flow wp-block-column-is-layout-flow\" style=\"flex-basis:33.33%\">\n<figure class=\"wp-block-image size-large is-resized\"><img loading=\"lazy\" decoding=\"async\" width=\"577\" height=\"1024\" src=\"https:\/\/romanistyka.wn.uw.edu.pl\/wp-content\/uploads\/2025\/05\/3acbe72f-5cad-4ed2-81e0-289372bb11bd-kopia-577x1024.jpeg\" alt=\"\" class=\"wp-image-5290\" style=\"width:300px\" srcset=\"https:\/\/romanistyka.wn.uw.edu.pl\/wp-content\/uploads\/2025\/05\/3acbe72f-5cad-4ed2-81e0-289372bb11bd-kopia-577x1024.jpeg 577w, https:\/\/romanistyka.wn.uw.edu.pl\/wp-content\/uploads\/2025\/05\/3acbe72f-5cad-4ed2-81e0-289372bb11bd-kopia-169x300.jpeg 169w, https:\/\/romanistyka.wn.uw.edu.pl\/wp-content\/uploads\/2025\/05\/3acbe72f-5cad-4ed2-81e0-289372bb11bd-kopia-768x1364.jpeg 768w, https:\/\/romanistyka.wn.uw.edu.pl\/wp-content\/uploads\/2025\/05\/3acbe72f-5cad-4ed2-81e0-289372bb11bd-kopia-865x1536.jpeg 865w, https:\/\/romanistyka.wn.uw.edu.pl\/wp-content\/uploads\/2025\/05\/3acbe72f-5cad-4ed2-81e0-289372bb11bd-kopia.jpeg 1153w\" sizes=\"auto, (max-width: 577px) 100vw, 577px\" \/><\/figure>\n<\/div>\n\n\n\n<div class=\"wp-block-column is-layout-flow wp-block-column-is-layout-flow\" style=\"flex-basis:66.66%\">\n<h2 class=\"wp-block-heading\">Cezary W\u0119gli\u0144ski, LL.M.<\/h2>\n\n\n\n<p>Doktorant w Szkole Doktorskiej Nauk Spo\u0142ecznych (Katedra Filozofii Prawa i Nauki o Pa\u0144stwie WPiA) UW<\/p>\n\n\n\n<p><a target=\"_blank\" href=\"mailto:c.weglinski@uw.edu.pl\" rel=\"noreferrer noopener\">c.weglinski@uw.edu.pl<\/a><\/p>\n\n\n\n<div style=\"height:20px\" aria-hidden=\"true\" class=\"wp-block-spacer\"><\/div>\n\n\n\n<h6 class=\"wp-block-heading\"><strong>Tematyka bada\u0144<\/strong><\/h6>\n\n\n\n<p>Zainteresowania naukowe: teoria prawa konstytucyjnego, j\u0119zykoznawstwo prawnicze, prawo europejskie, prawa cz\u0142owieka, socjolingwistyka<\/p>\n\n\n\n<div style=\"height:20px\" aria-hidden=\"true\" class=\"wp-block-spacer\"><\/div>\n\n\n\n<h6 class=\"wp-block-heading\"><strong>Przebieg kariery naukowej<\/strong><\/h6>\n\n\n\n<p>2020-2025: stypendysta rz\u0105du francuskiego w Instytucie Nauk Politycznych w Pary\u017cu (Sciences Po Paris) w ramach stypednium BGF codirection (podw\u00f3jny doktorat)<\/p>\n\n\n\n<p>2021: dyplom LL.M. w zakresie nauk nad prawem europejskim w Kolegium Europejskim (Coll\u00e8ge d\u2019Europe) w Brugii<\/p>\n\n\n\n<p>2020: magister filologii roma\u0144skiej (profil przek\u0142adowy) w Instytucie Romanistyki UW oraz studia podyplomowe dla t\u0142umaczy przysi\u0119g\u0142ych (IPSKT) na Wydziale Lingwistyki Stosowanej<\/p>\n\n\n\n<p>2019: magister prawa na Wydziale Prawa i Administracji UW oraz Universit\u00e9 de Poitiers (dyplom Master 2 francuskie i europejskie prawo handlowe)<\/p>\n\n\n\n<div style=\"height:20px\" aria-hidden=\"true\" class=\"wp-block-spacer\"><\/div>\n\n\n\n<h6 class=\"wp-block-heading\"><strong>Projekty badawcze<\/strong><\/h6>\n\n\n\n<p>2023-2024: wykonawca projektu \u201eWsparcie krajowych instytucji na&nbsp;rzecz praw cz\u0142owieka w monitorowaniu praw podstawowych i zwi\u0105zanych z tymi prawami aspekt\u00f3w praworz\u0105dno\u015bci\u201d realizowanego przez Biuro Rzecznika Praw Obywatelskich pod kierownictwem Agencji Praw Podstawowych UE (EEA and Norway Grants).<\/p>\n\n\n\n<p>2018-2022: kierownik i wykonawca projektu naukowego pt. \u201eW poszukiwaniu spo\u0142ecznych podstaw prawa. Instytucjonalna teoria pa\u0144stwa i prawa Maurice\u2019a Hauriou\u201d finansowanego ze \u015brodk\u00f3w Ministerstwa Edukacji i Nauki w&nbsp;ramach programu \u201eDiamentowy Grant\u201d.<\/p>\n\n\n\n<div style=\"height:20px\" aria-hidden=\"true\" class=\"wp-block-spacer\"><\/div>\n\n\n\n<h6 class=\"wp-block-heading\" style=\"text-transform:uppercase\"><strong>wybrane publikacje naukowe<\/strong><\/h6>\n\n\n\n<p>Application of the Charter of Fundamental Rights in the course of implementation of projects financed by EU funds. Handbook and practical guidance for national bodies, \u0141acny J., Sznajder M., W\u0119gli\u0144ski C., Office of the Commissioner for Human Rights, 2024.<\/p>\n\n\n\n<p>Maurice Hauriou\u2019s theory of the institution. Legal institutionalism and the science of the state, Archiwum Filozofii Prawa i Filozofii Spo\u0142ecznej 3(32)\/2022).<\/p>\n\n\n\n<p>The entangled relationship between law and language in the globalized world, Comparative Law and Language (CLL) Vol. 1 No. 1, 2022.<\/p>\n\n\n\n<p>Prawa j\u0119zykowe i dyskryminacja j\u0119zykowa w prawie Unii Europejskiej, Socjolingwistyka 33\/2019, Instytut J\u0119zyka Polskiego PAN.<\/p>\n\n\n\n<p>On current issues in EU constitutionalism: transnational lists for the European elections as a possible solution to problems of the democratic deficit and legitimacy within the European Union?, [w:] \u201eConstitutions of Modern States\u201d, red: M. Serowaniec, M. Dorochowicz, J. Zem\u0142a, Wydawnictwo UMK, Toru\u0144 2019, str. 167-178.<\/p>\n\n\n\n<p>Teoria loi-\u00e9cran i bezpo\u015brednie stosowanie Konstytucji przez s\u0105dy we Francji, Przegl\u0105d Prawniczy UW 2\/2018, str. 148-167.<\/p>\n\n\n\n<h6 class=\"wp-block-heading\"><strong>DZIA\u0141ALNO\u015a\u0106<\/strong><\/h6>\n\n\n\n<p>T\u0142umacz przysi\u0119g\u0142y j\u0119zyka francuskiego i t\u0142umacz freelance dla Trybuna\u0142u Sprawiedliwo\u015bci UE, w przesz\u0142o\u015bci kilkuletni pracownik Biura Rzecznika Praw Obywatelskich, obecnie zwi\u0105zany z Helsi\u0144sk\u0105 Fundacj\u0105 Praw Cz\u0142owieka (Program Wolno\u015b\u0107 S\u0142owa), editorial board assistant w czasopi\u015bmie Comparative Law &amp; Language (Universit\u00e0 di Trento).<\/p>\n<\/div>\n<\/div>\n\n\n\n<p><\/p>\n","protected":false},"excerpt":{"rendered":"<p>Cezary W\u0119gli\u0144ski, LL.M. Doktorant w Szkole Doktorskiej Nauk Spo\u0142ecznych (Katedra Filozofii Prawa i Nauki o Pa\u0144stwie WPiA) UW c.weglinski@uw.edu.pl Tematyka bada\u0144 Zainteresowania naukowe: teoria prawa konstytucyjnego, j\u0119zykoznawstwo prawnicze, prawo europejskie, prawa cz\u0142owieka, socjolingwistyka Przebieg kariery naukowej 2020-2025: stypendysta rz\u0105du francuskiego w Instytucie Nauk Politycznych w Pary\u017cu (Sciences Po Paris) w ramach stypednium BGF codirection (podw\u00f3jny [&hellip;]<\/p>\n","protected":false},"author":13,"featured_media":0,"parent":0,"menu_order":0,"comment_status":"closed","ping_status":"closed","template":"page-no-title","meta":{"footnotes":""},"class_list":["post-3943","page","type-page","status-publish","hentry"],"_links":{"self":[{"href":"https:\/\/romanistyka.wn.uw.edu.pl\/index.php\/wp-json\/wp\/v2\/pages\/3943","targetHints":{"allow":["GET"]}}],"collection":[{"href":"https:\/\/romanistyka.wn.uw.edu.pl\/index.php\/wp-json\/wp\/v2\/pages"}],"about":[{"href":"https:\/\/romanistyka.wn.uw.edu.pl\/index.php\/wp-json\/wp\/v2\/types\/page"}],"author":[{"embeddable":true,"href":"https:\/\/romanistyka.wn.uw.edu.pl\/index.php\/wp-json\/wp\/v2\/users\/13"}],"replies":[{"embeddable":true,"href":"https:\/\/romanistyka.wn.uw.edu.pl\/index.php\/wp-json\/wp\/v2\/comments?post=3943"}],"version-history":[{"count":3,"href":"https:\/\/romanistyka.wn.uw.edu.pl\/index.php\/wp-json\/wp\/v2\/pages\/3943\/revisions"}],"predecessor-version":[{"id":6562,"href":"https:\/\/romanistyka.wn.uw.edu.pl\/index.php\/wp-json\/wp\/v2\/pages\/3943\/revisions\/6562"}],"wp:attachment":[{"href":"https:\/\/romanistyka.wn.uw.edu.pl\/index.php\/wp-json\/wp\/v2\/media?parent=3943"}],"curies":[{"name":"wp","href":"https:\/\/api.w.org\/{rel}","templated":true}]}}