{"id":3934,"date":"2025-03-03T13:08:14","date_gmt":"2025-03-03T13:08:14","guid":{"rendered":"https:\/\/romanistyka.wn.uw.edu.pl\/?page_id=3934"},"modified":"2026-02-11T21:18:55","modified_gmt":"2026-02-11T21:18:55","slug":"maria-prandota","status":"publish","type":"page","link":"https:\/\/romanistyka.wn.uw.edu.pl\/index.php\/pracownicy2\/maria-prandota\/","title":{"rendered":"Maria Prandota"},"content":{"rendered":"\n<div class=\"wp-block-columns is-layout-flex wp-container-core-columns-is-layout-28f84493 wp-block-columns-is-layout-flex\">\n<div class=\"wp-block-column is-layout-flow wp-block-column-is-layout-flow\" style=\"flex-basis:33.33%\">\n<figure class=\"wp-block-image aligncenter size-full is-resized\"><img loading=\"lazy\" decoding=\"async\" width=\"2316\" height=\"2316\" src=\"https:\/\/romanistyka.wn.uw.edu.pl\/wp-content\/uploads\/2025\/03\/M-Prandota.jpg\" alt=\"\" class=\"wp-image-3935\" style=\"width:195px;height:auto\" srcset=\"https:\/\/romanistyka.wn.uw.edu.pl\/wp-content\/uploads\/2025\/03\/M-Prandota.jpg 2316w, https:\/\/romanistyka.wn.uw.edu.pl\/wp-content\/uploads\/2025\/03\/M-Prandota-300x300.jpg 300w, https:\/\/romanistyka.wn.uw.edu.pl\/wp-content\/uploads\/2025\/03\/M-Prandota-1024x1024.jpg 1024w, https:\/\/romanistyka.wn.uw.edu.pl\/wp-content\/uploads\/2025\/03\/M-Prandota-150x150.jpg 150w, https:\/\/romanistyka.wn.uw.edu.pl\/wp-content\/uploads\/2025\/03\/M-Prandota-768x768.jpg 768w, https:\/\/romanistyka.wn.uw.edu.pl\/wp-content\/uploads\/2025\/03\/M-Prandota-1536x1536.jpg 1536w, https:\/\/romanistyka.wn.uw.edu.pl\/wp-content\/uploads\/2025\/03\/M-Prandota-2048x2048.jpg 2048w\" sizes=\"auto, (max-width: 2316px) 100vw, 2316px\" \/><\/figure>\n<\/div>\n\n\n\n<div class=\"wp-block-column is-layout-flow wp-block-column-is-layout-flow\" style=\"flex-basis:66.66%\">\n<h2 class=\"wp-block-heading\">Mgr Maria Prandota<\/h2>\n\n\n\n<p>Zak\u0142ad Literaturoznawstwa Francuskiego&nbsp;<\/p>\n\n\n\n<p>Asystent (grupa dydaktyczna)<\/p>\n\n\n\n<p><a href=\"mailto:agata.sobczyk@uw.edu.pl\">ml.prandota@uw.edu.pl<\/a><\/p>\n\n\n\n<div style=\"height:20px\" aria-hidden=\"true\" class=\"wp-block-spacer\"><\/div>\n\n\n\n<h6 class=\"wp-block-heading\"><strong>Tematyka bada\u0144<\/strong><\/h6>\n\n\n\n<p>Nauczanie j\u0119zyk\u00f3w obcych, kultura i literatura Ameryki francuskoj\u0119zycznej.<\/p>\n\n\n\n<div style=\"height:20px\" aria-hidden=\"true\" class=\"wp-block-spacer\"><\/div>\n\n\n\n<h6 class=\"wp-block-heading\">wybrane <strong>Publikacje<\/strong><\/h6>\n\n\n\n<ul class=\"wp-block-list\">\n<li>\u201cVers la r\u00e9conciliation des identit\u00e9s : le Blanc dans les oeuvres de Patrick<br>Chamoiseau\u201d, in Cahiers ERTA n\u00b01, 2008, str. 83-89.<\/li>\n\n\n\n<li>\u201cL&#8217;imaginaire diasporique dans le roman migrant au Qu\u00e9bec. L&#8217;entre-deux dans Pays<br>sans chapeau de Dany Laferri\u00e8re\u201d, in Francophonie et interculturalit\u00e9, 2008, str. 173-181.<\/li>\n\n\n\n<li>\u201cLa place de la tradition dans Une saison de la vie d\u2019Emmanuel de Marie-Claire Blais et<br>Les arbres musiciens de Jacques Stephen Alexis &#8211; analyse compar\u00e9e\u201d, in<br>(Re\/d\u00e9)construction des communaut\u00e9s (Canadian Studies in Europe \/ \u00c9tudes<br>Canadiennes en Europe vol. 5), 2006, str. 165-176.&nbsp;<\/li>\n<\/ul>\n\n\n\n<div style=\"height:20px\" aria-hidden=\"true\" class=\"wp-block-spacer\"><\/div>\n\n\n\n<h6 class=\"wp-block-heading\"><strong>Przebieg kariery naukowej<\/strong><\/h6>\n\n\n\n<p>2005: Universit\u00e9 Libre de Bruxelles, dipl\u00f4me d&#8217;\u00e9tudes approfondies (DEA &#8211; Master 2).<br>Praca nt. realizmu magicznego w literaturze belgijskiej w ramach interdyscyplinarnego seminarium: \u201cHistoire, culture et soci\u00e9t\u00e9\u201d, Facult\u00e9 de Philosophie et Lettres pod<br>kierunkiem prof. Paul Aron.<br>2004: Uniwersytet Warszawski, dyplom magistra filologii roma\u0144skiej. Specjalizacja: literatura Ameryki frankofo\u0144skiej (Quebec, Antyle, Karaiby), problematyka transkultury i metysa\u017cu. Praca pod kierunkiem prof. J\u00f3zefa Kwaterko.<br>2004: Realizacja \u015bcie\u017cki metodycznej, uprawnienia pedagogiczne.<\/p>\n\n\n\n<h6 class=\"wp-block-heading\"><strong>Dzia\u0142alno\u015b\u0107<\/strong><\/h6>\n\n\n\n<p>Od 2019: wsp\u00f3\u0142praca z Krajow\u0105 Szko\u0142\u0105 Administracji Publicznej, prowadzenie lektorat\u00f3w, szkole\u0144, egzamin\u00f3w certyfikuj\u0105cych.<br>Od 2006: przygotowywanie program\u00f3w oraz prowadzenie kurs\u00f3w og\u00f3lnych i fran\u00e7ais sur objectifs sp\u00e9cifiques, prowadzenie szkole\u0144 dla lektor\u00f3w (Szko\u0142a Espace Fran\u00e7ais).<br>2005: sta\u017c w Parlamencie Europejskim (Bruksela).<\/p>\n\n\n\n<h6 class=\"wp-block-heading\"><strong>INNE<\/strong><\/h6>\n\n\n\n<p>Stypendium badawcze Rz\u0105du Francuskiego. CELFA &#8211; Centre d&#8217;\u00c9tudes Linguistiques et litt\u00e9raires Francophones et Africaines, Universit\u00e9 Bordeaux Montaigne, 2009.<\/p>\n\n\n\n<p>Stypendium badawcze przyznane przez Akademickie Towarzystwo Romanist\u00f3w Polskich Plejada. Pary\u017c, 2007.<\/p>\n\n\n\n<p>Stypendium przyznane przez Communaut\u00e9 Fran\u00e7aise de Belgique. Universit\u00e9 Libre de Bruxelles, Facult\u00e9 de Philosophie et Lettres, 2004-2005.<\/p>\n\n\n\n<h6 class=\"wp-block-heading\"><strong>HOBBY<\/strong><\/h6>\n\n\n\n<p>Malarstwo, film, podr\u00f3\u017ce, p\u0142ywanie.<\/p>\n<\/div>\n<\/div>\n\n\n\n<p><\/p>\n","protected":false},"excerpt":{"rendered":"<p>Mgr Maria Prandota Zak\u0142ad Literaturoznawstwa Francuskiego&nbsp; Asystent (grupa dydaktyczna) ml.prandota@uw.edu.pl Tematyka bada\u0144 Nauczanie j\u0119zyk\u00f3w obcych, kultura i literatura Ameryki francuskoj\u0119zycznej. wybrane Publikacje Przebieg kariery naukowej 2005: Universit\u00e9 Libre de Bruxelles, dipl\u00f4me d&#8217;\u00e9tudes approfondies (DEA &#8211; Master 2).Praca nt. realizmu magicznego w literaturze belgijskiej w ramach interdyscyplinarnego seminarium: \u201cHistoire, culture et soci\u00e9t\u00e9\u201d, Facult\u00e9 de Philosophie et [&hellip;]<\/p>\n","protected":false},"author":13,"featured_media":0,"parent":2289,"menu_order":0,"comment_status":"closed","ping_status":"closed","template":"","meta":{"footnotes":""},"class_list":["post-3934","page","type-page","status-publish","hentry"],"_links":{"self":[{"href":"https:\/\/romanistyka.wn.uw.edu.pl\/index.php\/wp-json\/wp\/v2\/pages\/3934","targetHints":{"allow":["GET"]}}],"collection":[{"href":"https:\/\/romanistyka.wn.uw.edu.pl\/index.php\/wp-json\/wp\/v2\/pages"}],"about":[{"href":"https:\/\/romanistyka.wn.uw.edu.pl\/index.php\/wp-json\/wp\/v2\/types\/page"}],"author":[{"embeddable":true,"href":"https:\/\/romanistyka.wn.uw.edu.pl\/index.php\/wp-json\/wp\/v2\/users\/13"}],"replies":[{"embeddable":true,"href":"https:\/\/romanistyka.wn.uw.edu.pl\/index.php\/wp-json\/wp\/v2\/comments?post=3934"}],"version-history":[{"count":4,"href":"https:\/\/romanistyka.wn.uw.edu.pl\/index.php\/wp-json\/wp\/v2\/pages\/3934\/revisions"}],"predecessor-version":[{"id":7350,"href":"https:\/\/romanistyka.wn.uw.edu.pl\/index.php\/wp-json\/wp\/v2\/pages\/3934\/revisions\/7350"}],"up":[{"embeddable":true,"href":"https:\/\/romanistyka.wn.uw.edu.pl\/index.php\/wp-json\/wp\/v2\/pages\/2289"}],"wp:attachment":[{"href":"https:\/\/romanistyka.wn.uw.edu.pl\/index.php\/wp-json\/wp\/v2\/media?parent=3934"}],"curies":[{"name":"wp","href":"https:\/\/api.w.org\/{rel}","templated":true}]}}