{"id":3120,"date":"2024-05-15T20:18:41","date_gmt":"2024-05-15T20:18:41","guid":{"rendered":"https:\/\/romanistyka.wn.uw.edu.pl\/?page_id=3120"},"modified":"2025-05-26T09:19:36","modified_gmt":"2025-05-26T09:19:36","slug":"granty-i-projekty","status":"publish","type":"page","link":"https:\/\/romanistyka.wn.uw.edu.pl\/index.php\/granty-i-projekty\/","title":{"rendered":"Granty i projekty"},"content":{"rendered":"\n<h2 class=\"wp-block-heading has-accent-4-color has-text-color has-link-color wp-elements-4dd9b1da7cbd6ae3819f80388042c680\"><a href=\"https:\/\/romanistyka.wn.uw.edu.pl\/index.php\/granty-i-projekty\/miedzy-estetyka-buntu-a-afirmacja-swobody-artystycznej\/\">Mi\u0119dzy estetyk\u0105 buntu a afirmacj\u0105 swobody artystycznej<\/a><\/h2>\n\n\n\n<p>Typ projektu: Grant nr 2020\/39\/D\/HS2\/00638 Narodowego Centrum Nauki w ramach konkursu SONATA-16<br>Czas realizacji projektu: 36 miesi\u0119cy (2021-2024)<br>Kierownik Projektu: dr Micha\u0142 Obszy\u0144ski<br>Pracownicy IR odpowiedzialni za realizacj\u0119 projektu: dr Micha\u0142 Obszy\u0144ski<br>Otrzymane finansowanie: 174 870,00 z\u0142<\/p>\n\n\n\n<p class=\"has-accent-4-color has-text-color has-link-color wp-elements-5edb53c14b92f47342a4cb30803873bd\"><a href=\"https:\/\/romanistyka.wn.uw.edu.pl\/index.php\/granty-i-projekty\/miedzy-estetyka-buntu-a-afirmacja-swobody-artystycznej\/\">Zobacz wi\u0119cej<\/a><\/p>\n\n\n\n<h2 class=\"wp-block-heading has-accent-4-color has-text-color has-link-color wp-elements-24e7cf488258057ff122f8a5ada94019\"><a href=\"https:\/\/romanistyka.wn.uw.edu.pl\/index.php\/granty-i-projekty\/korespondencja-miedzy-marie-therese-rodet-geoffrin-a-krolem-stanislawem-augustem\/\">Korespondencja mi\u0119dzy Marie Th\u00e9r\u00e8se Rodet Geoffrin a kr\u00f3lem Stanis\u0142awem Augustem<\/a><\/h2>\n\n\n\n<p>Typ projektu: grant NPRH 11H 20 0295 88 (projekt z\u0142o\u017cony na konkurs w module Dziedzictwo narodowe)<br>Czas realizacji projektu: 2022-2028<br>Zaanga\u017cowane jednostki: Uniwersytet Warszawski, Muzeum \u0141azienki Kr\u00f3lewskie w Warszawie (edycja)<br>Kierownik Projektu: prof. dr. hab. Izabella Zatorska<br>Otrzymane finansowanie: 500&nbsp;000 PLN<\/p>\n\n\n\n<p class=\"has-accent-4-color has-text-color has-link-color wp-elements-2783c200d66f9463ec731f3b563bf477\"><a href=\"https:\/\/romanistyka.wn.uw.edu.pl\/index.php\/granty-i-projekty\/korespondencja-miedzy-marie-therese-rodet-geoffrin-a-krolem-stanislawem-augustem\/\">Zobacz wi\u0119cej<\/a><\/p>\n\n\n\n<p><\/p>\n","protected":false},"excerpt":{"rendered":"<p>Mi\u0119dzy estetyk\u0105 buntu a afirmacj\u0105 swobody artystycznej Typ projektu: Grant nr 2020\/39\/D\/HS2\/00638 Narodowego Centrum Nauki w ramach konkursu SONATA-16Czas realizacji projektu: 36 miesi\u0119cy (2021-2024)Kierownik Projektu: dr Micha\u0142 Obszy\u0144skiPracownicy IR odpowiedzialni za realizacj\u0119 projektu: dr Micha\u0142 Obszy\u0144skiOtrzymane finansowanie: 174 870,00 z\u0142 Zobacz wi\u0119cej Korespondencja mi\u0119dzy Marie Th\u00e9r\u00e8se Rodet Geoffrin a kr\u00f3lem Stanis\u0142awem Augustem Typ projektu: grant [&hellip;]<\/p>\n","protected":false},"author":4,"featured_media":0,"parent":0,"menu_order":0,"comment_status":"closed","ping_status":"closed","template":"","meta":{"footnotes":""},"class_list":["post-3120","page","type-page","status-publish","hentry"],"_links":{"self":[{"href":"https:\/\/romanistyka.wn.uw.edu.pl\/index.php\/wp-json\/wp\/v2\/pages\/3120","targetHints":{"allow":["GET"]}}],"collection":[{"href":"https:\/\/romanistyka.wn.uw.edu.pl\/index.php\/wp-json\/wp\/v2\/pages"}],"about":[{"href":"https:\/\/romanistyka.wn.uw.edu.pl\/index.php\/wp-json\/wp\/v2\/types\/page"}],"author":[{"embeddable":true,"href":"https:\/\/romanistyka.wn.uw.edu.pl\/index.php\/wp-json\/wp\/v2\/users\/4"}],"replies":[{"embeddable":true,"href":"https:\/\/romanistyka.wn.uw.edu.pl\/index.php\/wp-json\/wp\/v2\/comments?post=3120"}],"version-history":[{"count":4,"href":"https:\/\/romanistyka.wn.uw.edu.pl\/index.php\/wp-json\/wp\/v2\/pages\/3120\/revisions"}],"predecessor-version":[{"id":6349,"href":"https:\/\/romanistyka.wn.uw.edu.pl\/index.php\/wp-json\/wp\/v2\/pages\/3120\/revisions\/6349"}],"wp:attachment":[{"href":"https:\/\/romanistyka.wn.uw.edu.pl\/index.php\/wp-json\/wp\/v2\/media?parent=3120"}],"curies":[{"name":"wp","href":"https:\/\/api.w.org\/{rel}","templated":true}]}}