{"id":2424,"date":"2023-10-03T08:06:16","date_gmt":"2023-10-03T08:06:16","guid":{"rendered":"https:\/\/romanistyka.wn.uw.edu.pl\/?page_id=2424"},"modified":"2025-05-05T06:47:19","modified_gmt":"2025-05-05T06:47:19","slug":"deklaracja-dostepnosci","status":"publish","type":"page","link":"https:\/\/romanistyka.wn.uw.edu.pl\/index.php\/deklaracja-dostepnosci\/","title":{"rendered":"Deklaracja dost\u0119pno\u015bci"},"content":{"rendered":"\n<div class=\"wp-block-group has-global-padding is-content-justification-left is-layout-constrained wp-container-core-group-is-layout-b42d8674 wp-block-group-is-layout-constrained\">\n<h1 id=\"a11y-deklaracja\">Deklaracja dost\u0119pno\u015bci<\/h1>\n<section id=\"a11y-wstep\">\n    <p>\n        <span id=\"a11y-podmiot\">Uniwersytet Warszawski<\/span> zobowi\u0105zuje si\u0119 zapewni\u0107 dost\u0119pno\u015b\u0107 swojej <span id=\"a11y-zakres\">strony internetowej<\/span> zgodnie z przepisami ustawy z dnia 4 kwietnia 2019 r. o dost\u0119pno\u015bci cyfrowej stron internetowych i aplikacji mobilnych podmiot\u00f3w publicznych. Deklaracja dost\u0119pno\u015bci dotyczy strony <a id=\"a11y-url\" href=\"http:\/\/romanistyka.wn.uw.edu.pl\"><strong>romanistyka.wn.uw.edu.pl<\/strong><\/a>\n    <\/p>\n<\/section>\n<ul>\n    <li>Data publikacji strony internetowej: <time id=\"a11y-data-publikacja\" datetime=\"2023-03-12\"><strong>12 marca 2023<\/strong><\/time>.<\/li>\n    <li>Data ostatniej istotnej aktualizacji: <time id=\"a11y-data-aktualizacja\" datetime=\"2023-10-02\"><strong>2 pa\u017adziernika 2023 <\/strong><\/time>.<\/li>\n<\/ul>\n\n<h2>Stan dost\u0119pno\u015bci cyfrowej<\/h2>\n\n    <p id=\"a11y-status\">\n        Ta strona internetowa jest cz\u0119\u015bciowo zgodna z za\u0142\u0105cznikiem do ustawy o dost\u0119pno\u015bci cyfrowej z dnia 4 kwietnia 2019 r. o dost\u0119pno\u015bci cyfrowej stron internetowych i aplikacji mobilnych podmiot\u00f3w publicznych z powodu niezgodno\u015bci i wy\u0142\u0105cze\u0144 wymienionych poni\u017cej.\n    <\/p>\n    <h2>Niedost\u0119pne tre\u015bci<\/h2>\n    <h3>Niezgodno\u015b\u0107 z za\u0142\u0105cznikiem<\/h3>\n    <ul>\n<li>Linki\n   <ul>\n      <li>Serwis posiada odno\u015bniki do pobrania dokument\u00f3w bez informacji o ich formacie.<\/li>\n      <li>Serwis posiada odno\u015bniki kontekstowe, kt\u00f3rych tre\u015b\u0107 nie informuje jednoznacznie o celu.<\/li>\n   <\/ul>\n<\/li>\n<li>Nag\u0142\u00f3wki\n   <ul>\n      <li>W serwisie wyst\u0119puj\u0105 problemy z w\u0142a\u015bciw\u0105 definicj\u0105 struktury nag\u0142\u00f3wk\u00f3w.<\/li>\n   <\/ul>\n<\/li>\n<li>Tabele\n   <ul>\n      <li>W serwisie wyst\u0119puj\u0105 tabele nie posiadaj\u0105ce zdefiniowanych kom\u00f3rek nag\u0142\u00f3wkowych.<\/li>\n   <\/ul>\n<\/li>\n<\/ul>\n<h2>Przygotowanie deklaracji dost\u0119pno\u015bci i jej aktualizacja<\/h2>\n<ul>\n    <li>\n        Data sporz\u0105dzenia deklaracji: <time id=\"a11y-data-sporzadzenie\" datetime=\"2023-10-02\"><strong>2 pa\u017adziernika 2023<\/strong><\/time>\n    <\/li>\n    <li>\n        Data ostatniego przegl\u0105du deklaracji: <time id=\"a11y-data-przeglad\" datetime=\"2025-04-30\"><strong>30 kwietnia 2025<\/strong><\/time>.\n    <\/li>\n<\/ul>\n<p>\n    Deklaracj\u0119 sporz\u0105dzili\u015bmy na podstawie badania przeprowadzonego przez: Biuro ds. Os\u00f3b z Niepe\u0142nosprawno\u015bciami UW. Wyniki przeprowadzonej oceny zapewnienia dost\u0119pno\u015bci cyfrowej strony internetowej: <strong><a href=\"https:\/\/audyt.bon.uw.edu.pl\/zgodnosc-wcag\/406?token=pYuaA5cdtrQrmKcw2xhrnOeUS2m1NXTF\" target=\"_blank\" aria-label=\"Raport zgodno\u015bci z wytycznymi WCAG 2.1 AA - otworzy si\u0119 w nowym oknie\">Raport zgodno\u015bci z wytycznymi WCAG 2.1 AA<\/a><\/strong> oraz <strong><a href=\"https:\/\/audyt.bon.uw.edu.pl\/szczegoly-audytu\/406?token=pYuaA5cdtrQrmKcw2xhrnOeUS2m1NXTF\" target=\"_blank\" aria-label=\"Raport z badania audytowego - otworzy si\u0119 w nowym oknie\">Raport z badania audytowego<\/a><\/strong>.\n<\/p>\n\n<h2>Informacje zwrotne i dane kontaktowe<\/h2>\n\n<p>Wszystkie problemy z dost\u0119pno\u015bci\u0105 cyfrow\u0105 tej strony internetowej mo\u017cesz zg\u0142osi\u0107 do: <span id=\"a11y-kontakt\"><strong>Robert \u017bmijewski<\/strong><\/span>  &#8211; poczt\u0105 elektroniczn\u0105 <span id=\"a11y-email\"><strong>robertzmijewski@uw.edu.pl<\/strong><\/span> lub telefonicznie <span id=\"a11y-telefon\"><strong>(22) 55 2090<\/strong><\/span>.<\/p>\n<p>Zg\u0142aszaj\u0105c takie \u017c\u0105danie podaj:<\/p>\n<ul>\n    <li>swoje imi\u0119 i nazwisko,<\/li>\n    <li>swoje dane kontaktowe (np. numer telefonu, e-mail),<\/li>\n    <li>dok\u0142adny adres strony internetowej, na kt\u00f3rej jest niedost\u0119pny cyfrowo element lub tre\u015b\u0107,<\/li>\n    <li>opis na czym polega problem i jaki spos\u00f3b jego rozwi\u0105zania by\u0142by dla Ciebie najwygodniejszy.<\/li>\n<\/ul>\n<p>Na Twoje zg\u0142oszenie odpowiemy najszybciej jak to mo\u017cliwe, nie p\u00f3\u017aniej ni\u017c w ci\u0105gu 7 dni od jego otrzymania.<\/p>\n<p>Je\u017celi ten termin b\u0119dzie dla nas zbyt kr\u00f3tki poinformujemy Ci\u0119 o tym. W tej informacji podamy nowy termin, do kt\u00f3rego poprawimy zg\u0142oszone przez Ciebie b\u0142\u0119dy lub przygotujemy informacje w alternatywny spos\u00f3b. Ten nowy termin nie b\u0119dzie d\u0142u\u017cszy ni\u017c 2 miesi\u0105ce.<\/p>\n<p>Je\u017celi nie b\u0119dziemy w stanie zapewni\u0107 dost\u0119pno\u015bci cyfrowej strony internetowej lub tre\u015bci, wskazanej w Twoim \u017c\u0105daniu, zaproponujemy Ci dost\u0119p do nich w alternatywny spos\u00f3b.<\/p>\n\n<section id=\"a11y-procedura\">\n    <h3>Obs\u0142uga wniosk\u00f3w i skarg zwi\u0105zanych z dost\u0119pno\u015bci\u0105<\/h3>\n    <p>Je\u017celi w odpowiedzi na Tw\u00f3j wniosek o zapewnienie dost\u0119pno\u015bci cyfrowej, odm\u00f3wimy zapewnienia \u017c\u0105danej przez Ciebie dost\u0119pno\u015bci cyfrowej, a Ty nie zgadzasz si\u0119 z t\u0105 odmow\u0105, masz prawo z\u0142o\u017cy\u0107 skarg\u0119. Skarg\u0119 masz prawo z\u0142o\u017cy\u0107 tak\u017ce, je\u015bli nie zgadzasz si\u0119 na skorzystanie z alternatywnego sposobu dost\u0119pu, kt\u00f3ry zaproponowali\u015bmy Ci w odpowiedzi na Tw\u00f3j wniosek o zapewnienie dost\u0119pno\u015bci cyfrowej. Ewentualn\u0105 skarg\u0119 z\u0142\u00f3\u017c listownie lub mailem do Koordynatora Dost\u0119pno\u015bci na Uniwersytecie Warszawskim:<\/p>\n    <p>Pawe\u0142 Wd\u00f3wik &#8211; Koordynator Dost\u0119pno\u015bci, Adres: ul. Dobra 55, pok\u00f3j 1.019 (pi\u0119tro 1), 00-312 Warszawa, e-mail: <a href=\"mailto:dostepnosc@uw.edu.pl\">dostepnosc@uw.edu.pl<\/a><\/p>\n    <p>Pomocne mog\u0105 by\u0107 informacje, kt\u00f3re mo\u017cna znale\u017a\u0107 na <a href=\"https:\/\/www.gov.pl\/web\/gov\/zloz-wniosek-o-zapewnienie-dostepnosci-cyfrowej-strony-internetowej-lub-aplikacji-mobilnej\">rz\u0105dowym portalu gov.pl<\/a>.<\/p>\n    <p>Mo\u017cesz tak\u017ce poinformowa\u0107 o tej sytuacji <a href=\"https:\/\/bip.brpo.gov.pl\">Rzecznika Praw Obywatelskich<\/a> i poprosi\u0107 o interwencj\u0119 w Twojej sprawie.<\/p>\n<\/section>\n\n<h2>Pozosta\u0142e informacje<\/h2>\n\n<section id=\"a11y-architektura\">\n    <h3>Dost\u0119pno\u015b\u0107 architektoniczna<\/h3>\n    <p><strong><a href=\"http:\/\/budynki.bon.uw.edu.pl\" id=\"a11y-architektura-url\">Pe\u0142en wykaz budynk\u00f3w nale\u017c\u0105cych do UW wraz z informacjami nt. ich dost\u0119pno\u015bci architektonicznej<\/a><\/strong>.<\/p>\n    <p>Jednostka Prowadz\u0105ca deklaruje dost\u0119pno\u015b\u0107 architektoniczn\u0105 budynku: <strong>Gmach Wydzia\u0142u Neofilologii i Wydzia\u0142u Lingwistyki Stosowanej &#8211; Dobra 55, Dobra 55, 00-312 Warszawa (\u015ar\u00f3dmie\u015bcie)<\/strong><\/p>\n    <p>Kierownik \/ Dyrektor administracyjny: <strong>Krystyna Kochman<\/strong>\n    <p>Telefon: <strong>22 55 26 029, 882 166  094<\/strong><\/p>\n    <p>Email: <strong>k.kochman@uw.edu.pl<\/strong><\/p>\n    <h4>Wej\u015bcie do budynku<\/h4>Wej\u015bcie od ul. Dobrej: Wej\u015bcie do budynku bez prog\u00f3w i stopni, jedno skrzyd\u0142o: drzwi automatyczne, otwierane za pomoc\u0105 przycisku.\nWej\u015bcie od ul. Browarnej: Wej\u015bcia po schodach lub za pomoc\u0105 zadaszonej pochyli o k\u0105cie nachylenia nie wi\u0119kszym 8%. Dwie pary drzwi wej\u015bciowych, dwuskrzyd\u0142owych. Jedna para drzwi wyposa\u017cona w automatyk\u0105 drzwiow\u0105, otwierane za pomoc\u0105 przycisku.<h4>Korytarze i przej\u015bcia<\/h4>Korytarze p\u0142askie, na parterze r\u00f3\u017cnica poziomu pomi\u0119dzy etapem I a etapem II realizacji po\u0142\u0105czona jest za pomoc \u0142agodnych pochylni. Ka\u017cde pi\u0119tro dydaktyczne dost\u0119pne z windy. Jedna z wind doje\u017cd\u017ca na dach. Budynek przystosowany dla os\u00f3b z niepe\u0142nosprawno\u015bciami.<h4>Procedury<\/h4>W sytuacji potrzeby uzyskania pomocy mo\u017cna poprosi\u0107 pracownika ochrony, kt\u00f3rego stanowisko jest na wprost wej\u015bcia do budynku.<h4>Dodatkowa pomoc<\/h4>W sytuacji potrzeby uzyskania dodatkowej pomocy prosz\u0119 o kontakt telefoniczny lub mailowy z administratorem budynku.<h4>\u0141azienki, toalety, szatnie<\/h4>Na ka\u017cdym pi\u0119trze znajduj\u0105 si\u0119 toalety dla os\u00f3b z niepe\u0142nosprawno\u015bciami; dost\u0119p do toalet z korytarza og\u00f3lnodost\u0119pnego.<h4>Dodatkowe dostosowania<\/h4>Pomieszczenia oznaczone s\u0105 tabliczkami z podpisami brajlowskimi zawieraj\u0105cymi numer i nazw\u0119 pomieszczenia. Windy wyposa\u017cone s\u0105 w informacj\u0119 g\u0142osow\u0105, wypuk\u0142e przyciski, opisane w alfabecie Braille&#8217;a. Du\u017ce sale wyk\u0142adowe (aule) oraz sala wielofunkcyjna s\u0105 wyposa\u017cone w p\u0119tle indukcyjn\u0105.<h4>Dojazd i miejsca parkingowe<\/h4>Pod budynkiem, na ul. Dobrej, jest przystanek autobusowy, na ul. Lipowej, przy wej\u015bciu od ul. Dobrej wyznaczone s\u0105 miejsca do parkowania dla os\u00f3b z niepe\u0142nosprawno\u015bciami.<h4>Prawo wst\u0119pu z psem asystuj\u0105cym<\/h4>Nie ma ogranicze\u0144 wst\u0119pu z psem asystuj\u0105cym.<h4>Dodatkowe informacje o budynku<\/h4>Budynek jest przystosowany dla os\u00f3b z niepe\u0142nosprawno\u015bciami.\n<\/section>\n\n<section id=\"a11y-komunikacja\">\n    <h3>Dost\u0119pno\u015b\u0107 komunikacyjno-informacyjna<\/h3>\n    <h4>T\u0142umacz PJM<\/h4>\n    Potrzeb\u0119 skorzystania z pomocy t\u0142umacza PJM nale\u017cy sk\u0142ada\u0107 do Biura ds. Os\u00f3b Niepe\u0142nosprawnych UW z co najmniej 3 dniowym wyprzedzeniem. Kontakt do BON: \/22\/ 55 24 22, bon@uw.edu.pl, www.bon.uw.edu.pl.\n<\/section>\n<\/div>\n","protected":false},"excerpt":{"rendered":"<p>Deklaracja dost\u0119pno\u015bci Uniwersytet Warszawski zobowi\u0105zuje si\u0119 zapewni\u0107 dost\u0119pno\u015b\u0107 swojej strony internetowej zgodnie z przepisami ustawy z dnia 4 kwietnia 2019 r. o dost\u0119pno\u015bci cyfrowej stron internetowych i aplikacji mobilnych podmiot\u00f3w publicznych. Deklaracja dost\u0119pno\u015bci dotyczy strony romanistyka.wn.uw.edu.pl Data publikacji strony internetowej: 12 marca 2023. Data ostatniej istotnej aktualizacji: 2 pa\u017adziernika 2023 . Stan dost\u0119pno\u015bci cyfrowej Ta [&hellip;]<\/p>\n","protected":false},"author":1,"featured_media":0,"parent":0,"menu_order":0,"comment_status":"closed","ping_status":"closed","template":"page-no-title","meta":{"footnotes":""},"class_list":["post-2424","page","type-page","status-publish","hentry"],"_links":{"self":[{"href":"https:\/\/romanistyka.wn.uw.edu.pl\/index.php\/wp-json\/wp\/v2\/pages\/2424","targetHints":{"allow":["GET"]}}],"collection":[{"href":"https:\/\/romanistyka.wn.uw.edu.pl\/index.php\/wp-json\/wp\/v2\/pages"}],"about":[{"href":"https:\/\/romanistyka.wn.uw.edu.pl\/index.php\/wp-json\/wp\/v2\/types\/page"}],"author":[{"embeddable":true,"href":"https:\/\/romanistyka.wn.uw.edu.pl\/index.php\/wp-json\/wp\/v2\/users\/1"}],"replies":[{"embeddable":true,"href":"https:\/\/romanistyka.wn.uw.edu.pl\/index.php\/wp-json\/wp\/v2\/comments?post=2424"}],"version-history":[{"count":4,"href":"https:\/\/romanistyka.wn.uw.edu.pl\/index.php\/wp-json\/wp\/v2\/pages\/2424\/revisions"}],"predecessor-version":[{"id":4775,"href":"https:\/\/romanistyka.wn.uw.edu.pl\/index.php\/wp-json\/wp\/v2\/pages\/2424\/revisions\/4775"}],"wp:attachment":[{"href":"https:\/\/romanistyka.wn.uw.edu.pl\/index.php\/wp-json\/wp\/v2\/media?parent=2424"}],"curies":[{"name":"wp","href":"https:\/\/api.w.org\/{rel}","templated":true}]}}