{"id":2404,"date":"2023-09-30T19:53:25","date_gmt":"2023-09-30T19:53:25","guid":{"rendered":"https:\/\/romanistyka.wn.uw.edu.pl\/?page_id=2404"},"modified":"2025-05-05T20:20:10","modified_gmt":"2025-05-05T20:20:10","slug":"erasmus-dla-pracownikow","status":"publish","type":"page","link":"https:\/\/romanistyka.wn.uw.edu.pl\/index.php\/erasmus-dla-pracownikow\/","title":{"rendered":"Erasmus+ dla pracownik\u00f3w"},"content":{"rendered":"\n<p><strong>Podpisane umowy Erasmus+<\/strong><\/p>\n\n\n\n<div style=\"height:24px\" aria-hidden=\"true\" class=\"wp-block-spacer\"><\/div>\n\n\n\n<p><strong>BELGIA<\/strong><\/p>\n\n\n\n<p>\u2013 Universit\u00e9 de Li\u00e8ge<\/p>\n\n\n\n<p><strong>FRANCJA<\/strong><\/p>\n\n\n\n<p>\u2013 Universit\u00e9 Lumi\u00e8re ( Lyon II)<br>\u2013 Universit\u00e9 Michel de Montaigne (Bordeaux III)<br>\u2013 Universit\u00e9 de Haute-Alsace (Mulhouse)<br>\u2013 Universit\u00e9 de Lorraine (Wydzia\u0142 Lettres Modernes)<br>\u2013 Universit\u00e9 Paul Val\u00e9ry (Montpellier III)<br>\u2013 Universit\u00e9 C\u00f4te d\u2019Azur (Nice)<br>\u2013 Universit\u00e9 Sorbonne Nouvelle (Paris III)<br>\u2013 Universit\u00e9 de Nanterre (Paris X)<br>\u2013 Universit\u00e9 Paris Nord (Paris XIII)<br>\u2013 Universit\u00e9 de Poitiers<\/p>\n\n\n\n<p><strong>NIEMCY<\/strong><\/p>\n\n\n\n<p>\u2013 Universit\u00e4t des Saarlandes<\/p>\n\n\n\n<div style=\"height:24px\" aria-hidden=\"true\" class=\"wp-block-spacer\"><\/div>\n\n\n\n<p>Koordynator wyjazd\u00f3w pracowniczych: dr Magdalena Grycan<\/p>\n\n\n\n<p>Obecnie rekrutacja wyjazd\u00f3w pracowniczych Erasmus+ nie jest prowadzona na poziomie Instytutu, ale na poziomie BWZ. Naszymi wyjazdami zajmuje si\u0119 p.\u00a0Sybilla Marinkovi\u0107.<\/p>\n\n\n\n<div style=\"height:24px\" aria-hidden=\"true\" class=\"wp-block-spacer\"><\/div>\n\n\n\n<p><br>sybilla.marinkovic@adm.uw.edu.pl<br>tel. +48 22 55 24 079<br>pok\u00f3j 207<\/p>\n\n\n\n<div style=\"height:24px\" aria-hidden=\"true\" class=\"wp-block-spacer\"><\/div>\n\n\n\n<p><br>To u niej sk\u0142adaj\u0105 Pa\u0144stwo (podpisany przeze mnie i przez Dziekana) Indywidualny program nauczania i zg\u0142oszenie wyjazdowe, a potem wniosek wyjazdowy. Wszystkie dokumenty i szczeg\u00f3\u0142y taryfowe znajd\u0105 Pa\u0144stwo <a href=\"http:\/\/bwz.uw.edu.pl\/wyjazdy-dydaktyczne-nauczycieli-akademickich-sta-2023-2024\/\">tutaj<\/a>.<\/p>\n\n\n\n<div style=\"height:24px\" aria-hidden=\"true\" class=\"wp-block-spacer\"><\/div>\n\n\n\n<p><br>Naj\u0142atwiej wyjecha\u0107 na uniwersytet, gdzie ju\u017c kogo\u015b znamy. Wtedy ta osoba od razu pomaga zaplanowa\u0107 nam zaj\u0119cia (8h) i ustala z nami terminy. Mo\u017cemy jednak pisa\u0107 r\u00f3wnie\u017c do koordynator\u00f3w um\u00f3w (aktualne adresy b\u0119d\u0119 wysy\u0142a\u0107 Pa\u0144stwu na pocz\u0105tku ka\u017cdego roku akademickiego) uniwersytet\u00f3w, informuj\u0105c ich, kiedy chcieliby\u015bmy przyjecha\u0107 i czym si\u0119 zajmujemy i teoretycznie oni powinni te\u017c nami pokierowa\u0107 i skontaktowa\u0107 nas z kolegami z naszej dziedziny.<\/p>\n\n\n\n<div style=\"height:24px\" aria-hidden=\"true\" class=\"wp-block-spacer\"><\/div>\n\n\n\n<p><br>Czyli w skr\u00f3cie:<\/p>\n\n\n\n<ul class=\"wp-block-list\">\n<li>Wybieramy uniwersytet z listy.<\/li>\n\n\n\n<li>Kontaktujemy si\u0119 z osob\u0105 stamt\u0105d: ustalamy termin przyjazdu i tre\u015b\u0107 naszych zaj\u0119\u0107.<\/li>\n\n\n\n<li>Wype\u0142niamy Indywidualny program nauczania i zg\u0142oszenie wyjazdowe.<\/li>\n\n\n\n<li>Zdobywamy podpisy (m\u00f3j i Dziekana).<\/li>\n\n\n\n<li>Dostarczamy p. Marinkovic (przynajmniej miesi\u0105c przed planowanym wyjazdem).<\/li>\n\n\n\n<li>P. Marinkovic dalej nami kieruje.<\/li>\n<\/ul>\n\n\n\n<div style=\"height:24px\" aria-hidden=\"true\" class=\"wp-block-spacer\"><\/div>\n\n\n\n<p><br>Bardzo Pa\u0144stwa zach\u0119camy do tych wyjazd\u00f3w, to ciekawe i cenne do\u015bwiadczenie dydaktyczne, a cz\u0119sto pocz\u0105tek bardzo udanej wsp\u00f3\u0142pracy z kolegami z zagranicy.<\/p>\n","protected":false},"excerpt":{"rendered":"<p>Podpisane umowy Erasmus+ BELGIA \u2013 Universit\u00e9 de Li\u00e8ge FRANCJA \u2013 Universit\u00e9 Lumi\u00e8re ( Lyon II)\u2013 Universit\u00e9 Michel de Montaigne (Bordeaux III)\u2013 Universit\u00e9 de Haute-Alsace (Mulhouse)\u2013 Universit\u00e9 de Lorraine (Wydzia\u0142 Lettres Modernes)\u2013 Universit\u00e9 Paul Val\u00e9ry (Montpellier III)\u2013 Universit\u00e9 C\u00f4te d\u2019Azur (Nice)\u2013 Universit\u00e9 Sorbonne Nouvelle (Paris III)\u2013 Universit\u00e9 de Nanterre (Paris X)\u2013 Universit\u00e9 Paris Nord (Paris XIII)\u2013 [&hellip;]<\/p>\n","protected":false},"author":3,"featured_media":0,"parent":0,"menu_order":0,"comment_status":"closed","ping_status":"closed","template":"","meta":{"footnotes":""},"class_list":["post-2404","page","type-page","status-publish","hentry"],"_links":{"self":[{"href":"https:\/\/romanistyka.wn.uw.edu.pl\/index.php\/wp-json\/wp\/v2\/pages\/2404","targetHints":{"allow":["GET"]}}],"collection":[{"href":"https:\/\/romanistyka.wn.uw.edu.pl\/index.php\/wp-json\/wp\/v2\/pages"}],"about":[{"href":"https:\/\/romanistyka.wn.uw.edu.pl\/index.php\/wp-json\/wp\/v2\/types\/page"}],"author":[{"embeddable":true,"href":"https:\/\/romanistyka.wn.uw.edu.pl\/index.php\/wp-json\/wp\/v2\/users\/3"}],"replies":[{"embeddable":true,"href":"https:\/\/romanistyka.wn.uw.edu.pl\/index.php\/wp-json\/wp\/v2\/comments?post=2404"}],"version-history":[{"count":5,"href":"https:\/\/romanistyka.wn.uw.edu.pl\/index.php\/wp-json\/wp\/v2\/pages\/2404\/revisions"}],"predecessor-version":[{"id":4857,"href":"https:\/\/romanistyka.wn.uw.edu.pl\/index.php\/wp-json\/wp\/v2\/pages\/2404\/revisions\/4857"}],"wp:attachment":[{"href":"https:\/\/romanistyka.wn.uw.edu.pl\/index.php\/wp-json\/wp\/v2\/media?parent=2404"}],"curies":[{"name":"wp","href":"https:\/\/api.w.org\/{rel}","templated":true}]}}