{"id":2289,"date":"2023-09-26T10:53:53","date_gmt":"2023-09-26T10:53:53","guid":{"rendered":"https:\/\/romanistyka.wn.uw.edu.pl\/?page_id=2289"},"modified":"2025-08-29T13:07:12","modified_gmt":"2025-08-29T13:07:12","slug":"pracownicy2","status":"publish","type":"page","link":"https:\/\/romanistyka.wn.uw.edu.pl\/index.php\/pracownicy2\/","title":{"rendered":"Pracownicy"},"content":{"rendered":"\n<div class=\"wp-block-columns is-layout-flex wp-container-core-columns-is-layout-28f84493 wp-block-columns-is-layout-flex\">\n<div class=\"wp-block-column is-layout-flow wp-block-column-is-layout-flow\" style=\"flex-basis:40%\">\n<div class=\"wp-block-group wp-container-content-69bc4bdf is-layout-flow wp-container-core-group-is-layout-41110d34 wp-block-group-is-layout-flow\" style=\"margin-top:0;margin-bottom:0;padding-top:0;padding-bottom:0\">\n<figure class=\"wp-block-image size-full\"><img loading=\"lazy\" decoding=\"async\" width=\"956\" height=\"1274\" src=\"https:\/\/romanistyka.wn.uw.edu.pl\/wp-content\/uploads\/2025\/04\/Zrzut-ekranu-2025-05-22-o-13.30.27.png\" alt=\"\" class=\"wp-image-6226\" style=\"box-shadow:var(--wp--preset--shadow--sharp)\" srcset=\"https:\/\/romanistyka.wn.uw.edu.pl\/wp-content\/uploads\/2025\/04\/Zrzut-ekranu-2025-05-22-o-13.30.27.png 956w, https:\/\/romanistyka.wn.uw.edu.pl\/wp-content\/uploads\/2025\/04\/Zrzut-ekranu-2025-05-22-o-13.30.27-225x300.png 225w, https:\/\/romanistyka.wn.uw.edu.pl\/wp-content\/uploads\/2025\/04\/Zrzut-ekranu-2025-05-22-o-13.30.27-768x1023.png 768w\" sizes=\"auto, (max-width: 956px) 100vw, 956px\" \/><\/figure>\n<\/div>\n<\/div>\n\n\n\n<div class=\"wp-block-column is-layout-flow wp-block-column-is-layout-flow\" style=\"flex-basis:60%\">\n<div class=\"wp-block-group has-large-font-size is-content-justification-left is-layout-flex wp-container-core-group-is-layout-b20be981 wp-block-group-is-layout-flex\">\n<p class=\"has-accent-4-color has-text-color has-link-color wp-elements-f5d3875cd216ec2df3e16f1c541770a3\" style=\"padding-right:0;padding-left:0\"><a href=\"http:\/\/romanistyka.wn.uw.edu.pl\/index.php\/pracownicy\/ciostek-anna\/\">Anna Ciostek<\/a><\/p>\n\n\n\n<p class=\"has-accent-4-color has-text-color has-link-color wp-elements-e076ba9d1dfbd53dc7bc2e9aeb385881\" style=\"padding-right:0;padding-left:0\"><a href=\"http:\/\/romanistyka.wn.uw.edu.pl\/index.php\/pracownicy\/agnieszka-dryjanska\/\">Agnieszka Dryja\u0144ska<\/a><\/p>\n\n\n\n<p class=\"has-accent-4-color has-text-color has-link-color wp-elements-829083a9f2370664d14a9fe7fc36255d\" style=\"padding-right:0;padding-left:0\"><a href=\"http:\/\/romanistyka.wn.uw.edu.pl\/index.php\/pracownicy\/fijalkowska-wanda\/\">Wanda Fija\u0142kowska<\/a><\/p>\n\n\n\n<p class=\"has-accent-4-color has-text-color has-link-color wp-elements-00600d558efebacbfc76ff892bbceb04\" style=\"padding-right:0;padding-left:0\"><a href=\"http:\/\/romanistyka.wn.uw.edu.pl\/index.php\/pracownicy\/grycan-magdalena\/\">Magdalena Grycan<\/a><\/p>\n\n\n\n<p class=\"has-accent-4-color has-text-color has-link-color wp-elements-680182d86dc4570de416bca52936b78c\" style=\"padding-right:0;padding-left:0\"><a href=\"http:\/\/romanistyka.wn.uw.edu.pl\/index.php\/pracownicy\/izert-malgorzata\/\">Ma\u0142gorzata Izert<\/a><\/p>\n\n\n\n<p class=\"has-accent-4-color has-text-color has-link-color wp-elements-7a49933e5ae1b23841a2c773ef7a570a\" style=\"padding-right:0;padding-left:0\"><a href=\"http:\/\/romanistyka.wn.uw.edu.pl\/index.php\/pracownicy\/janion-agnieszka\/\">Agnieszka Janion<\/a><\/p>\n\n\n\n<p class=\"has-accent-4-color has-text-color has-link-color wp-elements-44fedec4a5e447175f33bab5d5a17148\" style=\"padding-right:0;padding-left:0\"><a href=\"https:\/\/romanistyka.wn.uw.edu.pl\/index.php\/pracownicy\/alicja-jaworska-kaska\/\">Alicja Jaworska-Kaska<\/a><\/p>\n\n\n\n<p class=\"has-accent-4-color has-text-color has-link-color wp-elements-037a8202f2dc5cb8f395c6d4c18430ef\" style=\"padding-right:0;padding-left:0\"><a href=\"http:\/\/romanistyka.wn.uw.edu.pl\/index.php\/pracownicy\/kurska-jolanta\/\">Jolanta Kawa<\/a><\/p>\n\n\n\n<p class=\"has-accent-4-color has-text-color has-link-color wp-elements-264288080f1054170c25dd63410d7ef2\" style=\"padding-right:0;padding-left:0\"><a href=\"http:\/\/romanistyka.wn.uw.edu.pl\/index.php\/pracownicy\/kieliszczyk-anna\/\">Anna Kieliszczyk<\/a><\/p>\n\n\n\n<p class=\"has-accent-4-color has-text-color has-link-color wp-elements-17d5ceded59433babb002fe0a3983c28\" style=\"padding-right:0;padding-left:0\"><a href=\"http:\/\/romanistyka.wn.uw.edu.pl\/index.php\/pracownicy\/klik-marcin\/\">Marcin Klik<\/a><\/p>\n\n\n\n<p class=\"has-accent-4-color has-text-color has-link-color wp-elements-ca29eba692b8f3d6ae607d6e1741dd02\" style=\"padding-right:0;padding-left:0\"><a href=\"http:\/\/romanistyka.wn.uw.edu.pl\/index.php\/pracownicy\/kostro-monika\/\">Monika Kostro<\/a><\/p>\n\n\n\n<p class=\"has-accent-4-color has-text-color has-link-color wp-elements-c5537a533a57f0253424d87acd1d866d\" style=\"padding-right:0;padding-left:0\"><a href=\"http:\/\/romanistyka.wn.uw.edu.pl\/index.php\/pracownicy\/krawczyk-dariusz\/\">Dariusz Krawczyk<\/a><\/p>\n\n\n\n<p class=\"has-accent-4-color has-text-color has-link-color wp-elements-36fecdcfe83293689398a66b3fb76114\" style=\"padding-right:0;padding-left:0\"><a href=\"http:\/\/romanistyka.wn.uw.edu.pl\/index.php\/pracownicy\/kroker-wieslaw\/\">Wies\u0142aw Kroker<\/a><\/p>\n\n\n\n<p class=\"has-accent-4-color has-text-color has-link-color wp-elements-a3392b440dc5825bb77d882d5011407c\" style=\"padding-right:0;padding-left:0\"><a href=\"http:\/\/romanistyka.wn.uw.edu.pl\/index.php\/pracownicy\/kucharczyk-radoslaw\/\">Rados\u0142aw Kucharczyk<\/a><\/p>\n\n\n\n<p class=\"has-accent-4-color has-text-color has-link-color wp-elements-ca5241f3dd26219a1d6989d4ee0f633a\" style=\"padding-right:0;padding-left:0\"><a href=\"http:\/\/romanistyka.wn.uw.edu.pl\/index.php\/pracownicy\/kulesza-monika\/\">Monika Kulesza<\/a><\/p>\n\n\n\n<p class=\"has-accent-4-color has-text-color has-link-color wp-elements-c917cb6dac60cbecee106b0c158317fb\" style=\"padding-right:0;padding-left:0\"><a href=\"http:\/\/romanistyka.wn.uw.edu.pl\/index.php\/pracownicy\/kwaterko-jozef\/\">J\u00f3zef Kwaterko<\/a><\/p>\n\n\n\n<p class=\"has-accent-4-color has-text-color has-link-color wp-elements-b096e126e7f8aeb28d7776c1f4e8327e\" style=\"padding-right:0;padding-left:0\"><a href=\"http:\/\/romanistyka.wn.uw.edu.pl\/index.php\/pracownicy\/malinowska-monika\/\">Monika Malinowska<\/a><\/p>\n\n\n\n<p class=\"has-accent-4-color has-text-color has-link-color wp-elements-38dc67860ab9c0af39d8d67a810229c1\" style=\"padding-right:0;padding-left:0\"><a href=\"http:\/\/romanistyka.wn.uw.edu.pl\/index.php\/pracownicy\/molska-malgorzata\/\">Ma\u0142gorzata Molska<\/a><\/p>\n\n\n\n<p class=\"has-accent-4-color has-text-color has-link-color wp-elements-36dc41b56dbc8386f617713656325ef3\" style=\"padding-right:0;padding-left:0\"><a href=\"http:\/\/romanistyka.wn.uw.edu.pl\/index.php\/pracownicy\/obszynski-michal\/\">Micha\u0142 Obszy\u0144ski<\/a><\/p>\n\n\n\n<p class=\"has-accent-4-color has-text-color has-link-color wp-elements-c1ad491ad7a67ab8b36d97ea1992dae8\" style=\"padding-right:0;padding-left:0\"><a href=\"http:\/\/romanistyka.wn.uw.edu.pl\/index.php\/pracownicy\/opiela-mrozik-anna\/\">Anna Opiela-Mrozik<\/a><\/p>\n\n\n\n<p class=\"has-accent-4-color has-text-color has-link-color wp-elements-e1057f624c234588af8d19919a76ab01\" style=\"padding-right:0;padding-left:0\"><a href=\"http:\/\/romanistyka.wn.uw.edu.pl\/index.php\/pracownicy\/pachocinska-elzbieta\/\">El\u017cbieta Pachoci\u0144ska<\/a><\/p>\n\n\n\n<p class=\"has-accent-4-color has-text-color has-link-color wp-elements-0756573457537573891c89d2721ae9e5\" style=\"padding-right:0;padding-left:0\"><a href=\"http:\/\/romanistyka.wn.uw.edu.pl\/index.php\/pracownicy\/padzik-dorota\/\">Dorota Padzik<\/a><\/p>\n\n\n\n<p class=\"has-accent-4-color has-text-color has-link-color wp-elements-4540297c257b8818673808bb3363d922\" style=\"padding-right:0;padding-left:0\"><a href=\"http:\/\/romanistyka.wn.uw.edu.pl\/index.php\/pracownicy\/pilecka-ewa\/\">Ewa Pilecka<\/a><\/p>\n\n\n\n<p class=\"has-accent-4-color has-text-color has-link-color wp-elements-ee252873077779a605596c47dc33fd76\" style=\"padding-right:0;padding-left:0\"><a href=\"http:\/\/romanistyka.wn.uw.edu.pl\/index.php\/pracownicy\/peeters-pascale\/\">Pascale Peeters<\/a><\/p>\n\n\n\n<p class=\"has-accent-4-color has-text-color has-link-color wp-elements-b6745d23ad32ec6cd8a4ca3fec96f5ed\" style=\"padding-right:0;padding-left:0\"><a href=\"http:\/\/romanistyka.wn.uw.edu.pl\/index.php\/pracownicy\/popowicz-kamil\/\">Kamil Popowicz<\/a><\/p>\n\n\n\n<p class=\"has-accent-4-color has-text-color has-link-color wp-elements-690b34e9d064484a15a2fb7393e07e58\" style=\"padding-right:0;padding-left:0\"><a href=\"https:\/\/romanistyka.wn.uw.edu.pl\/index.php\/pracownicy2\/maria-prandota\/\">Maria Prandota<\/a><\/p>\n\n\n\n<p class=\"has-accent-4-color has-text-color has-link-color wp-elements-ccc94249f7c405e8b3f9d0031b635246\" style=\"padding-right:0;padding-left:0\"><a href=\"http:\/\/romanistyka.wn.uw.edu.pl\/index.php\/pracownicy\/dryjanska-agnieszka\/\">Sara Del Rossi<\/a><\/p>\n\n\n\n<p class=\"has-accent-4-color has-text-color has-link-color wp-elements-1cf4f0d6396ee0bb4845681837b4f53a\" style=\"padding-right:0;padding-left:0\"><a href=\"http:\/\/romanistyka.wn.uw.edu.pl\/index.php\/pracownicy\/lucas-paul-skurczynski\/\">Lucas Skurczy\u0144ski<\/a><\/p>\n\n\n\n<p class=\"has-accent-4-color has-text-color has-link-color wp-elements-0a7df5fcc7b26c783d00b4a30968faac\" style=\"padding-right:0;padding-left:0\"><a href=\"http:\/\/romanistyka.wn.uw.edu.pl\/index.php\/pracownicy\/smuk-maciej\/\">Maciej Smuk<\/a><\/p>\n\n\n\n<p class=\"has-accent-4-color has-text-color has-link-color wp-elements-272519fe89334e39bb6309afc214a454\" style=\"padding-right:0;padding-left:0\"><a href=\"http:\/\/romanistyka.wn.uw.edu.pl\/index.php\/pracownicy\/sobczyk-agata\/\">Agata Sobczyk<\/a><\/p>\n\n\n\n<p class=\"has-accent-4-color has-text-color has-link-color wp-elements-4c8fc37fea490934978edb158939d1d2\" style=\"padding-right:0;padding-left:0\"><a href=\"http:\/\/romanistyka.wn.uw.edu.pl\/index.php\/pracownicy\/sokolowicz-malgorzata\/\">Ma\u0142gorzata Soko\u0142owicz<\/a><\/p>\n\n\n\n<p class=\"has-accent-4-color has-text-color has-link-color wp-elements-c2bafcfcb2de4d25aa5dffc699921e8a\" style=\"padding-right:0;padding-left:0\"><a href=\"http:\/\/romanistyka.wn.uw.edu.pl\/index.php\/pracownicy\/sujecka-zajac-jolanta\/\">Jolanta Sujecka-Zaj\u0105c<\/a><\/p>\n\n\n\n<p class=\"has-accent-4-color has-text-color has-link-color wp-elements-2dac1f32a3127db80dbf14bb360677a1\" style=\"padding-right:0;padding-left:0\"><a href=\"http:\/\/romanistyka.wn.uw.edu.pl\/index.php\/pracownicy\/szeliga-dorota\/\">Dorota Szeliga<\/a><\/p>\n\n\n\n<p class=\"has-accent-4-color has-text-color has-link-color wp-elements-bb8611f4be704f428223280733f16306\" style=\"padding-right:0;padding-left:0\"><a href=\"http:\/\/romanistyka.wn.uw.edu.pl\/index.php\/pracownicy\/szymankiewicz-krystyna\/\">Krystyna Szymankiewicz<\/a><\/p>\n\n\n\n<p class=\"has-accent-4-color has-text-color has-link-color wp-elements-0fd8b8ef30ef8e92d4a2e1f8defd8ad1\" style=\"padding-right:0;padding-left:0\"><a href=\"http:\/\/romanistyka.wn.uw.edu.pl\/index.php\/pracownicy\/alessia-vignoli\/\">Alessia Vignoli<\/a><\/p>\n\n\n\n<p class=\"has-accent-4-color has-text-color has-link-color wp-elements-877d07e6a2ad79485de34f57649fff54\" style=\"padding-right:0;padding-left:0\"><a href=\"http:\/\/romanistyka.wn.uw.edu.pl\/index.php\/pracownicy\/wawrzonek-karolina\/\">Karolina Wawrzonek<\/a><\/p>\n\n\n\n<p class=\"has-accent-4-color has-text-color has-link-color wp-elements-4411c2eede1c5f63b80ffbfb6b49da3f\" style=\"padding-right:0;padding-left:0\"><a href=\"https:\/\/romanistyka.wn.uw.edu.pl\/index.php\/cezary-weglinski\/\">Cezary W\u0119gli\u0144ski<\/a><\/p>\n\n\n\n<p class=\"has-accent-4-color has-text-color has-link-color wp-elements-85dc3adc73eb3c9497848336254f5169\" style=\"padding-right:0;padding-left:0\"><a href=\"http:\/\/romanistyka.wn.uw.edu.pl\/index.php\/pracownicy\/wojakowska-marta\/\">Marta Wojakowska<\/a><\/p>\n\n\n\n<p class=\"has-accent-4-color has-text-color has-link-color wp-elements-f9eb9229a91887503d7766bba7c3eebd\" style=\"padding-right:0;padding-left:0\"><a href=\"http:\/\/romanistyka.wn.uw.edu.pl\/index.php\/pracownicy\/zaleska-krystyna\/\">Krystyna Zaleska<\/a><\/p>\n\n\n\n<p class=\"has-accent-4-color has-text-color has-link-color wp-elements-346552137e9a60a031543207d80b4f6e\" style=\"padding-right:0;padding-left:0\"><a href=\"http:\/\/romanistyka.wn.uw.edu.pl\/index.php\/pracownicy\/zatorska-izabella\/\">Izabella Zatorska<\/a><\/p>\n\n\n\n<p class=\"has-accent-4-color has-text-color has-link-color wp-elements-1515f9275e61cac7bb04a413a62a08f7\" style=\"padding-right:0;padding-left:0\"><a href=\"http:\/\/romanistyka.wn.uw.edu.pl\/index.php\/pracownicy\/zbierska-moscicka-judyta\/\">Judyta Zbierska-Mo\u015bcicka<\/a><\/p>\n<\/div>\n<\/div>\n<\/div>\n\n\n\n<p><\/p>\n","protected":false},"excerpt":{"rendered":"<p>Anna Ciostek Agnieszka Dryja\u0144ska Wanda Fija\u0142kowska Magdalena Grycan Ma\u0142gorzata Izert Agnieszka Janion Alicja Jaworska-Kaska Jolanta Kawa Anna Kieliszczyk Marcin Klik Monika Kostro Dariusz Krawczyk Wies\u0142aw Kroker Rados\u0142aw Kucharczyk Monika Kulesza J\u00f3zef Kwaterko Monika Malinowska Ma\u0142gorzata Molska Micha\u0142 Obszy\u0144ski Anna Opiela-Mrozik El\u017cbieta Pachoci\u0144ska Dorota Padzik Ewa Pilecka Pascale Peeters Kamil Popowicz Maria Prandota Sara Del Rossi [&hellip;]<\/p>\n","protected":false},"author":1,"featured_media":0,"parent":0,"menu_order":0,"comment_status":"closed","ping_status":"closed","template":"","meta":{"footnotes":""},"class_list":["post-2289","page","type-page","status-publish","hentry"],"_links":{"self":[{"href":"https:\/\/romanistyka.wn.uw.edu.pl\/index.php\/wp-json\/wp\/v2\/pages\/2289","targetHints":{"allow":["GET"]}}],"collection":[{"href":"https:\/\/romanistyka.wn.uw.edu.pl\/index.php\/wp-json\/wp\/v2\/pages"}],"about":[{"href":"https:\/\/romanistyka.wn.uw.edu.pl\/index.php\/wp-json\/wp\/v2\/types\/page"}],"author":[{"embeddable":true,"href":"https:\/\/romanistyka.wn.uw.edu.pl\/index.php\/wp-json\/wp\/v2\/users\/1"}],"replies":[{"embeddable":true,"href":"https:\/\/romanistyka.wn.uw.edu.pl\/index.php\/wp-json\/wp\/v2\/comments?post=2289"}],"version-history":[{"count":21,"href":"https:\/\/romanistyka.wn.uw.edu.pl\/index.php\/wp-json\/wp\/v2\/pages\/2289\/revisions"}],"predecessor-version":[{"id":6694,"href":"https:\/\/romanistyka.wn.uw.edu.pl\/index.php\/wp-json\/wp\/v2\/pages\/2289\/revisions\/6694"}],"wp:attachment":[{"href":"https:\/\/romanistyka.wn.uw.edu.pl\/index.php\/wp-json\/wp\/v2\/media?parent=2289"}],"curies":[{"name":"wp","href":"https:\/\/api.w.org\/{rel}","templated":true}]}}