{"id":2134,"date":"2023-09-21T19:50:00","date_gmt":"2023-09-21T19:50:00","guid":{"rendered":"https:\/\/romanistyka.wn.uw.edu.pl\/?page_id=2134"},"modified":"2025-04-30T02:38:52","modified_gmt":"2025-04-30T02:38:52","slug":"wsparcie-na-uczelni","status":"publish","type":"page","link":"https:\/\/romanistyka.wn.uw.edu.pl\/index.php\/wsparcie-na-uczelni\/","title":{"rendered":"Wsparcie na uczelni"},"content":{"rendered":"\n<p>Uniwersytet Warszawski jest r\u00f3\u017cnorodn\u0105 wsp\u00f3lnot\u0105. Jednym ze szczeg\u00f3lnie istotnych zada\u0144 uczelni jest zapewnianie poczucia bezpiecze\u0144stwa wszystkim cz\u0142onkom jej spo\u0142eczno\u015bci. UW systematycznie podejmuje dzia\u0142ania na rzecz budowania \u015brodowiska wolnego od wszelkich przejaw\u00f3w nier\u00f3wnego traktowania. Na uczelni osoby studiuj\u0105ce i pracuj\u0105ce mog\u0105 liczy\u0107 m.in. na wsparcie psychologiczne i prawne, w tym te dotycz\u0105ce rozwi\u0105zywania konflikt\u00f3w i spor\u00f3w.<\/p>\n\n\n\n<p><\/p>\n\n\n\n<p><\/p>\n\n\n\n<p><strong>Wsparcie psychologiczne i dla os\u00f3b ze szczeg\u00f3lnymi potrzebami<\/strong><\/p>\n\n\n\n<p><\/p>\n\n\n\n<p><\/p>\n\n\n\n<p><strong>Biuro ds. Os\u00f3b z Niepe\u0142nosprawno\u015bciami (BON)<\/strong><\/p>\n\n\n\n<p><a href=\"https:\/\/bon.uw.edu.pl\/uslugi\/\">Biuro ds.&nbsp;Os\u00f3b z&nbsp;Niepe\u0142nosprawno\u015bciami<\/a>&nbsp;oferuje wsparcie osobom do\u015bwiadczaj\u0105cym skutk\u00f3w niepe\u0142nosprawno\u015bci i\/lub przewlek\u0142ych problem\u00f3w zdrowotnych, jak r\u00f3wnie\u017c osobom do\u015bwiadczaj\u0105cym przej\u015bciowych problem\u00f3w zdrowotnych, kt\u00f3rych skutki utrudniaj\u0105 lub uniemo\u017cliwiaj\u0105 studiowanie zgodnie z wymogami okre\u015blonymi w Regulaminie Studi\u00f3w UW i sylabusach przedmiot\u00f3w w USOSweb (np. zgodnie z limitem dopuszczalnych nieobecno\u015bci).<\/p>\n\n\n\n<p>Katalog&nbsp;najcz\u0119\u015bciej \u015bwiadczonych przez&nbsp;BON form wsparcia znajduje si\u0119&nbsp;<a href=\"https:\/\/bon.uw.edu.pl\/dla-studentow\/informacja-o-uslugach\/\">tutaj<\/a>.<\/p>\n\n\n\n<p><\/p>\n\n\n\n<p>W ramach BON dzia\u0142a tak\u017ce&nbsp;<a href=\"https:\/\/bon.uw.edu.pl\/centrum-wsparcia-akademickiego-dla-studentow-ze-spektrum-autyzmu\/\">Centrum Wsparcia Akademickiego<\/a><strong>&nbsp;<\/strong>dla student\u00f3w ze&nbsp;spektrum autyzmu.&nbsp;<\/p>\n\n\n\n<p><\/p>\n\n\n\n<p><\/p>\n\n\n\n<p><\/p>\n\n\n\n<p><strong>Centrum Pomocy Psychologicznej UW<\/strong><\/p>\n\n\n\n<p>Do&nbsp;<a href=\"https:\/\/cpp.uw.edu.pl\/\">Centrum Pomocy Psychologicznej UW<\/a>&nbsp;mog\u0105 zg\u0142osi\u0107 si\u0119 osoby, kt\u00f3re znajduj\u0105 si\u0119 w kryzysie psychicznym, potrzebuj\u0105 wsparcia psychologicznego lub pomocy w adaptacji do nowych wyzwa\u0144.&nbsp;<\/p>\n\n\n\n<p><a href=\"https:\/\/cpp.uw.edu.pl\/kiedy-warto-zglosic-sie-do-cpp-uw\/\">Kiedy warto zg\u0142osi\u0107 si\u0119 do CPP UW<\/a><\/p>\n\n\n\n<p>Zesp\u00f3\u0142 CPP UW udziela r\u00f3\u017cnych form wsparcia \u2013 od pojedynczych konsultacji po indywidualn\u0105 psychoterapi\u0119 kr\u00f3tkoterminow\u0105 lub psychoterapi\u0119 grupow\u0105 ograniczon\u0105 w czasie.&nbsp;<\/p>\n\n\n\n<p>CPP UW prowadzi tak\u017ce warsztaty psychoedukacyjne wspieraj\u0105ce rozw\u00f3j okre\u015blonych umiej\u0119tno\u015bci psychologicznych, m.in. u\u0142atwiaj\u0105cych studiowanie. Aktualna oferta warsztat\u00f3w znajduje si\u0119 <a href=\"https:\/\/cpp.uw.edu.pl\/szkolenia-i-warsztaty\/\">tutaj<\/a><\/p>\n\n\n\n<p><\/p>\n\n\n\n<p><\/p>\n\n\n\n<p><\/p>\n\n\n\n<p><strong>Wsparcie w sytuacji nier\u00f3wnego traktowania lub konfliktu<\/strong><\/p>\n\n\n\n<p><\/p>\n\n\n\n<p><\/p>\n\n\n\n<p><strong>Ombudsman (Rzecznik akademicki)<\/strong><\/p>\n\n\n\n<p><a href=\"http:\/\/ombudsman.uw.edu.pl\/\">Ombudsman<\/a>&nbsp;<strong>to osoba niezale\u017cna i neutralna, do kt\u00f3rej mo\u017cna zwr\u00f3ci\u0107 si\u0119 w spos\u00f3b nieformalny i poufny z pro\u015bb\u0105 o pomoc w sprawach dotycz\u0105cych uczelni i jej spo\u0142eczno\u015bci.&nbsp;<\/strong>Zadaniem ombudsmana jest wspieranie pracownik\u00f3w i student\u00f3w w rozwi\u0105zywaniu konflikt\u00f3w oraz dbanie o to, by wszyscy cz\u0142onkowie spo\u0142eczno\u015bci akademickiej byli traktowani sprawiedliwie i uczciwie.&nbsp;<\/p>\n\n\n\n<p>Sprawy, kt\u00f3rymi zajmuje si\u0119 ombudsman, to m.in.: spory na linii student \u2013 profesor\/tutor lub student \u2013 pracownik administracji, spory wewn\u0105trzgrupowe mi\u0119dzy studentami, naruszenie regulaminu studi\u00f3w, niesprawiedliwe traktowanie, naruszenie godno\u015bci, mobbing, molestowanie seksualne, naruszenie prawa w\u0142asno\u015bci intelektualnej.<\/p>\n\n\n\n<p>Rzeczniczka akademicka:&nbsp;<strong>dr Anna Cybulko<\/strong><\/p>\n\n\n\n<p>Zast\u0119pczyni Rzeczniczki akademickiej ds. studenckich:&nbsp;<strong>Magdalena Miksa<\/strong>.<\/p>\n\n\n\n<p>Kontakt:&nbsp;<a href=\"mailto:ombudsman@uw.edu.pl\">ombudsman@uw.edu.pl<\/a><\/p>\n\n\n\n<p><\/p>\n\n\n\n<p><\/p>\n\n\n\n<p><\/p>\n\n\n\n<p><strong>Pe\u0142nomocnik ds. r\u00f3wno\u015bci na Wydziale Neofilologii<\/strong><\/p>\n\n\n\n<p><a href=\"http:\/\/Pe\u0142nomocnik ds. r\u00f3wno\u015bci na Wydziale Neofilologii Wydzia\u0142owy Pe\u0142nomocnik ds. r\u00f3wno\u015bci to pierwszy punkt kontaktowy dla os\u00f3b potrzebuj\u0105cych wsparcia lub porady w sprawie przeciwdzia\u0142ania dyskryminacji, mobbingowi albo molestowaniu seksualnemu. Kontakt z Pe\u0142nomocnikiem jest poufny.  Pe\u0142nomocniczka ds. r\u00f3wno\u015bci na WN: dr Anna Grzeszak.  Kontakt: osoba.zaufania@wn.uw.edu.pl\">Wydzia\u0142owy Pe\u0142nomocnik ds. r\u00f3wno\u015bci <\/a>to pierwszy punkt kontaktowy dla os\u00f3b potrzebuj\u0105cych wsparcia lub porady w sprawie przeciwdzia\u0142ania dyskryminacji, mobbingowi albo molestowaniu seksualnemu. Kontakt z Pe\u0142nomocnikiem jest poufny.&nbsp;<\/p>\n\n\n\n<p>Pe\u0142nomocniczka ds. r\u00f3wno\u015bci na WN:&nbsp;<strong>dr Anna Grzeszak<\/strong>.<\/p>\n\n\n\n<p>Kontakt:&nbsp;<a href=\"mailto:osoba.zaufania@wn.uw.edu.pl\">osoba.zaufania@wn.uw.edu.pl<\/a><\/p>\n\n\n\n<p><\/p>\n\n\n\n<p><\/p>\n\n\n\n<p><\/p>\n\n\n\n<p><strong>R\u00f3wnowa\u017cni \u2013 r\u00f3wno\u015bciowa strona UW<\/strong><\/p>\n\n\n\n<p><a href=\"https:\/\/rownowazni.uw.edu.pl\/\">R\u00f3wnowa\u017cni&nbsp;<\/a>to&nbsp;strona UW, na kt\u00f3rej mo\u017cna znale\u017a\u0107 informacje, porady i publikacje na temat&nbsp;dzia\u0142a\u0144&nbsp;na rzecz r\u00f3wnego traktowania i r\u00f3\u017cnorodno\u015bci na uczelni.<\/p>\n\n\n\n<p>Publikacje r\u00f3wno\u015bciowe:<\/p>\n\n\n\n<p><a href=\"https:\/\/romanistyka.wn.uw.edu.pl\/wp-content\/uploads\/2023\/09\/podrecznik-antydysk.pdf\">Poradnik antydyskryminacyjny dla os\u00f3b studiuj\u0105cych i zatrudnionych na UW<\/a><\/p>\n\n\n\n<p>Przeciwdzia\u0142anie molestowaniu seksualnemu na uczelni. Informator UW<\/p>\n\n\n\n<p><a href=\"https:\/\/romanistyka.wn.uw.edu.pl\/wp-content\/uploads\/2023\/09\/Rekomendacje-jezykowe-2021.pdf\">Rekomendacje dotycz\u0105ce j\u0119zyka niedyskryminuj\u0105cego na UW<\/a><\/p>\n\n\n\n<p>Ka\u017cda osoba, kt\u00f3ra do\u015bwiadczy\u0142a dyskryminacji lub nier\u00f3wnego traktowania, mo\u017ce tak\u017ce zg\u0142osi\u0107 zdarzenie do&nbsp;<a href=\"https:\/\/rownowazni.uw.edu.pl\/\">Koordynatora ds. Antydyskryminacji,<\/a> kt\u00f3ry zbada spraw\u0119 i mo\u017ce przekaza\u0107 j\u0105 do rozpatrzenia Komisji Rektorskiej ds. Przeciwdzia\u0142ania Dyskryminacji.<\/p>\n\n\n\n<p>Koordynatorka ds. Antydyskryminacji:<em>&nbsp;<strong>Anna Gr\u0119dzi\u0144ska<\/strong><\/em><em><\/em><\/p>\n\n\n\n<p><em>Kontakt:&nbsp;<\/em><a href=\"mailto:koordynator-antydyskryminacja@uw.edu.pl\">koordynator-antydyskryminacja@uw.edu.pl<\/a><\/p>\n\n\n\n<p><\/p>\n\n\n\n<p><\/p>\n\n\n\n<p><\/p>\n\n\n\n<p><strong>Wsparcie prawne<\/strong><\/p>\n\n\n\n<p><\/p>\n\n\n\n<p><\/p>\n\n\n\n<p><strong>Akademicka Poradnia Prawna na UW<\/strong><\/p>\n\n\n\n<p>Doradcy pracuj\u0105cy w <a href=\"http:\/\/akademickaporadniaprawna.pl\">Akademickiej Poradni Prawnej<\/a> \u2013 studenci ostatnich lat, absolwenci i doktoranci WPiA UW&nbsp;\u2013 udzielaj\u0105 bezp\u0142atnych porad prawnych w sprawach typowo akademickich (m.in. regulaminy studi\u00f3w, regulaminy pomocy materialnej), a tak\u017ce z zakresu m.in. prawa cywilnego, prawa rodzinnego i opieku\u0144czego, prawa pracy oraz prawa administracyjnego.&nbsp;<\/p>\n\n\n\n<p><\/p>\n\n\n\n<p><\/p>\n\n\n\n<p><\/p>\n\n\n\n<p><strong>Centrum Rozwi\u0105zywania Spor\u00f3w i Konflikt\u00f3w przy WPiA UW<\/strong><\/p>\n\n\n\n<p><a href=\"https:\/\/mediacje.wpia.uw.edu.pl\/\">CRSiK<\/a>&nbsp;wykorzystuje&nbsp;techniki mediacji oraz inne polubowne metody rozwi\u0105zywania spor\u00f3w. Jego celem jest promowanie kultury rozwi\u0105zywania konflikt\u00f3w. Zesp\u00f3\u0142 CRSiK prowadzi dzia\u0142alno\u015b\u0107 edukacyjn\u0105 i badawcz\u0105, a tak\u017ce praktyk\u0119 z zakresu mediacji, moderacji oraz zarz\u0105dzania konfliktem, w tym bezp\u0142atne mediacje akademickie z&nbsp;udzia\u0142em pracownik\u00f3w i&nbsp;student\u00f3w UW w&nbsp;sporach wynikaj\u0105cych z&nbsp;pracy i&nbsp;nauki na uczelni.<\/p>\n\n\n\n<p><\/p>\n\n\n\n<p><\/p>\n\n\n\n<p><\/p>\n\n\n\n<p><strong>Klinika Prawa UW<\/strong><\/p>\n\n\n\n<p><a href=\"https:\/\/www.wpia.uw.edu.pl\/pl\/klinika-prawa\">Klinika Prawa&nbsp;UW<\/a>, czyli Studencki O\u015brodek Pomocy Prawnej przy WPiA UW, to zesp\u00f3\u0142 student\u00f3w ostatnich lat, kt\u00f3rzy udzielaj\u0105 bezp\u0142atnych porad prawnych osobom w trudnej sytuacji materialnej. Pomoc prawna udzielana jest przez student\u00f3w, kt\u00f3rych prac\u0119 nadzoruj\u0105&nbsp;koordynatorzy \u2013 osoby z do\u015bwiadczeniem w konsultacjach prawniczych.&nbsp;<\/p>\n","protected":false},"excerpt":{"rendered":"<p>Uniwersytet Warszawski jest r\u00f3\u017cnorodn\u0105 wsp\u00f3lnot\u0105. Jednym ze szczeg\u00f3lnie istotnych zada\u0144 uczelni jest zapewnianie poczucia bezpiecze\u0144stwa wszystkim cz\u0142onkom jej spo\u0142eczno\u015bci. UW systematycznie podejmuje dzia\u0142ania na rzecz budowania \u015brodowiska wolnego od wszelkich przejaw\u00f3w nier\u00f3wnego traktowania. Na uczelni osoby studiuj\u0105ce i pracuj\u0105ce mog\u0105 liczy\u0107 m.in. na wsparcie psychologiczne i prawne, w tym te dotycz\u0105ce rozwi\u0105zywania konflikt\u00f3w i spor\u00f3w. [&hellip;]<\/p>\n","protected":false},"author":4,"featured_media":0,"parent":0,"menu_order":0,"comment_status":"closed","ping_status":"closed","template":"page-no-title","meta":{"footnotes":""},"class_list":["post-2134","page","type-page","status-publish","hentry"],"_links":{"self":[{"href":"https:\/\/romanistyka.wn.uw.edu.pl\/index.php\/wp-json\/wp\/v2\/pages\/2134","targetHints":{"allow":["GET"]}}],"collection":[{"href":"https:\/\/romanistyka.wn.uw.edu.pl\/index.php\/wp-json\/wp\/v2\/pages"}],"about":[{"href":"https:\/\/romanistyka.wn.uw.edu.pl\/index.php\/wp-json\/wp\/v2\/types\/page"}],"author":[{"embeddable":true,"href":"https:\/\/romanistyka.wn.uw.edu.pl\/index.php\/wp-json\/wp\/v2\/users\/4"}],"replies":[{"embeddable":true,"href":"https:\/\/romanistyka.wn.uw.edu.pl\/index.php\/wp-json\/wp\/v2\/comments?post=2134"}],"version-history":[{"count":8,"href":"https:\/\/romanistyka.wn.uw.edu.pl\/index.php\/wp-json\/wp\/v2\/pages\/2134\/revisions"}],"predecessor-version":[{"id":4169,"href":"https:\/\/romanistyka.wn.uw.edu.pl\/index.php\/wp-json\/wp\/v2\/pages\/2134\/revisions\/4169"}],"wp:attachment":[{"href":"https:\/\/romanistyka.wn.uw.edu.pl\/index.php\/wp-json\/wp\/v2\/media?parent=2134"}],"curies":[{"name":"wp","href":"https:\/\/api.w.org\/{rel}","templated":true}]}}