{"id":2109,"date":"2023-09-21T18:12:57","date_gmt":"2023-09-21T18:12:57","guid":{"rendered":"https:\/\/romanistyka.wn.uw.edu.pl\/?page_id=2109"},"modified":"2025-04-30T02:38:52","modified_gmt":"2025-04-30T02:38:52","slug":"biuro-karier-uw","status":"publish","type":"page","link":"https:\/\/romanistyka.wn.uw.edu.pl\/index.php\/biuro-karier-uw\/","title":{"rendered":"Biuro Karier UW"},"content":{"rendered":"\n<p><strong><a rel=\"noreferrer noopener\" href=\"http:\/\/biurokarier.uw.edu.pl\/en\/home\" target=\"_blank\">Biuro Karier UW<\/a><\/strong>\u00a0prowadzi rozmowy doradcze umo\u017cliwiaj\u0105ce wyb\u00f3r kariery zawodowej, organizuje warsztaty i\u00a0praktyki studenckie, r\u00f3wnie\u017c zagraniczne.<\/p>\n\n\n\n<p><\/p>\n\n\n\n<p>Wolontariat oznacza rozw\u00f3j, co\u00a0potwierdza<strong>\u00a0<a rel=\"noreferrer noopener\" href=\"https:\/\/wolontariat.uw.edu.pl\/\" target=\"_blank\">Uniwersyteckie Centrum Wolontariatu<\/a><\/strong>. W\u00a0ramach realizowanych projekt\u00f3w wolontariusze bior\u0105 udzia\u0142 w\u00a0wielu szkoleniach i\u00a0warsztatach, dotycz\u0105cych m.in.\u00a0metod przeprowadzania wywiad\u00f3w z\u00a0obcokrajowcami, przygotowania i\u00a0analizy bada\u0144 jako\u015bciowych, analizy medi\u00f3w oraz\u00a0metodologii bada\u0144 wizerunkowych.<\/p>\n\n\n\n<p><\/p>\n\n\n\n<p>W&nbsp;<strong>Programie zintegrowanych dzia\u0142a\u0144 na&nbsp;rzecz rozwoju<\/strong>&nbsp;Uniwersytetu Warszawskiego studenci mog\u0105 skorzysta\u0107 z&nbsp;szerokiej oferty zaj\u0119\u0107, m.in.&nbsp;z&nbsp;przedsi\u0119biorczo\u015bci. Wi\u0119cej informacji na&nbsp;stronie&nbsp;<a href=\"https:\/\/zip.uw.edu.pl\/studenci\" target=\"_blank\" rel=\"noreferrer noopener\">ZIP<\/a>.<\/p>\n\n\n\n<p>Program\u00a0<strong>Erasmus+<\/strong>\u00a0to\u00a0nie\u00a0tylko\u00a0wyjazdy na\u00a0studia, lecz\u00a0r\u00f3wnie\u017c mo\u017cliwo\u015b\u0107 uczestnictwa w<strong>\u00a0praktykach<\/strong>, kt\u00f3re pozwol\u0105 zdoby\u0107 cenne zagraniczne do\u015bwiadczenie zawodowe. Informacje o<br>zg\u0142oszeniach dost\u0119pne s\u0105\u00a0<a rel=\"noreferrer noopener\" href=\"http:\/\/bwz.uw.edu.pl\/praktyki-erasmus-zglos-sie\/\" target=\"_blank\">tutaj<\/a>.<\/p>\n\n\n\n<p><\/p>\n\n\n\n<p>Baza danych&nbsp;<a href=\"https:\/\/programmes.eurodesk.eu\/learning\" target=\"_blank\" rel=\"noreferrer noopener\"><strong>Eurodesk Opportunity Finder<\/strong><\/a>&nbsp;pozwala wyszukiwa\u0107 informacje o&nbsp;mo\u017cliwo\u015bciach w&nbsp;ca\u0142ej Europie skierowanych g\u0142\u00f3wnie do&nbsp;student\u00f3w. Dost\u0119pne obszary to: learning, volunteering, internships, participating, grants.<\/p>\n","protected":false},"excerpt":{"rendered":"<p>Biuro Karier UW\u00a0prowadzi rozmowy doradcze umo\u017cliwiaj\u0105ce wyb\u00f3r kariery zawodowej, organizuje warsztaty i\u00a0praktyki studenckie, r\u00f3wnie\u017c zagraniczne. Wolontariat oznacza rozw\u00f3j, co\u00a0potwierdza\u00a0Uniwersyteckie Centrum Wolontariatu. W\u00a0ramach realizowanych projekt\u00f3w wolontariusze bior\u0105 udzia\u0142 w\u00a0wielu szkoleniach i\u00a0warsztatach, dotycz\u0105cych m.in.\u00a0metod przeprowadzania wywiad\u00f3w z\u00a0obcokrajowcami, przygotowania i\u00a0analizy bada\u0144 jako\u015bciowych, analizy medi\u00f3w oraz\u00a0metodologii bada\u0144 wizerunkowych. W&nbsp;Programie zintegrowanych dzia\u0142a\u0144 na&nbsp;rzecz rozwoju&nbsp;Uniwersytetu Warszawskiego studenci mog\u0105 skorzysta\u0107 z&nbsp;szerokiej oferty [&hellip;]<\/p>\n","protected":false},"author":4,"featured_media":0,"parent":0,"menu_order":0,"comment_status":"closed","ping_status":"closed","template":"page-no-title","meta":{"footnotes":""},"class_list":["post-2109","page","type-page","status-publish","hentry"],"_links":{"self":[{"href":"https:\/\/romanistyka.wn.uw.edu.pl\/index.php\/wp-json\/wp\/v2\/pages\/2109","targetHints":{"allow":["GET"]}}],"collection":[{"href":"https:\/\/romanistyka.wn.uw.edu.pl\/index.php\/wp-json\/wp\/v2\/pages"}],"about":[{"href":"https:\/\/romanistyka.wn.uw.edu.pl\/index.php\/wp-json\/wp\/v2\/types\/page"}],"author":[{"embeddable":true,"href":"https:\/\/romanistyka.wn.uw.edu.pl\/index.php\/wp-json\/wp\/v2\/users\/4"}],"replies":[{"embeddable":true,"href":"https:\/\/romanistyka.wn.uw.edu.pl\/index.php\/wp-json\/wp\/v2\/comments?post=2109"}],"version-history":[{"count":2,"href":"https:\/\/romanistyka.wn.uw.edu.pl\/index.php\/wp-json\/wp\/v2\/pages\/2109\/revisions"}],"predecessor-version":[{"id":2123,"href":"https:\/\/romanistyka.wn.uw.edu.pl\/index.php\/wp-json\/wp\/v2\/pages\/2109\/revisions\/2123"}],"wp:attachment":[{"href":"https:\/\/romanistyka.wn.uw.edu.pl\/index.php\/wp-json\/wp\/v2\/media?parent=2109"}],"curies":[{"name":"wp","href":"https:\/\/api.w.org\/{rel}","templated":true}]}}