{"id":2107,"date":"2023-09-21T18:12:23","date_gmt":"2023-09-21T18:12:23","guid":{"rendered":"https:\/\/romanistyka.wn.uw.edu.pl\/?page_id=2107"},"modified":"2025-04-30T02:38:52","modified_gmt":"2025-04-30T02:38:52","slug":"granty-i-stypendia-naukowe","status":"publish","type":"page","link":"https:\/\/romanistyka.wn.uw.edu.pl\/index.php\/granty-i-stypendia-naukowe\/","title":{"rendered":"Granty i stypendia naukowe"},"content":{"rendered":"\n<p><strong>Stypendia naukowe<\/strong><br>Informacje o&nbsp;stypendiach naukowych dost\u0119pne s\u0105&nbsp;<a href=\"https:\/\/www.uw.edu.pl\/student_\/stypendia-naukowe\/\" target=\"_blank\" rel=\"noreferrer noopener\">tutaj<\/a>.<\/p>\n\n\n\n<p>Wykaz trwaj\u0105cych nabor\u00f3w stypendi\u00f3w krajowych i&nbsp;zagranicznych dost\u0119pny jest<a href=\"https:\/\/www.mojestypendium.pl\/kalendarium-stypendialne\/\" target=\"_blank\" rel=\"noreferrer noopener\">&nbsp;tutaj<\/a>.<\/p>\n\n\n\n<p><strong>Granty<\/strong><br>Studenci mog\u0105 korzysta\u0107 z&nbsp;nast\u0119puj\u0105cych program\u00f3w grantowych:<\/p>\n\n\n\n<p><a rel=\"noreferrer noopener\" href=\"https:\/\/www.gov.pl\/web\/nauka\/diamentowy-grant\/\" target=\"_blank\">Diamentowy Grant<\/a>\u00a0\u2013 program MNiSW dla absolwent\u00f3w studi\u00f3w licencjackich lub student\u00f3w<br>po trzecim roku jednolitych studi\u00f3w magisterskich, kt\u00f3rzy\u00a0prowadz\u0105 badania naukowe<\/p>\n\n\n\n<p><a rel=\"noreferrer noopener\" href=\"https:\/\/www.gov.pl\/web\/nauka\/najlepsi-z-najlepszych\/\" target=\"_blank\">Najlepsi z\u00a0najlepszych<\/a>\u00a0\u2013 program MNiSW dla uzdolnionych student\u00f3w, kt\u00f3rzy\u00a0bior\u0105 udzia\u0142 w<br>mi\u0119dzynarodowych konkursach<\/p>\n\n\n\n<p><\/p>\n\n\n\n<p><a href=\"https:\/\/romanistyka.wn.uw.edu.pl\/wp-content\/uploads\/2023\/09\/DWNeofilologia.2021.26.ZD_.9.pdf\">Mikrogranty dla student\u00f3w Wydzia\u0142u Neofilologii UW<\/a> w ramach Programu Wsparcia M\u0142odych Naukowc\u00f3w<\/p>\n\n\n\n<p>Program jest skierowany do wybitnie uzdolnionych student\u00f3w, kt\u00f3rzy realizuj\u0105 prace badawcze w ramach zespo\u0142u badawczego. Wi\u0119cej informacji tutaj&nbsp;<\/p>\n\n\n\n<p><\/p>\n\n\n\n<p><strong>Konkursy<\/strong><br>Studenci mog\u0105 wzi\u0105\u0107 udzia\u0142 w\u00a0licznych konkursach, m.in.\u00a0na\u00a0najlepsz\u0105 prac\u0119 licencjack\u0105 lub<br>magistersk\u0105, konkursach wspieranych przez\u00a0MNiSW oraz\u00a0konkursach mi\u0119dzynarodowych. Wi\u0119cej<br>informacji\u00a0<a rel=\"noreferrer noopener\" href=\"https:\/\/www.uw.edu.pl\/student_\/stypendia-naukowe\/\" target=\"_blank\">tutaj<\/a>.<\/p>\n\n\n\n<p>Absolwenci, kt\u00f3rzy&nbsp;w&nbsp;swoich pracach licencjackich lub magisterskich wykorzystali metody retoryki,<br>mog\u0105 wzi\u0105\u0107 udzia\u0142 w<a href=\"https:\/\/retoryka.edu.pl\/konkurs-ptr\/ii-konkurs-ptr-na-najlepsza-prace-dyplomowa-z-retoryki\/\" target=\"_blank\" rel=\"noreferrer noopener\">&nbsp;konkursie prac dyplomowych<\/a>.<\/p>\n","protected":false},"excerpt":{"rendered":"<p>Stypendia naukoweInformacje o&nbsp;stypendiach naukowych dost\u0119pne s\u0105&nbsp;tutaj. Wykaz trwaj\u0105cych nabor\u00f3w stypendi\u00f3w krajowych i&nbsp;zagranicznych dost\u0119pny jest&nbsp;tutaj. GrantyStudenci mog\u0105 korzysta\u0107 z&nbsp;nast\u0119puj\u0105cych program\u00f3w grantowych: Diamentowy Grant\u00a0\u2013 program MNiSW dla absolwent\u00f3w studi\u00f3w licencjackich lub student\u00f3wpo trzecim roku jednolitych studi\u00f3w magisterskich, kt\u00f3rzy\u00a0prowadz\u0105 badania naukowe Najlepsi z\u00a0najlepszych\u00a0\u2013 program MNiSW dla uzdolnionych student\u00f3w, kt\u00f3rzy\u00a0bior\u0105 udzia\u0142 wmi\u0119dzynarodowych konkursach Mikrogranty dla student\u00f3w Wydzia\u0142u Neofilologii UW [&hellip;]<\/p>\n","protected":false},"author":4,"featured_media":0,"parent":0,"menu_order":0,"comment_status":"closed","ping_status":"closed","template":"page-no-title","meta":{"footnotes":""},"class_list":["post-2107","page","type-page","status-publish","hentry"],"_links":{"self":[{"href":"https:\/\/romanistyka.wn.uw.edu.pl\/index.php\/wp-json\/wp\/v2\/pages\/2107","targetHints":{"allow":["GET"]}}],"collection":[{"href":"https:\/\/romanistyka.wn.uw.edu.pl\/index.php\/wp-json\/wp\/v2\/pages"}],"about":[{"href":"https:\/\/romanistyka.wn.uw.edu.pl\/index.php\/wp-json\/wp\/v2\/types\/page"}],"author":[{"embeddable":true,"href":"https:\/\/romanistyka.wn.uw.edu.pl\/index.php\/wp-json\/wp\/v2\/users\/4"}],"replies":[{"embeddable":true,"href":"https:\/\/romanistyka.wn.uw.edu.pl\/index.php\/wp-json\/wp\/v2\/comments?post=2107"}],"version-history":[{"count":4,"href":"https:\/\/romanistyka.wn.uw.edu.pl\/index.php\/wp-json\/wp\/v2\/pages\/2107\/revisions"}],"predecessor-version":[{"id":4166,"href":"https:\/\/romanistyka.wn.uw.edu.pl\/index.php\/wp-json\/wp\/v2\/pages\/2107\/revisions\/4166"}],"wp:attachment":[{"href":"https:\/\/romanistyka.wn.uw.edu.pl\/index.php\/wp-json\/wp\/v2\/media?parent=2107"}],"curies":[{"name":"wp","href":"https:\/\/api.w.org\/{rel}","templated":true}]}}