{"id":2105,"date":"2023-09-21T18:11:53","date_gmt":"2023-09-21T18:11:53","guid":{"rendered":"https:\/\/romanistyka.wn.uw.edu.pl\/?page_id=2105"},"modified":"2024-10-02T12:18:55","modified_gmt":"2024-10-02T12:18:55","slug":"kola-naukowe","status":"publish","type":"page","link":"https:\/\/romanistyka.wn.uw.edu.pl\/index.php\/kola-naukowe\/","title":{"rendered":"Ko\u0142a naukowe"},"content":{"rendered":"\n<p><strong>Ko\u0142o Kultury Frankofo\u0144skiej<\/strong><\/p>\n\n\n\n<p><\/p>\n\n\n\n<p>Ko\u0142o&nbsp;Naukowe&nbsp;Kultury Frankofo\u0144skiej (KKF) powsta\u0142o w 2023 r. Instytucie Romanistyki z inicjatywy student\u00f3w i studentek zainteresowanych bogactwem kultury kraj\u00f3w obszaru frankofo\u0144skiego.&nbsp;<\/p>\n\n\n\n<p>Misj\u0105&nbsp;Ko\u0142a&nbsp;jest organizowanie wydarze\u0144&nbsp;naukowych&nbsp;(wyk\u0142ady, konferencje, spotkania autorskie, debaty), kulturalnych (projekcje filmowe, wieczory artystyczne) i integracyjnych (pikniki, ) po\u015bwi\u0119conych wsp\u00f3\u0142czesnej kulturze kraj\u00f3w obszaru frankofo\u0144skiego.&nbsp;<\/p>\n\n\n\n<p>KKF b\u0119dzie tak\u017ce organizowa\u0107 Dni Frankofonii &#8211; cykliczn\u0105 imprez\u0119 dla&nbsp;<\/p>\n\n\n\n<p>W roku akademickim 2022\/23 odby\u0142y si\u0119 nast\u0119puj\u0105ce wydarzenia:&nbsp;<\/p>\n\n\n\n<p>&#8211; Le Petit-d\u00e9jeuner sur l&#8217;herbe czyli integracyjny piknik dla student\u00f3w i wyk\u0142adowc\u00f3w IR w formie \u015bniadania frankofo\u0144skiego<\/p>\n\n\n\n<p>&#8211; Wyk\u0142ad inauguracyjny, dr Micha\u0142 Obszy\u0144ski pt. &#8222;Frankofonia: od uniwersalizmu do kolonializmu i z powrotem&#8221;<\/p>\n\n\n\n<p>&#8211; Pokaz filmu &#8222;Camille&#8221; poprzedzony prelekcj\u0105 studentki IR, Aleksandry Szcz\u0119snej, pt. Przej\u015bcie od fotografii humanistycznej do fotografii humanitarnej. Manipulacja w fotografii w kontek\u015bcie konflikt\u00f3w politycznych&#8221;<\/p>\n\n\n\n<p>Cz\u0142onkinie&nbsp;Ko\u0142a&nbsp;:<\/p>\n\n\n\n<p>Prezeska: Weronika Siekierka<\/p>\n\n\n\n<p>Wiceprezeska: Katarzyna Kalinowska<\/p>\n\n\n\n<p>Marta Gielec&nbsp;<\/p>\n\n\n\n<p>Aleksandra Szcz\u0119sna&nbsp;<\/p>\n\n\n\n<p>Julia Wardakowska&nbsp;<\/p>\n\n\n\n<p>Opiekunowie naukowi: dr Magdalena Grycan, mgr Pascale Peeters&nbsp;<\/p>\n\n\n\n<p>Link do profilu konta na IG :&nbsp;<a href=\"https:\/\/www.instagram.com\/kkf.uw\/\" target=\"_blank\" rel=\"noreferrer noopener\">https:\/\/www.instagram.com\/kkf.uw\/<\/a><\/p>\n\n\n\n<p><\/p>\n\n\n\n<p><\/p>\n\n\n\n<p><strong>Ko\u0142o Literatur Frankofo\u0144skich<\/strong><\/p>\n\n\n\n<p>Ko\u0142o Literatur Frankofo\u0144skich zajmuje si\u0119 literatur\u0105 j\u0119zyka francuskiego, szczeg\u00f3lnie spoza Francji. Cz\u0142onkowie rozmawiaj\u0105 o utworach pochodz\u0105cych z francuskoj\u0119zycznych obszar\u00f3w \u015bwiata, ale czytanych w dowolnym j\u0119zyku.<\/p>\n\n\n\n<p>Opiekun naukowy: dr Wies\u0142aw Kroker<\/p>\n\n\n\n<p>Prezeska: Martyna Kuku\u0142a<\/p>\n\n\n\n<p><\/p>\n\n\n\n<p><\/p>\n\n\n\n<p><strong>Ko\u0142a naukowe na Wydziale Neofilologii<\/strong><\/p>\n\n\n\n<p><a href=\"https:\/\/neofilologia.uw.edu.pl\/studenci\/kola-naukowe-i-organizacje-studenckie\/\">Lista k\u00f3\u0142 naukowych na WN<\/a><\/p>\n\n\n\n<p><\/p>\n\n\n\n<p><strong>Akty prawne<\/strong><\/p>\n\n\n\n<p><a href=\"https:\/\/monitor.uw.edu.pl\/Lists\/Uchway\/Uchwa%C5%82a.aspx?ID=6778&amp;Source=https%3a\/\/monitor.uw.edu.pl\/SitePages\/Strona%2520g%25C5%2582%25C3%25B3wna.aspx\">Rejestracja i dokumentacja dzia\u0142alno\u015bci k\u00f3\u0142 naukowych na UW\u00a0<\/a><\/p>\n\n\n\n<p><\/p>\n\n\n\n<p><a href=\"https:\/\/romanistyka.wn.uw.edu.pl\/wp-content\/uploads\/2023\/09\/ZARZADZENIE-NR-296-REKTORA-UW.pdf\">Dofinansowanie dzia\u0142alno\u015bci k\u00f3l naukowych przez Rad\u0119 Konsultacyjn\u0105 ds. Studenckiego Ruchu Naukowego<\/a><\/p>\n\n\n\n<p><strong>Uczelniane organizacje studenckie &#8211; jak za\u0142o\u017cy\u0107 ko\u0142o<\/strong>?<\/p>\n\n\n\n<p><a href=\"https:\/\/bok.uw.edu.pl\/uczelniane-organizacje-studenckie\/kredyty-studenckie\/\">Przydatne informacje Biura ds. Obs\u0142ugi Kszta\u0142cenia<\/a><\/p>\n","protected":false},"excerpt":{"rendered":"<p>Ko\u0142o Kultury Frankofo\u0144skiej Ko\u0142o&nbsp;Naukowe&nbsp;Kultury Frankofo\u0144skiej (KKF) powsta\u0142o w 2023 r. Instytucie Romanistyki z inicjatywy student\u00f3w i studentek zainteresowanych bogactwem kultury kraj\u00f3w obszaru frankofo\u0144skiego.&nbsp; Misj\u0105&nbsp;Ko\u0142a&nbsp;jest organizowanie wydarze\u0144&nbsp;naukowych&nbsp;(wyk\u0142ady, konferencje, spotkania autorskie, debaty), kulturalnych (projekcje filmowe, wieczory artystyczne) i integracyjnych (pikniki, ) po\u015bwi\u0119conych wsp\u00f3\u0142czesnej kulturze kraj\u00f3w obszaru frankofo\u0144skiego.&nbsp; KKF b\u0119dzie tak\u017ce organizowa\u0107 Dni Frankofonii &#8211; cykliczn\u0105 imprez\u0119 dla&nbsp; [&hellip;]<\/p>\n","protected":false},"author":4,"featured_media":0,"parent":0,"menu_order":0,"comment_status":"closed","ping_status":"closed","template":"","meta":{"footnotes":""},"class_list":["post-2105","page","type-page","status-publish","hentry"],"_links":{"self":[{"href":"https:\/\/romanistyka.wn.uw.edu.pl\/index.php\/wp-json\/wp\/v2\/pages\/2105","targetHints":{"allow":["GET"]}}],"collection":[{"href":"https:\/\/romanistyka.wn.uw.edu.pl\/index.php\/wp-json\/wp\/v2\/pages"}],"about":[{"href":"https:\/\/romanistyka.wn.uw.edu.pl\/index.php\/wp-json\/wp\/v2\/types\/page"}],"author":[{"embeddable":true,"href":"https:\/\/romanistyka.wn.uw.edu.pl\/index.php\/wp-json\/wp\/v2\/users\/4"}],"replies":[{"embeddable":true,"href":"https:\/\/romanistyka.wn.uw.edu.pl\/index.php\/wp-json\/wp\/v2\/comments?post=2105"}],"version-history":[{"count":4,"href":"https:\/\/romanistyka.wn.uw.edu.pl\/index.php\/wp-json\/wp\/v2\/pages\/2105\/revisions"}],"predecessor-version":[{"id":3401,"href":"https:\/\/romanistyka.wn.uw.edu.pl\/index.php\/wp-json\/wp\/v2\/pages\/2105\/revisions\/3401"}],"wp:attachment":[{"href":"https:\/\/romanistyka.wn.uw.edu.pl\/index.php\/wp-json\/wp\/v2\/media?parent=2105"}],"curies":[{"name":"wp","href":"https:\/\/api.w.org\/{rel}","templated":true}]}}