{"id":2090,"date":"2023-09-21T17:52:59","date_gmt":"2023-09-21T17:52:59","guid":{"rendered":"https:\/\/romanistyka.wn.uw.edu.pl\/?page_id=2090"},"modified":"2023-09-25T19:31:41","modified_gmt":"2023-09-25T19:31:41","slug":"szkoly-letnie","status":"publish","type":"page","link":"https:\/\/romanistyka.wn.uw.edu.pl\/index.php\/szkoly-letnie\/","title":{"rendered":"Szko\u0142y letnie"},"content":{"rendered":"\n<p><strong>Szko\u0142y Letnie<\/strong>&nbsp;to&nbsp;cykl warsztat\u00f3w i&nbsp;seminari\u00f3w adresowanych do&nbsp;student\u00f3w, kt\u00f3rzy&nbsp;pragn\u0105 naby\u0107 umiej\u0119tno\u015bci cenione na&nbsp;rynku pracy oraz&nbsp;poszerzy\u0107 swoje kompetencje j\u0119zykowe. Spotkania prowadz\u0105 wyk\u0142adowcy UW i specjali\u015bci\/praktycy oraz partnerzy Wydzia\u0142u Neofilologii.<\/p>\n\n\n\n<p>Koordynatork\u0105 Szk\u00f3\u0142 Letnich w IR jest&nbsp;: dr Ma\u0142gorzata Molska (m.molska@uw.edu.pl) <\/p>\n\n\n\n<p><\/p>\n\n\n\n<p>Dotychczasowe edycje:<\/p>\n\n\n\n<p><strong>\u2013 Edukacja szyta na\u00a0miar\u0119. Specjalne i\u00a0dodatkowe potrzeby uczennic i\u00a0uczni\u00f3w j\u0119zyk\u00f3w obcych<\/strong>\u00a0(lipiec 2023)<br>W roku akademickim 2022\/23,\u00a0Instytut Romanistyki, Katedra Italianistyki i Instytut Anglistyki wsp\u00f3lnie zorganizowa\u0142y  Szko\u0142\u0119 Letni\u0105 adresowan\u0105 do\u00a0studentek i\u00a0student\u00f3w Wydzia\u0142u Neofilologii UW\u00a0realizuj\u0105cych modu\u0142 metodyczny oraz\u00a0os\u00f3b zainteresowanych dydaktyk\u0105 j\u0119zyk\u00f3w obcych i\u00a0edukacj\u0105 w\u0142\u0105czaj\u0105c\u0105 (inkluzywn\u0105). Uczestniczki i\u00a0uczestnicy zapoznali si\u0119 z\u00a0teoretycznymi i\u00a0praktycznymi aspektami szeroko rozumianych specjalnych i\u00a0dodatkowych potrzeb ucznia w\u00a0kontek\u015bcie nauczania i\u00a0uczenia si\u0119 j\u0119zyk\u00f3w obcych tak, aby w\u00a0swojej przysz\u0142ej pracy nauczycielskiej byli w\u00a0stanie trafnie odpowiedzie\u0107 na\u00a0potrzeby wszystkich os\u00f3b ucz\u0105cych si\u0119, zapewniaj\u0105c tym samym skuteczn\u0105 i\u00a0w\u0142\u0105czaj\u0105c\u0105 nauk\u0119 j\u0119zyka obcego.<\/p>\n\n\n\n<p><\/p>\n\n\n\n<p><a href=\"https:\/\/www.italianistyka.uw.edu.pl\/wp-content\/uploads\/2023\/05\/SL-23_-broszura.pdf\">Broszura informacyjna<\/a><\/p>\n","protected":false},"excerpt":{"rendered":"<p>Szko\u0142y Letnie&nbsp;to&nbsp;cykl warsztat\u00f3w i&nbsp;seminari\u00f3w adresowanych do&nbsp;student\u00f3w, kt\u00f3rzy&nbsp;pragn\u0105 naby\u0107 umiej\u0119tno\u015bci cenione na&nbsp;rynku pracy oraz&nbsp;poszerzy\u0107 swoje kompetencje j\u0119zykowe. Spotkania prowadz\u0105 wyk\u0142adowcy UW i specjali\u015bci\/praktycy oraz partnerzy Wydzia\u0142u Neofilologii. Koordynatork\u0105 Szk\u00f3\u0142 Letnich w IR jest&nbsp;: dr Ma\u0142gorzata Molska (m.molska@uw.edu.pl) Dotychczasowe edycje: \u2013 Edukacja szyta na\u00a0miar\u0119. Specjalne i\u00a0dodatkowe potrzeby uczennic i\u00a0uczni\u00f3w j\u0119zyk\u00f3w obcych\u00a0(lipiec 2023)W roku akademickim 2022\/23,\u00a0Instytut Romanistyki, Katedra [&hellip;]<\/p>\n","protected":false},"author":4,"featured_media":0,"parent":0,"menu_order":0,"comment_status":"closed","ping_status":"closed","template":"","meta":{"footnotes":""},"class_list":["post-2090","page","type-page","status-publish","hentry"],"_links":{"self":[{"href":"https:\/\/romanistyka.wn.uw.edu.pl\/index.php\/wp-json\/wp\/v2\/pages\/2090","targetHints":{"allow":["GET"]}}],"collection":[{"href":"https:\/\/romanistyka.wn.uw.edu.pl\/index.php\/wp-json\/wp\/v2\/pages"}],"about":[{"href":"https:\/\/romanistyka.wn.uw.edu.pl\/index.php\/wp-json\/wp\/v2\/types\/page"}],"author":[{"embeddable":true,"href":"https:\/\/romanistyka.wn.uw.edu.pl\/index.php\/wp-json\/wp\/v2\/users\/4"}],"replies":[{"embeddable":true,"href":"https:\/\/romanistyka.wn.uw.edu.pl\/index.php\/wp-json\/wp\/v2\/comments?post=2090"}],"version-history":[{"count":4,"href":"https:\/\/romanistyka.wn.uw.edu.pl\/index.php\/wp-json\/wp\/v2\/pages\/2090\/revisions"}],"predecessor-version":[{"id":2244,"href":"https:\/\/romanistyka.wn.uw.edu.pl\/index.php\/wp-json\/wp\/v2\/pages\/2090\/revisions\/2244"}],"wp:attachment":[{"href":"https:\/\/romanistyka.wn.uw.edu.pl\/index.php\/wp-json\/wp\/v2\/media?parent=2090"}],"curies":[{"name":"wp","href":"https:\/\/api.w.org\/{rel}","templated":true}]}}