{"id":2084,"date":"2023-09-21T17:44:34","date_gmt":"2023-09-21T17:44:34","guid":{"rendered":"https:\/\/romanistyka.wn.uw.edu.pl\/?page_id=2084"},"modified":"2025-04-30T02:38:52","modified_gmt":"2025-04-30T02:38:52","slug":"akty-prawne","status":"publish","type":"page","link":"https:\/\/romanistyka.wn.uw.edu.pl\/index.php\/akty-prawne\/","title":{"rendered":"Akty prawne"},"content":{"rendered":"\n<p>Podstawowe akty prawne : <\/p>\n\n\n\n<p><a href=\"https:\/\/monitor.uw.edu.pl\/Lists\/Uchway\/Uchwa%C5%82a.aspx?ID=4934&amp;Source=https%3A%2F%2Fmonitor%2Euw%2Eedu%2Epl%2Flists%2Fuchway%2Fstatut%2520regulaminy%2520i%2520sprawozdania%2Easpx\">Statut Uniwersytetu Warszawskiego (Monitor UW z 2019 r. poz. 190)<\/a><\/p>\n\n\n\n<p><a href=\"https:\/\/www.italianistyka.uw.edu.pl\/wp-content\/uploads\/2020\/08\/M.2019.186.U.441.pdf\">Regulamin studi\u00f3w na&nbsp;Uniwersytecie Warszawskim<\/a><\/p>\n\n\n\n<p><a href=\"http:\/\/neofilologia.uw.edu.pl\/wp-content\/uploads\/2020\/04\/Regulamin-Wydzia%C5%82u-tekst-ujednolicony-2020.04.15.pdf\">Regulamin Wydzia\u0142u Neofilologii<\/a><\/p>\n\n\n\n<p><strong>op\u0142aty za us\u0142ugi edukacyjne<\/strong><\/p>\n\n\n\n<p><a href=\"https:\/\/romanistyka.wn.uw.edu.pl\/wp-content\/uploads\/2024\/04\/RD_uchwala_40_20-lutego-2024_oplaty-za-uslugi-edukacyjne_2024_2025.pdf\">Uchwa\u0142a Rady dydaktycznej w sprawie op\u0142at za us\u0142ugi edukacyjne 2024\/2025<\/a><\/p>\n\n\n\n<p><a href=\"https:\/\/romanistyka.wn.uw.edu.pl\/wp-content\/uploads\/2024\/04\/RD_uchwala_40_20-lutego-2024_oplaty-za-uslugi-edukacyjne_2024_2025_ZALACZNIK_1.pdf\">Uchwa\u0142a Rady dydaktycznej w sprawie op\u0142at za us\u0142ugi edukacyjne 2024\/2025_za\u0142\u0105cznik 1<\/a><\/p>\n\n\n\n<p><a href=\"https:\/\/romanistyka.wn.uw.edu.pl\/wp-content\/uploads\/2024\/04\/RD_uchwala_40_20-lutego-2024_oplaty-za-uslugi-edukacyjne_2024_2025_ZALACZNIK_2.pdf\">Uchwa\u0142a Rady dydaktycznej w sprawie op\u0142at za us\u0142ugi edukacyjne 2024\/2025_za\u0142\u0105cznik 2<\/a><\/p>\n\n\n\n<p><strong>proces dyplomowania<\/strong><\/p>\n\n\n\n<p><a href=\"https:\/\/romanistyka.wn.uw.edu.pl\/wp-content\/uploads\/2023\/09\/RD_Uchwala_3_2020_Zasady_dyplomowania_27.04.2020-2.pdf\">Uchwa\u0142a Rady dydaktycznej w sprawie dyplomowania na kierunku filologia roma\u0144ska<\/a><\/p>\n\n\n\n<p><\/p>\n\n\n\n<p><strong>zasady przeprowadzania egzamin\u00f3w i oceniania<\/strong><\/p>\n\n\n\n<p><a href=\"https:\/\/romanistyka.wn.uw.edu.pl\/wp-content\/uploads\/2023\/09\/RD_Uchwala_6_2020_Egzaminy_i_ocenianie_25.09.2020.pdf\">Uchwa\u0142a Rady dydaktycznej w sprawie zasad przeprowadzania egzamin\u00f3w i oceniania na kierunku filologia roma\u0144ska<\/a><\/p>\n\n\n\n<p>pozosta\u0142e <strong>Uchwa\u0142y Rady dydaktycznej<\/strong> dla kierunku filologia roma\u0144ska znajduj\u0105 si\u0119 <a href=\"https:\/\/romanistyka.wn.uw.edu.pl\/index.php\/rada-dydaktyczna\/\">tutaj<\/a><\/p>\n\n\n\n<p><a href=\"https:\/\/romanistyka.wn.uw.edu.pl\/wp-content\/uploads\/2023\/09\/M.2021.215.Obw_.18.pdf\">Regulamin \u015bwiadcze\u0144 dla student\u00f3w Uniwersytetu Warszawskiego<\/a><\/p>\n\n\n\n<p><a href=\"https:\/\/monitor.uw.edu.pl\/Lists\/Uchway\/Uchwa%C5%82a.aspx?ID=7012\" target=\"_blank\" rel=\"noreferrer noopener\">Regulamin dom\u00f3w studenta Uniwersytetu Warszawskiego<\/a>\u00a0<\/p>\n\n\n\n<p><a href=\"https:\/\/monitor.uw.edu.pl\/Lists\/Uchway\/Attachments\/4935\/M.2019.191.U.444.pdf\" target=\"_blank\" rel=\"noreferrer noopener\">Regulamin szk\u00f3\u0142 doktorskich<\/a><\/p>\n\n\n\n<p><a rel=\"noreferrer noopener\" href=\"http:\/\/www.uw.edu.pl\/wp-content\/uploads\/2013\/10\/m.2016.321.obw_.10.pdf\" target=\"_blank\">Regulamin studi\u00f3w doktoranckich na Uniwersytecie Warszawskim<\/a>&nbsp;<\/p>\n\n\n\n<p>Wybrane dokumenty w wersji angielskiej dost\u0119pne s\u0105 na stronie:&nbsp;<a href=\"http:\/\/en.uw.edu.pl\/about-university\/important-documents\" target=\"_blank\" rel=\"noreferrer noopener\">http:\/\/en.uw.edu.pl\/about-university\/important-documents.<\/a><\/p>\n","protected":false},"excerpt":{"rendered":"<p>Podstawowe akty prawne : Statut Uniwersytetu Warszawskiego (Monitor UW z 2019 r. poz. 190) Regulamin studi\u00f3w na&nbsp;Uniwersytecie Warszawskim Regulamin Wydzia\u0142u Neofilologii op\u0142aty za us\u0142ugi edukacyjne Uchwa\u0142a Rady dydaktycznej w sprawie op\u0142at za us\u0142ugi edukacyjne 2024\/2025 Uchwa\u0142a Rady dydaktycznej w sprawie op\u0142at za us\u0142ugi edukacyjne 2024\/2025_za\u0142\u0105cznik 1 Uchwa\u0142a Rady dydaktycznej w sprawie op\u0142at za us\u0142ugi edukacyjne [&hellip;]<\/p>\n","protected":false},"author":4,"featured_media":0,"parent":0,"menu_order":0,"comment_status":"closed","ping_status":"closed","template":"page-no-title","meta":{"footnotes":""},"class_list":["post-2084","page","type-page","status-publish","hentry"],"_links":{"self":[{"href":"https:\/\/romanistyka.wn.uw.edu.pl\/index.php\/wp-json\/wp\/v2\/pages\/2084","targetHints":{"allow":["GET"]}}],"collection":[{"href":"https:\/\/romanistyka.wn.uw.edu.pl\/index.php\/wp-json\/wp\/v2\/pages"}],"about":[{"href":"https:\/\/romanistyka.wn.uw.edu.pl\/index.php\/wp-json\/wp\/v2\/types\/page"}],"author":[{"embeddable":true,"href":"https:\/\/romanistyka.wn.uw.edu.pl\/index.php\/wp-json\/wp\/v2\/users\/4"}],"replies":[{"embeddable":true,"href":"https:\/\/romanistyka.wn.uw.edu.pl\/index.php\/wp-json\/wp\/v2\/comments?post=2084"}],"version-history":[{"count":14,"href":"https:\/\/romanistyka.wn.uw.edu.pl\/index.php\/wp-json\/wp\/v2\/pages\/2084\/revisions"}],"predecessor-version":[{"id":3395,"href":"https:\/\/romanistyka.wn.uw.edu.pl\/index.php\/wp-json\/wp\/v2\/pages\/2084\/revisions\/3395"}],"wp:attachment":[{"href":"https:\/\/romanistyka.wn.uw.edu.pl\/index.php\/wp-json\/wp\/v2\/media?parent=2084"}],"curies":[{"name":"wp","href":"https:\/\/api.w.org\/{rel}","templated":true}]}}