{"id":2054,"date":"2023-09-19T19:51:59","date_gmt":"2023-09-19T19:51:59","guid":{"rendered":"https:\/\/romanistyka.wn.uw.edu.pl\/?page_id=2054"},"modified":"2026-03-13T13:46:20","modified_gmt":"2026-03-13T13:46:20","slug":"alessia-vignoli","status":"publish","type":"page","link":"https:\/\/romanistyka.wn.uw.edu.pl\/index.php\/pracownicy\/alessia-vignoli\/","title":{"rendered":"Alessia Vignoli"},"content":{"rendered":"\n<div class=\"wp-block-columns is-layout-flex wp-container-core-columns-is-layout-28f84493 wp-block-columns-is-layout-flex\">\n<div class=\"wp-block-column is-layout-flow wp-block-column-is-layout-flow\" style=\"flex-basis:33.33%\">\n<figure class=\"wp-block-image size-large\"><img loading=\"lazy\" decoding=\"async\" width=\"1024\" height=\"1024\" src=\"https:\/\/romanistyka.wn.uw.edu.pl\/wp-content\/uploads\/2026\/03\/AV-1024x1024.jpg\" alt=\"\" class=\"wp-image-7449\" srcset=\"https:\/\/romanistyka.wn.uw.edu.pl\/wp-content\/uploads\/2026\/03\/AV-1024x1024.jpg 1024w, https:\/\/romanistyka.wn.uw.edu.pl\/wp-content\/uploads\/2026\/03\/AV-300x300.jpg 300w, https:\/\/romanistyka.wn.uw.edu.pl\/wp-content\/uploads\/2026\/03\/AV-150x150.jpg 150w, https:\/\/romanistyka.wn.uw.edu.pl\/wp-content\/uploads\/2026\/03\/AV-768x768.jpg 768w, https:\/\/romanistyka.wn.uw.edu.pl\/wp-content\/uploads\/2026\/03\/AV.jpg 1047w\" sizes=\"auto, (max-width: 1024px) 100vw, 1024px\" \/><\/figure>\n<\/div>\n\n\n\n<div class=\"wp-block-column is-layout-flow wp-block-column-is-layout-flow\" style=\"flex-basis:66.66%\">\n<h2 class=\"wp-block-heading\">dr Alessia Vignoli&nbsp;<\/h2>\n\n\n\n<p>Pracownia Bada\u0144 nad Kultur\u0105 Kanadyjsko-Francusk\u0105 i Literatur\u0105 Quebeck\u0105<\/p>\n\n\n\n<p>Starszy asystent (grupa badawczo-dydaktyczna)<\/p>\n\n\n\n<p><a rel=\"noreferrer noopener\" href=\"mailto:a.vignoli@uw.edu.pl\" target=\"_blank\">a.vignoli@uw.edu.pl<\/a><\/p>\n\n\n\n<div style=\"height:20px\" aria-hidden=\"true\" class=\"wp-block-spacer\"><\/div>\n\n\n\n<h6 class=\"wp-block-heading\"><strong>Tematyka bada\u0144<\/strong><\/h6>\n\n\n\n<p class=\"has-text-align-left\">Literatura i kultura kraj\u00f3w&nbsp;frankofo\u0144skich&nbsp;(g\u0142\u00f3wnie&nbsp;Haiti,&nbsp;Antyli,&nbsp;Quebecu i&nbsp;Luizjany), literatura katastrofy, ekokrytyka, teoria i krytyka queer.<\/p>\n\n\n\n<div style=\"height:20px\" aria-hidden=\"true\" class=\"wp-block-spacer\"><\/div>\n\n\n\n<h6 class=\"wp-block-heading\">Wybrane Publikacje<\/h6>\n\n\n\n<ul class=\"wp-block-list\">\n<li>\u00ab &#8222;Une catastrophe in\u00e9vitable qui n\u2019a pas eu lieu&#8221; : l\u2019\u00e9ruption de la Soufri\u00e8re en 1976 dans <em>Basses terres<\/em> d\u2019Estelle-Sarah Bulle \u00bb, <em>Acta Philologica<\/em>, n\u00b064, 2025, ISSN: 3072-1539 (Online), str. 33-43.<\/li>\n\n\n\n<li><em>Le r\u00e9cit transnational de Louis-Philippe Dalembert entre Histoire, m\u00e9moire et fiction<\/em> (textes r\u00e9unis et pr\u00e9sent\u00e9s par Alessia Vignoli), <em>Interculturel Francophonies<\/em> n\u00b046, Lecce, Alliance Fran\u00e7aise de Lecce, nov.-d\u00e9c. 2024, ISBN : 978-88-95343-51-8, 352 str.<\/li>\n\n\n\n<li>\u00ab Entre fracture et r\u00e9conciliation : la pens\u00e9e \u00e9cologique dans le roman ha\u00eftien contemporain \u00bb,<em> La Torre di Babele. Rivista di Letteratura e Linguistica<\/em>, n\u00b019, 2024, ISSN: 2282-460X, str. 247-262.<\/li>\n\n\n\n<li>\u00ab Voix de femmes <em>queer<\/em> au c\u0153ur de la litt\u00e9rature ha\u00eftienne contemporaine \u00bb, <em>Cahiers ERTA<\/em>, n\u00b039, 2024, e-ISSN : 2353-8953, str. 209-226.&nbsp;<\/li>\n\n\n\n<li>\u00ab L\u2019Italie dans les romans de Louis-Philippe Dalembert \u00bb (avec Sara Del Rossi), Alessia Vignoli (pod red.), <em>Le r\u00e9cit transnational de Louis-Philippe Dalembert entre Histoire, m\u00e9moire et fiction<\/em>, <em>Interculturel Francophonies<\/em> n\u00b046, Lecce, Alliance Fran\u00e7aise de Lecce, 2024, ISBN : 978-88-95343-51-8, str. 25-68.<\/li>\n\n\n\n<li><em>La catastrophe naturelle en litt\u00e9rature : \u00e9critures franco-carib\u00e9ennes<\/em>, Pary\u017c, L\u2019Harmattan, coll. \u201eCritiques Litt\u00e9raires\u201d, 2022, ISBN: 978-2-14-026133-6.<\/li>\n\n\n\n<li>\u201eJe suis o\u00f9 j\u2019\u00e9cris : le parcours d\u2019\u00e9criture de Jean-Claude Charles\u201d,&nbsp;<em>Francofonia<\/em>, nr 80, 2021, ISSN: 1121-953X, str. 67-83.<\/li>\n\n\n\n<li>\u201eLa solidarit\u00e9 transculturelle dans les ouvrages collectifs et les t\u00e9moignages de l\u2019apr\u00e8s-s\u00e9isme ha\u00eftien\u201d, Zila Bernd, Bernard Andr\u00e8s, Vinesh Y. Hookoomsing (pod red.),&nbsp;<em>D\u2019Ha\u00efti aux trois Am\u00e9riques. Hommage \u00e0 Maximilien Laroche<\/em>, Qu\u00e9bec, GRELCA, 2021, ISBN: 978-2-922736-08-3, str. 243-260,&nbsp;<a href=\"http:\/\/classiques.uqac.ca\/contemporains\/Vignoli_Alessia\/Solidarite_transculturelle\/Solidarite_transculturelle.html\" target=\"_blank\" rel=\"noreferrer noopener\">http:\/\/classiques.uqac.ca\/contemporains\/Vignoli_Alessia\/Solidarite_transculturelle\/Solidarite_transculturelle.html<\/a>&nbsp;<\/li>\n\n\n\n<li>\u201eLe&nbsp;<em>pathos&nbsp;<\/em>et l\u2019engagement. La violence du discours dans la fiction d\u2019Anthony Phelps\u201d, Victoria Famin (pod red.),&nbsp;<em>Anthony Phelps : la force po\u00e9tique d\u2019une voix envo\u00fbtante et d\u2019une \u00e9criture exigeante<\/em>, \u201dInterculturel Francophonies\u201d nr 39, Alliance Fran\u00e7aise de Lecce, 2021, ISBN: 8895343417, str. 107-125.<\/li>\n\n\n\n<li>\u201eLa repr\u00e9sentation de la catastrophe naturelle chez Laurent Gaud\u00e9 : une &#8222;d\u00e9localisation&#8221; engag\u00e9e?\u201d, Jochen Mecke, Anne-Sophie Donnarieix (pod red.),&nbsp;<em>La d\u00e9localisation du roman. Esth\u00e9tiques n\u00e9oexotiques et red\u00e9finition des espaces contemporains<\/em>, Berlin, Peter Lang, 2020, ISBN: 9783631822104, str. 217-227.<\/li>\n\n\n\n<li>Wi\u0119cej:&nbsp;<a href=\"https:\/\/uw.academia.edu\/AlessiaVignoli\" target=\"_blank\" rel=\"noreferrer noopener\">https:\/\/uw.academia.edu\/AlessiaVignoli<\/a>&nbsp;<\/li>\n<\/ul>\n\n\n\n<div style=\"height:20px\" aria-hidden=\"true\" class=\"wp-block-spacer\"><\/div>\n\n\n\n<h6 class=\"wp-block-heading\"><strong>Przebieg kariery naukowej<\/strong><\/h6>\n\n\n\n<p>2020:<strong>&nbsp;<\/strong>Doktorat z wyr\u00f3\u017cnieniem w dziedzinie nauk humanistycznych w dyscyplinie literaturoznawstwo,&nbsp;Wydzia\u0142 Neofilologii UW.&nbsp;Praca doktorska:<em>&nbsp;La catastrophe naturelle en litt\u00e9rature : \u00e9critures franco-carib\u00e9ennes<\/em>&nbsp;napisana pod kierunkiem prof. dr hab. J\u00f3zefa Kwaterko.<\/p>\n\n\n\n<p>2013:&nbsp;Studia magisterskie&nbsp;<em>cum Laude<\/em>,&nbsp;Uniwersytet Ca&#8217; Foscari, Wenecja. Praca magisterska:&nbsp;<em>La diaspora ha\u00eftienne entre racines, errances et vagabondage. \u00c9tude du paradigme du d\u00e9placement dans les \u0153uvres de Jean-Claude Charles, Dany Laferri\u00e8re et Louis-Philippe Dalembert&nbsp;<\/em>napisana pod kierunkiem dr hab. Alessandro Costantini.<\/p>\n\n\n\n<p>2018-2021:&nbsp;Kierownik projektu badawczego pt.:&nbsp;\u201eLiterackie obrazowanie katastrof naturalnych w prozie haita\u0144skiej i antylskiej\u201d&nbsp;w ramach grantu Narodowego Centrum Nauki.&nbsp;Nr ewidencyjny&nbsp;2017\/27\/N\/HS2\/00671,&nbsp;<a rel=\"noreferrer noopener\" href=\"https:\/\/projekty.ncn.gov.pl\/index.php?projekt_id=392944\" target=\"_blank\">https:\/\/projekty.ncn.gov.pl\/index.php?projekt_id=392944<\/a>&nbsp;<\/p>\n\n\n\n<div style=\"height:20px\" aria-hidden=\"true\" class=\"wp-block-spacer\"><\/div>\n\n\n\n<p><strong>DZIA\u0141ALNO\u015a\u0106&nbsp;<\/strong><\/p>\n\n\n\n<p><strong><br><\/strong>Wsp\u00f3\u0142pracownik zespo\u0142u naukowego ECO\/EGO, Wydzia\u0142 Neofilologii UW (od 2025)<\/p>\n\n\n\n<p>od 2023:&nbsp;Wsp\u00f3\u0142pracownik naukowy w Pracowni Bada\u0144 nad Kultur\u0105 Franko-Kanadyjsk\u0105 i Literatur\u0105 Quebecu.2021-2023: <\/p>\n\n\n\n<p>Wsp\u00f3\u0142pracownik Wydzia\u0142u Neofilologii UW od 2017: Wyk\u0142adowca, Uniwersytet Otwarty UW (Nagroda dla najlepszych wyk\u0142adowc\u00f3w UOUW w 2018, 2022 i 2023).&nbsp;<\/p>\n\n\n\n<div style=\"height:20px\" aria-hidden=\"true\" class=\"wp-block-spacer\"><\/div>\n\n\n\n<h6 class=\"wp-block-heading\"><strong>Cz\u0142onkostwo w organizacjach i stowarzyszeniach<\/strong><\/h6>\n\n\n\n<p>Cz\u0142onek AI\u00c9Q (Association Internationale d\u2019\u00c9tudes Qu\u00e9b\u00e9coises)<br>Cz\u0142onek CILM (Centro Internazionale Letterature Migranti)<br>Cz\u0142onek Polskiego Towarzystwo Bada\u0144 Kanadyjskich (PTBK).<strong><br><\/strong>Cz\u0142onek CIEF (Conseil International d&#8217;\u00c9tudes Francophones).<\/p>\n\n\n\n<div style=\"height:20px\" aria-hidden=\"true\" class=\"wp-block-spacer\"><\/div>\n\n\n\n<p><strong>INNE<\/strong><strong><\/strong><\/p>\n\n\n\n<p>Cz\u0142onek rady redakcyjnej czasopism naukowych <em>Il Tolomeo<\/em> (Universit\u00e0 Ca\u2019 Foscari) i <em>Acta Philologica<\/em>.<\/p>\n\n\n\n<p>Recenzent dla czasopism naukowych <em>Il Tolomeo<\/em> (Universit\u00e0 Ca\u2019 Foscari), <em>La Torre di Babele<\/em> (Universit\u00e0 di Parma), <em>Oltreoceano. Rivista sulle migrazioni<\/em> (Universit\u00e0 di Udine), <em>Legs et Litt\u00e9rature <\/em>(Legs \u00c9dition) i <em>Interm\u00e9dialit\u00e9s <\/em>(Universit\u00e9 de Montr\u00e9al).<\/p>\n\n\n\n<p>Cz\u0142onek rady redakcyjnej czasopisma naukowego&nbsp;<em>Il Tolomeo<\/em>&nbsp;(Universit\u00e0 Ca\u2019 Foscari, Wenecja).<\/p>\n\n\n\n<p>Recenzent&nbsp;dla czasopism naukowych&nbsp;<em>Il Tolomeo<\/em>&nbsp;(Universit\u00e0 Ca\u2019 Foscari, Wenecja),&nbsp;<em>La Torre di Babele<\/em>&nbsp;(Universit\u00e0 di Parma) i&nbsp;<em>Oltreoceano. Rivista sulle migrazioni<\/em>&nbsp;(Universit\u00e0 di Udine).<\/p>\n\n\n\n<p>od 2021: ekspert merytoryczny&nbsp;(Literatura francuska &#8211; L-LIN\/03), Uniwersytet Ca&#8217; Foscari, Wenecja.<\/p>\n\n\n\n<div style=\"height:20px\" aria-hidden=\"true\" class=\"wp-block-spacer\"><\/div>\n\n\n\n<p><strong>HOBBY<\/strong><\/p>\n\n\n\n<p>Muzyka na \u017cywo, kino, tenis, gotowanie, przyroda i ekologia, gry wideo, klocki LEGO.<\/p>\n<\/div>\n<\/div>\n\n\n\n<p><\/p>\n\n\n\n<p><\/p>\n","protected":false},"excerpt":{"rendered":"<p>dr Alessia Vignoli&nbsp; Pracownia Bada\u0144 nad Kultur\u0105 Kanadyjsko-Francusk\u0105 i Literatur\u0105 Quebeck\u0105 Starszy asystent (grupa badawczo-dydaktyczna) a.vignoli@uw.edu.pl Tematyka bada\u0144 Literatura i kultura kraj\u00f3w&nbsp;frankofo\u0144skich&nbsp;(g\u0142\u00f3wnie&nbsp;Haiti,&nbsp;Antyli,&nbsp;Quebecu i&nbsp;Luizjany), literatura katastrofy, ekokrytyka, teoria i krytyka queer. Wybrane Publikacje Przebieg kariery naukowej 2020:&nbsp;Doktorat z wyr\u00f3\u017cnieniem w dziedzinie nauk humanistycznych w dyscyplinie literaturoznawstwo,&nbsp;Wydzia\u0142 Neofilologii UW.&nbsp;Praca doktorska:&nbsp;La catastrophe naturelle en litt\u00e9rature : \u00e9critures franco-carib\u00e9ennes&nbsp;napisana [&hellip;]<\/p>\n","protected":false},"author":3,"featured_media":0,"parent":802,"menu_order":0,"comment_status":"closed","ping_status":"closed","template":"page-no-title","meta":{"footnotes":""},"class_list":["post-2054","page","type-page","status-publish","hentry"],"_links":{"self":[{"href":"https:\/\/romanistyka.wn.uw.edu.pl\/index.php\/wp-json\/wp\/v2\/pages\/2054","targetHints":{"allow":["GET"]}}],"collection":[{"href":"https:\/\/romanistyka.wn.uw.edu.pl\/index.php\/wp-json\/wp\/v2\/pages"}],"about":[{"href":"https:\/\/romanistyka.wn.uw.edu.pl\/index.php\/wp-json\/wp\/v2\/types\/page"}],"author":[{"embeddable":true,"href":"https:\/\/romanistyka.wn.uw.edu.pl\/index.php\/wp-json\/wp\/v2\/users\/3"}],"replies":[{"embeddable":true,"href":"https:\/\/romanistyka.wn.uw.edu.pl\/index.php\/wp-json\/wp\/v2\/comments?post=2054"}],"version-history":[{"count":4,"href":"https:\/\/romanistyka.wn.uw.edu.pl\/index.php\/wp-json\/wp\/v2\/pages\/2054\/revisions"}],"predecessor-version":[{"id":7450,"href":"https:\/\/romanistyka.wn.uw.edu.pl\/index.php\/wp-json\/wp\/v2\/pages\/2054\/revisions\/7450"}],"up":[{"embeddable":true,"href":"https:\/\/romanistyka.wn.uw.edu.pl\/index.php\/wp-json\/wp\/v2\/pages\/802"}],"wp:attachment":[{"href":"https:\/\/romanistyka.wn.uw.edu.pl\/index.php\/wp-json\/wp\/v2\/media?parent=2054"}],"curies":[{"name":"wp","href":"https:\/\/api.w.org\/{rel}","templated":true}]}}