{"id":1981,"date":"2023-09-17T16:10:42","date_gmt":"2023-09-17T16:10:42","guid":{"rendered":"https:\/\/romanistyka.wn.uw.edu.pl\/?page_id=1981"},"modified":"2023-09-25T20:28:35","modified_gmt":"2023-09-25T20:28:35","slug":"newsletter-wydzialowy","status":"publish","type":"page","link":"https:\/\/romanistyka.wn.uw.edu.pl\/index.php\/newsletter-wydzialowy\/","title":{"rendered":"Newsletter wydzia\u0142owy"},"content":{"rendered":"\n<p>Informacje wydzia\u0142owe:<\/p>\n\n\n\n<p><a href=\"https:\/\/neofilologia.uw.edu.pl\/wydzial\/biuletyny-informacyjne\/\">Biuletyn informacyjny Wydzia\u0142u Neofilologii<\/a>:<\/p>\n\n\n\n<div style=\"height:29px\" aria-hidden=\"true\" class=\"wp-block-spacer\"><\/div>\n\n\n\n<p><a href=\"https:\/\/neofilologia.uw.edu.pl\/wp-content\/uploads\/2023\/07\/Informacje-wydzia%C5%82owe-%E2%80%93-czerwiec-2023-1.pdf\"><strong>Czerwiec 2023<\/strong><\/a><\/p>\n\n\n\n<p><a href=\"https:\/\/neofilologia.uw.edu.pl\/wp-content\/uploads\/2023\/06\/Informacje-wydzia%C5%82owe-WN-UW-maj-2023.pdf\"><strong>Maj 2023<\/strong> <\/a><\/p>\n\n\n\n<p><a href=\"https:\/\/neofilologia.uw.edu.pl\/wp-content\/uploads\/2023\/05\/4_2023_newsletter.pdf\"><strong>Kwiecie\u0144 2023<\/strong> <\/a><\/p>\n\n\n\n<p><a href=\"https:\/\/neofilologia.uw.edu.pl\/wp-content\/uploads\/2023\/03\/Informacje-wydzia%C5%82owe-WN-UW-marzec-2023.pdf\"><strong>Marzec 2023<\/strong> <\/a><\/p>\n\n\n\n<p><a href=\"https:\/\/neofilologia.uw.edu.pl\/wp-content\/uploads\/2023\/03\/Informacje-wydzia%C5%82owe-WN-UW-luty-2023.pdf\"><strong>Luty 2023<\/strong> <\/a><\/p>\n\n\n\n<p><a href=\"https:\/\/neofilologia.uw.edu.pl\/wp-content\/uploads\/2023\/02\/Informacje-wydzia%C5%82owe-WN-UW-stycze%C5%84-2023.pdf\"><strong>Stycze\u0144 2023<\/strong> <\/a><\/p>\n","protected":false},"excerpt":{"rendered":"<p>Informacje wydzia\u0142owe: Biuletyn informacyjny Wydzia\u0142u Neofilologii: Czerwiec 2023 Maj 2023 Kwiecie\u0144 2023 Marzec 2023 Luty 2023 Stycze\u0144 2023<\/p>\n","protected":false},"author":4,"featured_media":0,"parent":0,"menu_order":0,"comment_status":"closed","ping_status":"closed","template":"","meta":{"footnotes":""},"class_list":["post-1981","page","type-page","status-publish","hentry"],"_links":{"self":[{"href":"https:\/\/romanistyka.wn.uw.edu.pl\/index.php\/wp-json\/wp\/v2\/pages\/1981","targetHints":{"allow":["GET"]}}],"collection":[{"href":"https:\/\/romanistyka.wn.uw.edu.pl\/index.php\/wp-json\/wp\/v2\/pages"}],"about":[{"href":"https:\/\/romanistyka.wn.uw.edu.pl\/index.php\/wp-json\/wp\/v2\/types\/page"}],"author":[{"embeddable":true,"href":"https:\/\/romanistyka.wn.uw.edu.pl\/index.php\/wp-json\/wp\/v2\/users\/4"}],"replies":[{"embeddable":true,"href":"https:\/\/romanistyka.wn.uw.edu.pl\/index.php\/wp-json\/wp\/v2\/comments?post=1981"}],"version-history":[{"count":7,"href":"https:\/\/romanistyka.wn.uw.edu.pl\/index.php\/wp-json\/wp\/v2\/pages\/1981\/revisions"}],"predecessor-version":[{"id":2273,"href":"https:\/\/romanistyka.wn.uw.edu.pl\/index.php\/wp-json\/wp\/v2\/pages\/1981\/revisions\/2273"}],"wp:attachment":[{"href":"https:\/\/romanistyka.wn.uw.edu.pl\/index.php\/wp-json\/wp\/v2\/media?parent=1981"}],"curies":[{"name":"wp","href":"https:\/\/api.w.org\/{rel}","templated":true}]}}