{"id":1944,"date":"2023-09-13T18:34:57","date_gmt":"2023-09-13T18:34:57","guid":{"rendered":"https:\/\/romanistyka.wn.uw.edu.pl\/?page_id=1944"},"modified":"2026-02-11T21:19:44","modified_gmt":"2026-02-11T21:19:44","slug":"lucas-paul-skurczynski","status":"publish","type":"page","link":"https:\/\/romanistyka.wn.uw.edu.pl\/index.php\/pracownicy\/lucas-paul-skurczynski\/","title":{"rendered":"Lucas Skurczy\u0144ski"},"content":{"rendered":"\n<div class=\"wp-block-columns is-layout-flex wp-container-core-columns-is-layout-28f84493 wp-block-columns-is-layout-flex\">\n<div class=\"wp-block-column is-layout-flow wp-block-column-is-layout-flow\" style=\"flex-basis:33.33%\">\n<figure class=\"wp-block-image aligncenter size-full is-resized\"><img loading=\"lazy\" decoding=\"async\" width=\"800\" height=\"853\" src=\"https:\/\/romanistyka.wn.uw.edu.pl\/wp-content\/uploads\/2023\/09\/Skurczynski.jpeg\" alt=\"\" class=\"wp-image-2045\" style=\"width:168px;height:179px\" srcset=\"https:\/\/romanistyka.wn.uw.edu.pl\/wp-content\/uploads\/2023\/09\/Skurczynski.jpeg 800w, https:\/\/romanistyka.wn.uw.edu.pl\/wp-content\/uploads\/2023\/09\/Skurczynski-281x300.jpeg 281w, https:\/\/romanistyka.wn.uw.edu.pl\/wp-content\/uploads\/2023\/09\/Skurczynski-768x819.jpeg 768w\" sizes=\"auto, (max-width: 800px) 100vw, 800px\" \/><\/figure>\n<\/div>\n\n\n\n<div class=\"wp-block-column is-layout-flow wp-block-column-is-layout-flow\" style=\"flex-basis:66.66%\">\n<h2 class=\"wp-block-heading\">mgr Lucas Paul Skurczy\u0144ski<\/h2>\n\n\n\n<p>Zak\u0142ad Dydaktyki J\u0119zyk\u00f3w Roma\u0144skich<\/p>\n\n\n\n<p>lektor&nbsp;<\/p>\n\n\n\n<p><a rel=\"noreferrer noopener\" href=\"mailto:l.skurczynski@edu.uw.pl\" target=\"_blank\">l.skurczynski@edu.uw.pl<\/a><\/p>\n\n\n\n<div style=\"height:20px\" aria-hidden=\"true\" class=\"wp-block-spacer\"><\/div>\n\n\n\n<h6 class=\"wp-block-heading\"><strong>Tematyka bada\u0144<\/strong><\/h6>\n\n\n\n<p>Nauczanie j\u0119zyk\u00f3w obcych, religioznawstwo, teologia protestancka, psychoanaliza<\/p>\n\n\n\n<div style=\"height:20px\" aria-hidden=\"true\" class=\"wp-block-spacer\"><\/div>\n\n\n\n<h6 class=\"wp-block-heading\">wybrane <strong>Publikacje<\/strong> <strong>i PRZEK\u0141ADY<\/strong><\/h6>\n\n\n\n<ul class=\"wp-block-list\">\n<li><em>W obronie kobiet: Marie Denti\u00e8re (1490\/95-1561) jako prekursorka teologii feministycznej w czasach reformacji<\/em>&nbsp;[w:] I. Desperak, I. Ku\u017ama (red.),&nbsp;<a href=\"https:\/\/wydawnictwo.uni.lodz.pl\/produkt\/kobiety-niepokorne-2\/\" data-type=\"link\" data-id=\"https:\/\/wydawnictwo.uni.lodz.pl\/produkt\/kobiety-niepokorne-2\/\"><em>Kobiety niepokorne. Reformatorki \u2013 Buntowniczki \u2013 Rewolucjonistki. Herstorie<\/em><\/a>, Wydawnictwo Uniwersytetu \u0141\u00f3dzkiego, \u0141\u00f3d\u017a 2017.<\/li>\n\n\n\n<li><em>Teologia post\u0119powa jako teologia inkluzywna i jej praktyczne zastosowanie na przyk\u0142adzie PreogressiveChristiniaty.org<\/em>&nbsp;[w:] M. Humeniuk, I. Paszenda (red.),&nbsp;<a href=\"https:\/\/www.bibliotekacyfrowa.pl\/dlibra\/publication\/94553\/edition\/89156?language=en\" data-type=\"link\" data-id=\"https:\/\/www.bibliotekacyfrowa.pl\/dlibra\/publication\/94553\/edition\/89156?language=en\"><em>Mi\u0119dzy ekskluzj\u0105 a inkluzj\u0105 w edukacji religijnej<\/em><\/a>, Instytut Pedagogiki Uniwersytetu Wroc\u0142awskiego, Wroc\u0142aw 2017.<\/li>\n\n\n\n<li>Mainguy I., <a href=\"https:\/\/lubimyczytac.pl\/ksiazka\/4937865\/symbolika-masonska-trzeciego-tysiaclecia\" data-type=\"link\" data-id=\"https:\/\/lubimyczytac.pl\/ksiazka\/4937865\/symbolika-masonska-trzeciego-tysiaclecia\"><em>Symbolika maso\u0144ska trzeciego tysi\u0105clecia<\/em><\/a>, Wyd. Trialog, Warszawa 2020 [t\u0142umacz].<\/li>\n\n\n\n<li>Michelet J., <a href=\"https:\/\/www.fosforos.pl\/produkt\/czarownica\/?v=9b7d173b068d\" data-type=\"link\" data-id=\"https:\/\/www.fosforos.pl\/produkt\/czarownica\/?v=9b7d173b068d\"><em>Czarownica<\/em><\/a>, t\u0142um. M. Kaliska, Wyd. Fosforos, Lydney 2023 [redaktor prowadz\u0105cy].<\/li>\n\n\n\n<li>Wi\u0119cej:&nbsp;<a rel=\"noreferrer noopener\" href=\"https:\/\/uw.academia.edu\/LucasSkurczynski\" target=\"_blank\">https:\/\/uw.academia.edu\/LucasSkurczynski<\/a><\/li>\n<\/ul>\n\n\n\n<div style=\"height:20px\" aria-hidden=\"true\" class=\"wp-block-spacer\"><\/div>\n\n\n\n<h6 class=\"wp-block-heading\"><strong>Przebieg kariery naukowej<\/strong><\/h6>\n\n\n\n<p>2020 &#8211; Dipl\u00f4me d\u2019Aptitude \u00e0 l\u2019Enseignement du Fran\u00e7ais Langue \u00e9trang\u00e8re Alliance fran\u00e7aise de Paris Ile-de-France \u2013 CNED Institut de Poitiers<br>2009 &#8211; Magister teologii ewangelickiej i uprawnienia pedagogiczne, Chrze\u015bcija\u0144ska Akademia Teologiczna w Warszawie<br>2003 &#8211; Dipl\u00f4me Unilingue de Langue et Civilisation Orientale (DULCO) Institut National des Langues et Civilisations Orientales de Paris<\/p>\n\n\n\n<div style=\"height:20px\" aria-hidden=\"true\" class=\"wp-block-spacer\"><\/div>\n\n\n\n<h6 class=\"wp-block-heading\"><strong>Cz\u0142onkostwo w organizacjach i stowarzyszeniach<\/strong><\/h6>\n\n\n\n<p>Koordynator ds. promocji j\u0119zyka francuskiego&nbsp;i frankofonii w Delegaturze Generalnej Alliance Fran\u00e7aise w Polsce&nbsp;<\/p>\n\n\n\n<p>Lektor j\u0119zyka francuskiego (Espace fran\u00e7aise, Instytut francuski, Alliance fran\u00e7aise)<\/p>\n\n\n\n<p>Cz\u0142onek zwyczjany Polskiego Towarzystwa Psychologii Analitycznej<\/p>\n\n\n\n<p>Cz\u0142onek zwyczajny Polskiego Towarzystwa Seksuologicznego<\/p>\n<\/div>\n<\/div>\n\n\n\n<p><\/p>\n","protected":false},"excerpt":{"rendered":"<p>mgr Lucas Paul Skurczy\u0144ski Zak\u0142ad Dydaktyki J\u0119zyk\u00f3w Roma\u0144skich lektor&nbsp; l.skurczynski@edu.uw.pl Tematyka bada\u0144 Nauczanie j\u0119zyk\u00f3w obcych, religioznawstwo, teologia protestancka, psychoanaliza wybrane Publikacje i PRZEK\u0141ADY Przebieg kariery naukowej 2020 &#8211; Dipl\u00f4me d\u2019Aptitude \u00e0 l\u2019Enseignement du Fran\u00e7ais Langue \u00e9trang\u00e8re Alliance fran\u00e7aise de Paris Ile-de-France \u2013 CNED Institut de Poitiers2009 &#8211; Magister teologii ewangelickiej i uprawnienia pedagogiczne, Chrze\u015bcija\u0144ska Akademia [&hellip;]<\/p>\n","protected":false},"author":3,"featured_media":0,"parent":802,"menu_order":0,"comment_status":"closed","ping_status":"closed","template":"","meta":{"footnotes":""},"class_list":["post-1944","page","type-page","status-publish","hentry"],"_links":{"self":[{"href":"https:\/\/romanistyka.wn.uw.edu.pl\/index.php\/wp-json\/wp\/v2\/pages\/1944","targetHints":{"allow":["GET"]}}],"collection":[{"href":"https:\/\/romanistyka.wn.uw.edu.pl\/index.php\/wp-json\/wp\/v2\/pages"}],"about":[{"href":"https:\/\/romanistyka.wn.uw.edu.pl\/index.php\/wp-json\/wp\/v2\/types\/page"}],"author":[{"embeddable":true,"href":"https:\/\/romanistyka.wn.uw.edu.pl\/index.php\/wp-json\/wp\/v2\/users\/3"}],"replies":[{"embeddable":true,"href":"https:\/\/romanistyka.wn.uw.edu.pl\/index.php\/wp-json\/wp\/v2\/comments?post=1944"}],"version-history":[{"count":11,"href":"https:\/\/romanistyka.wn.uw.edu.pl\/index.php\/wp-json\/wp\/v2\/pages\/1944\/revisions"}],"predecessor-version":[{"id":7352,"href":"https:\/\/romanistyka.wn.uw.edu.pl\/index.php\/wp-json\/wp\/v2\/pages\/1944\/revisions\/7352"}],"up":[{"embeddable":true,"href":"https:\/\/romanistyka.wn.uw.edu.pl\/index.php\/wp-json\/wp\/v2\/pages\/802"}],"wp:attachment":[{"href":"https:\/\/romanistyka.wn.uw.edu.pl\/index.php\/wp-json\/wp\/v2\/media?parent=1944"}],"curies":[{"name":"wp","href":"https:\/\/api.w.org\/{rel}","templated":true}]}}